{"id":2338,"date":"2021-12-06T19:18:33","date_gmt":"2021-12-06T19:18:33","guid":{"rendered":"https:\/\/genekas24.ee\/?post_type=product&#038;p=2338"},"modified":"2026-04-08T17:08:14","modified_gmt":"2026-04-08T17:08:14","slug":"bensiinigeneraator-ks-7000","status":"publish","type":"product","link":"https:\/\/genekas24.ee\/en\/product\/bensiinigeneraator-ks-7000\/","title":{"rendered":"Gasoline generator KS 7000"},"content":{"rendered":"<p>Bensiinigeneraator KS 7000 pikaajaline t\u00f6\u00f6kindlus on tagatud \u00a0t\u00e4nu sellele, et toode on varustatud 100% vaskm\u00e4hisest koosneva kvaliteetse s\u00fcnkroonse vahelduvvoolugeneraatoriga ning K\u00f6nner &amp; S\u00f6hnen seeria mootoritega. Lihtne k\u00e4ivituss\u00fcsteem ja ergonoomiline juhtpaneel teevad kasutamise mugavaks.<\/p>\n<table>\n<tbody>\n<tr class=\"even\">\n<td><a href=\"https:\/\/genekas24.ee\/wp-content\/uploads\/2022\/10\/Dlya-tmKS1-300x300.png\" data-fancybox-group=\"gallery\"><img fetchpriority=\"high\" decoding=\"async\" src=\"https:\/\/genekas24.ee\/wp-content\/uploads\/2022\/10\/Dlya-tmKS1-300x300.png\" alt=\"\" width=\"300\" height=\"300\" \/><\/a><\/td>\n<td>\n<p class=\"h3\"><strong>K\u00d6NNER &amp; S\u00d6HNEN ENGINES<\/strong><\/p>\n<p>Specially for the K\u00f6nner &amp; S\u00f6hnen trademark German engineers have created K&amp;S series engines, that have passed multi-hour and multi-level tests, that\u2019s why they are so reliable.<\/td>\n<\/tr>\n<tr class=\"odd\">\n<td><a href=\"https:\/\/genekas24.ee\/wp-content\/uploads\/2022\/10\/ks-germany1-300x300.png\" data-fancybox-group=\"gallery\"><img decoding=\"async\" src=\"https:\/\/genekas24.ee\/wp-content\/uploads\/2022\/10\/ks-germany1-300x300.png\" alt=\"\" width=\"300\" height=\"300\" \/><\/a><\/td>\n<td>\n<p class=\"h3\"><strong>INDIVIDUAL SERIAL NUMBERS ON ENGINES<\/strong><\/p>\n<p>K\u00f6nner &amp; S\u00f6hnen engines meet all world and European standards of quality, including the harmful emissions level and noise level. This is proved by European certificates of quality. Each engine and each generator have their own individual serial number, which allows us to control the quality of production and service.\nThe KS 3000 range of gasoline generators is equipped with a reliable 1-cylinder 7 hp engine.<\/td>\n<\/tr>\n<tr class=\"even\">\n<td><a href=\"https:\/\/genekas24.ee\/wp-content\/uploads\/2022\/10\/lcd-display-7000-297x300.png\" data-fancybox-group=\"gallery\"><img decoding=\"async\" src=\"https:\/\/genekas24.ee\/wp-content\/uploads\/2022\/10\/lcd-display-7000-297x300.png\" alt=\"\" width=\"300\" height=\"300\" \/><\/a><\/td>\n<td>\n<p class=\"h3\"><strong>CONVENIENT ERGONOMIC CONTROL PANEL<\/strong><\/p>\n<p>Generator\u2019s ergonomic control panel allows you to easily control its operation due to the convenient functions location: a modern LED display (counter hours, frequency, voltage), electric start, emergency (circuit breaker) switch, low oil level sensor, outlets, terminals and more.<\/td>\n<\/tr>\n<tr class=\"odd\">\n<td><a href=\"https:\/\/genekas24.ee\/wp-content\/uploads\/2022\/10\/alternator.jpg\" data-fancybox-group=\"gallery\"><img loading=\"lazy\" decoding=\"async\" src=\"https:\/\/genekas24.ee\/wp-content\/uploads\/2022\/10\/alternator.jpg\" alt=\"\" width=\"300\" height=\"300\" \/><\/a><\/td>\n<td>\n<p class=\"h3\"><strong>ALTERNATOR WITH 100% COPPER WINDING<\/strong><\/p>\n<p>TM K\u00f6nner &amp; S\u00f6hnen generators are equipped with a high-end synchronous alternator with 100% copper winding. It is only the copper winding that can withstand maximum loads without any damage to ensure long-term reliable operation of the generator set.<\/td>\n<\/tr>\n<tr class=\"even\">\n<td><a href=\"https:\/\/genekas24.ee\/wp-content\/uploads\/2022\/10\/KS-10000E-ATS-6-300x255.jpg\" data-fancybox-group=\"gallery\"><img loading=\"lazy\" decoding=\"async\" src=\"https:\/\/genekas24.ee\/wp-content\/uploads\/2022\/10\/KS-10000E-ATS-6-300x255.jpg\" alt=\"\" width=\"300\" height=\"300\" \/><\/a><\/td>\n<td>\n<p class=\"h3\"><strong>EASY START SYSTEM<\/strong><\/p>\n<p>Easy start system system allows you to start the engine quickly and to do this without much effort. For ease of use, generators of this type have two types of startup \u2013 manual and electric. More powerful models are additionally equipped with an electric start system.<\/td>\n<\/tr>\n<tr class=\"odd\">\n<td><a href=\"https:\/\/genekas24.ee\/wp-content\/uploads\/2022\/10\/Bak1-300x300.png\" data-fancybox-group=\"gallery\"><img loading=\"lazy\" decoding=\"async\" src=\"https:\/\/genekas24.ee\/wp-content\/uploads\/2022\/10\/Bak1-300x300.png\" alt=\"\" width=\"300\" height=\"300\" \/><\/a><\/td>\n<td>\n<p class=\"h3\"><strong>STEEL TANK<\/strong><\/p>\n<p>\u201cK\u00f6nner &amp; S\u00f6hnen\u201d generators are equipped with an enlarged steel fuel tank, which extends the generator\u2019s operating time without refueling. The fuel level indicator is located on the tank for ease of use.<\/td>\n<\/tr>\n<tr class=\"even\">\n<td><a href=\"https:\/\/genekas24.ee\/wp-content\/uploads\/2022\/10\/reduced-vibration-300x276.jpg\" data-fancybox-group=\"gallery\"><img loading=\"lazy\" decoding=\"async\" src=\"https:\/\/genekas24.ee\/wp-content\/uploads\/2022\/10\/reduced-vibration-300x276.jpg\" alt=\"\" width=\"300\" height=\"300\" \/><\/a><\/td>\n<td>\n<p class=\"h3\"><strong>DAMPERS TO LOWER VIBRATION<\/strong><\/p>\n<p>All models of the K\u00f6nner &amp; S\u00f6hnen generators are equipped with rubber feet to reduce vibrations. Thanks to the rubber damper, the working generator will not damage the floor covering, and the frame coating will not be scratched.<\/td>\n<\/tr>\n<\/tbody>\n<\/table>\n<p><em><span style=\"font-size: 14px;\">***Fuel consumption depends on many factors: load, fuel quality, season, altitude and generator technical condition.<\/span><\/em><\/p>","protected":false},"excerpt":{"rendered":"<table>\n<tbody>\n<tr class=\"even\">\n<td width=\"60%\">Voltage<\/td>\n<td>230<\/td>\n<\/tr>\n<tr class=\"odd\">\n<td>\n<div class=\"col-xs-6\">Max power, kW<\/div>\n<\/td>\n<td>5.5<\/td>\n<\/tr>\n<tr class=\"even\">\n<td>\n<div class=\"col-xs-6\">Nominal power, kW<\/div>\n<\/td>\n<td>\n<div class=\"attribute row\">\n<div class=\"col-xs-6\">5.0<\/div>\n<\/div>\n<\/td>\n<\/tr>\n<tr class=\"odd\">\n<td>\n<div class=\"col-xs-6\">Frequency, Hz<\/div>\n<\/td>\n<td>50<\/td>\n<\/tr>\n<tr class=\"even\">\n<td>\n<div class=\"col-xs-6\">Current (max), \u0410<\/div>\n<\/td>\n<td>\n<div class=\"attribute row\">\n<div class=\"col-xs-6\">23.91<\/div>\n<\/div>\n<\/td>\n<\/tr>\n<tr class=\"odd\">\n<td>Outlets<\/td>\n<td>\n<div class=\"attribute row\">\n<div class=\"col-xs-6\">1 x Schuko 230 V<br \/>\n1 x CEE 230 V 32 A<\/div>\n<\/div>\n<\/td>\n<\/tr>\n<tr class=\"even\">\n<td>\n<div class=\"col-xs-6\">Fuel tank volume, l<\/div>\n<\/td>\n<td>25<\/td>\n<\/tr>\n<tr class=\"odd\">\n<td>\n<div class=\"col-xs-6\">Avg. working time (power 50%), h***<\/div>\n<\/td>\n<td>17<\/td>\n<\/tr>\n<tr class=\"even\">\n<td>\n<div class=\"col-xs-6\">LED display<\/div>\n<\/td>\n<td>\n<div class=\"attribute row\">\n<div class=\"col-xs-6\">Voltage, frequency, working hours<\/div>\n<\/div>\n<\/td>\n<\/tr>\n<tr class=\"odd\">\n<td>\n<div class=\"col-xs-6\">Noise level Lpa (7m)\/Lwa, dB<\/div>\n<\/td>\n<td>\n<div class=\"attribute row\">\n<div class=\"attribute row\">\n<div class=\"col-xs-6\">70\/95<\/div>\n<\/div>\n<\/div>\n<\/td>\n<\/tr>\n<tr class=\"even\">\n<td>\n<div class=\"col-xs-6\">Power output DC, V\/\u0410<\/div>\n<\/td>\n<td>\n<div class=\"attribute row\">\n<div class=\"col-xs-6\">12\/8.3<\/div>\n<\/div>\n<\/td>\n<\/tr>\n<tr class=\"odd\">\n<td>\n<div class=\"col-xs-6\">Engine model<\/div>\n<\/td>\n<td>\n<div class=\"attribute row\">\n<div class=\"col-xs-6\">KS 390<\/div>\n<\/div>\n<\/td>\n<\/tr>\n<tr class=\"even\">\n<td>\n<div class=\"col-xs-6\">\n<div class=\"col-xs-6\">Engine type<\/div>\n<\/div>\n<\/td>\n<td>\n<div class=\"attribute row\">\n<div class=\"col-xs-6\">Gasoline powered one-cylinder, four-stroke air-cooled<\/div>\n<\/div>\n<\/td>\n<\/tr>\n<tr class=\"odd\">\n<td>\n<div class=\"col-xs-6\">Engine power, hp\/kW<\/div>\n<\/td>\n<td>\n<div class=\"attribute row\">\n<div class=\"col-xs-6\">13.0\/9.56<\/div>\n<\/div>\n<\/td>\n<\/tr>\n<tr class=\"even\">\n<td>\n<div class=\"col-xs-6\">Crank case volume, L<\/div>\n<\/td>\n<td>\n<div class=\"attribute row\">\n<div class=\"col-xs-6\">1.1<\/div>\n<\/div>\n<\/td>\n<\/tr>\n<tr class=\"odd\">\n<td>\n<div class=\"col-xs-6\">Engine cylinder volume, cm3<\/div>\n<\/td>\n<td>389<\/td>\n<\/tr>\n<tr class=\"even\">\n<td>\n<div class=\"col-xs-6\">Power output controller<\/div>\n<\/td>\n<td>\n<div class=\"attribute row\">\n<div class=\"col-xs-6\">Intelligent voltage stabilization system AVR<\/div>\n<\/div>\n<\/td>\n<\/tr>\n<tr class=\"odd\">\n<td>\n<div class=\"col-xs-6\">Engine start<\/div>\n<\/td>\n<td>Manuaal<\/td>\n<\/tr>\n<tr class=\"even\">\n<td>\n<div class=\"col-xs-6\">Protection class<\/div>\n<\/td>\n<td>\n<div class=\"attribute row\">\n<div class=\"col-xs-6\">IP23M<\/div>\n<\/div>\n<\/td>\n<\/tr>\n<tr>\n<td>Net dimensions (LxWxH), mm<\/td>\n<td>680x545x550<\/td>\n<\/tr>\n<tr>\n<td>Gross dimensions (LxWxH), mm<\/td>\n<td>700x545x590<\/td>\n<\/tr>\n<tr>\n<td>Net weight, kg<\/td>\n<td>69.2<\/td>\n<\/tr>\n<tr>\n<td>Gross weight, kg<\/td>\n<td>71.6<\/td>\n<\/tr>\n<tr>\n<td>EAN code<\/td>\n<td>4260405361076<\/td>\n<\/tr>\n<\/tbody>\n<\/table>\n<p>*** Fuel consumption depends on many factors, such as load, fuel quality, season, altitude, technical condition of the generator.<\/p>\n<p>Assembled in PRC.<\/p>","protected":false},"featured_media":17707,"template":"","meta":{"_acf_changed":false,"inline_featured_image":false},"product_brand":[],"product_cat":[21,94],"product_tag":[],"class_list":{"0":"post-2338","1":"product","2":"type-product","3":"status-publish","4":"has-post-thumbnail","6":"product_cat-bensiinigeneraatorid","7":"product_cat-generaatorid","8":"product_shipping_class-poolalus","9":"brand-konner-sohnen","11":"first","12":"instock","13":"featured","14":"taxable","15":"shipping-taxable","16":"purchasable","17":"product-type-simple"},"acf":[],"yoast_head":"<!-- This site is optimized with the Yoast SEO plugin v27.2 - https:\/\/yoast.com\/product\/yoast-seo-wordpress\/ -->\n<title>Bensiinigeneraator KS 7000 - Genekas24<\/title>\n<meta name=\"robots\" content=\"index, follow, max-snippet:-1, max-image-preview:large, max-video-preview:-1\" \/>\n<link rel=\"canonical\" href=\"https:\/\/genekas24.ee\/en\/product\/bensiinigeneraator-ks-7000\/\" \/>\n<meta property=\"og:locale\" content=\"en_GB\" \/>\n<meta property=\"og:type\" content=\"article\" \/>\n<meta property=\"og:title\" content=\"Bensiinigeneraator KS 7000 - Genekas24\" \/>\n<meta property=\"og:description\" content=\"Pinge 230    Max v\u00f5imsus, kW 5.5    Nominaalne v\u00f5imsus, kW   5.0     Sagedus, Hz 50    Vool (max), \u0410   23.91    Pistikupesad   1 x Schuko 230 V 1 x CEE 230 V 32 A     K\u00fctusepaagi maht, l 25    Keskmine t\u00f6\u00f6aeg (power 50%), h*** 17    LED-ekraan   Pinge, sagedus, t\u00f6\u00f6aeg     M\u00fcratase Lpa (7m)\/Lwa, dB    70\/95      V\u00f5imsus DC, V\/\u0410   12\/8.3     Mootori mudel   KS 390      Mootori t\u00fc\u00fcp    Bensiinimootoriga \u00fchesilindriline, neljataktiline \u00f5hkjahutusega     Mootori v\u00f5imsus, hp\/kW   13.0\/9.56     Karteri maht, l   1.1     Mootori silindri maht, cm3 389    Toitev\u00e4ljundi kontroller   Pinge stabiliseerimiss\u00fcsteem AVR     Mootori k\u00e4ivitamine Manuaal    Kaitseklass   IP23M    Neto m\u00f5\u00f5dud (PxLxK), mm 680x545x550   Bruto m\u00f5\u00f5dud (PxLxK), mm 700x545x590   Netokaal, kg 69.2   Brutokaal, kg 71.6   EAN kood 4260405361076    *** K\u00fctusekulu s\u00f5ltub paljudest teguritest, nagu koormus, k\u00fctuse kvaliteet, aastaaeg, k\u00f5rgus merepinnast, generaatori tehniline seisukord.  Kokku pandud HRV-s.\" \/>\n<meta property=\"og:url\" content=\"https:\/\/genekas24.ee\/en\/product\/bensiinigeneraator-ks-7000\/\" \/>\n<meta property=\"og:site_name\" content=\"Genekas24\" \/>\n<meta property=\"article:modified_time\" content=\"2026-04-08T17:08:14+00:00\" \/>\n<meta property=\"og:image\" content=\"https:\/\/genekas24.ee\/wp-content\/uploads\/2021\/12\/KS-7000.png\" \/>\n\t<meta property=\"og:image:width\" content=\"600\" \/>\n\t<meta property=\"og:image:height\" content=\"473\" \/>\n\t<meta property=\"og:image:type\" content=\"image\/png\" \/>\n<meta name=\"twitter:card\" content=\"summary_large_image\" \/>\n<meta name=\"twitter:label1\" content=\"Estimated reading time\" \/>\n\t<meta name=\"twitter:data1\" content=\"3 minutes\" \/>\n<script type=\"application\/ld+json\" class=\"yoast-schema-graph\">{\"@context\":\"https:\/\/schema.org\",\"@graph\":[{\"@type\":\"WebPage\",\"@id\":\"https:\/\/genekas24.ee\/toode\/bensiinigeneraator-ks-7000\/\",\"url\":\"https:\/\/genekas24.ee\/toode\/bensiinigeneraator-ks-7000\/\",\"name\":\"Bensiinigeneraator KS 7000 - Genekas24\",\"isPartOf\":{\"@id\":\"https:\/\/genekas24.ee\/#website\"},\"primaryImageOfPage\":{\"@id\":\"https:\/\/genekas24.ee\/toode\/bensiinigeneraator-ks-7000\/#primaryimage\"},\"image\":{\"@id\":\"https:\/\/genekas24.ee\/toode\/bensiinigeneraator-ks-7000\/#primaryimage\"},\"thumbnailUrl\":\"https:\/\/genekas24.ee\/wp-content\/uploads\/2021\/12\/KS-7000.png\",\"datePublished\":\"2021-12-06T19:18:33+00:00\",\"dateModified\":\"2026-04-08T17:08:14+00:00\",\"breadcrumb\":{\"@id\":\"https:\/\/genekas24.ee\/toode\/bensiinigeneraator-ks-7000\/#breadcrumb\"},\"inLanguage\":\"en-GB\",\"potentialAction\":[{\"@type\":\"ReadAction\",\"target\":[\"https:\/\/genekas24.ee\/toode\/bensiinigeneraator-ks-7000\/\"]}]},{\"@type\":\"ImageObject\",\"inLanguage\":\"en-GB\",\"@id\":\"https:\/\/genekas24.ee\/toode\/bensiinigeneraator-ks-7000\/#primaryimage\",\"url\":\"https:\/\/genekas24.ee\/wp-content\/uploads\/2021\/12\/KS-7000.png\",\"contentUrl\":\"https:\/\/genekas24.ee\/wp-content\/uploads\/2021\/12\/KS-7000.png\",\"width\":600,\"height\":473},{\"@type\":\"BreadcrumbList\",\"@id\":\"https:\/\/genekas24.ee\/toode\/bensiinigeneraator-ks-7000\/#breadcrumb\",\"itemListElement\":[{\"@type\":\"ListItem\",\"position\":1,\"name\":\"Home\",\"item\":\"https:\/\/genekas24.ee\/\"},{\"@type\":\"ListItem\",\"position\":2,\"name\":\"Pood\",\"item\":\"https:\/\/genekas24.ee\/pood\/\"},{\"@type\":\"ListItem\",\"position\":3,\"name\":\"Bensiinigeneraator KS 7000\"}]},{\"@type\":\"WebSite\",\"@id\":\"https:\/\/genekas24.ee\/#website\",\"url\":\"https:\/\/genekas24.ee\/\",\"name\":\"Genekas24\",\"description\":\"Generaatorid | K&ouml;nner S&ouml;hnen tooted | Genekas24\",\"publisher\":{\"@id\":\"https:\/\/genekas24.ee\/#organization\"},\"potentialAction\":[{\"@type\":\"SearchAction\",\"target\":{\"@type\":\"EntryPoint\",\"urlTemplate\":\"https:\/\/genekas24.ee\/?s={search_term_string}\"},\"query-input\":{\"@type\":\"PropertyValueSpecification\",\"valueRequired\":true,\"valueName\":\"search_term_string\"}}],\"inLanguage\":\"en-GB\"},{\"@type\":\"Organization\",\"@id\":\"https:\/\/genekas24.ee\/#organization\",\"name\":\"Genekas24\",\"url\":\"https:\/\/genekas24.ee\/\",\"logo\":{\"@type\":\"ImageObject\",\"inLanguage\":\"en-GB\",\"@id\":\"https:\/\/genekas24.ee\/#\/schema\/logo\/image\/\",\"url\":\"https:\/\/genekas24.ee\/wp-content\/uploads\/2026\/01\/genekas24-logo_black.svg\",\"contentUrl\":\"https:\/\/genekas24.ee\/wp-content\/uploads\/2026\/01\/genekas24-logo_black.svg\",\"width\":840,\"height\":131,\"caption\":\"Genekas24\"},\"image\":{\"@id\":\"https:\/\/genekas24.ee\/#\/schema\/logo\/image\/\"}}]}<\/script>\n<!-- \/ Yoast SEO plugin. -->","yoast_head_json":{"title":"Bensiinigeneraator KS 7000 - Genekas24","robots":{"index":"index","follow":"follow","max-snippet":"max-snippet:-1","max-image-preview":"max-image-preview:large","max-video-preview":"max-video-preview:-1"},"canonical":"https:\/\/genekas24.ee\/en\/product\/bensiinigeneraator-ks-7000\/","og_locale":"en_GB","og_type":"article","og_title":"Bensiinigeneraator KS 7000 - Genekas24","og_description":"Pinge 230    Max v\u00f5imsus, kW 5.5    Nominaalne v\u00f5imsus, kW   5.0     Sagedus, Hz 50    Vool (max), \u0410   23.91    Pistikupesad   1 x Schuko 230 V 1 x CEE 230 V 32 A     K\u00fctusepaagi maht, l 25    Keskmine t\u00f6\u00f6aeg (power 50%), h*** 17    LED-ekraan   Pinge, sagedus, t\u00f6\u00f6aeg     M\u00fcratase Lpa (7m)\/Lwa, dB    70\/95      V\u00f5imsus DC, V\/\u0410   12\/8.3     Mootori mudel   KS 390      Mootori t\u00fc\u00fcp    Bensiinimootoriga \u00fchesilindriline, neljataktiline \u00f5hkjahutusega     Mootori v\u00f5imsus, hp\/kW   13.0\/9.56     Karteri maht, l   1.1     Mootori silindri maht, cm3 389    Toitev\u00e4ljundi kontroller   Pinge stabiliseerimiss\u00fcsteem AVR     Mootori k\u00e4ivitamine Manuaal    Kaitseklass   IP23M    Neto m\u00f5\u00f5dud (PxLxK), mm 680x545x550   Bruto m\u00f5\u00f5dud (PxLxK), mm 700x545x590   Netokaal, kg 69.2   Brutokaal, kg 71.6   EAN kood 4260405361076    *** K\u00fctusekulu s\u00f5ltub paljudest teguritest, nagu koormus, k\u00fctuse kvaliteet, aastaaeg, k\u00f5rgus merepinnast, generaatori tehniline seisukord.  Kokku pandud HRV-s.","og_url":"https:\/\/genekas24.ee\/en\/product\/bensiinigeneraator-ks-7000\/","og_site_name":"Genekas24","article_modified_time":"2026-04-08T17:08:14+00:00","og_image":[{"width":600,"height":473,"url":"https:\/\/genekas24.ee\/wp-content\/uploads\/2021\/12\/KS-7000.png","type":"image\/png"}],"twitter_card":"summary_large_image","twitter_misc":{"Estimated reading time":"3 minutes"},"schema":{"@context":"https:\/\/schema.org","@graph":[{"@type":"WebPage","@id":"https:\/\/genekas24.ee\/toode\/bensiinigeneraator-ks-7000\/","url":"https:\/\/genekas24.ee\/toode\/bensiinigeneraator-ks-7000\/","name":"Bensiinigeneraator KS 7000 - Genekas24","isPartOf":{"@id":"https:\/\/genekas24.ee\/#website"},"primaryImageOfPage":{"@id":"https:\/\/genekas24.ee\/toode\/bensiinigeneraator-ks-7000\/#primaryimage"},"image":{"@id":"https:\/\/genekas24.ee\/toode\/bensiinigeneraator-ks-7000\/#primaryimage"},"thumbnailUrl":"https:\/\/genekas24.ee\/wp-content\/uploads\/2021\/12\/KS-7000.png","datePublished":"2021-12-06T19:18:33+00:00","dateModified":"2026-04-08T17:08:14+00:00","breadcrumb":{"@id":"https:\/\/genekas24.ee\/toode\/bensiinigeneraator-ks-7000\/#breadcrumb"},"inLanguage":"en-GB","potentialAction":[{"@type":"ReadAction","target":["https:\/\/genekas24.ee\/toode\/bensiinigeneraator-ks-7000\/"]}]},{"@type":"ImageObject","inLanguage":"en-GB","@id":"https:\/\/genekas24.ee\/toode\/bensiinigeneraator-ks-7000\/#primaryimage","url":"https:\/\/genekas24.ee\/wp-content\/uploads\/2021\/12\/KS-7000.png","contentUrl":"https:\/\/genekas24.ee\/wp-content\/uploads\/2021\/12\/KS-7000.png","width":600,"height":473},{"@type":"BreadcrumbList","@id":"https:\/\/genekas24.ee\/toode\/bensiinigeneraator-ks-7000\/#breadcrumb","itemListElement":[{"@type":"ListItem","position":1,"name":"Home","item":"https:\/\/genekas24.ee\/"},{"@type":"ListItem","position":2,"name":"Pood","item":"https:\/\/genekas24.ee\/pood\/"},{"@type":"ListItem","position":3,"name":"Bensiinigeneraator KS 7000"}]},{"@type":"WebSite","@id":"https:\/\/genekas24.ee\/#website","url":"https:\/\/genekas24.ee\/","name":"Genekas24","description":"Generaatorid | K&ouml;nner S&ouml;hnen tooted | Genekas24","publisher":{"@id":"https:\/\/genekas24.ee\/#organization"},"potentialAction":[{"@type":"SearchAction","target":{"@type":"EntryPoint","urlTemplate":"https:\/\/genekas24.ee\/?s={search_term_string}"},"query-input":{"@type":"PropertyValueSpecification","valueRequired":true,"valueName":"search_term_string"}}],"inLanguage":"en-GB"},{"@type":"Organization","@id":"https:\/\/genekas24.ee\/#organization","name":"Genekas24","url":"https:\/\/genekas24.ee\/","logo":{"@type":"ImageObject","inLanguage":"en-GB","@id":"https:\/\/genekas24.ee\/#\/schema\/logo\/image\/","url":"https:\/\/genekas24.ee\/wp-content\/uploads\/2026\/01\/genekas24-logo_black.svg","contentUrl":"https:\/\/genekas24.ee\/wp-content\/uploads\/2026\/01\/genekas24-logo_black.svg","width":840,"height":131,"caption":"Genekas24"},"image":{"@id":"https:\/\/genekas24.ee\/#\/schema\/logo\/image\/"}}]}},"_links":{"self":[{"href":"https:\/\/genekas24.ee\/en\/wp-json\/wp\/v2\/product\/2338","targetHints":{"allow":["GET"]}}],"collection":[{"href":"https:\/\/genekas24.ee\/en\/wp-json\/wp\/v2\/product"}],"about":[{"href":"https:\/\/genekas24.ee\/en\/wp-json\/wp\/v2\/types\/product"}],"version-history":[{"count":10,"href":"https:\/\/genekas24.ee\/en\/wp-json\/wp\/v2\/product\/2338\/revisions"}],"predecessor-version":[{"id":23071,"href":"https:\/\/genekas24.ee\/en\/wp-json\/wp\/v2\/product\/2338\/revisions\/23071"}],"wp:featuredmedia":[{"embeddable":true,"href":"https:\/\/genekas24.ee\/en\/wp-json\/wp\/v2\/media\/17707"}],"wp:attachment":[{"href":"https:\/\/genekas24.ee\/en\/wp-json\/wp\/v2\/media?parent=2338"}],"wp:term":[{"taxonomy":"product_brand","embeddable":true,"href":"https:\/\/genekas24.ee\/en\/wp-json\/wp\/v2\/product_brand?post=2338"},{"taxonomy":"product_cat","embeddable":true,"href":"https:\/\/genekas24.ee\/en\/wp-json\/wp\/v2\/product_cat?post=2338"},{"taxonomy":"product_tag","embeddable":true,"href":"https:\/\/genekas24.ee\/en\/wp-json\/wp\/v2\/product_tag?post=2338"}],"curies":[{"name":"wp","href":"https:\/\/api.w.org\/{rel}","templated":true}]}}