{"id":23351,"date":"2026-04-27T13:39:16","date_gmt":"2026-04-27T13:39:16","guid":{"rendered":"https:\/\/genekas24.ee\/?post_type=product&#038;p=23351"},"modified":"2026-04-28T12:13:41","modified_gmt":"2026-04-28T12:13:41","slug":"itcpower-diiselgeneraator-dg85kse-85kva","status":"publish","type":"product","link":"https:\/\/genekas24.ee\/en\/product\/itcpower-diiselgeneraator-dg85kse-85kva\/","title":{"rendered":"ITCPOWER diiselgeneraator DG85KSE 68kW"},"content":{"rendered":"<p style=\"font-weight: 400;\">See generaator on vesijahutusega, aeglaselt t\u00f6\u00f6tav seade, mille kiirus on 1500 p\/min ja mis on vaikse heliisolatsiooniga erakordselt vaikseks t\u00f6\u00f6ks, v\u00f5imaldades pidevat avariire\u017eiimi. T\u00f6\u00f6stusgeneraatoril pole eelinstallitud \u00fchendusi.<\/p>\n<p style=\"font-weight: 400;\">Teie elektrik saab vajadusel paigaldada vajalikud pistikupesad klemmliistu abil. Eelinstallitud AVR-pingeregulaator v\u00f5imaldab isegi tundliku elektroonikaga seadmete ohutut kasutamist. Integreeritud multifunktsionaalne ekraan (AMF9) sisaldab pinge- ja voolun\u00e4idikuid, generaatori kaitseindikaatorit, t\u00f6\u00f6tundide loendurit, aku laadimise indikaatorit ja mootori t\u00f6\u00f6tundide n\u00e4idikut.<\/p>\n<p style=\"font-weight: 400;\">ATS-kasti \u00fchendamisel vastava klemmiga saab t\u00f6\u00f6stusgeneraatori automaatselt taask\u00e4ivitada kohe, kui peatoide katkeb.<\/p>","protected":false},"excerpt":{"rendered":"<table style=\"width: 44.81%; height: 316px;\">\n<tbody>\n<tr style=\"height: 28px;\">\n<td style=\"width: 42.3388%; height: 28px;\">P\u00f5hiv\u00f5imsus (Prime Power)<\/td>\n<td style=\"width: 182.338%; height: 28px;\">78\u00a0 KWA \/ 62 KW<\/td>\n<\/tr>\n<tr style=\"height: 24px;\">\n<td style=\"width: 42.3388%; height: 24px;\">Varuv\u00f5imsus (Standby Power)<\/td>\n<td style=\"width: 182.338%; height: 24px;\">85\u00a0 KWA \/ 68 KW<\/td>\n<\/tr>\n<tr style=\"height: 24px;\">\n<td style=\"width: 42.3388%; height: 24px;\">V\u00f5imsustegur<\/td>\n<td style=\"width: 182.338%; height: 24px;\">0.8<\/td>\n<\/tr>\n<tr style=\"height: 24px;\">\n<td style=\"width: 42.3388%; height: 24px;\">Frequency<\/td>\n<td style=\"width: 182.338%; height: 24px;\">50 Hz<\/td>\n<\/tr>\n<tr style=\"height: 24px;\">\n<td style=\"width: 42.3388%; height: 24px;\">Nimipinge<\/td>\n<td style=\"width: 182.338%; height: 24px;\">400\/230 V<\/td>\n<\/tr>\n<tr style=\"height: 24px;\">\n<td style=\"width: 42.3388%; height: 24px;\">Nimivool<\/td>\n<td style=\"width: 182.338%; height: 24px;\">111.9 A<\/td>\n<\/tr>\n<tr style=\"height: 24px;\">\n<td style=\"width: 42.3388%; height: 24px;\">Kontroller<\/td>\n<td style=\"width: 182.338%; height: 24px;\">AMF9<\/td>\n<\/tr>\n<tr style=\"height: 24px;\">\n<td style=\"width: 42.3388%; height: 24px;\">Juhtpinge<\/td>\n<td style=\"width: 182.338%; height: 24px;\">24 DC \/ V<\/td>\n<\/tr>\n<tr style=\"height: 24px;\">\n<td style=\"width: 42.3388%; height: 24px;\">Battery Capacity<\/td>\n<td style=\"width: 182.338%; height: 24px;\">60\u00d72 Ah<\/td>\n<\/tr>\n<tr style=\"height: 24px;\">\n<td style=\"width: 42.3388%; height: 24px;\">Jahutusvedeliku maht<\/td>\n<td style=\"width: 182.338%; height: 24px;\">33.08 L<\/td>\n<\/tr>\n<tr style=\"height: 24px;\">\n<td style=\"width: 42.3388%; height: 24px;\">K\u00fctusepaagi maht (raam)<\/td>\n<td style=\"width: 182.338%; height: 24px;\">180 L<\/td>\n<\/tr>\n<tr style=\"height: 24px;\">\n<td style=\"width: 42.3388%; height: 24px;\">K\u00fctusekulu<\/td>\n<td style=\"width: 182.338%; height: 24px;\">17.7\u00a0 L \/ h<\/td>\n<\/tr>\n<tr style=\"height: 24px;\">\n<td style=\"width: 42.3388%; height: 24px;\">T\u00f6\u00f6aeg<\/td>\n<td style=\"width: 182.338%; height: 24px;\">10.1 h<\/td>\n<\/tr>\n<\/tbody>\n<\/table>","protected":false},"featured_media":23352,"template":"","meta":{"_acf_changed":false,"inline_featured_image":false},"product_brand":[],"product_cat":[94,22,37],"product_tag":[],"class_list":{"0":"post-23351","1":"product","2":"type-product","3":"status-publish","4":"has-post-thumbnail","6":"product_cat-generaatorid","7":"product_cat-diiselgeneraatorid","8":"product_cat-diisel-joujaamad","9":"product_shipping_class-diisel-joujaamad","10":"brand-itcpower","12":"first","13":"instock","14":"taxable","15":"shipping-taxable","16":"purchasable","17":"product-type-simple"},"acf":[],"yoast_head":"<!-- This site is optimized with the Yoast SEO plugin v27.2 - https:\/\/yoast.com\/product\/yoast-seo-wordpress\/ -->\n<title>ITCPOWER diiselgeneraator DG85KSE 68kW - Genekas24<\/title>\n<meta name=\"robots\" content=\"index, follow, max-snippet:-1, max-image-preview:large, max-video-preview:-1\" \/>\n<link rel=\"canonical\" href=\"https:\/\/genekas24.ee\/en\/product\/itcpower-diiselgeneraator-dg85kse-85kva\/\" \/>\n<meta property=\"og:locale\" content=\"en_GB\" \/>\n<meta property=\"og:type\" content=\"article\" \/>\n<meta property=\"og:title\" content=\"ITCPOWER diiselgeneraator DG85KSE 68kW - Genekas24\" \/>\n<meta property=\"og:description\" content=\"P\u00f5hiv\u00f5imsus (Prime Power) 78\u00a0 KWA \/ 62 KW   Varuv\u00f5imsus (Standby Power) 85\u00a0 KWA \/ 68 KW   V\u00f5imsustegur 0.8   Sagedus 50 Hz   Nimipinge 400\/230 V   Nimivool 111.9 A   Kontroller AMF9   Juhtpinge 24 DC \/ V   Aku mahtuvus 60\u00d72 Ah   Jahutusvedeliku maht 33.08 L   K\u00fctusepaagi maht (raam) 180 L   K\u00fctusekulu 17.7\u00a0 L \/ h   T\u00f6\u00f6aeg 10.1 h\" \/>\n<meta property=\"og:url\" content=\"https:\/\/genekas24.ee\/en\/product\/itcpower-diiselgeneraator-dg85kse-85kva\/\" \/>\n<meta property=\"og:site_name\" content=\"Genekas24\" \/>\n<meta property=\"article:modified_time\" content=\"2026-04-28T12:13:41+00:00\" \/>\n<meta property=\"og:image\" content=\"https:\/\/genekas24.ee\/wp-content\/uploads\/2026\/04\/ITC_DG85KSE-1-330334.webp\" \/>\n\t<meta property=\"og:image:width\" content=\"800\" \/>\n\t<meta property=\"og:image:height\" content=\"800\" \/>\n\t<meta property=\"og:image:type\" content=\"image\/webp\" \/>\n<meta name=\"twitter:card\" content=\"summary_large_image\" \/>\n<meta name=\"twitter:label1\" content=\"Estimated reading time\" \/>\n\t<meta name=\"twitter:data1\" content=\"1 minute\" \/>\n<script type=\"application\/ld+json\" class=\"yoast-schema-graph\">{\"@context\":\"https:\/\/schema.org\",\"@graph\":[{\"@type\":\"WebPage\",\"@id\":\"https:\/\/genekas24.ee\/toode\/itcpower-diiselgeneraator-dg85kse-85kva\/\",\"url\":\"https:\/\/genekas24.ee\/toode\/itcpower-diiselgeneraator-dg85kse-85kva\/\",\"name\":\"ITCPOWER diiselgeneraator DG85KSE 68kW - Genekas24\",\"isPartOf\":{\"@id\":\"https:\/\/genekas24.ee\/#website\"},\"primaryImageOfPage\":{\"@id\":\"https:\/\/genekas24.ee\/toode\/itcpower-diiselgeneraator-dg85kse-85kva\/#primaryimage\"},\"image\":{\"@id\":\"https:\/\/genekas24.ee\/toode\/itcpower-diiselgeneraator-dg85kse-85kva\/#primaryimage\"},\"thumbnailUrl\":\"https:\/\/genekas24.ee\/wp-content\/uploads\/2026\/04\/ITC_DG85KSE-1-330334.webp\",\"datePublished\":\"2026-04-27T13:39:16+00:00\",\"dateModified\":\"2026-04-28T12:13:41+00:00\",\"breadcrumb\":{\"@id\":\"https:\/\/genekas24.ee\/toode\/itcpower-diiselgeneraator-dg85kse-85kva\/#breadcrumb\"},\"inLanguage\":\"en-GB\",\"potentialAction\":[{\"@type\":\"ReadAction\",\"target\":[\"https:\/\/genekas24.ee\/toode\/itcpower-diiselgeneraator-dg85kse-85kva\/\"]}]},{\"@type\":\"ImageObject\",\"inLanguage\":\"en-GB\",\"@id\":\"https:\/\/genekas24.ee\/toode\/itcpower-diiselgeneraator-dg85kse-85kva\/#primaryimage\",\"url\":\"https:\/\/genekas24.ee\/wp-content\/uploads\/2026\/04\/ITC_DG85KSE-1-330334.webp\",\"contentUrl\":\"https:\/\/genekas24.ee\/wp-content\/uploads\/2026\/04\/ITC_DG85KSE-1-330334.webp\",\"width\":800,\"height\":800},{\"@type\":\"BreadcrumbList\",\"@id\":\"https:\/\/genekas24.ee\/toode\/itcpower-diiselgeneraator-dg85kse-85kva\/#breadcrumb\",\"itemListElement\":[{\"@type\":\"ListItem\",\"position\":1,\"name\":\"Home\",\"item\":\"https:\/\/genekas24.ee\/\"},{\"@type\":\"ListItem\",\"position\":2,\"name\":\"Pood\",\"item\":\"https:\/\/genekas24.ee\/pood\/\"},{\"@type\":\"ListItem\",\"position\":3,\"name\":\"ITCPOWER diiselgeneraator DG85KSE 68kW\"}]},{\"@type\":\"WebSite\",\"@id\":\"https:\/\/genekas24.ee\/#website\",\"url\":\"https:\/\/genekas24.ee\/\",\"name\":\"Genekas24\",\"description\":\"Generaatorid | K&ouml;nner S&ouml;hnen tooted | Genekas24\",\"publisher\":{\"@id\":\"https:\/\/genekas24.ee\/#organization\"},\"potentialAction\":[{\"@type\":\"SearchAction\",\"target\":{\"@type\":\"EntryPoint\",\"urlTemplate\":\"https:\/\/genekas24.ee\/?s={search_term_string}\"},\"query-input\":{\"@type\":\"PropertyValueSpecification\",\"valueRequired\":true,\"valueName\":\"search_term_string\"}}],\"inLanguage\":\"en-GB\"},{\"@type\":\"Organization\",\"@id\":\"https:\/\/genekas24.ee\/#organization\",\"name\":\"Genekas24\",\"url\":\"https:\/\/genekas24.ee\/\",\"logo\":{\"@type\":\"ImageObject\",\"inLanguage\":\"en-GB\",\"@id\":\"https:\/\/genekas24.ee\/#\/schema\/logo\/image\/\",\"url\":\"https:\/\/genekas24.ee\/wp-content\/uploads\/2026\/01\/genekas24-logo_black.svg\",\"contentUrl\":\"https:\/\/genekas24.ee\/wp-content\/uploads\/2026\/01\/genekas24-logo_black.svg\",\"width\":840,\"height\":131,\"caption\":\"Genekas24\"},\"image\":{\"@id\":\"https:\/\/genekas24.ee\/#\/schema\/logo\/image\/\"}}]}<\/script>\n<!-- \/ Yoast SEO plugin. -->","yoast_head_json":{"title":"ITCPOWER diiselgeneraator DG85KSE 68kW - Genekas24","robots":{"index":"index","follow":"follow","max-snippet":"max-snippet:-1","max-image-preview":"max-image-preview:large","max-video-preview":"max-video-preview:-1"},"canonical":"https:\/\/genekas24.ee\/en\/product\/itcpower-diiselgeneraator-dg85kse-85kva\/","og_locale":"en_GB","og_type":"article","og_title":"ITCPOWER diiselgeneraator DG85KSE 68kW - Genekas24","og_description":"P\u00f5hiv\u00f5imsus (Prime Power) 78\u00a0 KWA \/ 62 KW   Varuv\u00f5imsus (Standby Power) 85\u00a0 KWA \/ 68 KW   V\u00f5imsustegur 0.8   Sagedus 50 Hz   Nimipinge 400\/230 V   Nimivool 111.9 A   Kontroller AMF9   Juhtpinge 24 DC \/ V   Aku mahtuvus 60\u00d72 Ah   Jahutusvedeliku maht 33.08 L   K\u00fctusepaagi maht (raam) 180 L   K\u00fctusekulu 17.7\u00a0 L \/ h   T\u00f6\u00f6aeg 10.1 h","og_url":"https:\/\/genekas24.ee\/en\/product\/itcpower-diiselgeneraator-dg85kse-85kva\/","og_site_name":"Genekas24","article_modified_time":"2026-04-28T12:13:41+00:00","og_image":[{"width":800,"height":800,"url":"https:\/\/genekas24.ee\/wp-content\/uploads\/2026\/04\/ITC_DG85KSE-1-330334.webp","type":"image\/webp"}],"twitter_card":"summary_large_image","twitter_misc":{"Estimated reading time":"1 minute"},"schema":{"@context":"https:\/\/schema.org","@graph":[{"@type":"WebPage","@id":"https:\/\/genekas24.ee\/toode\/itcpower-diiselgeneraator-dg85kse-85kva\/","url":"https:\/\/genekas24.ee\/toode\/itcpower-diiselgeneraator-dg85kse-85kva\/","name":"ITCPOWER diiselgeneraator DG85KSE 68kW - Genekas24","isPartOf":{"@id":"https:\/\/genekas24.ee\/#website"},"primaryImageOfPage":{"@id":"https:\/\/genekas24.ee\/toode\/itcpower-diiselgeneraator-dg85kse-85kva\/#primaryimage"},"image":{"@id":"https:\/\/genekas24.ee\/toode\/itcpower-diiselgeneraator-dg85kse-85kva\/#primaryimage"},"thumbnailUrl":"https:\/\/genekas24.ee\/wp-content\/uploads\/2026\/04\/ITC_DG85KSE-1-330334.webp","datePublished":"2026-04-27T13:39:16+00:00","dateModified":"2026-04-28T12:13:41+00:00","breadcrumb":{"@id":"https:\/\/genekas24.ee\/toode\/itcpower-diiselgeneraator-dg85kse-85kva\/#breadcrumb"},"inLanguage":"en-GB","potentialAction":[{"@type":"ReadAction","target":["https:\/\/genekas24.ee\/toode\/itcpower-diiselgeneraator-dg85kse-85kva\/"]}]},{"@type":"ImageObject","inLanguage":"en-GB","@id":"https:\/\/genekas24.ee\/toode\/itcpower-diiselgeneraator-dg85kse-85kva\/#primaryimage","url":"https:\/\/genekas24.ee\/wp-content\/uploads\/2026\/04\/ITC_DG85KSE-1-330334.webp","contentUrl":"https:\/\/genekas24.ee\/wp-content\/uploads\/2026\/04\/ITC_DG85KSE-1-330334.webp","width":800,"height":800},{"@type":"BreadcrumbList","@id":"https:\/\/genekas24.ee\/toode\/itcpower-diiselgeneraator-dg85kse-85kva\/#breadcrumb","itemListElement":[{"@type":"ListItem","position":1,"name":"Home","item":"https:\/\/genekas24.ee\/"},{"@type":"ListItem","position":2,"name":"Pood","item":"https:\/\/genekas24.ee\/pood\/"},{"@type":"ListItem","position":3,"name":"ITCPOWER diiselgeneraator DG85KSE 68kW"}]},{"@type":"WebSite","@id":"https:\/\/genekas24.ee\/#website","url":"https:\/\/genekas24.ee\/","name":"Genekas24","description":"Generaatorid | K&ouml;nner S&ouml;hnen tooted | Genekas24","publisher":{"@id":"https:\/\/genekas24.ee\/#organization"},"potentialAction":[{"@type":"SearchAction","target":{"@type":"EntryPoint","urlTemplate":"https:\/\/genekas24.ee\/?s={search_term_string}"},"query-input":{"@type":"PropertyValueSpecification","valueRequired":true,"valueName":"search_term_string"}}],"inLanguage":"en-GB"},{"@type":"Organization","@id":"https:\/\/genekas24.ee\/#organization","name":"Genekas24","url":"https:\/\/genekas24.ee\/","logo":{"@type":"ImageObject","inLanguage":"en-GB","@id":"https:\/\/genekas24.ee\/#\/schema\/logo\/image\/","url":"https:\/\/genekas24.ee\/wp-content\/uploads\/2026\/01\/genekas24-logo_black.svg","contentUrl":"https:\/\/genekas24.ee\/wp-content\/uploads\/2026\/01\/genekas24-logo_black.svg","width":840,"height":131,"caption":"Genekas24"},"image":{"@id":"https:\/\/genekas24.ee\/#\/schema\/logo\/image\/"}}]}},"_links":{"self":[{"href":"https:\/\/genekas24.ee\/en\/wp-json\/wp\/v2\/product\/23351","targetHints":{"allow":["GET"]}}],"collection":[{"href":"https:\/\/genekas24.ee\/en\/wp-json\/wp\/v2\/product"}],"about":[{"href":"https:\/\/genekas24.ee\/en\/wp-json\/wp\/v2\/types\/product"}],"version-history":[{"count":7,"href":"https:\/\/genekas24.ee\/en\/wp-json\/wp\/v2\/product\/23351\/revisions"}],"predecessor-version":[{"id":23409,"href":"https:\/\/genekas24.ee\/en\/wp-json\/wp\/v2\/product\/23351\/revisions\/23409"}],"wp:featuredmedia":[{"embeddable":true,"href":"https:\/\/genekas24.ee\/en\/wp-json\/wp\/v2\/media\/23352"}],"wp:attachment":[{"href":"https:\/\/genekas24.ee\/en\/wp-json\/wp\/v2\/media?parent=23351"}],"wp:term":[{"taxonomy":"product_brand","embeddable":true,"href":"https:\/\/genekas24.ee\/en\/wp-json\/wp\/v2\/product_brand?post=23351"},{"taxonomy":"product_cat","embeddable":true,"href":"https:\/\/genekas24.ee\/en\/wp-json\/wp\/v2\/product_cat?post=23351"},{"taxonomy":"product_tag","embeddable":true,"href":"https:\/\/genekas24.ee\/en\/wp-json\/wp\/v2\/product_tag?post=23351"}],"curies":[{"name":"wp","href":"https:\/\/api.w.org\/{rel}","templated":true}]}}