{"id":23342,"date":"2026-04-29T07:49:25","date_gmt":"2026-04-29T07:49:25","guid":{"rendered":"https:\/\/genekas24.ee\/?post_type=product&#038;p=23342"},"modified":"2026-04-29T07:49:25","modified_gmt":"2026-04-29T07:49:25","slug":"itcpower-diiselgeneraator-8kw-dg9ksem","status":"publish","type":"product","link":"https:\/\/genekas24.ee\/en\/product\/itcpower-diiselgeneraator-8kw-dg9ksem\/","title":{"rendered":"ITCPOWER diiselgeneraator 8kW DG9KSEm"},"content":{"rendered":"","protected":false},"excerpt":{"rendered":"<table>\n<tbody>\n<tr>\n<td>Sagedus (Hz)<\/td>\n<td>50<\/td>\n<\/tr>\n<tr>\n<td>P\u00f6\u00f6rlemiskiirus (p\/min)<\/td>\n<td>1500<\/td>\n<\/tr>\n<tr>\n<td>V\u00f5imsustegur<\/td>\n<td>1<\/td>\n<\/tr>\n<tr>\n<td>Nimiv\u00f5imsus (kW)<\/td>\n<td>8<\/td>\n<\/tr>\n<tr>\n<td>Maksimaalne v\u00f5imsus (kW)<\/td>\n<td>8,8<\/td>\n<\/tr>\n<tr>\n<td>Nimivool (A)<\/td>\n<td>35<\/td>\n<\/tr>\n<tr>\n<td>M\u00fcratase (7 m, 75% koormus) dBA<\/td>\n<td>66<\/td>\n<\/tr>\n<tr>\n<td>T\u00f6\u00f6aeg 100% koormusel (h)<\/td>\n<td>12<\/td>\n<\/tr>\n<tr>\n<td>K\u00fctusekulu 100% koormusel (L\/h)<\/td>\n<td>3,5<\/td>\n<\/tr>\n<tr>\n<td>Jahutusvedeliku maht (L)<\/td>\n<td>6<\/td>\n<\/tr>\n<tr>\n<td>K\u00fctusepaagi maht (L)<\/td>\n<td>42<\/td>\n<\/tr>\n<tr>\n<td>Engine model<\/td>\n<td>D380<\/td>\n<\/tr>\n<tr>\n<td>Nimiv\u00f5imsus 1500 p\/min (kW)<\/td>\n<td>11<\/td>\n<\/tr>\n<tr>\n<td>Silindrite arv<\/td>\n<td>3<\/td>\n<\/tr>\n<tr>\n<td>\u00d5huv\u00f5tt<\/td>\n<td>Natural<\/td>\n<\/tr>\n<tr>\n<td>\u00d5likarteri maht (L)<\/td>\n<td>4,5<\/td>\n<\/tr>\n<tr>\n<td>T\u00f6\u00f6maht (cc)<\/td>\n<td>1360<\/td>\n<\/tr>\n<tr>\n<td>Generaatori mudel<\/td>\n<td>164B<\/td>\n<\/tr>\n<tr>\n<td>Protection class<\/td>\n<td>IP23\/H<\/td>\n<\/tr>\n<tr>\n<td>Helikindla versiooni kaal (kg)<\/td>\n<td>480<\/td>\n<\/tr>\n<tr>\n<td>Helikindla versiooni m\u00f5\u00f5dud (cm)<\/td>\n<td>150 \u00d7 76 \u00d7 107<\/td>\n<\/tr>\n<\/tbody>\n<\/table>","protected":false},"featured_media":23343,"template":"","meta":{"_acf_changed":false,"inline_featured_image":false},"product_brand":[],"product_cat":[94,22,37],"product_tag":[],"class_list":{"0":"post-23342","1":"product","2":"type-product","3":"status-publish","4":"has-post-thumbnail","6":"product_cat-generaatorid","7":"product_cat-diiselgeneraatorid","8":"product_cat-diisel-joujaamad","9":"product_shipping_class-diisel-joujaamad","10":"brand-itcpower","12":"first","13":"instock","14":"taxable","15":"shipping-taxable","16":"purchasable","17":"product-type-simple"},"acf":[],"yoast_head":"<!-- This site is optimized with the Yoast SEO plugin v27.2 - https:\/\/yoast.com\/product\/yoast-seo-wordpress\/ -->\n<title>ITCPOWER diiselgeneraator 8kW DG9KSEm - Genekas24<\/title>\n<meta name=\"robots\" content=\"index, follow, max-snippet:-1, max-image-preview:large, max-video-preview:-1\" \/>\n<link rel=\"canonical\" href=\"https:\/\/genekas24.ee\/en\/product\/itcpower-diiselgeneraator-8kw-dg9ksem\/\" \/>\n<meta property=\"og:locale\" content=\"en_GB\" \/>\n<meta property=\"og:type\" content=\"article\" \/>\n<meta property=\"og:title\" content=\"ITCPOWER diiselgeneraator 8kW DG9KSEm - Genekas24\" \/>\n<meta property=\"og:description\" content=\"Sagedus (Hz) 50   P\u00f6\u00f6rlemiskiirus (p\/min) 1500   V\u00f5imsustegur 1   Nimiv\u00f5imsus (kW) 8   Maksimaalne v\u00f5imsus (kW) 8,8   Nimivool (A) 35   M\u00fcratase (7 m, 75% koormus) dBA 66   T\u00f6\u00f6aeg 100% koormusel (h) 12   K\u00fctusekulu 100% koormusel (L\/h) 3,5   Jahutusvedeliku maht (L) 6   K\u00fctusepaagi maht (L) 42   Mootori mudel D380   Nimiv\u00f5imsus 1500 p\/min (kW) 11   Silindrite arv 3   \u00d5huv\u00f5tt Natural   \u00d5likarteri maht (L) 4,5   T\u00f6\u00f6maht (cc) 1360   Generaatori mudel 164B   Kaitseklass IP23\/H   Helikindla versiooni kaal (kg) 480   Helikindla versiooni m\u00f5\u00f5dud (cm) 150 \u00d7 76 \u00d7 107\" \/>\n<meta property=\"og:url\" content=\"https:\/\/genekas24.ee\/en\/product\/itcpower-diiselgeneraator-8kw-dg9ksem\/\" \/>\n<meta property=\"og:site_name\" content=\"Genekas24\" \/>\n<meta name=\"twitter:card\" content=\"summary_large_image\" \/>\n<meta name=\"twitter:label1\" content=\"Estimated reading time\" \/>\n\t<meta name=\"twitter:data1\" content=\"1 minute\" \/>\n<script type=\"application\/ld+json\" class=\"yoast-schema-graph\">{\"@context\":\"https:\/\/schema.org\",\"@graph\":[{\"@type\":\"WebPage\",\"@id\":\"https:\/\/genekas24.ee\/toode\/itcpower-diiselgeneraator-8kw-dg9ksem\/\",\"url\":\"https:\/\/genekas24.ee\/toode\/itcpower-diiselgeneraator-8kw-dg9ksem\/\",\"name\":\"ITCPOWER diiselgeneraator 8kW DG9KSEm - Genekas24\",\"isPartOf\":{\"@id\":\"https:\/\/genekas24.ee\/#website\"},\"primaryImageOfPage\":{\"@id\":\"https:\/\/genekas24.ee\/toode\/itcpower-diiselgeneraator-8kw-dg9ksem\/#primaryimage\"},\"image\":{\"@id\":\"https:\/\/genekas24.ee\/toode\/itcpower-diiselgeneraator-8kw-dg9ksem\/#primaryimage\"},\"thumbnailUrl\":\"https:\/\/genekas24.ee\/wp-content\/uploads\/2026\/04\/Diesel-4-cylinder-ITCPower.avif\",\"datePublished\":\"2026-04-29T07:49:25+00:00\",\"breadcrumb\":{\"@id\":\"https:\/\/genekas24.ee\/toode\/itcpower-diiselgeneraator-8kw-dg9ksem\/#breadcrumb\"},\"inLanguage\":\"en-GB\",\"potentialAction\":[{\"@type\":\"ReadAction\",\"target\":[\"https:\/\/genekas24.ee\/toode\/itcpower-diiselgeneraator-8kw-dg9ksem\/\"]}]},{\"@type\":\"ImageObject\",\"inLanguage\":\"en-GB\",\"@id\":\"https:\/\/genekas24.ee\/toode\/itcpower-diiselgeneraator-8kw-dg9ksem\/#primaryimage\",\"url\":\"https:\/\/genekas24.ee\/wp-content\/uploads\/2026\/04\/Diesel-4-cylinder-ITCPower.avif\",\"contentUrl\":\"https:\/\/genekas24.ee\/wp-content\/uploads\/2026\/04\/Diesel-4-cylinder-ITCPower.avif\",\"width\":600,\"height\":505},{\"@type\":\"BreadcrumbList\",\"@id\":\"https:\/\/genekas24.ee\/toode\/itcpower-diiselgeneraator-8kw-dg9ksem\/#breadcrumb\",\"itemListElement\":[{\"@type\":\"ListItem\",\"position\":1,\"name\":\"Home\",\"item\":\"https:\/\/genekas24.ee\/\"},{\"@type\":\"ListItem\",\"position\":2,\"name\":\"Pood\",\"item\":\"https:\/\/genekas24.ee\/pood\/\"},{\"@type\":\"ListItem\",\"position\":3,\"name\":\"ITCPOWER diiselgeneraator 8kW DG9KSEm\"}]},{\"@type\":\"WebSite\",\"@id\":\"https:\/\/genekas24.ee\/#website\",\"url\":\"https:\/\/genekas24.ee\/\",\"name\":\"Genekas24\",\"description\":\"Generaatorid | K&ouml;nner S&ouml;hnen tooted | Genekas24\",\"publisher\":{\"@id\":\"https:\/\/genekas24.ee\/#organization\"},\"potentialAction\":[{\"@type\":\"SearchAction\",\"target\":{\"@type\":\"EntryPoint\",\"urlTemplate\":\"https:\/\/genekas24.ee\/?s={search_term_string}\"},\"query-input\":{\"@type\":\"PropertyValueSpecification\",\"valueRequired\":true,\"valueName\":\"search_term_string\"}}],\"inLanguage\":\"en-GB\"},{\"@type\":\"Organization\",\"@id\":\"https:\/\/genekas24.ee\/#organization\",\"name\":\"Genekas24\",\"url\":\"https:\/\/genekas24.ee\/\",\"logo\":{\"@type\":\"ImageObject\",\"inLanguage\":\"en-GB\",\"@id\":\"https:\/\/genekas24.ee\/#\/schema\/logo\/image\/\",\"url\":\"https:\/\/genekas24.ee\/wp-content\/uploads\/2026\/01\/genekas24-logo_black.svg\",\"contentUrl\":\"https:\/\/genekas24.ee\/wp-content\/uploads\/2026\/01\/genekas24-logo_black.svg\",\"width\":840,\"height\":131,\"caption\":\"Genekas24\"},\"image\":{\"@id\":\"https:\/\/genekas24.ee\/#\/schema\/logo\/image\/\"}}]}<\/script>\n<!-- \/ Yoast SEO plugin. -->","yoast_head_json":{"title":"ITCPOWER diiselgeneraator 8kW DG9KSEm - Genekas24","robots":{"index":"index","follow":"follow","max-snippet":"max-snippet:-1","max-image-preview":"max-image-preview:large","max-video-preview":"max-video-preview:-1"},"canonical":"https:\/\/genekas24.ee\/en\/product\/itcpower-diiselgeneraator-8kw-dg9ksem\/","og_locale":"en_GB","og_type":"article","og_title":"ITCPOWER diiselgeneraator 8kW DG9KSEm - Genekas24","og_description":"Sagedus (Hz) 50   P\u00f6\u00f6rlemiskiirus (p\/min) 1500   V\u00f5imsustegur 1   Nimiv\u00f5imsus (kW) 8   Maksimaalne v\u00f5imsus (kW) 8,8   Nimivool (A) 35   M\u00fcratase (7 m, 75% koormus) dBA 66   T\u00f6\u00f6aeg 100% koormusel (h) 12   K\u00fctusekulu 100% koormusel (L\/h) 3,5   Jahutusvedeliku maht (L) 6   K\u00fctusepaagi maht (L) 42   Mootori mudel D380   Nimiv\u00f5imsus 1500 p\/min (kW) 11   Silindrite arv 3   \u00d5huv\u00f5tt Natural   \u00d5likarteri maht (L) 4,5   T\u00f6\u00f6maht (cc) 1360   Generaatori mudel 164B   Kaitseklass IP23\/H   Helikindla versiooni kaal (kg) 480   Helikindla versiooni m\u00f5\u00f5dud (cm) 150 \u00d7 76 \u00d7 107","og_url":"https:\/\/genekas24.ee\/en\/product\/itcpower-diiselgeneraator-8kw-dg9ksem\/","og_site_name":"Genekas24","twitter_card":"summary_large_image","twitter_misc":{"Estimated reading time":"1 minute"},"schema":{"@context":"https:\/\/schema.org","@graph":[{"@type":"WebPage","@id":"https:\/\/genekas24.ee\/toode\/itcpower-diiselgeneraator-8kw-dg9ksem\/","url":"https:\/\/genekas24.ee\/toode\/itcpower-diiselgeneraator-8kw-dg9ksem\/","name":"ITCPOWER diiselgeneraator 8kW DG9KSEm - Genekas24","isPartOf":{"@id":"https:\/\/genekas24.ee\/#website"},"primaryImageOfPage":{"@id":"https:\/\/genekas24.ee\/toode\/itcpower-diiselgeneraator-8kw-dg9ksem\/#primaryimage"},"image":{"@id":"https:\/\/genekas24.ee\/toode\/itcpower-diiselgeneraator-8kw-dg9ksem\/#primaryimage"},"thumbnailUrl":"https:\/\/genekas24.ee\/wp-content\/uploads\/2026\/04\/Diesel-4-cylinder-ITCPower.avif","datePublished":"2026-04-29T07:49:25+00:00","breadcrumb":{"@id":"https:\/\/genekas24.ee\/toode\/itcpower-diiselgeneraator-8kw-dg9ksem\/#breadcrumb"},"inLanguage":"en-GB","potentialAction":[{"@type":"ReadAction","target":["https:\/\/genekas24.ee\/toode\/itcpower-diiselgeneraator-8kw-dg9ksem\/"]}]},{"@type":"ImageObject","inLanguage":"en-GB","@id":"https:\/\/genekas24.ee\/toode\/itcpower-diiselgeneraator-8kw-dg9ksem\/#primaryimage","url":"https:\/\/genekas24.ee\/wp-content\/uploads\/2026\/04\/Diesel-4-cylinder-ITCPower.avif","contentUrl":"https:\/\/genekas24.ee\/wp-content\/uploads\/2026\/04\/Diesel-4-cylinder-ITCPower.avif","width":600,"height":505},{"@type":"BreadcrumbList","@id":"https:\/\/genekas24.ee\/toode\/itcpower-diiselgeneraator-8kw-dg9ksem\/#breadcrumb","itemListElement":[{"@type":"ListItem","position":1,"name":"Home","item":"https:\/\/genekas24.ee\/"},{"@type":"ListItem","position":2,"name":"Pood","item":"https:\/\/genekas24.ee\/pood\/"},{"@type":"ListItem","position":3,"name":"ITCPOWER diiselgeneraator 8kW DG9KSEm"}]},{"@type":"WebSite","@id":"https:\/\/genekas24.ee\/#website","url":"https:\/\/genekas24.ee\/","name":"Genekas24","description":"Generaatorid | K&ouml;nner S&ouml;hnen tooted | Genekas24","publisher":{"@id":"https:\/\/genekas24.ee\/#organization"},"potentialAction":[{"@type":"SearchAction","target":{"@type":"EntryPoint","urlTemplate":"https:\/\/genekas24.ee\/?s={search_term_string}"},"query-input":{"@type":"PropertyValueSpecification","valueRequired":true,"valueName":"search_term_string"}}],"inLanguage":"en-GB"},{"@type":"Organization","@id":"https:\/\/genekas24.ee\/#organization","name":"Genekas24","url":"https:\/\/genekas24.ee\/","logo":{"@type":"ImageObject","inLanguage":"en-GB","@id":"https:\/\/genekas24.ee\/#\/schema\/logo\/image\/","url":"https:\/\/genekas24.ee\/wp-content\/uploads\/2026\/01\/genekas24-logo_black.svg","contentUrl":"https:\/\/genekas24.ee\/wp-content\/uploads\/2026\/01\/genekas24-logo_black.svg","width":840,"height":131,"caption":"Genekas24"},"image":{"@id":"https:\/\/genekas24.ee\/#\/schema\/logo\/image\/"}}]}},"_links":{"self":[{"href":"https:\/\/genekas24.ee\/en\/wp-json\/wp\/v2\/product\/23342","targetHints":{"allow":["GET"]}}],"collection":[{"href":"https:\/\/genekas24.ee\/en\/wp-json\/wp\/v2\/product"}],"about":[{"href":"https:\/\/genekas24.ee\/en\/wp-json\/wp\/v2\/types\/product"}],"version-history":[{"count":2,"href":"https:\/\/genekas24.ee\/en\/wp-json\/wp\/v2\/product\/23342\/revisions"}],"predecessor-version":[{"id":23345,"href":"https:\/\/genekas24.ee\/en\/wp-json\/wp\/v2\/product\/23342\/revisions\/23345"}],"wp:featuredmedia":[{"embeddable":true,"href":"https:\/\/genekas24.ee\/en\/wp-json\/wp\/v2\/media\/23343"}],"wp:attachment":[{"href":"https:\/\/genekas24.ee\/en\/wp-json\/wp\/v2\/media?parent=23342"}],"wp:term":[{"taxonomy":"product_brand","embeddable":true,"href":"https:\/\/genekas24.ee\/en\/wp-json\/wp\/v2\/product_brand?post=23342"},{"taxonomy":"product_cat","embeddable":true,"href":"https:\/\/genekas24.ee\/en\/wp-json\/wp\/v2\/product_cat?post=23342"},{"taxonomy":"product_tag","embeddable":true,"href":"https:\/\/genekas24.ee\/en\/wp-json\/wp\/v2\/product_tag?post=23342"}],"curies":[{"name":"wp","href":"https:\/\/api.w.org\/{rel}","templated":true}]}}