{"id":22924,"date":"2026-02-09T08:35:59","date_gmt":"2026-02-09T08:35:59","guid":{"rendered":"https:\/\/genekas24.ee\/?post_type=product&#038;p=22924"},"modified":"2026-02-11T10:53:49","modified_gmt":"2026-02-11T10:53:49","slug":"bensiinigeneraator-mxr5500i","status":"publish","type":"product","link":"https:\/\/genekas24.ee\/en\/product\/bensiinigeneraator-mxr5500i\/","title":{"rendered":"Invertergeneraator MXR5500i"},"content":{"rendered":"<p>Omadused:<\/p>\n<ul>\n<li data-start=\"77\" data-end=\"151\">5500 W tippv\u00f5imsust, 5000 W pidev v\u00f5imsus ja kuni 13-tunnine t\u00f6\u00f6aeg.<\/li>\n<li data-start=\"154\" data-end=\"226\">ECO-re\u017eiim, mis parandab k\u00fctuses\u00e4\u00e4stlikkust ja v\u00e4hendab m\u00fcrataset.<\/li>\n<li data-start=\"229\" data-end=\"308\">Puhas ja stabiilne vool, sobib tundliku elektroonika ohutuks laadimiseks.<\/li>\n<li data-start=\"311\" data-end=\"414\">Vaikne t\u00f6\u00f6 \u2013 62 dB, ideaalne koduseks varutoiteks, haagissuvilas reisimiseks ja muuks kasutuseks.<\/li>\n<li data-start=\"417\" data-end=\"551\">1-aastane tootjagarantii tehasepoolsete defektide korral, pikaajaline tehniline tugi ja varuosade teenus valitud komponentidele.<\/li>\n<\/ul>\n<p>&nbsp;<\/p>","protected":false},"excerpt":{"rendered":"<table style=\"width: 96.8524%;\">\n<tbody>\n<tr>\n<td style=\"width: 50.4292%;\">Pidev v\u00f5imsus<\/td>\n<td style=\"width: 134.958%;\">5000 W<\/td>\n<\/tr>\n<tr>\n<td style=\"width: 50.4292%;\">Maksimaalne v\u00f5imsus<\/td>\n<td style=\"width: 134.958%;\">5500 W<\/td>\n<\/tr>\n<tr>\n<td style=\"width: 50.4292%;\">Fuel type<\/td>\n<td style=\"width: 134.958%;\">Bensiin<\/td>\n<\/tr>\n<tr>\n<td style=\"width: 50.4292%;\">\u00d5li t\u00fc\u00fcp<\/td>\n<td style=\"width: 134.958%;\">10W30<\/td>\n<\/tr>\n<tr>\n<td style=\"width: 50.4292%;\">Engine type<\/td>\n<td style=\"width: 134.958%;\">4-taktiline 312 cm\u00b3 OHV, \u00f5hkjahutusega<\/td>\n<\/tr>\n<tr>\n<td style=\"width: 50.4292%;\">Pidev voolutugevus<\/td>\n<td style=\"width: 134.958%;\">21,7 A<\/td>\n<\/tr>\n<tr>\n<td style=\"width: 50.4292%;\">Tippvool<\/td>\n<td style=\"width: 134.958%;\">23,9 A<\/td>\n<\/tr>\n<tr>\n<td style=\"width: 50.4292%;\">Vahelduvpinge<\/td>\n<td style=\"width: 134.958%;\">230 V<\/td>\n<\/tr>\n<tr>\n<td style=\"width: 50.4292%;\">Frequency<\/td>\n<td style=\"width: 134.958%;\">50 Hz<\/td>\n<\/tr>\n<tr>\n<td style=\"width: 50.4292%;\">K\u00e4ivitus<\/td>\n<td style=\"width: 134.958%;\">K\u00e4sik\u00e4ivitus \/ elektriline \/ kaugk\u00e4ivitus<\/td>\n<\/tr>\n<tr>\n<td style=\"width: 50.4292%;\">M\u00fcratase (7 m \/ 23 jalga)<\/td>\n<td style=\"width: 134.958%;\">62 dB<\/td>\n<\/tr>\n<tr>\n<td style=\"width: 50.4292%;\">K\u00fctusepaagi maht<\/td>\n<td style=\"width: 134.958%;\">13,5 l<\/td>\n<\/tr>\n<tr>\n<td style=\"width: 50.4292%;\">T\u00f6\u00f6aeg 25% koormusel<\/td>\n<td style=\"width: 134.958%;\">13 h<\/td>\n<\/tr>\n<tr>\n<td style=\"width: 50.4292%;\">T\u00f6\u00f6aeg 50% koormusel<\/td>\n<td style=\"width: 134.958%;\">9 h<\/td>\n<\/tr>\n<tr>\n<td style=\"width: 50.4292%;\">Mootori t\u00f6\u00f6maht<\/td>\n<td style=\"width: 134.958%;\">312 cm\u00b3<\/td>\n<\/tr>\n<tr>\n<td style=\"width: 50.4292%;\">Madala \u00f5litaseme LED hoiatus<\/td>\n<td style=\"width: 134.958%;\">Jah<\/td>\n<\/tr>\n<tr>\n<td style=\"width: 50.4292%;\">\u00dclekoormuse LED hoiatus<\/td>\n<td style=\"width: 134.958%;\">Jah<\/td>\n<\/tr>\n<tr>\n<td style=\"width: 50.4292%;\">V\u00e4ljundi valmisoleku LED<\/td>\n<td style=\"width: 134.958%;\">Jah<\/td>\n<\/tr>\n<tr>\n<td style=\"width: 50.4292%;\">ECO-re\u017eiim<\/td>\n<td style=\"width: 134.958%;\">Jah<\/td>\n<\/tr>\n<tr>\n<td style=\"width: 50.4292%;\">Paralleel\u00fchendusvalmis<\/td>\n<td style=\"width: 134.958%;\">Jah<\/td>\n<\/tr>\n<tr>\n<td style=\"width: 50.4292%;\">Digitaalne m\u00f5\u00f5teriist<\/td>\n<td style=\"width: 134.958%;\">Jah<\/td>\n<\/tr>\n<tr>\n<td style=\"width: 50.4292%;\">Generaatori m\u00f5\u00f5tmed (P \u00d7 L \u00d7 K)<\/td>\n<td style=\"width: 134.958%;\">61 \u00d7 47 \u00d7 53,5 cm<\/td>\n<\/tr>\n<tr>\n<td style=\"width: 50.4292%;\">Pakendi m\u00f5\u00f5tmed (P \u00d7 L \u00d7 K)<\/td>\n<td style=\"width: 134.958%;\">72 \u00d7 55 \u00d7 62,5 cm<\/td>\n<\/tr>\n<tr>\n<td style=\"width: 50.4292%;\">Netokaal<\/td>\n<td style=\"width: 134.958%;\">52 kg<\/td>\n<\/tr>\n<tr>\n<td style=\"width: 50.4292%;\">Brutokaal<\/td>\n<td style=\"width: 134.958%;\">58 kg<\/td>\n<\/tr>\n<tr>\n<td style=\"width: 50.4292%;\">V\u00e4ljundpistikud<\/td>\n<td style=\"width: 134.958%;\">1 \u00d7 230 V \/ 32 A, 1 \u00d7 230 V \/ 16 A, 1 \u00d7 DC 12 V \/ 8,3 A, 2 \u00d7 USB<\/td>\n<\/tr>\n<\/tbody>\n<\/table>","protected":false},"featured_media":22925,"template":"","meta":{"_acf_changed":false,"inline_featured_image":false},"product_brand":[],"product_cat":[94,23],"product_tag":[],"class_list":{"0":"post-22924","1":"product","2":"type-product","3":"status-publish","4":"has-post-thumbnail","6":"product_cat-generaatorid","7":"product_cat-invertergeneraatorid","8":"product_shipping_class-poolalus","9":"brand-maxpeedingrods","11":"first","12":"instock","13":"taxable","14":"shipping-taxable","15":"purchasable","16":"product-type-simple"},"acf":[],"yoast_head":"<!-- This site is optimized with the Yoast SEO plugin v27.2 - https:\/\/yoast.com\/product\/yoast-seo-wordpress\/ -->\n<title>Invertergeneraator MXR5500i - Genekas24<\/title>\n<meta name=\"robots\" content=\"index, follow, max-snippet:-1, max-image-preview:large, max-video-preview:-1\" \/>\n<link rel=\"canonical\" href=\"https:\/\/genekas24.ee\/en\/product\/bensiinigeneraator-mxr5500i\/\" \/>\n<meta property=\"og:locale\" content=\"en_GB\" \/>\n<meta property=\"og:type\" content=\"article\" \/>\n<meta property=\"og:title\" content=\"Invertergeneraator MXR5500i - Genekas24\" \/>\n<meta property=\"og:description\" content=\"Pidev v\u00f5imsus 5000 W   Maksimaalne v\u00f5imsus 5500 W   K\u00fctuse t\u00fc\u00fcp Bensiin   \u00d5li t\u00fc\u00fcp 10W30   Mootori t\u00fc\u00fcp 4-taktiline 312 cm\u00b3 OHV, \u00f5hkjahutusega   Pidev voolutugevus 21,7 A   Tippvool 23,9 A   Vahelduvpinge 230 V   Sagedus 50 Hz   K\u00e4ivitus K\u00e4sik\u00e4ivitus \/ elektriline \/ kaugk\u00e4ivitus   M\u00fcratase (7 m \/ 23 jalga) 62 dB   K\u00fctusepaagi maht 13,5 l   T\u00f6\u00f6aeg 25% koormusel 13 h   T\u00f6\u00f6aeg 50% koormusel 9 h   Mootori t\u00f6\u00f6maht 312 cm\u00b3   Madala \u00f5litaseme LED hoiatus Jah   \u00dclekoormuse LED hoiatus Jah   V\u00e4ljundi valmisoleku LED Jah   ECO-re\u017eiim Jah   Paralleel\u00fchendusvalmis Jah   Digitaalne m\u00f5\u00f5teriist Jah   Generaatori m\u00f5\u00f5tmed (P \u00d7 L \u00d7 K) 61 \u00d7 47 \u00d7 53,5 cm   Pakendi m\u00f5\u00f5tmed (P \u00d7 L \u00d7 K) 72 \u00d7 55 \u00d7 62,5 cm   Netokaal 52 kg   Brutokaal 58 kg   V\u00e4ljundpistikud 1 \u00d7 230 V \/ 32 A, 1 \u00d7 230 V \/ 16 A, 1 \u00d7 DC 12 V \/ 8,3 A, 2 \u00d7 USB\" \/>\n<meta property=\"og:url\" content=\"https:\/\/genekas24.ee\/en\/product\/bensiinigeneraator-mxr5500i\/\" \/>\n<meta property=\"og:site_name\" content=\"Genekas24\" \/>\n<meta property=\"article:modified_time\" content=\"2026-02-11T10:53:49+00:00\" \/>\n<meta property=\"og:image\" content=\"https:\/\/genekas24.ee\/wp-content\/uploads\/2026\/02\/maxpeedingrods-new-mxr5500-eu-31103734055109_1024x1024.webp\" \/>\n\t<meta property=\"og:image:width\" content=\"1024\" \/>\n\t<meta property=\"og:image:height\" content=\"1024\" \/>\n\t<meta property=\"og:image:type\" content=\"image\/webp\" \/>\n<meta name=\"twitter:card\" content=\"summary_large_image\" \/>\n<meta name=\"twitter:label1\" content=\"Estimated reading time\" \/>\n\t<meta name=\"twitter:data1\" content=\"1 minute\" \/>\n<script type=\"application\/ld+json\" class=\"yoast-schema-graph\">{\"@context\":\"https:\/\/schema.org\",\"@graph\":[{\"@type\":\"WebPage\",\"@id\":\"https:\/\/genekas24.ee\/toode\/bensiinigeneraator-mxr5500i\/\",\"url\":\"https:\/\/genekas24.ee\/toode\/bensiinigeneraator-mxr5500i\/\",\"name\":\"Invertergeneraator MXR5500i - Genekas24\",\"isPartOf\":{\"@id\":\"https:\/\/genekas24.ee\/#website\"},\"primaryImageOfPage\":{\"@id\":\"https:\/\/genekas24.ee\/toode\/bensiinigeneraator-mxr5500i\/#primaryimage\"},\"image\":{\"@id\":\"https:\/\/genekas24.ee\/toode\/bensiinigeneraator-mxr5500i\/#primaryimage\"},\"thumbnailUrl\":\"https:\/\/genekas24.ee\/wp-content\/uploads\/2026\/02\/maxpeedingrods-new-mxr5500-eu-31103734055109_1024x1024.webp\",\"datePublished\":\"2026-02-09T08:35:59+00:00\",\"dateModified\":\"2026-02-11T10:53:49+00:00\",\"breadcrumb\":{\"@id\":\"https:\/\/genekas24.ee\/toode\/bensiinigeneraator-mxr5500i\/#breadcrumb\"},\"inLanguage\":\"en-GB\",\"potentialAction\":[{\"@type\":\"ReadAction\",\"target\":[\"https:\/\/genekas24.ee\/toode\/bensiinigeneraator-mxr5500i\/\"]}]},{\"@type\":\"ImageObject\",\"inLanguage\":\"en-GB\",\"@id\":\"https:\/\/genekas24.ee\/toode\/bensiinigeneraator-mxr5500i\/#primaryimage\",\"url\":\"https:\/\/genekas24.ee\/wp-content\/uploads\/2026\/02\/maxpeedingrods-new-mxr5500-eu-31103734055109_1024x1024.webp\",\"contentUrl\":\"https:\/\/genekas24.ee\/wp-content\/uploads\/2026\/02\/maxpeedingrods-new-mxr5500-eu-31103734055109_1024x1024.webp\",\"width\":1024,\"height\":1024},{\"@type\":\"BreadcrumbList\",\"@id\":\"https:\/\/genekas24.ee\/toode\/bensiinigeneraator-mxr5500i\/#breadcrumb\",\"itemListElement\":[{\"@type\":\"ListItem\",\"position\":1,\"name\":\"Home\",\"item\":\"https:\/\/genekas24.ee\/\"},{\"@type\":\"ListItem\",\"position\":2,\"name\":\"Pood\",\"item\":\"https:\/\/genekas24.ee\/pood\/\"},{\"@type\":\"ListItem\",\"position\":3,\"name\":\"Invertergeneraator MXR5500i\"}]},{\"@type\":\"WebSite\",\"@id\":\"https:\/\/genekas24.ee\/#website\",\"url\":\"https:\/\/genekas24.ee\/\",\"name\":\"Genekas24\",\"description\":\"Generaatorid | K&ouml;nner S&ouml;hnen tooted | Genekas24\",\"publisher\":{\"@id\":\"https:\/\/genekas24.ee\/#organization\"},\"potentialAction\":[{\"@type\":\"SearchAction\",\"target\":{\"@type\":\"EntryPoint\",\"urlTemplate\":\"https:\/\/genekas24.ee\/?s={search_term_string}\"},\"query-input\":{\"@type\":\"PropertyValueSpecification\",\"valueRequired\":true,\"valueName\":\"search_term_string\"}}],\"inLanguage\":\"en-GB\"},{\"@type\":\"Organization\",\"@id\":\"https:\/\/genekas24.ee\/#organization\",\"name\":\"Genekas24\",\"url\":\"https:\/\/genekas24.ee\/\",\"logo\":{\"@type\":\"ImageObject\",\"inLanguage\":\"en-GB\",\"@id\":\"https:\/\/genekas24.ee\/#\/schema\/logo\/image\/\",\"url\":\"https:\/\/genekas24.ee\/wp-content\/uploads\/2026\/01\/genekas24-logo_black.svg\",\"contentUrl\":\"https:\/\/genekas24.ee\/wp-content\/uploads\/2026\/01\/genekas24-logo_black.svg\",\"width\":840,\"height\":131,\"caption\":\"Genekas24\"},\"image\":{\"@id\":\"https:\/\/genekas24.ee\/#\/schema\/logo\/image\/\"}}]}<\/script>\n<!-- \/ Yoast SEO plugin. -->","yoast_head_json":{"title":"Invertergeneraator MXR5500i - Genekas24","robots":{"index":"index","follow":"follow","max-snippet":"max-snippet:-1","max-image-preview":"max-image-preview:large","max-video-preview":"max-video-preview:-1"},"canonical":"https:\/\/genekas24.ee\/en\/product\/bensiinigeneraator-mxr5500i\/","og_locale":"en_GB","og_type":"article","og_title":"Invertergeneraator MXR5500i - Genekas24","og_description":"Pidev v\u00f5imsus 5000 W   Maksimaalne v\u00f5imsus 5500 W   K\u00fctuse t\u00fc\u00fcp Bensiin   \u00d5li t\u00fc\u00fcp 10W30   Mootori t\u00fc\u00fcp 4-taktiline 312 cm\u00b3 OHV, \u00f5hkjahutusega   Pidev voolutugevus 21,7 A   Tippvool 23,9 A   Vahelduvpinge 230 V   Sagedus 50 Hz   K\u00e4ivitus K\u00e4sik\u00e4ivitus \/ elektriline \/ kaugk\u00e4ivitus   M\u00fcratase (7 m \/ 23 jalga) 62 dB   K\u00fctusepaagi maht 13,5 l   T\u00f6\u00f6aeg 25% koormusel 13 h   T\u00f6\u00f6aeg 50% koormusel 9 h   Mootori t\u00f6\u00f6maht 312 cm\u00b3   Madala \u00f5litaseme LED hoiatus Jah   \u00dclekoormuse LED hoiatus Jah   V\u00e4ljundi valmisoleku LED Jah   ECO-re\u017eiim Jah   Paralleel\u00fchendusvalmis Jah   Digitaalne m\u00f5\u00f5teriist Jah   Generaatori m\u00f5\u00f5tmed (P \u00d7 L \u00d7 K) 61 \u00d7 47 \u00d7 53,5 cm   Pakendi m\u00f5\u00f5tmed (P \u00d7 L \u00d7 K) 72 \u00d7 55 \u00d7 62,5 cm   Netokaal 52 kg   Brutokaal 58 kg   V\u00e4ljundpistikud 1 \u00d7 230 V \/ 32 A, 1 \u00d7 230 V \/ 16 A, 1 \u00d7 DC 12 V \/ 8,3 A, 2 \u00d7 USB","og_url":"https:\/\/genekas24.ee\/en\/product\/bensiinigeneraator-mxr5500i\/","og_site_name":"Genekas24","article_modified_time":"2026-02-11T10:53:49+00:00","og_image":[{"width":1024,"height":1024,"url":"https:\/\/genekas24.ee\/wp-content\/uploads\/2026\/02\/maxpeedingrods-new-mxr5500-eu-31103734055109_1024x1024.webp","type":"image\/webp"}],"twitter_card":"summary_large_image","twitter_misc":{"Estimated reading time":"1 minute"},"schema":{"@context":"https:\/\/schema.org","@graph":[{"@type":"WebPage","@id":"https:\/\/genekas24.ee\/toode\/bensiinigeneraator-mxr5500i\/","url":"https:\/\/genekas24.ee\/toode\/bensiinigeneraator-mxr5500i\/","name":"Invertergeneraator MXR5500i - Genekas24","isPartOf":{"@id":"https:\/\/genekas24.ee\/#website"},"primaryImageOfPage":{"@id":"https:\/\/genekas24.ee\/toode\/bensiinigeneraator-mxr5500i\/#primaryimage"},"image":{"@id":"https:\/\/genekas24.ee\/toode\/bensiinigeneraator-mxr5500i\/#primaryimage"},"thumbnailUrl":"https:\/\/genekas24.ee\/wp-content\/uploads\/2026\/02\/maxpeedingrods-new-mxr5500-eu-31103734055109_1024x1024.webp","datePublished":"2026-02-09T08:35:59+00:00","dateModified":"2026-02-11T10:53:49+00:00","breadcrumb":{"@id":"https:\/\/genekas24.ee\/toode\/bensiinigeneraator-mxr5500i\/#breadcrumb"},"inLanguage":"en-GB","potentialAction":[{"@type":"ReadAction","target":["https:\/\/genekas24.ee\/toode\/bensiinigeneraator-mxr5500i\/"]}]},{"@type":"ImageObject","inLanguage":"en-GB","@id":"https:\/\/genekas24.ee\/toode\/bensiinigeneraator-mxr5500i\/#primaryimage","url":"https:\/\/genekas24.ee\/wp-content\/uploads\/2026\/02\/maxpeedingrods-new-mxr5500-eu-31103734055109_1024x1024.webp","contentUrl":"https:\/\/genekas24.ee\/wp-content\/uploads\/2026\/02\/maxpeedingrods-new-mxr5500-eu-31103734055109_1024x1024.webp","width":1024,"height":1024},{"@type":"BreadcrumbList","@id":"https:\/\/genekas24.ee\/toode\/bensiinigeneraator-mxr5500i\/#breadcrumb","itemListElement":[{"@type":"ListItem","position":1,"name":"Home","item":"https:\/\/genekas24.ee\/"},{"@type":"ListItem","position":2,"name":"Pood","item":"https:\/\/genekas24.ee\/pood\/"},{"@type":"ListItem","position":3,"name":"Invertergeneraator MXR5500i"}]},{"@type":"WebSite","@id":"https:\/\/genekas24.ee\/#website","url":"https:\/\/genekas24.ee\/","name":"Genekas24","description":"Generaatorid | K&ouml;nner S&ouml;hnen tooted | Genekas24","publisher":{"@id":"https:\/\/genekas24.ee\/#organization"},"potentialAction":[{"@type":"SearchAction","target":{"@type":"EntryPoint","urlTemplate":"https:\/\/genekas24.ee\/?s={search_term_string}"},"query-input":{"@type":"PropertyValueSpecification","valueRequired":true,"valueName":"search_term_string"}}],"inLanguage":"en-GB"},{"@type":"Organization","@id":"https:\/\/genekas24.ee\/#organization","name":"Genekas24","url":"https:\/\/genekas24.ee\/","logo":{"@type":"ImageObject","inLanguage":"en-GB","@id":"https:\/\/genekas24.ee\/#\/schema\/logo\/image\/","url":"https:\/\/genekas24.ee\/wp-content\/uploads\/2026\/01\/genekas24-logo_black.svg","contentUrl":"https:\/\/genekas24.ee\/wp-content\/uploads\/2026\/01\/genekas24-logo_black.svg","width":840,"height":131,"caption":"Genekas24"},"image":{"@id":"https:\/\/genekas24.ee\/#\/schema\/logo\/image\/"}}]}},"_links":{"self":[{"href":"https:\/\/genekas24.ee\/en\/wp-json\/wp\/v2\/product\/22924","targetHints":{"allow":["GET"]}}],"collection":[{"href":"https:\/\/genekas24.ee\/en\/wp-json\/wp\/v2\/product"}],"about":[{"href":"https:\/\/genekas24.ee\/en\/wp-json\/wp\/v2\/types\/product"}],"version-history":[{"count":3,"href":"https:\/\/genekas24.ee\/en\/wp-json\/wp\/v2\/product\/22924\/revisions"}],"predecessor-version":[{"id":22948,"href":"https:\/\/genekas24.ee\/en\/wp-json\/wp\/v2\/product\/22924\/revisions\/22948"}],"wp:featuredmedia":[{"embeddable":true,"href":"https:\/\/genekas24.ee\/en\/wp-json\/wp\/v2\/media\/22925"}],"wp:attachment":[{"href":"https:\/\/genekas24.ee\/en\/wp-json\/wp\/v2\/media?parent=22924"}],"wp:term":[{"taxonomy":"product_brand","embeddable":true,"href":"https:\/\/genekas24.ee\/en\/wp-json\/wp\/v2\/product_brand?post=22924"},{"taxonomy":"product_cat","embeddable":true,"href":"https:\/\/genekas24.ee\/en\/wp-json\/wp\/v2\/product_cat?post=22924"},{"taxonomy":"product_tag","embeddable":true,"href":"https:\/\/genekas24.ee\/en\/wp-json\/wp\/v2\/product_tag?post=22924"}],"curies":[{"name":"wp","href":"https:\/\/api.w.org\/{rel}","templated":true}]}}