{"id":22917,"date":"2026-02-09T08:29:43","date_gmt":"2026-02-09T08:29:43","guid":{"rendered":"https:\/\/genekas24.ee\/?post_type=product&#038;p=22917"},"modified":"2026-02-09T08:29:43","modified_gmt":"2026-02-09T08:29:43","slug":"lpg-bensiinigeneraator-mxr3500s","status":"publish","type":"product","link":"https:\/\/genekas24.ee\/en\/product\/lpg-bensiinigeneraator-mxr3500s\/","title":{"rendered":"LPG\/bensiinigeneraator MXR3500S"},"content":{"rendered":"<p data-start=\"77\" data-end=\"90\"><strong data-start=\"77\" data-end=\"90\">Omadused:<\/strong><\/p>\n<ul>\n<li data-start=\"95\" data-end=\"327\">Mitmeotstarbeline toiteallikas. Generaator t\u00f6\u00f6tab bensiinil v\u00f5i vedelgaasil (LPG). Pidev v\u00f5imsus: 3200 W (bensiin) \/ 2900 W (LPG). Sobib konditsioneeride ja paljude teiste v\u00e4ikese energiatarbega seadmete (nt k\u00fclmikud) toiteks.<\/li>\n<li data-start=\"332\" data-end=\"404\">ECO-re\u017eiim, mis parandab k\u00fctuses\u00e4\u00e4stlikkust ja v\u00e4hendab m\u00fcrataset.<\/li>\n<li data-start=\"409\" data-end=\"494\">Puhas ja stabiilne vool, mis v\u00f5imaldab ohutult laadida tundlikku elektroonikat.<\/li>\n<li data-start=\"499\" data-end=\"596\">Vaikne t\u00f6\u00f6 \u2013 62 dB, ideaalne koduseks varutoiteks, haagissuvila kasutamiseks ja reisimisel.<\/li>\n<li data-start=\"601\" data-end=\"667\">Automaatne kaitse madala k\u00fctusetaseme ja \u00fclekoormuse korral.<\/li>\n<li data-start=\"672\" data-end=\"742\">Mugav elektriline k\u00e4ivitus, lisaks k\u00e4sik\u00e4ivitus ja kaugk\u00e4ivitus.<\/li>\n<li data-start=\"747\" data-end=\"841\">Mitmefunktsiooniline digitaalne ekraan, mis kuvab v\u00e4ljundpinget, k\u00fctusetaset ja t\u00f6\u00f6aega.<\/li>\n<li data-start=\"846\" data-end=\"960\">Kompaktne disain rataste ja v\u00e4ljat\u00f5mmatava kohvrik\u00e4epidemega, lihtsaks transportimiseks ja kaasaskandmiseks.<\/li>\n<\/ul>\n<p>&nbsp;<\/p>","protected":false},"excerpt":{"rendered":"<table style=\"width: 95.1171%;\">\n<tbody>\n<tr>\n<td style=\"width: 47.8531%;\">Pidev v\u00f5imsus<\/td>\n<td style=\"width: 179.274%;\">3200 W (bensiin) \/ 2900 W (LPG \u2013 propaan)<\/td>\n<\/tr>\n<tr>\n<td style=\"width: 47.8531%;\">Maksimaalne v\u00f5imsus<\/td>\n<td style=\"width: 179.274%;\">3500 W (bensiin) \/ 3200 W (LPG \u2013 propaan)<\/td>\n<\/tr>\n<tr>\n<td style=\"width: 47.8531%;\">Voolutugevus<\/td>\n<td style=\"width: 179.274%;\">15,2 A (bensiin) \/ 13,9 A (LPG)<\/td>\n<\/tr>\n<tr>\n<td style=\"width: 47.8531%;\">Vahelduvpinge<\/td>\n<td style=\"width: 179.274%;\">230 V<\/td>\n<\/tr>\n<tr>\n<td style=\"width: 47.8531%;\">Frequency<\/td>\n<td style=\"width: 179.274%;\">50 Hz<\/td>\n<\/tr>\n<tr>\n<td style=\"width: 47.8531%;\">M\u00fcratase (7 m \/ 23 jalga)<\/td>\n<td style=\"width: 179.274%;\">62 dB<\/td>\n<\/tr>\n<tr>\n<td style=\"width: 47.8531%;\">K\u00fctusepaagi maht<\/td>\n<td style=\"width: 179.274%;\">5,7 l<\/td>\n<\/tr>\n<tr>\n<td style=\"width: 47.8531%;\">\u00d5li maht<\/td>\n<td style=\"width: 179.274%;\">0,45 l<\/td>\n<\/tr>\n<tr>\n<td style=\"width: 47.8531%;\">Mootori t\u00f6\u00f6maht<\/td>\n<td style=\"width: 179.274%;\">145 cm\u00b3<\/td>\n<\/tr>\n<tr>\n<td style=\"width: 47.8531%;\">T\u00f6\u00f6aeg 25% koormusel<\/td>\n<td style=\"width: 179.274%;\">11 h (bensiin) \/ 24 h (LPG)<\/td>\n<\/tr>\n<tr>\n<td style=\"width: 47.8531%;\">T\u00f6\u00f6aeg 50% koormusel<\/td>\n<td style=\"width: 179.274%;\">6,5 h (bensiin) \/ 13,5 h (LPG)<\/td>\n<\/tr>\n<tr>\n<td style=\"width: 47.8531%;\">T\u00f6\u00f6aeg 100% koormusel<\/td>\n<td style=\"width: 179.274%;\">4 h (bensiin) \/ 8,5 h (LPG)<\/td>\n<\/tr>\n<tr>\n<td style=\"width: 47.8531%;\">Generaatori m\u00f5\u00f5tmed (P \u00d7 L \u00d7 K)<\/td>\n<td style=\"width: 179.274%;\">53 \u00d7 31 \u00d7 50,5 cm<\/td>\n<\/tr>\n<tr>\n<td style=\"width: 47.8531%;\">Pakendi m\u00f5\u00f5tmed (P \u00d7 L \u00d7 K)<\/td>\n<td style=\"width: 179.274%;\">63 \u00d7 40 \u00d7 55 cm<\/td>\n<\/tr>\n<tr>\n<td style=\"width: 47.8531%;\">Netokaal<\/td>\n<td style=\"width: 179.274%;\">25 kg<\/td>\n<\/tr>\n<tr>\n<td style=\"width: 47.8531%;\">Brutokaal<\/td>\n<td style=\"width: 179.274%;\">28 kg<\/td>\n<\/tr>\n<tr>\n<td style=\"width: 47.8531%;\">K\u00fctus<\/td>\n<td style=\"width: 179.274%;\">Bensiin \/ propaan (LPG)<\/td>\n<\/tr>\n<tr>\n<td style=\"width: 47.8531%;\">\u00d5li t\u00fc\u00fcp<\/td>\n<td style=\"width: 179.274%;\">10W30<\/td>\n<\/tr>\n<tr>\n<td style=\"width: 47.8531%;\">Engine type<\/td>\n<td style=\"width: 179.274%;\">4-taktiline 145 cm\u00b3 OHV, \u00f5hkjahutusega<\/td>\n<\/tr>\n<tr>\n<td style=\"width: 47.8531%;\">T\u00f6\u00f6vool<\/td>\n<td style=\"width: 179.274%;\">13,9 A (bensiin) \/ 12,6 A (LPG)<\/td>\n<\/tr>\n<\/tbody>\n<\/table>","protected":false},"featured_media":22918,"template":"","meta":{"_acf_changed":false,"inline_featured_image":false},"product_brand":[],"product_cat":[94,24],"product_tag":[],"class_list":{"0":"post-22917","1":"product","2":"type-product","3":"status-publish","4":"has-post-thumbnail","6":"product_cat-generaatorid","7":"product_cat-lpg-bensiinigeneraatorid","8":"product_shipping_class-vaikepakk","9":"brand-maxpeedingrods","11":"first","12":"instock","13":"taxable","14":"shipping-taxable","15":"purchasable","16":"product-type-simple"},"acf":[],"yoast_head":"<!-- This site is optimized with the Yoast SEO plugin v27.2 - https:\/\/yoast.com\/product\/yoast-seo-wordpress\/ -->\n<title>LPG\/bensiinigeneraator MXR3500S - Genekas24<\/title>\n<meta name=\"robots\" content=\"index, follow, max-snippet:-1, max-image-preview:large, max-video-preview:-1\" \/>\n<link rel=\"canonical\" href=\"https:\/\/genekas24.ee\/en\/product\/lpg-bensiinigeneraator-mxr3500s\/\" \/>\n<meta property=\"og:locale\" content=\"en_GB\" \/>\n<meta property=\"og:type\" content=\"article\" \/>\n<meta property=\"og:title\" content=\"LPG\/bensiinigeneraator MXR3500S - Genekas24\" \/>\n<meta property=\"og:description\" content=\"Pidev v\u00f5imsus 3200 W (bensiin) \/ 2900 W (LPG \u2013 propaan)   Maksimaalne v\u00f5imsus 3500 W (bensiin) \/ 3200 W (LPG \u2013 propaan)   Voolutugevus 15,2 A (bensiin) \/ 13,9 A (LPG)   Vahelduvpinge 230 V   Sagedus 50 Hz   M\u00fcratase (7 m \/ 23 jalga) 62 dB   K\u00fctusepaagi maht 5,7 l   \u00d5li maht 0,45 l   Mootori t\u00f6\u00f6maht 145 cm\u00b3   T\u00f6\u00f6aeg 25% koormusel 11 h (bensiin) \/ 24 h (LPG)   T\u00f6\u00f6aeg 50% koormusel 6,5 h (bensiin) \/ 13,5 h (LPG)   T\u00f6\u00f6aeg 100% koormusel 4 h (bensiin) \/ 8,5 h (LPG)   Generaatori m\u00f5\u00f5tmed (P \u00d7 L \u00d7 K) 53 \u00d7 31 \u00d7 50,5 cm   Pakendi m\u00f5\u00f5tmed (P \u00d7 L \u00d7 K) 63 \u00d7 40 \u00d7 55 cm   Netokaal 25 kg   Brutokaal 28 kg   K\u00fctus Bensiin \/ propaan (LPG)   \u00d5li t\u00fc\u00fcp 10W30   Mootori t\u00fc\u00fcp 4-taktiline 145 cm\u00b3 OHV, \u00f5hkjahutusega   T\u00f6\u00f6vool 13,9 A (bensiin) \/ 12,6 A (LPG)\" \/>\n<meta property=\"og:url\" content=\"https:\/\/genekas24.ee\/en\/product\/lpg-bensiinigeneraator-mxr3500s\/\" \/>\n<meta property=\"og:site_name\" content=\"Genekas24\" \/>\n<meta property=\"og:image\" content=\"https:\/\/genekas24.ee\/wp-content\/uploads\/2026\/02\/maxpeedingrods-stromgenerator-mxr3500-dr-eu-32336460447941_1024x1024@2x.webp\" \/>\n\t<meta property=\"og:image:width\" content=\"1600\" \/>\n\t<meta property=\"og:image:height\" content=\"1600\" \/>\n\t<meta property=\"og:image:type\" content=\"image\/webp\" \/>\n<meta name=\"twitter:card\" content=\"summary_large_image\" \/>\n<meta name=\"twitter:label1\" content=\"Estimated reading time\" \/>\n\t<meta name=\"twitter:data1\" content=\"1 minute\" \/>\n<script type=\"application\/ld+json\" class=\"yoast-schema-graph\">{\"@context\":\"https:\/\/schema.org\",\"@graph\":[{\"@type\":\"WebPage\",\"@id\":\"https:\/\/genekas24.ee\/toode\/lpg-bensiinigeneraator-mxr3500s\/\",\"url\":\"https:\/\/genekas24.ee\/toode\/lpg-bensiinigeneraator-mxr3500s\/\",\"name\":\"LPG\/bensiinigeneraator MXR3500S - Genekas24\",\"isPartOf\":{\"@id\":\"https:\/\/genekas24.ee\/#website\"},\"primaryImageOfPage\":{\"@id\":\"https:\/\/genekas24.ee\/toode\/lpg-bensiinigeneraator-mxr3500s\/#primaryimage\"},\"image\":{\"@id\":\"https:\/\/genekas24.ee\/toode\/lpg-bensiinigeneraator-mxr3500s\/#primaryimage\"},\"thumbnailUrl\":\"https:\/\/genekas24.ee\/wp-content\/uploads\/2026\/02\/maxpeedingrods-stromgenerator-mxr3500-dr-eu-32336460447941_1024x1024@2x.webp\",\"datePublished\":\"2026-02-09T08:29:43+00:00\",\"breadcrumb\":{\"@id\":\"https:\/\/genekas24.ee\/toode\/lpg-bensiinigeneraator-mxr3500s\/#breadcrumb\"},\"inLanguage\":\"en-GB\",\"potentialAction\":[{\"@type\":\"ReadAction\",\"target\":[\"https:\/\/genekas24.ee\/toode\/lpg-bensiinigeneraator-mxr3500s\/\"]}]},{\"@type\":\"ImageObject\",\"inLanguage\":\"en-GB\",\"@id\":\"https:\/\/genekas24.ee\/toode\/lpg-bensiinigeneraator-mxr3500s\/#primaryimage\",\"url\":\"https:\/\/genekas24.ee\/wp-content\/uploads\/2026\/02\/maxpeedingrods-stromgenerator-mxr3500-dr-eu-32336460447941_1024x1024@2x.webp\",\"contentUrl\":\"https:\/\/genekas24.ee\/wp-content\/uploads\/2026\/02\/maxpeedingrods-stromgenerator-mxr3500-dr-eu-32336460447941_1024x1024@2x.webp\",\"width\":1600,\"height\":1600},{\"@type\":\"BreadcrumbList\",\"@id\":\"https:\/\/genekas24.ee\/toode\/lpg-bensiinigeneraator-mxr3500s\/#breadcrumb\",\"itemListElement\":[{\"@type\":\"ListItem\",\"position\":1,\"name\":\"Home\",\"item\":\"https:\/\/genekas24.ee\/\"},{\"@type\":\"ListItem\",\"position\":2,\"name\":\"Pood\",\"item\":\"https:\/\/genekas24.ee\/pood\/\"},{\"@type\":\"ListItem\",\"position\":3,\"name\":\"LPG\/bensiinigeneraator MXR3500S\"}]},{\"@type\":\"WebSite\",\"@id\":\"https:\/\/genekas24.ee\/#website\",\"url\":\"https:\/\/genekas24.ee\/\",\"name\":\"Genekas24\",\"description\":\"Generaatorid | K&ouml;nner S&ouml;hnen tooted | Genekas24\",\"publisher\":{\"@id\":\"https:\/\/genekas24.ee\/#organization\"},\"potentialAction\":[{\"@type\":\"SearchAction\",\"target\":{\"@type\":\"EntryPoint\",\"urlTemplate\":\"https:\/\/genekas24.ee\/?s={search_term_string}\"},\"query-input\":{\"@type\":\"PropertyValueSpecification\",\"valueRequired\":true,\"valueName\":\"search_term_string\"}}],\"inLanguage\":\"en-GB\"},{\"@type\":\"Organization\",\"@id\":\"https:\/\/genekas24.ee\/#organization\",\"name\":\"Genekas24\",\"url\":\"https:\/\/genekas24.ee\/\",\"logo\":{\"@type\":\"ImageObject\",\"inLanguage\":\"en-GB\",\"@id\":\"https:\/\/genekas24.ee\/#\/schema\/logo\/image\/\",\"url\":\"https:\/\/genekas24.ee\/wp-content\/uploads\/2026\/01\/genekas24-logo_black.svg\",\"contentUrl\":\"https:\/\/genekas24.ee\/wp-content\/uploads\/2026\/01\/genekas24-logo_black.svg\",\"width\":840,\"height\":131,\"caption\":\"Genekas24\"},\"image\":{\"@id\":\"https:\/\/genekas24.ee\/#\/schema\/logo\/image\/\"}}]}<\/script>\n<!-- \/ Yoast SEO plugin. -->","yoast_head_json":{"title":"LPG\/bensiinigeneraator MXR3500S - Genekas24","robots":{"index":"index","follow":"follow","max-snippet":"max-snippet:-1","max-image-preview":"max-image-preview:large","max-video-preview":"max-video-preview:-1"},"canonical":"https:\/\/genekas24.ee\/en\/product\/lpg-bensiinigeneraator-mxr3500s\/","og_locale":"en_GB","og_type":"article","og_title":"LPG\/bensiinigeneraator MXR3500S - Genekas24","og_description":"Pidev v\u00f5imsus 3200 W (bensiin) \/ 2900 W (LPG \u2013 propaan)   Maksimaalne v\u00f5imsus 3500 W (bensiin) \/ 3200 W (LPG \u2013 propaan)   Voolutugevus 15,2 A (bensiin) \/ 13,9 A (LPG)   Vahelduvpinge 230 V   Sagedus 50 Hz   M\u00fcratase (7 m \/ 23 jalga) 62 dB   K\u00fctusepaagi maht 5,7 l   \u00d5li maht 0,45 l   Mootori t\u00f6\u00f6maht 145 cm\u00b3   T\u00f6\u00f6aeg 25% koormusel 11 h (bensiin) \/ 24 h (LPG)   T\u00f6\u00f6aeg 50% koormusel 6,5 h (bensiin) \/ 13,5 h (LPG)   T\u00f6\u00f6aeg 100% koormusel 4 h (bensiin) \/ 8,5 h (LPG)   Generaatori m\u00f5\u00f5tmed (P \u00d7 L \u00d7 K) 53 \u00d7 31 \u00d7 50,5 cm   Pakendi m\u00f5\u00f5tmed (P \u00d7 L \u00d7 K) 63 \u00d7 40 \u00d7 55 cm   Netokaal 25 kg   Brutokaal 28 kg   K\u00fctus Bensiin \/ propaan (LPG)   \u00d5li t\u00fc\u00fcp 10W30   Mootori t\u00fc\u00fcp 4-taktiline 145 cm\u00b3 OHV, \u00f5hkjahutusega   T\u00f6\u00f6vool 13,9 A (bensiin) \/ 12,6 A (LPG)","og_url":"https:\/\/genekas24.ee\/en\/product\/lpg-bensiinigeneraator-mxr3500s\/","og_site_name":"Genekas24","og_image":[{"width":1600,"height":1600,"url":"https:\/\/genekas24.ee\/wp-content\/uploads\/2026\/02\/maxpeedingrods-stromgenerator-mxr3500-dr-eu-32336460447941_1024x1024@2x.webp","type":"image\/webp"}],"twitter_card":"summary_large_image","twitter_misc":{"Estimated reading time":"1 minute"},"schema":{"@context":"https:\/\/schema.org","@graph":[{"@type":"WebPage","@id":"https:\/\/genekas24.ee\/toode\/lpg-bensiinigeneraator-mxr3500s\/","url":"https:\/\/genekas24.ee\/toode\/lpg-bensiinigeneraator-mxr3500s\/","name":"LPG\/bensiinigeneraator MXR3500S - Genekas24","isPartOf":{"@id":"https:\/\/genekas24.ee\/#website"},"primaryImageOfPage":{"@id":"https:\/\/genekas24.ee\/toode\/lpg-bensiinigeneraator-mxr3500s\/#primaryimage"},"image":{"@id":"https:\/\/genekas24.ee\/toode\/lpg-bensiinigeneraator-mxr3500s\/#primaryimage"},"thumbnailUrl":"https:\/\/genekas24.ee\/wp-content\/uploads\/2026\/02\/maxpeedingrods-stromgenerator-mxr3500-dr-eu-32336460447941_1024x1024@2x.webp","datePublished":"2026-02-09T08:29:43+00:00","breadcrumb":{"@id":"https:\/\/genekas24.ee\/toode\/lpg-bensiinigeneraator-mxr3500s\/#breadcrumb"},"inLanguage":"en-GB","potentialAction":[{"@type":"ReadAction","target":["https:\/\/genekas24.ee\/toode\/lpg-bensiinigeneraator-mxr3500s\/"]}]},{"@type":"ImageObject","inLanguage":"en-GB","@id":"https:\/\/genekas24.ee\/toode\/lpg-bensiinigeneraator-mxr3500s\/#primaryimage","url":"https:\/\/genekas24.ee\/wp-content\/uploads\/2026\/02\/maxpeedingrods-stromgenerator-mxr3500-dr-eu-32336460447941_1024x1024@2x.webp","contentUrl":"https:\/\/genekas24.ee\/wp-content\/uploads\/2026\/02\/maxpeedingrods-stromgenerator-mxr3500-dr-eu-32336460447941_1024x1024@2x.webp","width":1600,"height":1600},{"@type":"BreadcrumbList","@id":"https:\/\/genekas24.ee\/toode\/lpg-bensiinigeneraator-mxr3500s\/#breadcrumb","itemListElement":[{"@type":"ListItem","position":1,"name":"Home","item":"https:\/\/genekas24.ee\/"},{"@type":"ListItem","position":2,"name":"Pood","item":"https:\/\/genekas24.ee\/pood\/"},{"@type":"ListItem","position":3,"name":"LPG\/bensiinigeneraator MXR3500S"}]},{"@type":"WebSite","@id":"https:\/\/genekas24.ee\/#website","url":"https:\/\/genekas24.ee\/","name":"Genekas24","description":"Generaatorid | K&ouml;nner S&ouml;hnen tooted | Genekas24","publisher":{"@id":"https:\/\/genekas24.ee\/#organization"},"potentialAction":[{"@type":"SearchAction","target":{"@type":"EntryPoint","urlTemplate":"https:\/\/genekas24.ee\/?s={search_term_string}"},"query-input":{"@type":"PropertyValueSpecification","valueRequired":true,"valueName":"search_term_string"}}],"inLanguage":"en-GB"},{"@type":"Organization","@id":"https:\/\/genekas24.ee\/#organization","name":"Genekas24","url":"https:\/\/genekas24.ee\/","logo":{"@type":"ImageObject","inLanguage":"en-GB","@id":"https:\/\/genekas24.ee\/#\/schema\/logo\/image\/","url":"https:\/\/genekas24.ee\/wp-content\/uploads\/2026\/01\/genekas24-logo_black.svg","contentUrl":"https:\/\/genekas24.ee\/wp-content\/uploads\/2026\/01\/genekas24-logo_black.svg","width":840,"height":131,"caption":"Genekas24"},"image":{"@id":"https:\/\/genekas24.ee\/#\/schema\/logo\/image\/"}}]}},"_links":{"self":[{"href":"https:\/\/genekas24.ee\/en\/wp-json\/wp\/v2\/product\/22917","targetHints":{"allow":["GET"]}}],"collection":[{"href":"https:\/\/genekas24.ee\/en\/wp-json\/wp\/v2\/product"}],"about":[{"href":"https:\/\/genekas24.ee\/en\/wp-json\/wp\/v2\/types\/product"}],"version-history":[{"count":4,"href":"https:\/\/genekas24.ee\/en\/wp-json\/wp\/v2\/product\/22917\/revisions"}],"predecessor-version":[{"id":22923,"href":"https:\/\/genekas24.ee\/en\/wp-json\/wp\/v2\/product\/22917\/revisions\/22923"}],"wp:featuredmedia":[{"embeddable":true,"href":"https:\/\/genekas24.ee\/en\/wp-json\/wp\/v2\/media\/22918"}],"wp:attachment":[{"href":"https:\/\/genekas24.ee\/en\/wp-json\/wp\/v2\/media?parent=22917"}],"wp:term":[{"taxonomy":"product_brand","embeddable":true,"href":"https:\/\/genekas24.ee\/en\/wp-json\/wp\/v2\/product_brand?post=22917"},{"taxonomy":"product_cat","embeddable":true,"href":"https:\/\/genekas24.ee\/en\/wp-json\/wp\/v2\/product_cat?post=22917"},{"taxonomy":"product_tag","embeddable":true,"href":"https:\/\/genekas24.ee\/en\/wp-json\/wp\/v2\/product_tag?post=22917"}],"curies":[{"name":"wp","href":"https:\/\/api.w.org\/{rel}","templated":true}]}}