{"id":22913,"date":"2026-02-09T08:15:08","date_gmt":"2026-02-09T08:15:08","guid":{"rendered":"https:\/\/genekas24.ee\/?post_type=product&#038;p=22913"},"modified":"2026-02-09T08:15:09","modified_gmt":"2026-02-09T08:15:09","slug":"invertergeneraator-mxr3500","status":"publish","type":"product","link":"https:\/\/genekas24.ee\/en\/product\/invertergeneraator-mxr3500\/","title":{"rendered":"Invertergeneraator MXR3500"},"content":{"rendered":"<div class=\"text-base my-auto mx-auto [--thread-content-margin:--spacing(4)] @w-sm\/main:[--thread-content-margin:--spacing(6)] @w-lg\/main:[--thread-content-margin:--spacing(16)] px-(--thread-content-margin)\">\n<div class=\"[--thread-content-max-width:40rem] @w-lg\/main:[--thread-content-max-width:48rem] mx-auto max-w-(--thread-content-max-width) flex-1 group\/turn-messages focus-visible:outline-hidden relative flex w-full min-w-0 flex-col agent-turn\" tabindex=\"-1\">\n<div class=\"flex max-w-full flex-col grow\">\n<div class=\"min-h-8 text-message relative flex w-full flex-col items-end gap-2 text-start break-words whitespace-normal [.text-message+&amp;]:mt-1\" dir=\"auto\" data-message-author-role=\"assistant\" data-message-id=\"5a8be0a6-d16f-49a5-81ac-b7dbdf68244c\" data-message-model-slug=\"gpt-5-2\">\n<div class=\"flex w-full flex-col gap-1 empty:hidden first:pt-[1px]\">\n<div class=\"markdown prose dark:prose-invert w-full wrap-break-word light markdown-new-styling\">\n<p data-start=\"24\" data-end=\"333\" data-is-last-node=\"\" data-is-only-node=\"\">Invertergeneraator ei varusta vooluga mitte ainult koduseid suuremaid seadmeid ja elektrit\u00f6\u00f6riistu, vaid sobib ka varutoiteallikaks elektrikatkestuste korral. T\u00e4nu oma kompaktsele ehitusele on see ideaalne kasutamiseks nii matkamisel kui ka kodu ja aia \u00fcmbruses.<\/p>\n<p data-start=\"24\" data-end=\"333\" data-is-last-node=\"\" data-is-only-node=\"\">Eelised:<\/p>\n<ul>\n<li data-start=\"78\" data-end=\"176\">\u00dclekoormuse hoiatus ja madala \u00f5litaseme kaitse tagavad ohutu t\u00f6\u00f6 ka pikema kasutusaja jooksul.<\/li>\n<li data-start=\"178\" data-end=\"234\">\u00a01-aastane garantii, vastab MD\/EMC CE-sertifikaadile.<\/li>\n<li data-start=\"236\" data-end=\"263\">\u00a0Vastab Euro V n\u00f5uetele.<\/li>\n<li data-start=\"265\" data-end=\"322\">\u00a0ISO 9001:2015 kvaliteedijuhtimiss\u00fcsteemi sertifikaat.<\/li>\n<li data-start=\"324\" data-end=\"404\">Libisemiskindlad vibratsioonivastased jalad tagavad stabiilse ja vaikse t\u00f6\u00f6.<\/li>\n<li data-start=\"406\" data-end=\"613\">ECO-re\u017eiim<strong data-start=\"408\" data-end=\"423\">:<\/strong> mootori p\u00f6\u00f6rlemiskiirus kohandub automaatselt ja t\u00e4pselt vastavalt koormusele. Automaatne p\u00f6\u00f6rlemiskiiruse reguleerimine v\u00e4hendab k\u00fctusekulu, pikendab mootori eluiga ja alandab m\u00fcrataset.<\/li>\n<li data-start=\"615\" data-end=\"724\">\u00a0LED-n\u00e4idik t\u00f6\u00f6oleku ja \u00f5litaseme hoiatuse jaoks, \u00fchilduv vahelduvvoolu kaitsel\u00fcliti ja l\u00e4htestusl\u00fclitiga.<\/li>\n<li data-start=\"726\" data-end=\"813\">Paralleelkasutus: kaks inverter-generaatorit saab \u00fchendada paralleelkomplekti abil.<\/li>\n<li data-start=\"726\" data-end=\"813\">\u00a0T\u00f6\u00f6aeg: kuni 8,3 tundi 25% koormusel (750 W) ja kuni 4,5 tundi 50% koormusel (1500 W).<\/li>\n<\/ul>\n<p>&nbsp;<\/p>\n<\/div>\n<\/div>\n<\/div>\n<\/div>\n<div class=\"z-0 flex min-h-[46px] justify-start\"><\/div>\n<\/div>\n<\/div>\n","protected":false},"excerpt":{"rendered":"<table>\n<tbody>\n<tr>\n<td>Pidev v\u00f5imsus<\/td>\n<td>3000 W<\/td>\n<\/tr>\n<tr>\n<td>Maksimaalne v\u00f5imsus<\/td>\n<td>3300 W<\/td>\n<\/tr>\n<tr>\n<td>Voltage<\/td>\n<td>230 V \/ 50 Hz<\/td>\n<\/tr>\n<tr>\n<td>T\u00f6\u00f6va voolutugevus<\/td>\n<td>13 A<\/td>\n<\/tr>\n<tr>\n<td>Tippvool<\/td>\n<td>14,3 A<\/td>\n<\/tr>\n<tr>\n<td>Engine type<\/td>\n<td>4-taktiline 145 cm\u00b3 OHV, \u00f5hkjahutusega<\/td>\n<\/tr>\n<tr>\n<td>K\u00fctusepaagi maht<\/td>\n<td>4 liitrit<\/td>\n<\/tr>\n<tr>\n<td>Kasutatav k\u00fctus<\/td>\n<td>Bensiin (sobib E10)<\/td>\n<\/tr>\n<tr>\n<td>T\u00f6\u00f6aeg 25% koormusel<\/td>\n<td>8,3 h<\/td>\n<\/tr>\n<tr>\n<td>\u00d5li maht<\/td>\n<td>450 ml<\/td>\n<\/tr>\n<tr>\n<td>\u00d5li t\u00fc\u00fcp<\/td>\n<td>10W30<\/td>\n<\/tr>\n<tr>\n<td>T\u00f6\u00f6maht<\/td>\n<td>145 cm\u00b3<\/td>\n<\/tr>\n<tr>\n<td>Paralleelkasutus<\/td>\n<td>Jah<\/td>\n<\/tr>\n<tr>\n<td>\u00d6kore\u017eiim<\/td>\n<td>Jah<\/td>\n<\/tr>\n<tr>\n<td>M\u00fcratase<\/td>\n<td>58 dB (ECO-re\u017eiimis, 25% koormusel, 7 m kauguselt)<\/td>\n<\/tr>\n<tr>\n<td>Generaatori m\u00f5\u00f5tmed (P \u00d7 L \u00d7 K)<\/td>\n<td>48 \u00d7 29 \u00d7 44 cm<\/td>\n<\/tr>\n<tr>\n<td>Pakendi m\u00f5\u00f5tmed (P \u00d7 L \u00d7 K)<\/td>\n<td>51 \u00d7 32 \u00d7 47,5 cm<\/td>\n<\/tr>\n<tr>\n<td>T\u00fchimass<\/td>\n<td>21 kg<\/td>\n<\/tr>\n<tr>\n<td>T\u00f6\u00f6aeg 50% koormusel<\/td>\n<td>4,5 h<\/td>\n<\/tr>\n<tr>\n<td>Outlets<\/td>\n<td>2 \u00d7 230 V pistikupesa, 1 \u00d7 12 V v\u00e4ljund, 2 \u00d7 USB-porti<\/td>\n<\/tr>\n<\/tbody>\n<\/table>","protected":false},"featured_media":22914,"template":"","meta":{"_acf_changed":false,"inline_featured_image":false},"product_brand":[],"product_cat":[94,23],"product_tag":[],"class_list":{"0":"post-22913","1":"product","2":"type-product","3":"status-publish","4":"has-post-thumbnail","6":"product_cat-generaatorid","7":"product_cat-invertergeneraatorid","8":"product_shipping_class-vaikepakk","9":"brand-maxpeedingrods","11":"first","12":"instock","13":"taxable","14":"shipping-taxable","15":"purchasable","16":"product-type-simple"},"acf":[],"yoast_head":"<!-- This site is optimized with the Yoast SEO plugin v27.2 - https:\/\/yoast.com\/product\/yoast-seo-wordpress\/ -->\n<title>Invertergeneraator MXR3500 - Genekas24<\/title>\n<meta name=\"robots\" content=\"index, follow, max-snippet:-1, max-image-preview:large, max-video-preview:-1\" \/>\n<link rel=\"canonical\" href=\"https:\/\/genekas24.ee\/en\/product\/invertergeneraator-mxr3500\/\" \/>\n<meta property=\"og:locale\" content=\"en_GB\" \/>\n<meta property=\"og:type\" content=\"article\" \/>\n<meta property=\"og:title\" content=\"Invertergeneraator MXR3500 - Genekas24\" \/>\n<meta property=\"og:description\" content=\"Pidev v\u00f5imsus 3000 W   Maksimaalne v\u00f5imsus 3300 W   Pinge 230 V \/ 50 Hz   T\u00f6\u00f6va voolutugevus 13 A   Tippvool 14,3 A   Mootori t\u00fc\u00fcp 4-taktiline 145 cm\u00b3 OHV, \u00f5hkjahutusega   K\u00fctusepaagi maht 4 liitrit   Kasutatav k\u00fctus Bensiin (sobib E10)   T\u00f6\u00f6aeg 25% koormusel 8,3 h   \u00d5li maht 450 ml   \u00d5li t\u00fc\u00fcp 10W30   T\u00f6\u00f6maht 145 cm\u00b3   Paralleelkasutus Jah   \u00d6kore\u017eiim Jah   M\u00fcratase 58 dB (ECO-re\u017eiimis, 25% koormusel, 7 m kauguselt)   Generaatori m\u00f5\u00f5tmed (P \u00d7 L \u00d7 K) 48 \u00d7 29 \u00d7 44 cm   Pakendi m\u00f5\u00f5tmed (P \u00d7 L \u00d7 K) 51 \u00d7 32 \u00d7 47,5 cm   T\u00fchimass 21 kg   T\u00f6\u00f6aeg 50% koormusel 4,5 h   V\u00e4ljundid 2 \u00d7 230 V pistikupesa, 1 \u00d7 12 V v\u00e4ljund, 2 \u00d7 USB-porti\" \/>\n<meta property=\"og:url\" content=\"https:\/\/genekas24.ee\/en\/product\/invertergeneraator-mxr3500\/\" \/>\n<meta property=\"og:site_name\" content=\"Genekas24\" \/>\n<meta property=\"article:modified_time\" content=\"2026-02-09T08:15:09+00:00\" \/>\n<meta property=\"og:image\" content=\"https:\/\/genekas24.ee\/wp-content\/uploads\/2026\/02\/maxpeedingrods-new-mxr3500-eu-31422084776133_1024x1024.webp\" \/>\n\t<meta property=\"og:image:width\" content=\"1024\" \/>\n\t<meta property=\"og:image:height\" content=\"1024\" \/>\n\t<meta property=\"og:image:type\" content=\"image\/webp\" \/>\n<meta name=\"twitter:card\" content=\"summary_large_image\" \/>\n<meta name=\"twitter:label1\" content=\"Estimated reading time\" \/>\n\t<meta name=\"twitter:data1\" content=\"1 minute\" \/>\n<script type=\"application\/ld+json\" class=\"yoast-schema-graph\">{\"@context\":\"https:\/\/schema.org\",\"@graph\":[{\"@type\":\"WebPage\",\"@id\":\"https:\/\/genekas24.ee\/toode\/invertergeneraator-mxr3500\/\",\"url\":\"https:\/\/genekas24.ee\/toode\/invertergeneraator-mxr3500\/\",\"name\":\"Invertergeneraator MXR3500 - Genekas24\",\"isPartOf\":{\"@id\":\"https:\/\/genekas24.ee\/#website\"},\"primaryImageOfPage\":{\"@id\":\"https:\/\/genekas24.ee\/toode\/invertergeneraator-mxr3500\/#primaryimage\"},\"image\":{\"@id\":\"https:\/\/genekas24.ee\/toode\/invertergeneraator-mxr3500\/#primaryimage\"},\"thumbnailUrl\":\"https:\/\/genekas24.ee\/wp-content\/uploads\/2026\/02\/maxpeedingrods-new-mxr3500-eu-31422084776133_1024x1024.webp\",\"datePublished\":\"2026-02-09T08:15:08+00:00\",\"dateModified\":\"2026-02-09T08:15:09+00:00\",\"breadcrumb\":{\"@id\":\"https:\/\/genekas24.ee\/toode\/invertergeneraator-mxr3500\/#breadcrumb\"},\"inLanguage\":\"en-GB\",\"potentialAction\":[{\"@type\":\"ReadAction\",\"target\":[\"https:\/\/genekas24.ee\/toode\/invertergeneraator-mxr3500\/\"]}]},{\"@type\":\"ImageObject\",\"inLanguage\":\"en-GB\",\"@id\":\"https:\/\/genekas24.ee\/toode\/invertergeneraator-mxr3500\/#primaryimage\",\"url\":\"https:\/\/genekas24.ee\/wp-content\/uploads\/2026\/02\/maxpeedingrods-new-mxr3500-eu-31422084776133_1024x1024.webp\",\"contentUrl\":\"https:\/\/genekas24.ee\/wp-content\/uploads\/2026\/02\/maxpeedingrods-new-mxr3500-eu-31422084776133_1024x1024.webp\",\"width\":1024,\"height\":1024},{\"@type\":\"BreadcrumbList\",\"@id\":\"https:\/\/genekas24.ee\/toode\/invertergeneraator-mxr3500\/#breadcrumb\",\"itemListElement\":[{\"@type\":\"ListItem\",\"position\":1,\"name\":\"Home\",\"item\":\"https:\/\/genekas24.ee\/\"},{\"@type\":\"ListItem\",\"position\":2,\"name\":\"Pood\",\"item\":\"https:\/\/genekas24.ee\/pood\/\"},{\"@type\":\"ListItem\",\"position\":3,\"name\":\"Invertergeneraator MXR3500\"}]},{\"@type\":\"WebSite\",\"@id\":\"https:\/\/genekas24.ee\/#website\",\"url\":\"https:\/\/genekas24.ee\/\",\"name\":\"Genekas24\",\"description\":\"Generaatorid | K&ouml;nner S&ouml;hnen tooted | Genekas24\",\"publisher\":{\"@id\":\"https:\/\/genekas24.ee\/#organization\"},\"potentialAction\":[{\"@type\":\"SearchAction\",\"target\":{\"@type\":\"EntryPoint\",\"urlTemplate\":\"https:\/\/genekas24.ee\/?s={search_term_string}\"},\"query-input\":{\"@type\":\"PropertyValueSpecification\",\"valueRequired\":true,\"valueName\":\"search_term_string\"}}],\"inLanguage\":\"en-GB\"},{\"@type\":\"Organization\",\"@id\":\"https:\/\/genekas24.ee\/#organization\",\"name\":\"Genekas24\",\"url\":\"https:\/\/genekas24.ee\/\",\"logo\":{\"@type\":\"ImageObject\",\"inLanguage\":\"en-GB\",\"@id\":\"https:\/\/genekas24.ee\/#\/schema\/logo\/image\/\",\"url\":\"https:\/\/genekas24.ee\/wp-content\/uploads\/2026\/01\/genekas24-logo_black.svg\",\"contentUrl\":\"https:\/\/genekas24.ee\/wp-content\/uploads\/2026\/01\/genekas24-logo_black.svg\",\"width\":840,\"height\":131,\"caption\":\"Genekas24\"},\"image\":{\"@id\":\"https:\/\/genekas24.ee\/#\/schema\/logo\/image\/\"}}]}<\/script>\n<!-- \/ Yoast SEO plugin. -->","yoast_head_json":{"title":"Invertergeneraator MXR3500 - Genekas24","robots":{"index":"index","follow":"follow","max-snippet":"max-snippet:-1","max-image-preview":"max-image-preview:large","max-video-preview":"max-video-preview:-1"},"canonical":"https:\/\/genekas24.ee\/en\/product\/invertergeneraator-mxr3500\/","og_locale":"en_GB","og_type":"article","og_title":"Invertergeneraator MXR3500 - Genekas24","og_description":"Pidev v\u00f5imsus 3000 W   Maksimaalne v\u00f5imsus 3300 W   Pinge 230 V \/ 50 Hz   T\u00f6\u00f6va voolutugevus 13 A   Tippvool 14,3 A   Mootori t\u00fc\u00fcp 4-taktiline 145 cm\u00b3 OHV, \u00f5hkjahutusega   K\u00fctusepaagi maht 4 liitrit   Kasutatav k\u00fctus Bensiin (sobib E10)   T\u00f6\u00f6aeg 25% koormusel 8,3 h   \u00d5li maht 450 ml   \u00d5li t\u00fc\u00fcp 10W30   T\u00f6\u00f6maht 145 cm\u00b3   Paralleelkasutus Jah   \u00d6kore\u017eiim Jah   M\u00fcratase 58 dB (ECO-re\u017eiimis, 25% koormusel, 7 m kauguselt)   Generaatori m\u00f5\u00f5tmed (P \u00d7 L \u00d7 K) 48 \u00d7 29 \u00d7 44 cm   Pakendi m\u00f5\u00f5tmed (P \u00d7 L \u00d7 K) 51 \u00d7 32 \u00d7 47,5 cm   T\u00fchimass 21 kg   T\u00f6\u00f6aeg 50% koormusel 4,5 h   V\u00e4ljundid 2 \u00d7 230 V pistikupesa, 1 \u00d7 12 V v\u00e4ljund, 2 \u00d7 USB-porti","og_url":"https:\/\/genekas24.ee\/en\/product\/invertergeneraator-mxr3500\/","og_site_name":"Genekas24","article_modified_time":"2026-02-09T08:15:09+00:00","og_image":[{"width":1024,"height":1024,"url":"https:\/\/genekas24.ee\/wp-content\/uploads\/2026\/02\/maxpeedingrods-new-mxr3500-eu-31422084776133_1024x1024.webp","type":"image\/webp"}],"twitter_card":"summary_large_image","twitter_misc":{"Estimated reading time":"1 minute"},"schema":{"@context":"https:\/\/schema.org","@graph":[{"@type":"WebPage","@id":"https:\/\/genekas24.ee\/toode\/invertergeneraator-mxr3500\/","url":"https:\/\/genekas24.ee\/toode\/invertergeneraator-mxr3500\/","name":"Invertergeneraator MXR3500 - Genekas24","isPartOf":{"@id":"https:\/\/genekas24.ee\/#website"},"primaryImageOfPage":{"@id":"https:\/\/genekas24.ee\/toode\/invertergeneraator-mxr3500\/#primaryimage"},"image":{"@id":"https:\/\/genekas24.ee\/toode\/invertergeneraator-mxr3500\/#primaryimage"},"thumbnailUrl":"https:\/\/genekas24.ee\/wp-content\/uploads\/2026\/02\/maxpeedingrods-new-mxr3500-eu-31422084776133_1024x1024.webp","datePublished":"2026-02-09T08:15:08+00:00","dateModified":"2026-02-09T08:15:09+00:00","breadcrumb":{"@id":"https:\/\/genekas24.ee\/toode\/invertergeneraator-mxr3500\/#breadcrumb"},"inLanguage":"en-GB","potentialAction":[{"@type":"ReadAction","target":["https:\/\/genekas24.ee\/toode\/invertergeneraator-mxr3500\/"]}]},{"@type":"ImageObject","inLanguage":"en-GB","@id":"https:\/\/genekas24.ee\/toode\/invertergeneraator-mxr3500\/#primaryimage","url":"https:\/\/genekas24.ee\/wp-content\/uploads\/2026\/02\/maxpeedingrods-new-mxr3500-eu-31422084776133_1024x1024.webp","contentUrl":"https:\/\/genekas24.ee\/wp-content\/uploads\/2026\/02\/maxpeedingrods-new-mxr3500-eu-31422084776133_1024x1024.webp","width":1024,"height":1024},{"@type":"BreadcrumbList","@id":"https:\/\/genekas24.ee\/toode\/invertergeneraator-mxr3500\/#breadcrumb","itemListElement":[{"@type":"ListItem","position":1,"name":"Home","item":"https:\/\/genekas24.ee\/"},{"@type":"ListItem","position":2,"name":"Pood","item":"https:\/\/genekas24.ee\/pood\/"},{"@type":"ListItem","position":3,"name":"Invertergeneraator MXR3500"}]},{"@type":"WebSite","@id":"https:\/\/genekas24.ee\/#website","url":"https:\/\/genekas24.ee\/","name":"Genekas24","description":"Generaatorid | K&ouml;nner S&ouml;hnen tooted | Genekas24","publisher":{"@id":"https:\/\/genekas24.ee\/#organization"},"potentialAction":[{"@type":"SearchAction","target":{"@type":"EntryPoint","urlTemplate":"https:\/\/genekas24.ee\/?s={search_term_string}"},"query-input":{"@type":"PropertyValueSpecification","valueRequired":true,"valueName":"search_term_string"}}],"inLanguage":"en-GB"},{"@type":"Organization","@id":"https:\/\/genekas24.ee\/#organization","name":"Genekas24","url":"https:\/\/genekas24.ee\/","logo":{"@type":"ImageObject","inLanguage":"en-GB","@id":"https:\/\/genekas24.ee\/#\/schema\/logo\/image\/","url":"https:\/\/genekas24.ee\/wp-content\/uploads\/2026\/01\/genekas24-logo_black.svg","contentUrl":"https:\/\/genekas24.ee\/wp-content\/uploads\/2026\/01\/genekas24-logo_black.svg","width":840,"height":131,"caption":"Genekas24"},"image":{"@id":"https:\/\/genekas24.ee\/#\/schema\/logo\/image\/"}}]}},"_links":{"self":[{"href":"https:\/\/genekas24.ee\/en\/wp-json\/wp\/v2\/product\/22913","targetHints":{"allow":["GET"]}}],"collection":[{"href":"https:\/\/genekas24.ee\/en\/wp-json\/wp\/v2\/product"}],"about":[{"href":"https:\/\/genekas24.ee\/en\/wp-json\/wp\/v2\/types\/product"}],"version-history":[{"count":2,"href":"https:\/\/genekas24.ee\/en\/wp-json\/wp\/v2\/product\/22913\/revisions"}],"predecessor-version":[{"id":22916,"href":"https:\/\/genekas24.ee\/en\/wp-json\/wp\/v2\/product\/22913\/revisions\/22916"}],"wp:featuredmedia":[{"embeddable":true,"href":"https:\/\/genekas24.ee\/en\/wp-json\/wp\/v2\/media\/22914"}],"wp:attachment":[{"href":"https:\/\/genekas24.ee\/en\/wp-json\/wp\/v2\/media?parent=22913"}],"wp:term":[{"taxonomy":"product_brand","embeddable":true,"href":"https:\/\/genekas24.ee\/en\/wp-json\/wp\/v2\/product_brand?post=22913"},{"taxonomy":"product_cat","embeddable":true,"href":"https:\/\/genekas24.ee\/en\/wp-json\/wp\/v2\/product_cat?post=22913"},{"taxonomy":"product_tag","embeddable":true,"href":"https:\/\/genekas24.ee\/en\/wp-json\/wp\/v2\/product_tag?post=22913"}],"curies":[{"name":"wp","href":"https:\/\/api.w.org\/{rel}","templated":true}]}}