{"id":22836,"date":"2026-01-26T11:57:11","date_gmt":"2026-01-26T11:57:11","guid":{"rendered":"https:\/\/genekas24.ee\/?post_type=product&#038;p=22836"},"modified":"2026-04-22T12:47:22","modified_gmt":"2026-04-22T12:47:22","slug":"invertergeneraator-ks-9500ie-s-atsr","status":"publish","type":"product","link":"https:\/\/genekas24.ee\/en\/product\/invertergeneraator-ks-9500ie-s-atsr\/","title":{"rendered":"Invertergeneraator KS 9500iE S ATSR"},"content":{"rendered":"<p>KS 9500iE S ATSR on invertergeneraator, mille maksimaalne v\u00e4ljundv\u00f5imsus on 9,5 kW, loodud usaldusv\u00e4\u00e4rseks varutoiteks ja raskete t\u00f6\u00f6de jaoks. T\u00e4nu invertertehnoloogiale toidab see ohutult tundlikku elektroonikat, samas kui vaikne t\u00f6\u00f6 tagab mugavuse elamupiirkondades, laagriplatsidel v\u00f5i \u00e4rikeskkondades. ATS-\u00fchilduvus pakub automaatset varutoidet katkestuste ajal. Kaugjuhtimispult v\u00f5imaldab generaatori k\u00e4ivitamist ja seiskamist kaugelt, samas kui v\u00e4line juhtimine kuivkontaktide kaudu v\u00f5imaldab integreerimist automatiseeritud juhtimiss\u00fcsteemidega. V\u00f5imas mootor, 10-tunnine t\u00f6\u00f6aeg ja kaasaskantav disain teevad selle ideaalseks kodudesse, ehitusplatsidele v\u00f5i telkimiseks.<\/p>\n<p>&nbsp;<\/p>\n<table style=\"border-collapse: collapse; width: 100%;\">\n<tbody>\n<tr>\n<td style=\"width: 15.8943%;\"><img decoding=\"async\" src=\"https:\/\/konner-sohnen.ee\/cdn\/shop\/files\/1_high_power-ks-9500ie-s-atsr.png?v=1768229376&amp;width=500\" alt=\"K\u00f5rge v\u00f5imsus\" \/><\/td>\n<td style=\"width: 84.1057%;\">\n<h3>K\u00f5rge v\u00f5imsus<\/h3>\n<div class=\"text-sm\">9,5 kW maksimaalne v\u00e4ljundv\u00f5imsus, ideaalne kodu, kontori ja ehitusplatsi varutoiteks.<\/div>\n<\/td>\n<\/tr>\n<tr>\n<td style=\"width: 15.8943%;\"><img decoding=\"async\" src=\"https:\/\/konner-sohnen.ee\/cdn\/shop\/files\/2_inverter_technology-ks-9500ie-s-atsr.png?v=1768229376&amp;width=500\" alt=\"Invertertehnoloogia\" \/><\/td>\n<td style=\"width: 84.1057%;\">\n<h3>Invertertehnoloogia<\/h3>\n<div class=\"text-sm\">Puhas siinuslaine tagab tundlike elektroonikaseadmete ohutu t\u00f6\u00f6.<\/div>\n<\/td>\n<\/tr>\n<tr>\n<td style=\"width: 15.8943%;\"><img decoding=\"async\" src=\"https:\/\/konner-sohnen.ee\/cdn\/shop\/files\/3_quiet_operation-ks-9500ie-s-atsr.png?v=1768229376&amp;width=500\" alt=\"Vaikne t\u00f6\u00f6\" \/><\/td>\n<td style=\"width: 84.1057%;\">\n<h3>Vaikne t\u00f6\u00f6<\/h3>\n<div class=\"text-sm\">M\u00fcratase ~70 dB, sobib elamupiirkondadesse ja avatud aladele.<\/div>\n<\/td>\n<\/tr>\n<tr>\n<td style=\"width: 15.8943%;\"><img decoding=\"async\" src=\"https:\/\/konner-sohnen.ee\/cdn\/shop\/files\/4_automatic_backup_power-ks-9500ie-s-atsr.png?v=1768229376&amp;width=500\" alt=\"Automaatne varutoide\" \/><\/td>\n<td style=\"width: 84.1057%;\">\n<h3>Automaatne varutoide<\/h3>\n<div class=\"text-sm\">ATS-\u00fchendus v\u00f5imaldab sujuvat t\u00f6\u00f6d katkestuste ajal.<\/div>\n<\/td>\n<\/tr>\n<tr>\n<td style=\"width: 15.8943%;\"><img decoding=\"async\" src=\"https:\/\/konner-sohnen.ee\/cdn\/shop\/files\/5_remote_control-ks-9500ie-s-atsr.png?v=1768229376&amp;width=500\" alt=\"Remote control\" \/><\/td>\n<td style=\"width: 84.1057%;\">\n<h3>Remote control<\/h3>\n<div class=\"text-sm\">Generaatori mugav k\u00e4ivitamine ja seiskamine kaugjuhtimise teel.<\/div>\n<\/td>\n<\/tr>\n<tr>\n<td style=\"width: 15.8943%;\"><img decoding=\"async\" src=\"https:\/\/konner-sohnen.ee\/cdn\/shop\/files\/6_external_control_via_dry_contacts-ks-9500ie-s-atsr.png?v=1768229376&amp;width=500\" alt=\"V\u00e4line juhtimine kuivkontaktide kaudu\" \/><\/td>\n<td style=\"width: 84.1057%;\">\n<h3>V\u00e4line juhtimine kuivkontaktide kaudu<\/h3>\n<div class=\"text-sm\">Integreerimine automatiseerimis- ja varus\u00fcsteemidega.<\/div>\n<\/td>\n<\/tr>\n<tr>\n<td style=\"width: 15.8943%;\"><img decoding=\"async\" src=\"https:\/\/konner-sohnen.ee\/cdn\/shop\/files\/7_start_stop_button-ks-9500ie-s-atsr.png?v=1768229377&amp;width=500\" alt=\"K\u00e4ivitus\/Seiskamisnupp\" \/><\/td>\n<td style=\"width: 84.1057%;\">\n<h3>K\u00e4ivitus\/Seiskamisnupp<\/h3>\n<div class=\"text-sm\">Kiire ja lihtne k\u00e4ivitamine.<\/div>\n<\/td>\n<\/tr>\n<tr>\n<td style=\"width: 15.8943%;\"><img decoding=\"async\" src=\"https:\/\/konner-sohnen.ee\/cdn\/shop\/files\/8_USB_ports-ks-9500ie-s-atsr.png?v=1768229376&amp;width=500\" alt=\"USB-pordid\" \/><\/td>\n<td style=\"width: 84.1057%;\">\n<h3>USB-pordid<\/h3>\n<div class=\"text-sm\">Mugav \u00fchendamine ja mobiilseadmete laadimine ilma lisadapteriteta.<\/div>\n<\/td>\n<\/tr>\n<tr>\n<td style=\"width: 15.8943%;\"><img decoding=\"async\" src=\"https:\/\/konner-sohnen.ee\/cdn\/shop\/files\/9_extended_runtime-ks-9500ie-s-atsr.png?v=1768229376&amp;width=500\" alt=\"Pikendatud t\u00f6\u00f6aeg\" \/><\/td>\n<td style=\"width: 84.1057%;\">\n<h3>Pikendatud t\u00f6\u00f6aeg<\/h3>\n<div class=\"text-sm\">Umbes 10 tundi \u00fche 30 L paagiga v\u00e4hendab tankimise sagedust.<\/div>\n<\/td>\n<\/tr>\n<\/tbody>\n<\/table>","protected":false},"excerpt":{"rendered":"<table style=\"width: 100.498%;\">\n<tbody>\n<tr>\n<td style=\"width: 39.4758%;\">Voltage<\/td>\n<td style=\"width: 70.5335%;\">230 V<\/td>\n<\/tr>\n<tr>\n<td style=\"width: 39.4758%;\">Maksimaalne v\u00f5imsus<\/td>\n<td style=\"width: 70.5335%;\">9,5 kW<\/td>\n<\/tr>\n<tr>\n<td style=\"width: 39.4758%;\">Nimiv\u00f5imsus<\/td>\n<td style=\"width: 70.5335%;\">9,0 kW<\/td>\n<\/tr>\n<tr>\n<td style=\"width: 39.4758%;\">V\u00f5imsustegur<\/td>\n<td style=\"width: 70.5335%;\">cos\u03c6 1<\/td>\n<\/tr>\n<tr>\n<td style=\"width: 39.4758%;\">Frequency<\/td>\n<td style=\"width: 70.5335%;\">50 Hz<\/td>\n<\/tr>\n<tr>\n<td style=\"width: 39.4758%;\">Maksimaalne vool<\/td>\n<td style=\"width: 70.5335%;\">41,3 A<\/td>\n<\/tr>\n<tr>\n<td style=\"width: 39.4758%;\">Outlets<\/td>\n<td style=\"width: 70.5335%;\">1 \u00d7 Schuko 230 V, 1 \u00d7 CEE 230 V 32 A, 1 \u00d7 CEE 230 V 63 A<\/td>\n<\/tr>\n<tr>\n<td style=\"width: 39.4758%;\">K\u00e4ivitus<\/td>\n<td style=\"width: 70.5335%;\">K\u00e4sik\u00e4ivitus \/ elektriline \/ kaugjuhtimisega<\/td>\n<\/tr>\n<tr>\n<td style=\"width: 39.4758%;\">K\u00fctusepaagi maht<\/td>\n<td style=\"width: 70.5335%;\">30 l<\/td>\n<\/tr>\n<tr>\n<td style=\"width: 39.4758%;\">T\u00f6\u00f6aeg 50% koormusel<\/td>\n<td style=\"width: 70.5335%;\">10 h 15 min<\/td>\n<\/tr>\n<tr>\n<td style=\"width: 39.4758%;\">LED display<\/td>\n<td style=\"width: 70.5335%;\">Multifunktsionaalne<\/td>\n<\/tr>\n<tr>\n<td style=\"width: 39.4758%;\">M\u00fcratase (7 m)<\/td>\n<td style=\"width: 70.5335%;\">Lpa 70 dB \/ Lwa 95 dB<\/td>\n<\/tr>\n<tr>\n<td style=\"width: 39.4758%;\">Alalisvoolu v\u00e4ljund<\/td>\n<td style=\"width: 70.5335%;\">12 V \/ 8,3 A<\/td>\n<\/tr>\n<tr>\n<td style=\"width: 39.4758%;\">USB-v\u00e4ljundid<\/td>\n<td style=\"width: 70.5335%;\">QC 3.0 + Type-C<\/td>\n<\/tr>\n<tr>\n<td style=\"width: 39.4758%;\">Engine model<\/td>\n<td style=\"width: 70.5335%;\">KS 480i<\/td>\n<\/tr>\n<tr>\n<td style=\"width: 39.4758%;\">Silindri t\u00f6\u00f6maht<\/td>\n<td style=\"width: 70.5335%;\">438 cm\u00b3<\/td>\n<\/tr>\n<tr>\n<td style=\"width: 39.4758%;\">Engine type<\/td>\n<td style=\"width: 70.5335%;\">Bensiinimootor, \u00fchesilindriline, neljataktiline, \u00f5hkjahutusega<\/td>\n<\/tr>\n<tr>\n<td style=\"width: 39.4758%;\">Mootori v\u00f5imsus<\/td>\n<td style=\"width: 70.5335%;\">14,2 hj<\/td>\n<\/tr>\n<tr>\n<td style=\"width: 39.4758%;\">ATS-\u00fchendus<\/td>\n<td style=\"width: 70.5335%;\">Jah<\/td>\n<\/tr>\n<tr>\n<td style=\"width: 39.4758%;\">Karteri maht<\/td>\n<td style=\"width: 70.5335%;\">1,2 l<\/td>\n<\/tr>\n<tr>\n<td style=\"width: 39.4758%;\">Aku<\/td>\n<td style=\"width: 70.5335%;\">3 Ah<\/td>\n<\/tr>\n<tr>\n<td style=\"width: 39.4758%;\">Generaatori m\u00e4his<\/td>\n<td style=\"width: 70.5335%;\">Copper<\/td>\n<\/tr>\n<tr>\n<td style=\"width: 39.4758%;\">Protection class<\/td>\n<td style=\"width: 70.5335%;\">IP23M<\/td>\n<\/tr>\n<tr>\n<td style=\"width: 39.4758%;\">Komplektis<\/td>\n<td style=\"width: 70.5335%;\">Generaator, pakend, kasutusjuhend, s\u00fc\u00fctek\u00fc\u00fcnlav\u00f5ti, tarvikukott, PH2 6,0 mm kruvikeeraja, k\u00e4epide, 2 \u00d7 rattad, pult, aku laadimiskaabel, \u00f5lilehter<\/td>\n<\/tr>\n<tr>\n<td style=\"width: 39.4758%;\">M\u00f5\u00f5tmed (P \u00d7 L \u00d7 K)<\/td>\n<td style=\"width: 70.5335%;\">905 \u00d7 715 \u00d7 815 mm<\/td>\n<\/tr>\n<tr>\n<td style=\"width: 39.4758%;\">Netokaal<\/td>\n<td style=\"width: 70.5335%;\">85 kg<\/td>\n<\/tr>\n<tr>\n<td style=\"width: 39.4758%;\">Brutokaal<\/td>\n<td style=\"width: 70.5335%;\">85,0 kg<\/td>\n<\/tr>\n<tr>\n<td style=\"width: 39.4758%;\">Tootekood<\/td>\n<td style=\"width: 70.5335%;\">KS 9500iE S ATSR<\/td>\n<\/tr>\n<tr>\n<td style=\"width: 39.4758%;\">EAN<\/td>\n<td style=\"width: 70.5335%;\">4260405367184<\/td>\n<\/tr>\n<\/tbody>\n<\/table>\n<p data-start=\"1194\" data-end=\"1321\"><span style=\"font-size: 10pt;\"><em>M\u00e4rkus: k\u00fctusekulu s\u00f5ltub koormusest, k\u00fctuse kvaliteedist, aastaajast, k\u00f5rgusest ja generaatori tehnilisest seisukorrast.<\/em><\/span><\/p>\n<p data-start=\"1323\" data-end=\"1612\"><span style=\"font-size: 10pt;\"><em>T\u00e4helepanu: toode m\u00fc\u00fcakse ilma mootori\u00f5li ja bensiinita. Enne esmak\u00e4ivitust tuleb lisada neljataktilistele bensiinimootoritele m\u00f5eldud \u00f5li (soovituslik 10W-30 v\u00f5i 10W-40). Kontrolli \u00f5litaset enne iga kasutuskorda. Kasuta pliivaba bensiini oktaanarvuga 90\u201395, etanoolisisaldus kuni 10%.<\/em><\/span><\/p>\n<p data-start=\"1614\" data-end=\"1707\" data-is-last-node=\"\" data-is-only-node=\"\">","protected":false},"featured_media":22838,"template":"","meta":{"_acf_changed":false,"inline_featured_image":false},"product_brand":[],"product_cat":[94,23],"product_tag":[],"class_list":{"0":"post-22836","1":"product","2":"type-product","3":"status-publish","4":"has-post-thumbnail","6":"product_cat-generaatorid","7":"product_cat-invertergeneraatorid","8":"product_shipping_class-euroalus","9":"brand-konner-sohnen","11":"first","12":"instock","13":"taxable","14":"shipping-taxable","15":"purchasable","16":"product-type-simple"},"acf":[],"yoast_head":"<!-- This site is optimized with the Yoast SEO plugin v27.2 - https:\/\/yoast.com\/product\/yoast-seo-wordpress\/ -->\n<title>Invertergeneraator KS 9500iE S ATSR - Genekas24<\/title>\n<meta name=\"robots\" content=\"index, follow, max-snippet:-1, max-image-preview:large, max-video-preview:-1\" \/>\n<link rel=\"canonical\" href=\"https:\/\/genekas24.ee\/en\/product\/invertergeneraator-ks-9500ie-s-atsr\/\" \/>\n<meta property=\"og:locale\" content=\"en_GB\" \/>\n<meta property=\"og:type\" content=\"article\" \/>\n<meta property=\"og:title\" content=\"Invertergeneraator KS 9500iE S ATSR - Genekas24\" \/>\n<meta property=\"og:description\" content=\"Pinge 230 V   Maksimaalne v\u00f5imsus 9,5 kW   Nimiv\u00f5imsus 9,0 kW   V\u00f5imsustegur cos\u03c6 1   Sagedus 50 Hz   Maksimaalne vool 41,3 A   Pistikupesad 1 \u00d7 Schuko 230 V, 1 \u00d7 CEE 230 V 32 A, 1 \u00d7 CEE 230 V 63 A   K\u00e4ivitus K\u00e4sik\u00e4ivitus \/ elektriline \/ kaugjuhtimisega   K\u00fctusepaagi maht 30 l   T\u00f6\u00f6aeg 50% koormusel 10 h 15 min   LED-ekraan Multifunktsionaalne   M\u00fcratase (7 m) Lpa 70 dB \/ Lwa 95 dB   Alalisvoolu v\u00e4ljund 12 V \/ 8,3 A   USB-v\u00e4ljundid QC 3.0 + Type-C   Mootori mudel KS 480i   Silindri t\u00f6\u00f6maht 438 cm\u00b3   Mootori t\u00fc\u00fcp Bensiinimootor, \u00fchesilindriline, neljataktiline, \u00f5hkjahutusega   Mootori v\u00f5imsus 14,2 hj   ATS-\u00fchendus Jah   Karteri maht 1,2 l   Aku 3 Ah   Generaatori m\u00e4his Vask   Kaitseklass IP23M   Komplektis Generaator, pakend, kasutusjuhend, s\u00fc\u00fctek\u00fc\u00fcnlav\u00f5ti, tarvikukott, PH2 6,0 mm kruvikeeraja, k\u00e4epide, 2 \u00d7 rattad, pult, aku laadimiskaabel, \u00f5lilehter   M\u00f5\u00f5tmed (P \u00d7 L \u00d7 K) 905 \u00d7 715 \u00d7 815 mm   Netokaal 85 kg   Brutokaal 85,0 kg   Tootekood KS 9500iE S ATSR   EAN 4260405367184    M\u00e4rkus: k\u00fctusekulu s\u00f5ltub koormusest, k\u00fctuse kvaliteedist, aastaajast, k\u00f5rgusest ja generaatori tehnilisest seisukorrast. T\u00e4helepanu: toode m\u00fc\u00fcakse ilma mootori\u00f5li ja bensiinita. Enne esmak\u00e4ivitust tuleb lisada neljataktilistele bensiinimootoritele m\u00f5eldud \u00f5li (soovituslik 10W-30 v\u00f5i 10W-40). Kontrolli \u00f5litaset enne iga kasutuskorda. Kasuta pliivaba bensiini oktaanarvuga 90\u201395, etanoolisisaldus kuni 10%.\" \/>\n<meta property=\"og:url\" content=\"https:\/\/genekas24.ee\/en\/product\/invertergeneraator-ks-9500ie-s-atsr\/\" \/>\n<meta property=\"og:site_name\" content=\"Genekas24\" \/>\n<meta property=\"article:modified_time\" content=\"2026-04-22T12:47:22+00:00\" \/>\n<meta property=\"og:image\" content=\"https:\/\/genekas24.ee\/wp-content\/uploads\/2026\/01\/KS-9500iE-S-ATSR-02.webp\" \/>\n\t<meta property=\"og:image:width\" content=\"1600\" \/>\n\t<meta property=\"og:image:height\" content=\"1600\" \/>\n\t<meta property=\"og:image:type\" content=\"image\/webp\" \/>\n<meta name=\"twitter:card\" content=\"summary_large_image\" \/>\n<meta name=\"twitter:label1\" content=\"Estimated reading time\" \/>\n\t<meta name=\"twitter:data1\" content=\"3 minutes\" \/>\n<script type=\"application\/ld+json\" class=\"yoast-schema-graph\">{\"@context\":\"https:\/\/schema.org\",\"@graph\":[{\"@type\":\"WebPage\",\"@id\":\"https:\/\/genekas24.ee\/toode\/invertergeneraator-ks-9500ie-s-atsr\/\",\"url\":\"https:\/\/genekas24.ee\/toode\/invertergeneraator-ks-9500ie-s-atsr\/\",\"name\":\"Invertergeneraator KS 9500iE S ATSR - Genekas24\",\"isPartOf\":{\"@id\":\"https:\/\/genekas24.ee\/#website\"},\"primaryImageOfPage\":{\"@id\":\"https:\/\/genekas24.ee\/toode\/invertergeneraator-ks-9500ie-s-atsr\/#primaryimage\"},\"image\":{\"@id\":\"https:\/\/genekas24.ee\/toode\/invertergeneraator-ks-9500ie-s-atsr\/#primaryimage\"},\"thumbnailUrl\":\"https:\/\/genekas24.ee\/wp-content\/uploads\/2026\/01\/KS-9500iE-S-ATSR-02.webp\",\"datePublished\":\"2026-01-26T11:57:11+00:00\",\"dateModified\":\"2026-04-22T12:47:22+00:00\",\"breadcrumb\":{\"@id\":\"https:\/\/genekas24.ee\/toode\/invertergeneraator-ks-9500ie-s-atsr\/#breadcrumb\"},\"inLanguage\":\"en-GB\",\"potentialAction\":[{\"@type\":\"ReadAction\",\"target\":[\"https:\/\/genekas24.ee\/toode\/invertergeneraator-ks-9500ie-s-atsr\/\"]}]},{\"@type\":\"ImageObject\",\"inLanguage\":\"en-GB\",\"@id\":\"https:\/\/genekas24.ee\/toode\/invertergeneraator-ks-9500ie-s-atsr\/#primaryimage\",\"url\":\"https:\/\/genekas24.ee\/wp-content\/uploads\/2026\/01\/KS-9500iE-S-ATSR-02.webp\",\"contentUrl\":\"https:\/\/genekas24.ee\/wp-content\/uploads\/2026\/01\/KS-9500iE-S-ATSR-02.webp\",\"width\":1600,\"height\":1600},{\"@type\":\"BreadcrumbList\",\"@id\":\"https:\/\/genekas24.ee\/toode\/invertergeneraator-ks-9500ie-s-atsr\/#breadcrumb\",\"itemListElement\":[{\"@type\":\"ListItem\",\"position\":1,\"name\":\"Home\",\"item\":\"https:\/\/genekas24.ee\/\"},{\"@type\":\"ListItem\",\"position\":2,\"name\":\"Pood\",\"item\":\"https:\/\/genekas24.ee\/pood\/\"},{\"@type\":\"ListItem\",\"position\":3,\"name\":\"Invertergeneraator KS 9500iE S ATSR\"}]},{\"@type\":\"WebSite\",\"@id\":\"https:\/\/genekas24.ee\/#website\",\"url\":\"https:\/\/genekas24.ee\/\",\"name\":\"Genekas24\",\"description\":\"Generaatorid | K&ouml;nner S&ouml;hnen tooted | Genekas24\",\"publisher\":{\"@id\":\"https:\/\/genekas24.ee\/#organization\"},\"potentialAction\":[{\"@type\":\"SearchAction\",\"target\":{\"@type\":\"EntryPoint\",\"urlTemplate\":\"https:\/\/genekas24.ee\/?s={search_term_string}\"},\"query-input\":{\"@type\":\"PropertyValueSpecification\",\"valueRequired\":true,\"valueName\":\"search_term_string\"}}],\"inLanguage\":\"en-GB\"},{\"@type\":\"Organization\",\"@id\":\"https:\/\/genekas24.ee\/#organization\",\"name\":\"Genekas24\",\"url\":\"https:\/\/genekas24.ee\/\",\"logo\":{\"@type\":\"ImageObject\",\"inLanguage\":\"en-GB\",\"@id\":\"https:\/\/genekas24.ee\/#\/schema\/logo\/image\/\",\"url\":\"https:\/\/genekas24.ee\/wp-content\/uploads\/2026\/01\/genekas24-logo_black.svg\",\"contentUrl\":\"https:\/\/genekas24.ee\/wp-content\/uploads\/2026\/01\/genekas24-logo_black.svg\",\"width\":840,\"height\":131,\"caption\":\"Genekas24\"},\"image\":{\"@id\":\"https:\/\/genekas24.ee\/#\/schema\/logo\/image\/\"}}]}<\/script>\n<!-- \/ Yoast SEO plugin. -->","yoast_head_json":{"title":"Invertergeneraator KS 9500iE S ATSR - Genekas24","robots":{"index":"index","follow":"follow","max-snippet":"max-snippet:-1","max-image-preview":"max-image-preview:large","max-video-preview":"max-video-preview:-1"},"canonical":"https:\/\/genekas24.ee\/en\/product\/invertergeneraator-ks-9500ie-s-atsr\/","og_locale":"en_GB","og_type":"article","og_title":"Invertergeneraator KS 9500iE S ATSR - Genekas24","og_description":"Pinge 230 V   Maksimaalne v\u00f5imsus 9,5 kW   Nimiv\u00f5imsus 9,0 kW   V\u00f5imsustegur cos\u03c6 1   Sagedus 50 Hz   Maksimaalne vool 41,3 A   Pistikupesad 1 \u00d7 Schuko 230 V, 1 \u00d7 CEE 230 V 32 A, 1 \u00d7 CEE 230 V 63 A   K\u00e4ivitus K\u00e4sik\u00e4ivitus \/ elektriline \/ kaugjuhtimisega   K\u00fctusepaagi maht 30 l   T\u00f6\u00f6aeg 50% koormusel 10 h 15 min   LED-ekraan Multifunktsionaalne   M\u00fcratase (7 m) Lpa 70 dB \/ Lwa 95 dB   Alalisvoolu v\u00e4ljund 12 V \/ 8,3 A   USB-v\u00e4ljundid QC 3.0 + Type-C   Mootori mudel KS 480i   Silindri t\u00f6\u00f6maht 438 cm\u00b3   Mootori t\u00fc\u00fcp Bensiinimootor, \u00fchesilindriline, neljataktiline, \u00f5hkjahutusega   Mootori v\u00f5imsus 14,2 hj   ATS-\u00fchendus Jah   Karteri maht 1,2 l   Aku 3 Ah   Generaatori m\u00e4his Vask   Kaitseklass IP23M   Komplektis Generaator, pakend, kasutusjuhend, s\u00fc\u00fctek\u00fc\u00fcnlav\u00f5ti, tarvikukott, PH2 6,0 mm kruvikeeraja, k\u00e4epide, 2 \u00d7 rattad, pult, aku laadimiskaabel, \u00f5lilehter   M\u00f5\u00f5tmed (P \u00d7 L \u00d7 K) 905 \u00d7 715 \u00d7 815 mm   Netokaal 85 kg   Brutokaal 85,0 kg   Tootekood KS 9500iE S ATSR   EAN 4260405367184    M\u00e4rkus: k\u00fctusekulu s\u00f5ltub koormusest, k\u00fctuse kvaliteedist, aastaajast, k\u00f5rgusest ja generaatori tehnilisest seisukorrast. T\u00e4helepanu: toode m\u00fc\u00fcakse ilma mootori\u00f5li ja bensiinita. Enne esmak\u00e4ivitust tuleb lisada neljataktilistele bensiinimootoritele m\u00f5eldud \u00f5li (soovituslik 10W-30 v\u00f5i 10W-40). Kontrolli \u00f5litaset enne iga kasutuskorda. Kasuta pliivaba bensiini oktaanarvuga 90\u201395, etanoolisisaldus kuni 10%.","og_url":"https:\/\/genekas24.ee\/en\/product\/invertergeneraator-ks-9500ie-s-atsr\/","og_site_name":"Genekas24","article_modified_time":"2026-04-22T12:47:22+00:00","og_image":[{"width":1600,"height":1600,"url":"https:\/\/genekas24.ee\/wp-content\/uploads\/2026\/01\/KS-9500iE-S-ATSR-02.webp","type":"image\/webp"}],"twitter_card":"summary_large_image","twitter_misc":{"Estimated reading time":"3 minutes"},"schema":{"@context":"https:\/\/schema.org","@graph":[{"@type":"WebPage","@id":"https:\/\/genekas24.ee\/toode\/invertergeneraator-ks-9500ie-s-atsr\/","url":"https:\/\/genekas24.ee\/toode\/invertergeneraator-ks-9500ie-s-atsr\/","name":"Invertergeneraator KS 9500iE S ATSR - Genekas24","isPartOf":{"@id":"https:\/\/genekas24.ee\/#website"},"primaryImageOfPage":{"@id":"https:\/\/genekas24.ee\/toode\/invertergeneraator-ks-9500ie-s-atsr\/#primaryimage"},"image":{"@id":"https:\/\/genekas24.ee\/toode\/invertergeneraator-ks-9500ie-s-atsr\/#primaryimage"},"thumbnailUrl":"https:\/\/genekas24.ee\/wp-content\/uploads\/2026\/01\/KS-9500iE-S-ATSR-02.webp","datePublished":"2026-01-26T11:57:11+00:00","dateModified":"2026-04-22T12:47:22+00:00","breadcrumb":{"@id":"https:\/\/genekas24.ee\/toode\/invertergeneraator-ks-9500ie-s-atsr\/#breadcrumb"},"inLanguage":"en-GB","potentialAction":[{"@type":"ReadAction","target":["https:\/\/genekas24.ee\/toode\/invertergeneraator-ks-9500ie-s-atsr\/"]}]},{"@type":"ImageObject","inLanguage":"en-GB","@id":"https:\/\/genekas24.ee\/toode\/invertergeneraator-ks-9500ie-s-atsr\/#primaryimage","url":"https:\/\/genekas24.ee\/wp-content\/uploads\/2026\/01\/KS-9500iE-S-ATSR-02.webp","contentUrl":"https:\/\/genekas24.ee\/wp-content\/uploads\/2026\/01\/KS-9500iE-S-ATSR-02.webp","width":1600,"height":1600},{"@type":"BreadcrumbList","@id":"https:\/\/genekas24.ee\/toode\/invertergeneraator-ks-9500ie-s-atsr\/#breadcrumb","itemListElement":[{"@type":"ListItem","position":1,"name":"Home","item":"https:\/\/genekas24.ee\/"},{"@type":"ListItem","position":2,"name":"Pood","item":"https:\/\/genekas24.ee\/pood\/"},{"@type":"ListItem","position":3,"name":"Invertergeneraator KS 9500iE S ATSR"}]},{"@type":"WebSite","@id":"https:\/\/genekas24.ee\/#website","url":"https:\/\/genekas24.ee\/","name":"Genekas24","description":"Generaatorid | K&ouml;nner S&ouml;hnen tooted | Genekas24","publisher":{"@id":"https:\/\/genekas24.ee\/#organization"},"potentialAction":[{"@type":"SearchAction","target":{"@type":"EntryPoint","urlTemplate":"https:\/\/genekas24.ee\/?s={search_term_string}"},"query-input":{"@type":"PropertyValueSpecification","valueRequired":true,"valueName":"search_term_string"}}],"inLanguage":"en-GB"},{"@type":"Organization","@id":"https:\/\/genekas24.ee\/#organization","name":"Genekas24","url":"https:\/\/genekas24.ee\/","logo":{"@type":"ImageObject","inLanguage":"en-GB","@id":"https:\/\/genekas24.ee\/#\/schema\/logo\/image\/","url":"https:\/\/genekas24.ee\/wp-content\/uploads\/2026\/01\/genekas24-logo_black.svg","contentUrl":"https:\/\/genekas24.ee\/wp-content\/uploads\/2026\/01\/genekas24-logo_black.svg","width":840,"height":131,"caption":"Genekas24"},"image":{"@id":"https:\/\/genekas24.ee\/#\/schema\/logo\/image\/"}}]}},"_links":{"self":[{"href":"https:\/\/genekas24.ee\/en\/wp-json\/wp\/v2\/product\/22836","targetHints":{"allow":["GET"]}}],"collection":[{"href":"https:\/\/genekas24.ee\/en\/wp-json\/wp\/v2\/product"}],"about":[{"href":"https:\/\/genekas24.ee\/en\/wp-json\/wp\/v2\/types\/product"}],"version-history":[{"count":6,"href":"https:\/\/genekas24.ee\/en\/wp-json\/wp\/v2\/product\/22836\/revisions"}],"predecessor-version":[{"id":23043,"href":"https:\/\/genekas24.ee\/en\/wp-json\/wp\/v2\/product\/22836\/revisions\/23043"}],"wp:featuredmedia":[{"embeddable":true,"href":"https:\/\/genekas24.ee\/en\/wp-json\/wp\/v2\/media\/22838"}],"wp:attachment":[{"href":"https:\/\/genekas24.ee\/en\/wp-json\/wp\/v2\/media?parent=22836"}],"wp:term":[{"taxonomy":"product_brand","embeddable":true,"href":"https:\/\/genekas24.ee\/en\/wp-json\/wp\/v2\/product_brand?post=22836"},{"taxonomy":"product_cat","embeddable":true,"href":"https:\/\/genekas24.ee\/en\/wp-json\/wp\/v2\/product_cat?post=22836"},{"taxonomy":"product_tag","embeddable":true,"href":"https:\/\/genekas24.ee\/en\/wp-json\/wp\/v2\/product_tag?post=22836"}],"curies":[{"name":"wp","href":"https:\/\/api.w.org\/{rel}","templated":true}]}}