{"id":22808,"date":"2026-01-22T08:47:01","date_gmt":"2026-01-22T08:47:01","guid":{"rendered":"https:\/\/genekas24.ee\/?post_type=product&#038;p=22808"},"modified":"2026-01-22T12:07:22","modified_gmt":"2026-01-22T12:07:22","slug":"mannol-7512-special-plus-10w30-1l","status":"publish","type":"product","link":"https:\/\/genekas24.ee\/en\/product\/mannol-7512-special-plus-10w30-1l\/","title":{"rendered":"Mannol 7512 Special Plus 10W30 1L"},"content":{"rendered":"<p>&nbsp;<\/p>\n<p>&nbsp;<\/p>","protected":false},"excerpt":{"rendered":"<p>H\u00fcdros\u00fcnteetiline universaalne mootori\u00f5li igat t\u00fc\u00fcpi bensiini ja diiselmootoritele. Loodud vastama VW ja DAIMLERi n\u00f5uetele.<br \/>\nSpetsifikatsioon: SAE 10W-30, API SN, ACEA A3\/B4, VOLKSWAGEN 505 00, VOLKSWAGEN 501 01, MB 229.1, ISUZU, KI<\/p>","protected":false},"featured_media":22809,"template":"","meta":{"_acf_changed":false,"inline_featured_image":false},"product_brand":[],"product_cat":[26],"product_tag":[],"class_list":{"0":"post-22808","1":"product","2":"type-product","3":"status-publish","4":"has-post-thumbnail","6":"product_cat-olid-kanistrid-kindad-prillid","7":"product_shipping_class-vaikepakk","9":"first","10":"instock","11":"taxable","12":"shipping-taxable","13":"purchasable","14":"product-type-simple"},"acf":[],"yoast_head":"<!-- This site is optimized with the Yoast SEO plugin v27.2 - https:\/\/yoast.com\/product\/yoast-seo-wordpress\/ -->\n<title>Mannol 7512 Special Plus 10W30 1L - Genekas24<\/title>\n<meta name=\"robots\" content=\"index, follow, max-snippet:-1, max-image-preview:large, max-video-preview:-1\" \/>\n<link rel=\"canonical\" href=\"https:\/\/genekas24.ee\/en\/product\/mannol-7512-special-plus-10w30-1l\/\" \/>\n<meta property=\"og:locale\" content=\"en_GB\" \/>\n<meta property=\"og:type\" content=\"article\" \/>\n<meta property=\"og:title\" content=\"Mannol 7512 Special Plus 10W30 1L - Genekas24\" \/>\n<meta property=\"og:description\" content=\"H\u00fcdros\u00fcnteetiline universaalne mootori\u00f5li igat t\u00fc\u00fcpi bensiini ja diiselmootoritele. Loodud vastama VW ja DAIMLERi n\u00f5uetele. Spetsifikatsioon: SAE 10W-30, API SN, ACEA A3\/B4, VOLKSWAGEN 505 00, VOLKSWAGEN 501 01, MB 229.1, ISUZU, KI\" \/>\n<meta property=\"og:url\" content=\"https:\/\/genekas24.ee\/en\/product\/mannol-7512-special-plus-10w30-1l\/\" \/>\n<meta property=\"og:site_name\" content=\"Genekas24\" \/>\n<meta property=\"article:modified_time\" content=\"2026-01-22T12:07:22+00:00\" \/>\n<meta property=\"og:image\" content=\"https:\/\/genekas24.ee\/wp-content\/uploads\/2026\/01\/WhatsApp-Image-2026-01-21-at-12.14.05.jpeg\" \/>\n\t<meta property=\"og:image:width\" content=\"1200\" \/>\n\t<meta property=\"og:image:height\" content=\"1200\" \/>\n\t<meta property=\"og:image:type\" content=\"image\/jpeg\" \/>\n<meta name=\"twitter:card\" content=\"summary_large_image\" \/>\n<meta name=\"twitter:label1\" content=\"Estimated reading time\" \/>\n\t<meta name=\"twitter:data1\" content=\"1 minute\" \/>\n<script type=\"application\/ld+json\" class=\"yoast-schema-graph\">{\"@context\":\"https:\/\/schema.org\",\"@graph\":[{\"@type\":\"WebPage\",\"@id\":\"https:\/\/genekas24.ee\/toode\/mannol-7512-special-plus-10w30-1l\/\",\"url\":\"https:\/\/genekas24.ee\/toode\/mannol-7512-special-plus-10w30-1l\/\",\"name\":\"Mannol 7512 Special Plus 10W30 1L - Genekas24\",\"isPartOf\":{\"@id\":\"https:\/\/genekas24.ee\/#website\"},\"primaryImageOfPage\":{\"@id\":\"https:\/\/genekas24.ee\/toode\/mannol-7512-special-plus-10w30-1l\/#primaryimage\"},\"image\":{\"@id\":\"https:\/\/genekas24.ee\/toode\/mannol-7512-special-plus-10w30-1l\/#primaryimage\"},\"thumbnailUrl\":\"https:\/\/genekas24.ee\/wp-content\/uploads\/2026\/01\/WhatsApp-Image-2026-01-21-at-12.14.05.jpeg\",\"datePublished\":\"2026-01-22T08:47:01+00:00\",\"dateModified\":\"2026-01-22T12:07:22+00:00\",\"breadcrumb\":{\"@id\":\"https:\/\/genekas24.ee\/toode\/mannol-7512-special-plus-10w30-1l\/#breadcrumb\"},\"inLanguage\":\"en-GB\",\"potentialAction\":[{\"@type\":\"ReadAction\",\"target\":[\"https:\/\/genekas24.ee\/toode\/mannol-7512-special-plus-10w30-1l\/\"]}]},{\"@type\":\"ImageObject\",\"inLanguage\":\"en-GB\",\"@id\":\"https:\/\/genekas24.ee\/toode\/mannol-7512-special-plus-10w30-1l\/#primaryimage\",\"url\":\"https:\/\/genekas24.ee\/wp-content\/uploads\/2026\/01\/WhatsApp-Image-2026-01-21-at-12.14.05.jpeg\",\"contentUrl\":\"https:\/\/genekas24.ee\/wp-content\/uploads\/2026\/01\/WhatsApp-Image-2026-01-21-at-12.14.05.jpeg\",\"width\":1200,\"height\":1200},{\"@type\":\"BreadcrumbList\",\"@id\":\"https:\/\/genekas24.ee\/toode\/mannol-7512-special-plus-10w30-1l\/#breadcrumb\",\"itemListElement\":[{\"@type\":\"ListItem\",\"position\":1,\"name\":\"Home\",\"item\":\"https:\/\/genekas24.ee\/\"},{\"@type\":\"ListItem\",\"position\":2,\"name\":\"Pood\",\"item\":\"https:\/\/genekas24.ee\/pood\/\"},{\"@type\":\"ListItem\",\"position\":3,\"name\":\"Mannol 7512 Special Plus 10W30 1L\"}]},{\"@type\":\"WebSite\",\"@id\":\"https:\/\/genekas24.ee\/#website\",\"url\":\"https:\/\/genekas24.ee\/\",\"name\":\"Genekas24\",\"description\":\"Generaatorid | K&ouml;nner S&ouml;hnen tooted | Genekas24\",\"publisher\":{\"@id\":\"https:\/\/genekas24.ee\/#organization\"},\"potentialAction\":[{\"@type\":\"SearchAction\",\"target\":{\"@type\":\"EntryPoint\",\"urlTemplate\":\"https:\/\/genekas24.ee\/?s={search_term_string}\"},\"query-input\":{\"@type\":\"PropertyValueSpecification\",\"valueRequired\":true,\"valueName\":\"search_term_string\"}}],\"inLanguage\":\"en-GB\"},{\"@type\":\"Organization\",\"@id\":\"https:\/\/genekas24.ee\/#organization\",\"name\":\"Genekas24\",\"url\":\"https:\/\/genekas24.ee\/\",\"logo\":{\"@type\":\"ImageObject\",\"inLanguage\":\"en-GB\",\"@id\":\"https:\/\/genekas24.ee\/#\/schema\/logo\/image\/\",\"url\":\"https:\/\/genekas24.ee\/wp-content\/uploads\/2026\/01\/genekas24-logo_black.svg\",\"contentUrl\":\"https:\/\/genekas24.ee\/wp-content\/uploads\/2026\/01\/genekas24-logo_black.svg\",\"width\":840,\"height\":131,\"caption\":\"Genekas24\"},\"image\":{\"@id\":\"https:\/\/genekas24.ee\/#\/schema\/logo\/image\/\"}}]}<\/script>\n<!-- \/ Yoast SEO plugin. -->","yoast_head_json":{"title":"Mannol 7512 Special Plus 10W30 1L - Genekas24","robots":{"index":"index","follow":"follow","max-snippet":"max-snippet:-1","max-image-preview":"max-image-preview:large","max-video-preview":"max-video-preview:-1"},"canonical":"https:\/\/genekas24.ee\/en\/product\/mannol-7512-special-plus-10w30-1l\/","og_locale":"en_GB","og_type":"article","og_title":"Mannol 7512 Special Plus 10W30 1L - Genekas24","og_description":"H\u00fcdros\u00fcnteetiline universaalne mootori\u00f5li igat t\u00fc\u00fcpi bensiini ja diiselmootoritele. Loodud vastama VW ja DAIMLERi n\u00f5uetele. Spetsifikatsioon: SAE 10W-30, API SN, ACEA A3\/B4, VOLKSWAGEN 505 00, VOLKSWAGEN 501 01, MB 229.1, ISUZU, KI","og_url":"https:\/\/genekas24.ee\/en\/product\/mannol-7512-special-plus-10w30-1l\/","og_site_name":"Genekas24","article_modified_time":"2026-01-22T12:07:22+00:00","og_image":[{"width":1200,"height":1200,"url":"https:\/\/genekas24.ee\/wp-content\/uploads\/2026\/01\/WhatsApp-Image-2026-01-21-at-12.14.05.jpeg","type":"image\/jpeg"}],"twitter_card":"summary_large_image","twitter_misc":{"Estimated reading time":"1 minute"},"schema":{"@context":"https:\/\/schema.org","@graph":[{"@type":"WebPage","@id":"https:\/\/genekas24.ee\/toode\/mannol-7512-special-plus-10w30-1l\/","url":"https:\/\/genekas24.ee\/toode\/mannol-7512-special-plus-10w30-1l\/","name":"Mannol 7512 Special Plus 10W30 1L - Genekas24","isPartOf":{"@id":"https:\/\/genekas24.ee\/#website"},"primaryImageOfPage":{"@id":"https:\/\/genekas24.ee\/toode\/mannol-7512-special-plus-10w30-1l\/#primaryimage"},"image":{"@id":"https:\/\/genekas24.ee\/toode\/mannol-7512-special-plus-10w30-1l\/#primaryimage"},"thumbnailUrl":"https:\/\/genekas24.ee\/wp-content\/uploads\/2026\/01\/WhatsApp-Image-2026-01-21-at-12.14.05.jpeg","datePublished":"2026-01-22T08:47:01+00:00","dateModified":"2026-01-22T12:07:22+00:00","breadcrumb":{"@id":"https:\/\/genekas24.ee\/toode\/mannol-7512-special-plus-10w30-1l\/#breadcrumb"},"inLanguage":"en-GB","potentialAction":[{"@type":"ReadAction","target":["https:\/\/genekas24.ee\/toode\/mannol-7512-special-plus-10w30-1l\/"]}]},{"@type":"ImageObject","inLanguage":"en-GB","@id":"https:\/\/genekas24.ee\/toode\/mannol-7512-special-plus-10w30-1l\/#primaryimage","url":"https:\/\/genekas24.ee\/wp-content\/uploads\/2026\/01\/WhatsApp-Image-2026-01-21-at-12.14.05.jpeg","contentUrl":"https:\/\/genekas24.ee\/wp-content\/uploads\/2026\/01\/WhatsApp-Image-2026-01-21-at-12.14.05.jpeg","width":1200,"height":1200},{"@type":"BreadcrumbList","@id":"https:\/\/genekas24.ee\/toode\/mannol-7512-special-plus-10w30-1l\/#breadcrumb","itemListElement":[{"@type":"ListItem","position":1,"name":"Home","item":"https:\/\/genekas24.ee\/"},{"@type":"ListItem","position":2,"name":"Pood","item":"https:\/\/genekas24.ee\/pood\/"},{"@type":"ListItem","position":3,"name":"Mannol 7512 Special Plus 10W30 1L"}]},{"@type":"WebSite","@id":"https:\/\/genekas24.ee\/#website","url":"https:\/\/genekas24.ee\/","name":"Genekas24","description":"Generaatorid | K&ouml;nner S&ouml;hnen tooted | Genekas24","publisher":{"@id":"https:\/\/genekas24.ee\/#organization"},"potentialAction":[{"@type":"SearchAction","target":{"@type":"EntryPoint","urlTemplate":"https:\/\/genekas24.ee\/?s={search_term_string}"},"query-input":{"@type":"PropertyValueSpecification","valueRequired":true,"valueName":"search_term_string"}}],"inLanguage":"en-GB"},{"@type":"Organization","@id":"https:\/\/genekas24.ee\/#organization","name":"Genekas24","url":"https:\/\/genekas24.ee\/","logo":{"@type":"ImageObject","inLanguage":"en-GB","@id":"https:\/\/genekas24.ee\/#\/schema\/logo\/image\/","url":"https:\/\/genekas24.ee\/wp-content\/uploads\/2026\/01\/genekas24-logo_black.svg","contentUrl":"https:\/\/genekas24.ee\/wp-content\/uploads\/2026\/01\/genekas24-logo_black.svg","width":840,"height":131,"caption":"Genekas24"},"image":{"@id":"https:\/\/genekas24.ee\/#\/schema\/logo\/image\/"}}]}},"_links":{"self":[{"href":"https:\/\/genekas24.ee\/en\/wp-json\/wp\/v2\/product\/22808","targetHints":{"allow":["GET"]}}],"collection":[{"href":"https:\/\/genekas24.ee\/en\/wp-json\/wp\/v2\/product"}],"about":[{"href":"https:\/\/genekas24.ee\/en\/wp-json\/wp\/v2\/types\/product"}],"version-history":[{"count":4,"href":"https:\/\/genekas24.ee\/en\/wp-json\/wp\/v2\/product\/22808\/revisions"}],"predecessor-version":[{"id":22822,"href":"https:\/\/genekas24.ee\/en\/wp-json\/wp\/v2\/product\/22808\/revisions\/22822"}],"wp:featuredmedia":[{"embeddable":true,"href":"https:\/\/genekas24.ee\/en\/wp-json\/wp\/v2\/media\/22809"}],"wp:attachment":[{"href":"https:\/\/genekas24.ee\/en\/wp-json\/wp\/v2\/media?parent=22808"}],"wp:term":[{"taxonomy":"product_brand","embeddable":true,"href":"https:\/\/genekas24.ee\/en\/wp-json\/wp\/v2\/product_brand?post=22808"},{"taxonomy":"product_cat","embeddable":true,"href":"https:\/\/genekas24.ee\/en\/wp-json\/wp\/v2\/product_cat?post=22808"},{"taxonomy":"product_tag","embeddable":true,"href":"https:\/\/genekas24.ee\/en\/wp-json\/wp\/v2\/product_tag?post=22808"}],"curies":[{"name":"wp","href":"https:\/\/api.w.org\/{rel}","templated":true}]}}