{"id":22772,"date":"2026-01-15T13:12:28","date_gmt":"2026-01-15T13:12:28","guid":{"rendered":"https:\/\/genekas24.ee\/?post_type=product&#038;p=22772"},"modified":"2026-01-15T13:25:07","modified_gmt":"2026-01-15T13:25:07","slug":"invertergeneraator-mxr2300","status":"publish","type":"product","link":"https:\/\/genekas24.ee\/en\/product\/invertergeneraator-mxr2300\/","title":{"rendered":"Invertergeneraator MXR2300"},"content":{"rendered":"<p data-start=\"97\" data-end=\"551\"><strong data-start=\"97\" data-end=\"127\">Invertergeneraator MXR2300<\/strong> varustab mitte ainult vooluga majapidamisseadmeid (MITTE KUNAGI kasutada siseruumides) ja elektrit\u00f6\u00f6riistu, vaid sobib ka h\u00e4daabigeneraatoriks elektrikatkestuste korral. T\u00e4iuslik v\u00e4ljas telkimiseks, matkamiseks, aiapidudeks, \u00f5ues pulmades, haagissuvilareisideks, h\u00e4daolukordadeks jne. T\u00e4nu kompaktsele konstruktsioonile on see ideaalne k\u00f5ikideks kasutusaladeks telkimisel v\u00f5i aiat\u00f6\u00f6del. Te ei pea kunagi enam vooluta j\u00e4\u00e4ma.<\/p>\n<ul>\n<li data-start=\"555\" data-end=\"599\">V\u00e4ga kerge, lihtne transportida<strong data-start=\"555\" data-end=\"591\">:<\/strong> 18 kg<\/li>\n<li data-start=\"602\" data-end=\"642\">Libisemisvastased antivibratsioonjalad<\/li>\n<li data-start=\"645\" data-end=\"687\">2 \u00d7 230 V 16 A pistikupesa, 2 \u00d7 USB-pesa<\/li>\n<li data-start=\"690\" data-end=\"768\">Invertertehnoloogia \u2013 sobib tundlikele seadmetele (arvutid, telerid jne)<\/li>\n<li data-start=\"771\" data-end=\"850\">\u00dclekoormuse hoiatus ja \u00f5litase kaitse tagavad ohutu t\u00f6\u00f6 ka pikema aja jooksul<\/li>\n<li data-start=\"853\" data-end=\"912\">\u00dclekoormuse korral l\u00fclitab inverter v\u00e4lja l\u00e4htestuskaitse<\/li>\n<li data-start=\"915\" data-end=\"1037\">\u00a0MD\/EMC CE-sertifikaat, vastab Euro V standardile, ISO 9001:2015 kvaliteedijuhtimiss\u00fcsteemi sertifikaat<\/li>\n<li data-start=\"1040\" data-end=\"1219\">Eco-re\u017eiim<strong data-start=\"1040\" data-end=\"1055\">:<\/strong> mootori p\u00f6\u00f6rlemiskiirus kohandub automaatselt koormusega. Automaatne p\u00f6\u00f6rlemiskiiruse reguleerimine s\u00e4\u00e4stab k\u00fctust, pikendab mootori eluiga ja v\u00e4hendab m\u00fcrataset<\/li>\n<li data-start=\"1222\" data-end=\"1303\">LED-ekraan t\u00f6\u00f6oleku, \u00f5litase hoiatusse ja AC-l\u00fcliti &amp; l\u00e4htestusl\u00fcliti toe jaoks<\/li>\n<li data-start=\"1306\" data-end=\"1453\">Lihtne kasutada ning toetab paralleel\u00fchendust (kaks invertergeneraatorit saab \u00fchendada; kui v\u00f5imsus on liiga k\u00f5rge, on vajalik paralleelkomplekt)<\/li>\n<\/ul>\n<p data-start=\"1460\" data-end=\"1483\"><strong data-start=\"1460\" data-end=\"1481\">Komplekti kuulub:<\/strong><\/p>\n<ul>\n<li data-start=\"1486\" data-end=\"1519\">Invertergeneraator 1800\u20132300 W<\/li>\n<li data-start=\"1486\" data-end=\"1519\">1 \u00d7 generaator<\/li>\n<li data-start=\"1486\" data-end=\"1519\">1 \u00d7 kasutusjuhend<\/li>\n<li>1 \u00d7 s\u00fc\u00fctek\u00fc\u00fcnla mutriv\u00f5ti<\/li>\n<li>1 \u00d7 \u00f5lilehter<\/li>\n<li>1 \u00d7 paralleelkaabel generaatori jaoks<\/li>\n<li>1 \u00d7 kruvikeeraja<\/li>\n<li>2 \u00d7 EU-pistik<\/li>\n<li>1 \u00d7 tolmukate generaatorile<\/li>\n<\/ul>","protected":false},"excerpt":{"rendered":"<table style=\"width: 75.0071%;\">\n<tbody>\n<tr>\n<td style=\"width: 48.0238%;\">Nimiv\u00f5imsus<\/td>\n<td style=\"width: 192.379%;\">1800 W<\/td>\n<\/tr>\n<tr>\n<td style=\"width: 48.0238%;\">Maksimaalne v\u00f5imsus<\/td>\n<td style=\"width: 192.379%;\">2300 W<\/td>\n<\/tr>\n<tr>\n<td style=\"width: 48.0238%;\">Voltage<\/td>\n<td style=\"width: 192.379%;\">230 V \/ 50 Hz<\/td>\n<\/tr>\n<tr>\n<td style=\"width: 48.0238%;\">Pinge reguleerimine<\/td>\n<td style=\"width: 192.379%;\">Invertertehnoloogia<\/td>\n<\/tr>\n<tr>\n<td style=\"width: 48.0238%;\">T\u00f6\u00f6vool<\/td>\n<td style=\"width: 192.379%;\">7,8 A<\/td>\n<\/tr>\n<tr>\n<td style=\"width: 48.0238%;\">Tippvool<\/td>\n<td style=\"width: 192.379%;\">10 A<\/td>\n<\/tr>\n<tr>\n<td style=\"width: 48.0238%;\">K\u00fctuse liik<\/td>\n<td style=\"width: 192.379%;\">Bensiin (soovitus: plii\u00advaba)<\/td>\n<\/tr>\n<tr>\n<td style=\"width: 48.0238%;\">\u00d5li t\u00fc\u00fcp<\/td>\n<td style=\"width: 192.379%;\">SAE 10W30 (soovitus)<\/td>\n<\/tr>\n<tr>\n<td style=\"width: 48.0238%;\">Engine type<\/td>\n<td style=\"width: 192.379%;\">4-taktiline OHV mootor<\/td>\n<\/tr>\n<tr>\n<td style=\"width: 48.0238%;\">Paagi maht<\/td>\n<td style=\"width: 192.379%;\">4 l<\/td>\n<\/tr>\n<tr>\n<td style=\"width: 48.0238%;\">Neljandiku koormusega t\u00f6\u00f6aeg<\/td>\n<td style=\"width: 192.379%;\">11 h<\/td>\n<\/tr>\n<tr>\n<td style=\"width: 48.0238%;\">50% koormusega t\u00f6\u00f6aeg<\/td>\n<td style=\"width: 192.379%;\">6,5 h<\/td>\n<\/tr>\n<tr>\n<td style=\"width: 48.0238%;\">Silindri maht<\/td>\n<td style=\"width: 192.379%;\">79,7 cc<\/td>\n<\/tr>\n<tr>\n<td style=\"width: 48.0238%;\">M\u00fcra tase (7 m kaugusel)<\/td>\n<td style=\"width: 192.379%;\">58 dB<\/td>\n<\/tr>\n<tr>\n<td style=\"width: 48.0238%;\">M\u00f5\u00f5tmed (P x L x K)<\/td>\n<td style=\"width: 192.379%;\">510 x 320 x 475 mm<\/td>\n<\/tr>\n<tr>\n<td style=\"width: 48.0238%;\">T\u00fchimass<\/td>\n<td style=\"width: 192.379%;\">18 kg<\/td>\n<\/tr>\n<tr>\n<td style=\"width: 48.0238%;\">Paralell\u00fchendamine<\/td>\n<td style=\"width: 192.379%;\">Jah<\/td>\n<\/tr>\n<tr>\n<td style=\"width: 48.0238%;\">\u00d6ko-re\u017eiim<\/td>\n<td style=\"width: 192.379%;\">Jah<\/td>\n<\/tr>\n<\/tbody>\n<\/table>","protected":false},"featured_media":22773,"template":"","meta":{"_acf_changed":false,"inline_featured_image":false},"product_brand":[],"product_cat":[94,23],"product_tag":[],"class_list":{"0":"post-22772","1":"product","2":"type-product","3":"status-publish","4":"has-post-thumbnail","6":"product_cat-generaatorid","7":"product_cat-invertergeneraatorid","8":"product_shipping_class-vaikepakk","9":"brand-maxpeedingrods","11":"first","12":"instock","13":"taxable","14":"shipping-taxable","15":"purchasable","16":"product-type-simple"},"acf":[],"yoast_head":"<!-- This site is optimized with the Yoast SEO plugin v27.2 - https:\/\/yoast.com\/product\/yoast-seo-wordpress\/ -->\n<title>Invertergeneraator MXR2300 - Genekas24<\/title>\n<meta name=\"robots\" content=\"index, follow, max-snippet:-1, max-image-preview:large, max-video-preview:-1\" \/>\n<link rel=\"canonical\" href=\"https:\/\/genekas24.ee\/en\/product\/invertergeneraator-mxr2300\/\" \/>\n<meta property=\"og:locale\" content=\"en_GB\" \/>\n<meta property=\"og:type\" content=\"article\" \/>\n<meta property=\"og:title\" content=\"Invertergeneraator MXR2300 - Genekas24\" \/>\n<meta property=\"og:description\" content=\"Nimiv\u00f5imsus 1800 W   Maksimaalne v\u00f5imsus 2300 W   Pinge 230 V \/ 50 Hz   Pinge reguleerimine Invertertehnoloogia   T\u00f6\u00f6vool 7,8 A   Tippvool 10 A   K\u00fctuse liik Bensiin (soovitus: plii\u00advaba)   \u00d5li t\u00fc\u00fcp SAE 10W30 (soovitus)   Mootori t\u00fc\u00fcp 4-taktiline OHV mootor   Paagi maht 4 l   Neljandiku koormusega t\u00f6\u00f6aeg 11 h   50% koormusega t\u00f6\u00f6aeg 6,5 h   Silindri maht 79,7 cc   M\u00fcra tase (7 m kaugusel) 58 dB   M\u00f5\u00f5tmed (P x L x K) 510 x 320 x 475 mm   T\u00fchimass 18 kg   Paralell\u00fchendamine Jah   \u00d6ko-re\u017eiim Jah\" \/>\n<meta property=\"og:url\" content=\"https:\/\/genekas24.ee\/en\/product\/invertergeneraator-mxr2300\/\" \/>\n<meta property=\"og:site_name\" content=\"Genekas24\" \/>\n<meta property=\"article:modified_time\" content=\"2026-01-15T13:25:07+00:00\" \/>\n<meta property=\"og:image\" content=\"https:\/\/genekas24.ee\/wp-content\/uploads\/2026\/01\/maxpeedingrods-default-mxr2300-eu-32054181134533_1024x1024.webp\" \/>\n\t<meta property=\"og:image:width\" content=\"1024\" \/>\n\t<meta property=\"og:image:height\" content=\"1024\" \/>\n\t<meta property=\"og:image:type\" content=\"image\/webp\" \/>\n<meta name=\"twitter:card\" content=\"summary_large_image\" \/>\n<meta name=\"twitter:label1\" content=\"Estimated reading time\" \/>\n\t<meta name=\"twitter:data1\" content=\"2 minutes\" \/>\n<script type=\"application\/ld+json\" class=\"yoast-schema-graph\">{\"@context\":\"https:\/\/schema.org\",\"@graph\":[{\"@type\":\"WebPage\",\"@id\":\"https:\/\/genekas24.ee\/toode\/invertergeneraator-mxr2300\/\",\"url\":\"https:\/\/genekas24.ee\/toode\/invertergeneraator-mxr2300\/\",\"name\":\"Invertergeneraator MXR2300 - Genekas24\",\"isPartOf\":{\"@id\":\"https:\/\/genekas24.ee\/#website\"},\"primaryImageOfPage\":{\"@id\":\"https:\/\/genekas24.ee\/toode\/invertergeneraator-mxr2300\/#primaryimage\"},\"image\":{\"@id\":\"https:\/\/genekas24.ee\/toode\/invertergeneraator-mxr2300\/#primaryimage\"},\"thumbnailUrl\":\"https:\/\/genekas24.ee\/wp-content\/uploads\/2026\/01\/maxpeedingrods-default-mxr2300-eu-32054181134533_1024x1024.webp\",\"datePublished\":\"2026-01-15T13:12:28+00:00\",\"dateModified\":\"2026-01-15T13:25:07+00:00\",\"breadcrumb\":{\"@id\":\"https:\/\/genekas24.ee\/toode\/invertergeneraator-mxr2300\/#breadcrumb\"},\"inLanguage\":\"en-GB\",\"potentialAction\":[{\"@type\":\"ReadAction\",\"target\":[\"https:\/\/genekas24.ee\/toode\/invertergeneraator-mxr2300\/\"]}]},{\"@type\":\"ImageObject\",\"inLanguage\":\"en-GB\",\"@id\":\"https:\/\/genekas24.ee\/toode\/invertergeneraator-mxr2300\/#primaryimage\",\"url\":\"https:\/\/genekas24.ee\/wp-content\/uploads\/2026\/01\/maxpeedingrods-default-mxr2300-eu-32054181134533_1024x1024.webp\",\"contentUrl\":\"https:\/\/genekas24.ee\/wp-content\/uploads\/2026\/01\/maxpeedingrods-default-mxr2300-eu-32054181134533_1024x1024.webp\",\"width\":1024,\"height\":1024},{\"@type\":\"BreadcrumbList\",\"@id\":\"https:\/\/genekas24.ee\/toode\/invertergeneraator-mxr2300\/#breadcrumb\",\"itemListElement\":[{\"@type\":\"ListItem\",\"position\":1,\"name\":\"Home\",\"item\":\"https:\/\/genekas24.ee\/\"},{\"@type\":\"ListItem\",\"position\":2,\"name\":\"Pood\",\"item\":\"https:\/\/genekas24.ee\/pood\/\"},{\"@type\":\"ListItem\",\"position\":3,\"name\":\"Invertergeneraator MXR2300\"}]},{\"@type\":\"WebSite\",\"@id\":\"https:\/\/genekas24.ee\/#website\",\"url\":\"https:\/\/genekas24.ee\/\",\"name\":\"Genekas24\",\"description\":\"Generaatorid | K&ouml;nner S&ouml;hnen tooted | Genekas24\",\"publisher\":{\"@id\":\"https:\/\/genekas24.ee\/#organization\"},\"potentialAction\":[{\"@type\":\"SearchAction\",\"target\":{\"@type\":\"EntryPoint\",\"urlTemplate\":\"https:\/\/genekas24.ee\/?s={search_term_string}\"},\"query-input\":{\"@type\":\"PropertyValueSpecification\",\"valueRequired\":true,\"valueName\":\"search_term_string\"}}],\"inLanguage\":\"en-GB\"},{\"@type\":\"Organization\",\"@id\":\"https:\/\/genekas24.ee\/#organization\",\"name\":\"Genekas24\",\"url\":\"https:\/\/genekas24.ee\/\",\"logo\":{\"@type\":\"ImageObject\",\"inLanguage\":\"en-GB\",\"@id\":\"https:\/\/genekas24.ee\/#\/schema\/logo\/image\/\",\"url\":\"https:\/\/genekas24.ee\/wp-content\/uploads\/2026\/01\/genekas24-logo_black.svg\",\"contentUrl\":\"https:\/\/genekas24.ee\/wp-content\/uploads\/2026\/01\/genekas24-logo_black.svg\",\"width\":840,\"height\":131,\"caption\":\"Genekas24\"},\"image\":{\"@id\":\"https:\/\/genekas24.ee\/#\/schema\/logo\/image\/\"}}]}<\/script>\n<!-- \/ Yoast SEO plugin. -->","yoast_head_json":{"title":"Invertergeneraator MXR2300 - Genekas24","robots":{"index":"index","follow":"follow","max-snippet":"max-snippet:-1","max-image-preview":"max-image-preview:large","max-video-preview":"max-video-preview:-1"},"canonical":"https:\/\/genekas24.ee\/en\/product\/invertergeneraator-mxr2300\/","og_locale":"en_GB","og_type":"article","og_title":"Invertergeneraator MXR2300 - Genekas24","og_description":"Nimiv\u00f5imsus 1800 W   Maksimaalne v\u00f5imsus 2300 W   Pinge 230 V \/ 50 Hz   Pinge reguleerimine Invertertehnoloogia   T\u00f6\u00f6vool 7,8 A   Tippvool 10 A   K\u00fctuse liik Bensiin (soovitus: plii\u00advaba)   \u00d5li t\u00fc\u00fcp SAE 10W30 (soovitus)   Mootori t\u00fc\u00fcp 4-taktiline OHV mootor   Paagi maht 4 l   Neljandiku koormusega t\u00f6\u00f6aeg 11 h   50% koormusega t\u00f6\u00f6aeg 6,5 h   Silindri maht 79,7 cc   M\u00fcra tase (7 m kaugusel) 58 dB   M\u00f5\u00f5tmed (P x L x K) 510 x 320 x 475 mm   T\u00fchimass 18 kg   Paralell\u00fchendamine Jah   \u00d6ko-re\u017eiim Jah","og_url":"https:\/\/genekas24.ee\/en\/product\/invertergeneraator-mxr2300\/","og_site_name":"Genekas24","article_modified_time":"2026-01-15T13:25:07+00:00","og_image":[{"width":1024,"height":1024,"url":"https:\/\/genekas24.ee\/wp-content\/uploads\/2026\/01\/maxpeedingrods-default-mxr2300-eu-32054181134533_1024x1024.webp","type":"image\/webp"}],"twitter_card":"summary_large_image","twitter_misc":{"Estimated reading time":"2 minutes"},"schema":{"@context":"https:\/\/schema.org","@graph":[{"@type":"WebPage","@id":"https:\/\/genekas24.ee\/toode\/invertergeneraator-mxr2300\/","url":"https:\/\/genekas24.ee\/toode\/invertergeneraator-mxr2300\/","name":"Invertergeneraator MXR2300 - Genekas24","isPartOf":{"@id":"https:\/\/genekas24.ee\/#website"},"primaryImageOfPage":{"@id":"https:\/\/genekas24.ee\/toode\/invertergeneraator-mxr2300\/#primaryimage"},"image":{"@id":"https:\/\/genekas24.ee\/toode\/invertergeneraator-mxr2300\/#primaryimage"},"thumbnailUrl":"https:\/\/genekas24.ee\/wp-content\/uploads\/2026\/01\/maxpeedingrods-default-mxr2300-eu-32054181134533_1024x1024.webp","datePublished":"2026-01-15T13:12:28+00:00","dateModified":"2026-01-15T13:25:07+00:00","breadcrumb":{"@id":"https:\/\/genekas24.ee\/toode\/invertergeneraator-mxr2300\/#breadcrumb"},"inLanguage":"en-GB","potentialAction":[{"@type":"ReadAction","target":["https:\/\/genekas24.ee\/toode\/invertergeneraator-mxr2300\/"]}]},{"@type":"ImageObject","inLanguage":"en-GB","@id":"https:\/\/genekas24.ee\/toode\/invertergeneraator-mxr2300\/#primaryimage","url":"https:\/\/genekas24.ee\/wp-content\/uploads\/2026\/01\/maxpeedingrods-default-mxr2300-eu-32054181134533_1024x1024.webp","contentUrl":"https:\/\/genekas24.ee\/wp-content\/uploads\/2026\/01\/maxpeedingrods-default-mxr2300-eu-32054181134533_1024x1024.webp","width":1024,"height":1024},{"@type":"BreadcrumbList","@id":"https:\/\/genekas24.ee\/toode\/invertergeneraator-mxr2300\/#breadcrumb","itemListElement":[{"@type":"ListItem","position":1,"name":"Home","item":"https:\/\/genekas24.ee\/"},{"@type":"ListItem","position":2,"name":"Pood","item":"https:\/\/genekas24.ee\/pood\/"},{"@type":"ListItem","position":3,"name":"Invertergeneraator MXR2300"}]},{"@type":"WebSite","@id":"https:\/\/genekas24.ee\/#website","url":"https:\/\/genekas24.ee\/","name":"Genekas24","description":"Generaatorid | K&ouml;nner S&ouml;hnen tooted | Genekas24","publisher":{"@id":"https:\/\/genekas24.ee\/#organization"},"potentialAction":[{"@type":"SearchAction","target":{"@type":"EntryPoint","urlTemplate":"https:\/\/genekas24.ee\/?s={search_term_string}"},"query-input":{"@type":"PropertyValueSpecification","valueRequired":true,"valueName":"search_term_string"}}],"inLanguage":"en-GB"},{"@type":"Organization","@id":"https:\/\/genekas24.ee\/#organization","name":"Genekas24","url":"https:\/\/genekas24.ee\/","logo":{"@type":"ImageObject","inLanguage":"en-GB","@id":"https:\/\/genekas24.ee\/#\/schema\/logo\/image\/","url":"https:\/\/genekas24.ee\/wp-content\/uploads\/2026\/01\/genekas24-logo_black.svg","contentUrl":"https:\/\/genekas24.ee\/wp-content\/uploads\/2026\/01\/genekas24-logo_black.svg","width":840,"height":131,"caption":"Genekas24"},"image":{"@id":"https:\/\/genekas24.ee\/#\/schema\/logo\/image\/"}}]}},"_links":{"self":[{"href":"https:\/\/genekas24.ee\/en\/wp-json\/wp\/v2\/product\/22772","targetHints":{"allow":["GET"]}}],"collection":[{"href":"https:\/\/genekas24.ee\/en\/wp-json\/wp\/v2\/product"}],"about":[{"href":"https:\/\/genekas24.ee\/en\/wp-json\/wp\/v2\/types\/product"}],"version-history":[{"count":5,"href":"https:\/\/genekas24.ee\/en\/wp-json\/wp\/v2\/product\/22772\/revisions"}],"predecessor-version":[{"id":22785,"href":"https:\/\/genekas24.ee\/en\/wp-json\/wp\/v2\/product\/22772\/revisions\/22785"}],"wp:featuredmedia":[{"embeddable":true,"href":"https:\/\/genekas24.ee\/en\/wp-json\/wp\/v2\/media\/22773"}],"wp:attachment":[{"href":"https:\/\/genekas24.ee\/en\/wp-json\/wp\/v2\/media?parent=22772"}],"wp:term":[{"taxonomy":"product_brand","embeddable":true,"href":"https:\/\/genekas24.ee\/en\/wp-json\/wp\/v2\/product_brand?post=22772"},{"taxonomy":"product_cat","embeddable":true,"href":"https:\/\/genekas24.ee\/en\/wp-json\/wp\/v2\/product_cat?post=22772"},{"taxonomy":"product_tag","embeddable":true,"href":"https:\/\/genekas24.ee\/en\/wp-json\/wp\/v2\/product_tag?post=22772"}],"curies":[{"name":"wp","href":"https:\/\/api.w.org\/{rel}","templated":true}]}}