{"id":22753,"date":"2026-04-08T17:17:31","date_gmt":"2026-04-08T17:17:31","guid":{"rendered":"https:\/\/genekas24.ee\/?post_type=product&#038;p=22753"},"modified":"2026-04-08T17:17:31","modified_gmt":"2026-04-08T17:17:31","slug":"itcpower-nt6100se-3-diiselgeneraator-6000w-400v-230v","status":"publish","type":"product","link":"https:\/\/genekas24.ee\/en\/product\/itcpower-nt6100se-3-diiselgeneraator-6000w-400v-230v\/","title":{"rendered":"ITCPOWER NT6100SE-3 diiselgeneraator 6000W 400V\/230V"},"content":{"rendered":"<p style=\"font-weight: 400;\">ITCPOWER NT6100SE-3 diiselgeneraator 6000W 400V\/2200W 230V on kompaktne, \u00f6konoomne ja v\u00f5imas ITCPOWERi generaator. ITCPOWER NT6100SE-3 diiselgeneraatorit 6000W 400V\/2200W 230V saab k\u00e4ivitada ka elektriliselt.<\/p>\n<p style=\"font-weight: 400;\"><strong>Avariitoiteallikad:<\/strong><\/p>\n<p style=\"font-weight: 400;\">See on diiselgeneraatorite \u00fcks levinumaid rakendusi. Neid kasutatakse elektrienergia tootmiseks tavalise elektriv\u00f5rgu rikke korral v\u00f5i kui puudub otsene juurdep\u00e4\u00e4s v\u00f5rgule. See on sageli \u00fclioluline j\u00e4rgmistes kohtades: p\u00f5llumajandus, ehitusplatsid, infrastruktuur, lennujaamad ja muud kohad, kus isegi l\u00fchike elektrikatkestus v\u00f5ib olla kulukas. L\u00fchidalt \u00f6eldes kasutatakse diiselgeneraatoreid erinevates kohtades, kus puudub otsene juurdep\u00e4\u00e4s tavalisele elektriv\u00f5rgule, v\u00f5i avariilahendusena.<\/p>\n<p style=\"font-weight: 400;\"><strong>Hooldus:<\/strong><\/p>\n<p style=\"font-weight: 400;\">Diiselgeneraatorid vajavad regulaarset hooldust, sealhulgas \u00f5livahetust, \u00f5hufiltrite vahetust ja k\u00fctuses\u00fcsteemi kontrollimist. Generaatori pikaajalise t\u00f6\u00f6 tagamiseks tehke seda regulaarselt. \u00d5li osas soovitame ITCPOWERi generaatorite jaoks kasutada 4T 15W40 \u00f5li. See on parim \u00f5li teie ITCPOWERi diiselgeneraatori pikaajaliseks j\u00f5udluseks. \u00d5li, filtrid ja mitmesugused muud osad on meilt kergesti k\u00e4ttesaadavad. Lisateabe saamiseks v\u00f5tke meiega \u00fchendust!<\/p>\n<p style=\"font-weight: 400;\"><strong>V\u00f5imsus ja m\u00fcra:<\/strong><\/p>\n<p style=\"font-weight: 400;\">Diiselgeneraatoreid on saadaval erinevates suurustes ja\/v\u00f5i v\u00f5imsusklassides, alates kaasaskantavatest generaatoritest v\u00e4ikeste rakenduste jaoks kuni suurte t\u00f6\u00f6stusgeneraatoriteni, mis suudavad toita terveid rajatisi. Paljud ITCPOWERi generaatorid on varustatud korpusega. See v\u00e4hendab diiselgeneraatori m\u00fcra. Palun vaadake hoolikalt l\u00e4bi allolevad fotod ja spetsifikatsioonid.<\/p>\n<p style=\"font-weight: 400;\"><strong>Automaatika:<\/strong><\/p>\n<p style=\"font-weight: 400;\">Paljud diiselgeneraatorid on varustatud automaatsete k\u00e4ivitus-\/seiskamiss\u00fcsteemide ja\/v\u00f5i ATS-\u00fchendustega. (t\u00e4histatud kui: ATS\/AUTO) Need saavad sujuvalt generaatorile toite l\u00fclitada, kui tavaline elektriv\u00f5rk rikki l\u00e4heb. See on ideaalne, kui otsite generaatorit h\u00e4daolukorraks. Mitmed generaatorid v\u00f5ivad t\u00f6\u00f6tada ka 230 V ja 400 V pingel.<\/p>","protected":false},"excerpt":{"rendered":"<table>\n<tbody>\n<tr>\n<td>Mudel<\/td>\n<td>NT6100SE-3<\/td>\n<\/tr>\n<tr>\n<td>Voltage<\/td>\n<td>230 V \/ 400 V<\/td>\n<\/tr>\n<tr>\n<td>V\u00f5imsus (A)<\/td>\n<td>16 A (230 V), 10,7 A (400 V)<\/td>\n<\/tr>\n<tr>\n<td>Maksimaalne v\u00f5imsus<\/td>\n<td>6600 W (400 V) \/ 2,8 kVA (230 V)<\/td>\n<\/tr>\n<tr>\n<td>Pidevv\u00f5imsus<\/td>\n<td>6025 W (400 V) \/ 2,2 kVA (230 V)<\/td>\n<\/tr>\n<tr>\n<td>Frequency<\/td>\n<td>50 Hz<\/td>\n<\/tr>\n<tr>\n<td>\u00dchendused<\/td>\n<td>1 \u00d7 16 A (230 V), 1 \u00d7 PCE 5P (400 V)<\/td>\n<\/tr>\n<tr>\n<td>Display<\/td>\n<td>Digitaalne<\/td>\n<\/tr>\n<tr>\n<td>Aku<\/td>\n<td>30 Ah<\/td>\n<\/tr>\n<tr>\n<td>K\u00e4ivitus<\/td>\n<td>Electric<\/td>\n<\/tr>\n<tr>\n<td>ATS valmidus<\/td>\n<td>Jah, AUTO START<\/td>\n<\/tr>\n<tr>\n<td>Alalisvoolu v\u00e4ljund<\/td>\n<td>12 V<\/td>\n<\/tr>\n<tr>\n<td>Pinge reguleerimine<\/td>\n<td>AVR (automaatne pingeregulaator)<\/td>\n<\/tr>\n<tr>\n<td>\u00dclekoormuskaitse<\/td>\n<td>Jah<\/td>\n<\/tr>\n<tr>\n<td>K\u00fctusepaak<\/td>\n<td>12 L<\/td>\n<\/tr>\n<tr>\n<td>K\u00fctusekulu (50% koormusel)<\/td>\n<td>1,2 L\/t<\/td>\n<\/tr>\n<tr>\n<td>\u00d5limaht<\/td>\n<td>1,65 L (15W40)<\/td>\n<\/tr>\n<tr>\n<td>M\u00fcratase (7 m)<\/td>\n<td>72 dBA<\/td>\n<\/tr>\n<tr>\n<td>Mootor<\/td>\n<td>D400E \u2013 10 hj, 418 cm\u00b3, 3000 p\/min, \u00f5hkjahutusega<\/td>\n<\/tr>\n<tr>\n<td>Generator<\/td>\n<td>A5S-3<\/td>\n<\/tr>\n<tr>\n<td>Netokaal<\/td>\n<td>152 kg<\/td>\n<\/tr>\n<tr>\n<td>M\u00f5\u00f5tmed<\/td>\n<td>920 \u00d7 520 \u00d7 760 mm<\/td>\n<\/tr>\n<\/tbody>\n<\/table>","protected":false},"featured_media":22754,"template":"","meta":{"_acf_changed":false,"inline_featured_image":false},"product_brand":[],"product_cat":[22,94],"product_tag":[],"class_list":{"0":"post-22753","1":"product","2":"type-product","3":"status-publish","4":"has-post-thumbnail","6":"product_cat-diiselgeneraatorid","7":"product_cat-generaatorid","8":"product_shipping_class-euroalus","9":"brand-itcpower","11":"first","12":"instock","13":"taxable","14":"shipping-taxable","15":"purchasable","16":"product-type-simple"},"acf":[],"yoast_head":"<!-- This site is optimized with the Yoast SEO plugin v27.2 - https:\/\/yoast.com\/product\/yoast-seo-wordpress\/ -->\n<title>ITCPOWER NT6100SE-3 diiselgeneraator 6000W 400V\/230V - Genekas24<\/title>\n<meta name=\"robots\" content=\"index, follow, max-snippet:-1, max-image-preview:large, max-video-preview:-1\" \/>\n<link rel=\"canonical\" href=\"https:\/\/genekas24.ee\/en\/product\/itcpower-nt6100se-3-diiselgeneraator-6000w-400v-230v\/\" \/>\n<meta property=\"og:locale\" content=\"en_GB\" \/>\n<meta property=\"og:type\" content=\"article\" \/>\n<meta property=\"og:title\" content=\"ITCPOWER NT6100SE-3 diiselgeneraator 6000W 400V\/230V - Genekas24\" \/>\n<meta property=\"og:description\" content=\"Mudel NT6100SE-3   Pinge 230 V \/ 400 V   V\u00f5imsus (A) 16 A (230 V), 10,7 A (400 V)   Maksimaalne v\u00f5imsus 6600 W (400 V) \/ 2,8 kVA (230 V)   Pidevv\u00f5imsus 6025 W (400 V) \/ 2,2 kVA (230 V)   Sagedus 50 Hz   \u00dchendused 1 \u00d7 16 A (230 V), 1 \u00d7 PCE 5P (400 V)   Ekraan Digitaalne   Aku 30 Ah   K\u00e4ivitus Elektriline   ATS valmidus Jah, AUTO START   Alalisvoolu v\u00e4ljund 12 V   Pinge reguleerimine AVR (automaatne pingeregulaator)   \u00dclekoormuskaitse Jah   K\u00fctusepaak 12 L   K\u00fctusekulu (50% koormusel) 1,2 L\/t   \u00d5limaht 1,65 L (15W40)   M\u00fcratase (7 m) 72 dBA   Mootor D400E \u2013 10 hj, 418 cm\u00b3, 3000 p\/min, \u00f5hkjahutusega   Generaator A5S-3   Netokaal 152 kg   M\u00f5\u00f5tmed 920 \u00d7 520 \u00d7 760 mm\" \/>\n<meta property=\"og:url\" content=\"https:\/\/genekas24.ee\/en\/product\/itcpower-nt6100se-3-diiselgeneraator-6000w-400v-230v\/\" \/>\n<meta property=\"og:site_name\" content=\"Genekas24\" \/>\n<meta property=\"og:image\" content=\"https:\/\/genekas24.ee\/wp-content\/uploads\/2026\/01\/2192-500x500-1.jpeg\" \/>\n\t<meta property=\"og:image:width\" content=\"500\" \/>\n\t<meta property=\"og:image:height\" content=\"500\" \/>\n\t<meta property=\"og:image:type\" content=\"image\/jpeg\" \/>\n<meta name=\"twitter:card\" content=\"summary_large_image\" \/>\n<meta name=\"twitter:label1\" content=\"Estimated reading time\" \/>\n\t<meta name=\"twitter:data1\" content=\"2 minutes\" \/>\n<script type=\"application\/ld+json\" class=\"yoast-schema-graph\">{\"@context\":\"https:\/\/schema.org\",\"@graph\":[{\"@type\":\"WebPage\",\"@id\":\"https:\/\/genekas24.ee\/toode\/itcpower-nt6100se-3-diiselgeneraator-6000w-400v-230v\/\",\"url\":\"https:\/\/genekas24.ee\/toode\/itcpower-nt6100se-3-diiselgeneraator-6000w-400v-230v\/\",\"name\":\"ITCPOWER NT6100SE-3 diiselgeneraator 6000W 400V\/230V - Genekas24\",\"isPartOf\":{\"@id\":\"https:\/\/genekas24.ee\/#website\"},\"primaryImageOfPage\":{\"@id\":\"https:\/\/genekas24.ee\/toode\/itcpower-nt6100se-3-diiselgeneraator-6000w-400v-230v\/#primaryimage\"},\"image\":{\"@id\":\"https:\/\/genekas24.ee\/toode\/itcpower-nt6100se-3-diiselgeneraator-6000w-400v-230v\/#primaryimage\"},\"thumbnailUrl\":\"https:\/\/genekas24.ee\/wp-content\/uploads\/2026\/01\/2192-500x500-1.jpeg\",\"datePublished\":\"2026-04-08T17:17:31+00:00\",\"breadcrumb\":{\"@id\":\"https:\/\/genekas24.ee\/toode\/itcpower-nt6100se-3-diiselgeneraator-6000w-400v-230v\/#breadcrumb\"},\"inLanguage\":\"en-GB\",\"potentialAction\":[{\"@type\":\"ReadAction\",\"target\":[\"https:\/\/genekas24.ee\/toode\/itcpower-nt6100se-3-diiselgeneraator-6000w-400v-230v\/\"]}]},{\"@type\":\"ImageObject\",\"inLanguage\":\"en-GB\",\"@id\":\"https:\/\/genekas24.ee\/toode\/itcpower-nt6100se-3-diiselgeneraator-6000w-400v-230v\/#primaryimage\",\"url\":\"https:\/\/genekas24.ee\/wp-content\/uploads\/2026\/01\/2192-500x500-1.jpeg\",\"contentUrl\":\"https:\/\/genekas24.ee\/wp-content\/uploads\/2026\/01\/2192-500x500-1.jpeg\",\"width\":500,\"height\":500},{\"@type\":\"BreadcrumbList\",\"@id\":\"https:\/\/genekas24.ee\/toode\/itcpower-nt6100se-3-diiselgeneraator-6000w-400v-230v\/#breadcrumb\",\"itemListElement\":[{\"@type\":\"ListItem\",\"position\":1,\"name\":\"Home\",\"item\":\"https:\/\/genekas24.ee\/\"},{\"@type\":\"ListItem\",\"position\":2,\"name\":\"Pood\",\"item\":\"https:\/\/genekas24.ee\/pood\/\"},{\"@type\":\"ListItem\",\"position\":3,\"name\":\"ITCPOWER NT6100SE-3 diiselgeneraator 6000W 400V\/230V\"}]},{\"@type\":\"WebSite\",\"@id\":\"https:\/\/genekas24.ee\/#website\",\"url\":\"https:\/\/genekas24.ee\/\",\"name\":\"Genekas24\",\"description\":\"Generaatorid | K&ouml;nner S&ouml;hnen tooted | Genekas24\",\"publisher\":{\"@id\":\"https:\/\/genekas24.ee\/#organization\"},\"potentialAction\":[{\"@type\":\"SearchAction\",\"target\":{\"@type\":\"EntryPoint\",\"urlTemplate\":\"https:\/\/genekas24.ee\/?s={search_term_string}\"},\"query-input\":{\"@type\":\"PropertyValueSpecification\",\"valueRequired\":true,\"valueName\":\"search_term_string\"}}],\"inLanguage\":\"en-GB\"},{\"@type\":\"Organization\",\"@id\":\"https:\/\/genekas24.ee\/#organization\",\"name\":\"Genekas24\",\"url\":\"https:\/\/genekas24.ee\/\",\"logo\":{\"@type\":\"ImageObject\",\"inLanguage\":\"en-GB\",\"@id\":\"https:\/\/genekas24.ee\/#\/schema\/logo\/image\/\",\"url\":\"https:\/\/genekas24.ee\/wp-content\/uploads\/2026\/01\/genekas24-logo_black.svg\",\"contentUrl\":\"https:\/\/genekas24.ee\/wp-content\/uploads\/2026\/01\/genekas24-logo_black.svg\",\"width\":840,\"height\":131,\"caption\":\"Genekas24\"},\"image\":{\"@id\":\"https:\/\/genekas24.ee\/#\/schema\/logo\/image\/\"}}]}<\/script>\n<!-- \/ Yoast SEO plugin. -->","yoast_head_json":{"title":"ITCPOWER NT6100SE-3 diiselgeneraator 6000W 400V\/230V - Genekas24","robots":{"index":"index","follow":"follow","max-snippet":"max-snippet:-1","max-image-preview":"max-image-preview:large","max-video-preview":"max-video-preview:-1"},"canonical":"https:\/\/genekas24.ee\/en\/product\/itcpower-nt6100se-3-diiselgeneraator-6000w-400v-230v\/","og_locale":"en_GB","og_type":"article","og_title":"ITCPOWER NT6100SE-3 diiselgeneraator 6000W 400V\/230V - Genekas24","og_description":"Mudel NT6100SE-3   Pinge 230 V \/ 400 V   V\u00f5imsus (A) 16 A (230 V), 10,7 A (400 V)   Maksimaalne v\u00f5imsus 6600 W (400 V) \/ 2,8 kVA (230 V)   Pidevv\u00f5imsus 6025 W (400 V) \/ 2,2 kVA (230 V)   Sagedus 50 Hz   \u00dchendused 1 \u00d7 16 A (230 V), 1 \u00d7 PCE 5P (400 V)   Ekraan Digitaalne   Aku 30 Ah   K\u00e4ivitus Elektriline   ATS valmidus Jah, AUTO START   Alalisvoolu v\u00e4ljund 12 V   Pinge reguleerimine AVR (automaatne pingeregulaator)   \u00dclekoormuskaitse Jah   K\u00fctusepaak 12 L   K\u00fctusekulu (50% koormusel) 1,2 L\/t   \u00d5limaht 1,65 L (15W40)   M\u00fcratase (7 m) 72 dBA   Mootor D400E \u2013 10 hj, 418 cm\u00b3, 3000 p\/min, \u00f5hkjahutusega   Generaator A5S-3   Netokaal 152 kg   M\u00f5\u00f5tmed 920 \u00d7 520 \u00d7 760 mm","og_url":"https:\/\/genekas24.ee\/en\/product\/itcpower-nt6100se-3-diiselgeneraator-6000w-400v-230v\/","og_site_name":"Genekas24","og_image":[{"width":500,"height":500,"url":"https:\/\/genekas24.ee\/wp-content\/uploads\/2026\/01\/2192-500x500-1.jpeg","type":"image\/jpeg"}],"twitter_card":"summary_large_image","twitter_misc":{"Estimated reading time":"2 minutes"},"schema":{"@context":"https:\/\/schema.org","@graph":[{"@type":"WebPage","@id":"https:\/\/genekas24.ee\/toode\/itcpower-nt6100se-3-diiselgeneraator-6000w-400v-230v\/","url":"https:\/\/genekas24.ee\/toode\/itcpower-nt6100se-3-diiselgeneraator-6000w-400v-230v\/","name":"ITCPOWER NT6100SE-3 diiselgeneraator 6000W 400V\/230V - Genekas24","isPartOf":{"@id":"https:\/\/genekas24.ee\/#website"},"primaryImageOfPage":{"@id":"https:\/\/genekas24.ee\/toode\/itcpower-nt6100se-3-diiselgeneraator-6000w-400v-230v\/#primaryimage"},"image":{"@id":"https:\/\/genekas24.ee\/toode\/itcpower-nt6100se-3-diiselgeneraator-6000w-400v-230v\/#primaryimage"},"thumbnailUrl":"https:\/\/genekas24.ee\/wp-content\/uploads\/2026\/01\/2192-500x500-1.jpeg","datePublished":"2026-04-08T17:17:31+00:00","breadcrumb":{"@id":"https:\/\/genekas24.ee\/toode\/itcpower-nt6100se-3-diiselgeneraator-6000w-400v-230v\/#breadcrumb"},"inLanguage":"en-GB","potentialAction":[{"@type":"ReadAction","target":["https:\/\/genekas24.ee\/toode\/itcpower-nt6100se-3-diiselgeneraator-6000w-400v-230v\/"]}]},{"@type":"ImageObject","inLanguage":"en-GB","@id":"https:\/\/genekas24.ee\/toode\/itcpower-nt6100se-3-diiselgeneraator-6000w-400v-230v\/#primaryimage","url":"https:\/\/genekas24.ee\/wp-content\/uploads\/2026\/01\/2192-500x500-1.jpeg","contentUrl":"https:\/\/genekas24.ee\/wp-content\/uploads\/2026\/01\/2192-500x500-1.jpeg","width":500,"height":500},{"@type":"BreadcrumbList","@id":"https:\/\/genekas24.ee\/toode\/itcpower-nt6100se-3-diiselgeneraator-6000w-400v-230v\/#breadcrumb","itemListElement":[{"@type":"ListItem","position":1,"name":"Home","item":"https:\/\/genekas24.ee\/"},{"@type":"ListItem","position":2,"name":"Pood","item":"https:\/\/genekas24.ee\/pood\/"},{"@type":"ListItem","position":3,"name":"ITCPOWER NT6100SE-3 diiselgeneraator 6000W 400V\/230V"}]},{"@type":"WebSite","@id":"https:\/\/genekas24.ee\/#website","url":"https:\/\/genekas24.ee\/","name":"Genekas24","description":"Generaatorid | K&ouml;nner S&ouml;hnen tooted | Genekas24","publisher":{"@id":"https:\/\/genekas24.ee\/#organization"},"potentialAction":[{"@type":"SearchAction","target":{"@type":"EntryPoint","urlTemplate":"https:\/\/genekas24.ee\/?s={search_term_string}"},"query-input":{"@type":"PropertyValueSpecification","valueRequired":true,"valueName":"search_term_string"}}],"inLanguage":"en-GB"},{"@type":"Organization","@id":"https:\/\/genekas24.ee\/#organization","name":"Genekas24","url":"https:\/\/genekas24.ee\/","logo":{"@type":"ImageObject","inLanguage":"en-GB","@id":"https:\/\/genekas24.ee\/#\/schema\/logo\/image\/","url":"https:\/\/genekas24.ee\/wp-content\/uploads\/2026\/01\/genekas24-logo_black.svg","contentUrl":"https:\/\/genekas24.ee\/wp-content\/uploads\/2026\/01\/genekas24-logo_black.svg","width":840,"height":131,"caption":"Genekas24"},"image":{"@id":"https:\/\/genekas24.ee\/#\/schema\/logo\/image\/"}}]}},"_links":{"self":[{"href":"https:\/\/genekas24.ee\/en\/wp-json\/wp\/v2\/product\/22753","targetHints":{"allow":["GET"]}}],"collection":[{"href":"https:\/\/genekas24.ee\/en\/wp-json\/wp\/v2\/product"}],"about":[{"href":"https:\/\/genekas24.ee\/en\/wp-json\/wp\/v2\/types\/product"}],"version-history":[{"count":1,"href":"https:\/\/genekas24.ee\/en\/wp-json\/wp\/v2\/product\/22753\/revisions"}],"predecessor-version":[{"id":22758,"href":"https:\/\/genekas24.ee\/en\/wp-json\/wp\/v2\/product\/22753\/revisions\/22758"}],"wp:featuredmedia":[{"embeddable":true,"href":"https:\/\/genekas24.ee\/en\/wp-json\/wp\/v2\/media\/22754"}],"wp:attachment":[{"href":"https:\/\/genekas24.ee\/en\/wp-json\/wp\/v2\/media?parent=22753"}],"wp:term":[{"taxonomy":"product_brand","embeddable":true,"href":"https:\/\/genekas24.ee\/en\/wp-json\/wp\/v2\/product_brand?post=22753"},{"taxonomy":"product_cat","embeddable":true,"href":"https:\/\/genekas24.ee\/en\/wp-json\/wp\/v2\/product_cat?post=22753"},{"taxonomy":"product_tag","embeddable":true,"href":"https:\/\/genekas24.ee\/en\/wp-json\/wp\/v2\/product_tag?post=22753"}],"curies":[{"name":"wp","href":"https:\/\/api.w.org\/{rel}","templated":true}]}}