{"id":22736,"date":"2026-04-08T17:39:33","date_gmt":"2026-04-08T17:39:33","guid":{"rendered":"https:\/\/genekas24.ee\/?post_type=product&#038;p=22736"},"modified":"2026-04-08T17:39:33","modified_gmt":"2026-04-08T17:39:33","slug":"itcpower-kgg90ei-df-invertergeneraator-8100w-230v-400v","status":"publish","type":"product","link":"https:\/\/genekas24.ee\/en\/product\/itcpower-kgg90ei-df-invertergeneraator-8100w-230v-400v\/","title":{"rendered":"ITCPOWER KGG90EI-DF invertergeneraator 8100W 230V\/400V"},"content":{"rendered":"<p style=\"font-weight: 400;\"><strong>Invertertehnoloogia<\/strong><\/p>\n<p style=\"font-weight: 400;\">ITCPOWERi inverteri invertertehnoloogia ei paku mitte ainult elektrit, vaid ka stabiilset ja usaldusv\u00e4\u00e4rset energiaallikat. Enam pole vaja muretseda pingek\u00f5ikumiste p\u00e4rast, mis kahjustavad teie tundlikku elektroonikat: meie generaator pakub vajalikku t\u00e4psust. See generaator pakub 400 V pinget ilma pingek\u00f5ikumisteta, mida k\u00f5ike juhib sisseehitatud inverterplaat. See t\u00e4hendab aga, et tippkoormuse t\u00f5ttu ei saa sellega \u00fchendada elektrilisi t\u00f6\u00f6riistu (n\u00e4iteks puure, nurklihvijat jne). Kui soovite seda teha, valige AVR-juhtimisega generaator (tavaline bensiinigeneraator).<\/p>\n<p style=\"font-weight: 400;\"><strong>Kompaktne<\/strong><\/p>\n<p style=\"font-weight: 400;\">Olenemata sellest, kas olete telkimas looduses, naudite loodusretke, t\u00f6\u00f6tate kaugel ehitusplatsil v\u00f5i soovite lihtsalt olla valmis h\u00e4daolukordadeks, on meie bensiini invertergeneraator teie ustav kaaslane. K\u00f5ik meie inverterid on kaasaskantava\/mobiilse disainiga, rataste ja\/v\u00f5i k\u00e4epidemetega ning valmistatud kergetest materjalidest, mis muudab nende liigutamise k\u00f5ikjale lihtsaks. L\u00fchidalt \u00f6eldes, mugav ja kompaktne masin!<\/p>\n<p style=\"font-weight: 400;\"><strong>M\u00fcra<\/strong><\/p>\n<p style=\"font-weight: 400;\">K\u00f5igi meie invertergeneraatorite peamine omadus on m\u00fcratase. Masinad on konstrueeritud detsibellide minimeerimiseks, kasutades sobivat isolatsiooni, katet ja summuteid. See tagab, et m\u00fcra ei tundu h\u00e4irivana.<\/p>\n<p style=\"font-weight: 400;\"><strong>K\u00fctus ja \u00f5li<\/strong><\/p>\n<p style=\"font-weight: 400;\">Meie usaldusv\u00e4\u00e4rsed ITCPOWER inverterid t\u00f6\u00f6tavad standardvarustuses bensiini\/k\u00fctusega. Olenemata sellest, kas tegemist on Euro 95\/98\/Aspeni v\u00f5i Oecokrafti k\u00fctusega, pole vahet, peaasi, et see oleks puhas. M\u00f5ned mudelid on varustatud LPG-\u00fchendusega, kui see on m\u00e4rgitud (DF\/DUAL FUEL). Igal juhul ei pea te muretsema keeruliste k\u00fctusesegude v\u00f5i raskesti leitavate k\u00fctuste p\u00e4rast. Lisaks on k\u00f5ik meie bensiinimuundurid v\u00e4ga k\u00fctuses\u00e4\u00e4stlikud ja saate t\u00e4ispaagiga pikka aega v\u00f5imsust nautida.<\/p>\n<p style=\"font-weight: 400;\">","protected":false},"excerpt":{"rendered":"<table>\n<tbody>\n<tr>\n<td>Pidevv\u00f5imsus<\/td>\n<td>230 V: Bensiin 8,1 kW \/ LPG 7,3 kW 400 V: Bensiin 8,1 kW \/ LPG 7,3 kW<\/td>\n<\/tr>\n<tr>\n<td>Maksimaalne v\u00f5imsus<\/td>\n<td>230 V: Bensiin 8,9 kW \/ LPG 8,0 kW 400 V: Bensiin 8,9 kW \/ LPG 8,0 kW<\/td>\n<\/tr>\n<tr>\n<td>Frequency<\/td>\n<td>50 Hz<\/td>\n<\/tr>\n<tr>\n<td>Voltage<\/td>\n<td>230 V \/ 400 V \u2013 t\u00e4isv\u00f5imsusega inverterplaat<\/td>\n<\/tr>\n<tr>\n<td>Seinakontakti \u00fchendused<\/td>\n<td>1 \u00d7 230 V 16 A, 1 \u00d7 230 V 32 A, 1 \u00d7 400 V 16 A<\/td>\n<\/tr>\n<tr>\n<td>N\u00e4idik<\/td>\n<td>kW, voltid, Hz, tunniarvesti<\/td>\n<\/tr>\n<tr>\n<td>ATS-\u00fchendus<\/td>\n<td>Jah<\/td>\n<\/tr>\n<tr>\n<td>USB-\u00fchendus<\/td>\n<td>Jah<\/td>\n<\/tr>\n<tr>\n<td>K\u00fctusepaak<\/td>\n<td>30 L<\/td>\n<\/tr>\n<tr>\n<td>T\u00f6\u00f6aeg (50% koormusel)<\/td>\n<td>u. 10 h (bensiin)<\/td>\n<\/tr>\n<tr>\n<td>K\u00e4ivitus<\/td>\n<td>Manuaalne \/ elektriline (kaugjuhtimispuldiga)<\/td>\n<\/tr>\n<tr>\n<td>M\u00fcratase (7 m)<\/td>\n<td>75 dB<\/td>\n<\/tr>\n<tr>\n<td>V\u00f5imsus (A)<\/td>\n<td>230 V: 35 A \/ 400 V: 13,7 A (faasi kohta, bensiinil)<\/td>\n<\/tr>\n<tr>\n<td>Mootor<\/td>\n<td>SV460B \u2013 OHV, 4-taktiline, 459 cm\u00b3, \u00f5hkjahutusega<\/td>\n<\/tr>\n<tr>\n<td>\u00d5limaht<\/td>\n<td>1,1 L (15W40)<\/td>\n<\/tr>\n<tr>\n<td>\u00d5lialarm<\/td>\n<td>Jah<\/td>\n<\/tr>\n<tr>\n<td>\u00dclekoormuse indikaator<\/td>\n<td>Jah<\/td>\n<\/tr>\n<tr>\n<td>Kaal<\/td>\n<td>96 kg<\/td>\n<\/tr>\n<tr>\n<td>M\u00f5\u00f5tmed<\/td>\n<td>665 \u00d7 634 \u00d7 752 mm<\/td>\n<\/tr>\n<tr>\n<td>K\u00fctus<\/td>\n<td>Bensiin v\u00f5i LPG (Butaan: 10% v\u00f5imsuskao korral, Propaan: 30% v\u00f5imsuskao korral)<\/td>\n<\/tr>\n<tr>\n<td>Gaasiballoon kaasas<\/td>\n<td>Ei<\/td>\n<\/tr>\n<tr>\n<td>Gaasivoolik kaasas<\/td>\n<td>Jah (27\u201330 mbar)<\/td>\n<\/tr>\n<\/tbody>\n<\/table>","protected":false},"featured_media":22737,"template":"","meta":{"_acf_changed":false,"inline_featured_image":false},"product_brand":[],"product_cat":[94,23],"product_tag":[],"class_list":{"0":"post-22736","1":"product","2":"type-product","3":"status-publish","4":"has-post-thumbnail","6":"product_cat-generaatorid","7":"product_cat-invertergeneraatorid","8":"product_shipping_class-euroalus","9":"brand-itcpower","11":"first","12":"instock","13":"taxable","14":"shipping-taxable","15":"purchasable","16":"product-type-simple"},"acf":[],"yoast_head":"<!-- This site is optimized with the Yoast SEO plugin v27.2 - https:\/\/yoast.com\/product\/yoast-seo-wordpress\/ -->\n<title>ITCPOWER KGG90EI-DF invertergeneraator 8100W 230V\/400V - Genekas24<\/title>\n<meta name=\"robots\" content=\"index, follow, max-snippet:-1, max-image-preview:large, max-video-preview:-1\" \/>\n<link rel=\"canonical\" href=\"https:\/\/genekas24.ee\/en\/product\/itcpower-kgg90ei-df-invertergeneraator-8100w-230v-400v\/\" \/>\n<meta property=\"og:locale\" content=\"en_GB\" \/>\n<meta property=\"og:type\" content=\"article\" \/>\n<meta property=\"og:title\" content=\"ITCPOWER KGG90EI-DF invertergeneraator 8100W 230V\/400V - Genekas24\" \/>\n<meta property=\"og:description\" content=\"Pidevv\u00f5imsus 230 V: Bensiin 8,1 kW \/ LPG 7,3 kW 400 V: Bensiin 8,1 kW \/ LPG 7,3 kW   Maksimaalne v\u00f5imsus 230 V: Bensiin 8,9 kW \/ LPG 8,0 kW 400 V: Bensiin 8,9 kW \/ LPG 8,0 kW   Sagedus 50 Hz   Pinge 230 V \/ 400 V \u2013 t\u00e4isv\u00f5imsusega inverterplaat   Seinakontakti \u00fchendused 1 \u00d7 230 V 16 A, 1 \u00d7 230 V 32 A, 1 \u00d7 400 V 16 A   N\u00e4idik kW, voltid, Hz, tunniarvesti   ATS-\u00fchendus Jah   USB-\u00fchendus Jah   K\u00fctusepaak 30 L   T\u00f6\u00f6aeg (50% koormusel) u. 10 h (bensiin)   K\u00e4ivitus Manuaalne \/ elektriline (kaugjuhtimispuldiga)   M\u00fcratase (7 m) 75 dB   V\u00f5imsus (A) 230 V: 35 A \/ 400 V: 13,7 A (faasi kohta, bensiinil)   Mootor SV460B \u2013 OHV, 4-taktiline, 459 cm\u00b3, \u00f5hkjahutusega   \u00d5limaht 1,1 L (15W40)   \u00d5lialarm Jah   \u00dclekoormuse indikaator Jah   Kaal 96 kg   M\u00f5\u00f5tmed 665 \u00d7 634 \u00d7 752 mm   K\u00fctus Bensiin v\u00f5i LPG (Butaan: 10% v\u00f5imsuskao korral, Propaan: 30% v\u00f5imsuskao korral)   Gaasiballoon kaasas Ei   Gaasivoolik kaasas Jah (27\u201330 mbar)\" \/>\n<meta property=\"og:url\" content=\"https:\/\/genekas24.ee\/en\/product\/itcpower-kgg90ei-df-invertergeneraator-8100w-230v-400v\/\" \/>\n<meta property=\"og:site_name\" content=\"Genekas24\" \/>\n<meta property=\"og:image\" content=\"https:\/\/genekas24.ee\/wp-content\/uploads\/2026\/01\/Schermafbeelding-2025-01-20-152156-500x500-1.png\" \/>\n\t<meta property=\"og:image:width\" content=\"500\" \/>\n\t<meta property=\"og:image:height\" content=\"500\" \/>\n\t<meta property=\"og:image:type\" content=\"image\/png\" \/>\n<meta name=\"twitter:card\" content=\"summary_large_image\" \/>\n<meta name=\"twitter:label1\" content=\"Estimated reading time\" \/>\n\t<meta name=\"twitter:data1\" content=\"2 minutes\" \/>\n<script type=\"application\/ld+json\" class=\"yoast-schema-graph\">{\"@context\":\"https:\/\/schema.org\",\"@graph\":[{\"@type\":\"WebPage\",\"@id\":\"https:\/\/genekas24.ee\/toode\/itcpower-kgg90ei-df-invertergeneraator-8100w-230v-400v\/\",\"url\":\"https:\/\/genekas24.ee\/toode\/itcpower-kgg90ei-df-invertergeneraator-8100w-230v-400v\/\",\"name\":\"ITCPOWER KGG90EI-DF invertergeneraator 8100W 230V\/400V - Genekas24\",\"isPartOf\":{\"@id\":\"https:\/\/genekas24.ee\/#website\"},\"primaryImageOfPage\":{\"@id\":\"https:\/\/genekas24.ee\/toode\/itcpower-kgg90ei-df-invertergeneraator-8100w-230v-400v\/#primaryimage\"},\"image\":{\"@id\":\"https:\/\/genekas24.ee\/toode\/itcpower-kgg90ei-df-invertergeneraator-8100w-230v-400v\/#primaryimage\"},\"thumbnailUrl\":\"https:\/\/genekas24.ee\/wp-content\/uploads\/2026\/01\/Schermafbeelding-2025-01-20-152156-500x500-1.png\",\"datePublished\":\"2026-04-08T17:39:33+00:00\",\"breadcrumb\":{\"@id\":\"https:\/\/genekas24.ee\/toode\/itcpower-kgg90ei-df-invertergeneraator-8100w-230v-400v\/#breadcrumb\"},\"inLanguage\":\"en-GB\",\"potentialAction\":[{\"@type\":\"ReadAction\",\"target\":[\"https:\/\/genekas24.ee\/toode\/itcpower-kgg90ei-df-invertergeneraator-8100w-230v-400v\/\"]}]},{\"@type\":\"ImageObject\",\"inLanguage\":\"en-GB\",\"@id\":\"https:\/\/genekas24.ee\/toode\/itcpower-kgg90ei-df-invertergeneraator-8100w-230v-400v\/#primaryimage\",\"url\":\"https:\/\/genekas24.ee\/wp-content\/uploads\/2026\/01\/Schermafbeelding-2025-01-20-152156-500x500-1.png\",\"contentUrl\":\"https:\/\/genekas24.ee\/wp-content\/uploads\/2026\/01\/Schermafbeelding-2025-01-20-152156-500x500-1.png\",\"width\":500,\"height\":500},{\"@type\":\"BreadcrumbList\",\"@id\":\"https:\/\/genekas24.ee\/toode\/itcpower-kgg90ei-df-invertergeneraator-8100w-230v-400v\/#breadcrumb\",\"itemListElement\":[{\"@type\":\"ListItem\",\"position\":1,\"name\":\"Home\",\"item\":\"https:\/\/genekas24.ee\/\"},{\"@type\":\"ListItem\",\"position\":2,\"name\":\"Pood\",\"item\":\"https:\/\/genekas24.ee\/pood\/\"},{\"@type\":\"ListItem\",\"position\":3,\"name\":\"ITCPOWER KGG90EI-DF invertergeneraator 8100W 230V\/400V\"}]},{\"@type\":\"WebSite\",\"@id\":\"https:\/\/genekas24.ee\/#website\",\"url\":\"https:\/\/genekas24.ee\/\",\"name\":\"Genekas24\",\"description\":\"Generaatorid | K&ouml;nner S&ouml;hnen tooted | Genekas24\",\"publisher\":{\"@id\":\"https:\/\/genekas24.ee\/#organization\"},\"potentialAction\":[{\"@type\":\"SearchAction\",\"target\":{\"@type\":\"EntryPoint\",\"urlTemplate\":\"https:\/\/genekas24.ee\/?s={search_term_string}\"},\"query-input\":{\"@type\":\"PropertyValueSpecification\",\"valueRequired\":true,\"valueName\":\"search_term_string\"}}],\"inLanguage\":\"en-GB\"},{\"@type\":\"Organization\",\"@id\":\"https:\/\/genekas24.ee\/#organization\",\"name\":\"Genekas24\",\"url\":\"https:\/\/genekas24.ee\/\",\"logo\":{\"@type\":\"ImageObject\",\"inLanguage\":\"en-GB\",\"@id\":\"https:\/\/genekas24.ee\/#\/schema\/logo\/image\/\",\"url\":\"https:\/\/genekas24.ee\/wp-content\/uploads\/2026\/01\/genekas24-logo_black.svg\",\"contentUrl\":\"https:\/\/genekas24.ee\/wp-content\/uploads\/2026\/01\/genekas24-logo_black.svg\",\"width\":840,\"height\":131,\"caption\":\"Genekas24\"},\"image\":{\"@id\":\"https:\/\/genekas24.ee\/#\/schema\/logo\/image\/\"}}]}<\/script>\n<!-- \/ Yoast SEO plugin. -->","yoast_head_json":{"title":"ITCPOWER KGG90EI-DF invertergeneraator 8100W 230V\/400V - Genekas24","robots":{"index":"index","follow":"follow","max-snippet":"max-snippet:-1","max-image-preview":"max-image-preview:large","max-video-preview":"max-video-preview:-1"},"canonical":"https:\/\/genekas24.ee\/en\/product\/itcpower-kgg90ei-df-invertergeneraator-8100w-230v-400v\/","og_locale":"en_GB","og_type":"article","og_title":"ITCPOWER KGG90EI-DF invertergeneraator 8100W 230V\/400V - Genekas24","og_description":"Pidevv\u00f5imsus 230 V: Bensiin 8,1 kW \/ LPG 7,3 kW 400 V: Bensiin 8,1 kW \/ LPG 7,3 kW   Maksimaalne v\u00f5imsus 230 V: Bensiin 8,9 kW \/ LPG 8,0 kW 400 V: Bensiin 8,9 kW \/ LPG 8,0 kW   Sagedus 50 Hz   Pinge 230 V \/ 400 V \u2013 t\u00e4isv\u00f5imsusega inverterplaat   Seinakontakti \u00fchendused 1 \u00d7 230 V 16 A, 1 \u00d7 230 V 32 A, 1 \u00d7 400 V 16 A   N\u00e4idik kW, voltid, Hz, tunniarvesti   ATS-\u00fchendus Jah   USB-\u00fchendus Jah   K\u00fctusepaak 30 L   T\u00f6\u00f6aeg (50% koormusel) u. 10 h (bensiin)   K\u00e4ivitus Manuaalne \/ elektriline (kaugjuhtimispuldiga)   M\u00fcratase (7 m) 75 dB   V\u00f5imsus (A) 230 V: 35 A \/ 400 V: 13,7 A (faasi kohta, bensiinil)   Mootor SV460B \u2013 OHV, 4-taktiline, 459 cm\u00b3, \u00f5hkjahutusega   \u00d5limaht 1,1 L (15W40)   \u00d5lialarm Jah   \u00dclekoormuse indikaator Jah   Kaal 96 kg   M\u00f5\u00f5tmed 665 \u00d7 634 \u00d7 752 mm   K\u00fctus Bensiin v\u00f5i LPG (Butaan: 10% v\u00f5imsuskao korral, Propaan: 30% v\u00f5imsuskao korral)   Gaasiballoon kaasas Ei   Gaasivoolik kaasas Jah (27\u201330 mbar)","og_url":"https:\/\/genekas24.ee\/en\/product\/itcpower-kgg90ei-df-invertergeneraator-8100w-230v-400v\/","og_site_name":"Genekas24","og_image":[{"width":500,"height":500,"url":"https:\/\/genekas24.ee\/wp-content\/uploads\/2026\/01\/Schermafbeelding-2025-01-20-152156-500x500-1.png","type":"image\/png"}],"twitter_card":"summary_large_image","twitter_misc":{"Estimated reading time":"2 minutes"},"schema":{"@context":"https:\/\/schema.org","@graph":[{"@type":"WebPage","@id":"https:\/\/genekas24.ee\/toode\/itcpower-kgg90ei-df-invertergeneraator-8100w-230v-400v\/","url":"https:\/\/genekas24.ee\/toode\/itcpower-kgg90ei-df-invertergeneraator-8100w-230v-400v\/","name":"ITCPOWER KGG90EI-DF invertergeneraator 8100W 230V\/400V - Genekas24","isPartOf":{"@id":"https:\/\/genekas24.ee\/#website"},"primaryImageOfPage":{"@id":"https:\/\/genekas24.ee\/toode\/itcpower-kgg90ei-df-invertergeneraator-8100w-230v-400v\/#primaryimage"},"image":{"@id":"https:\/\/genekas24.ee\/toode\/itcpower-kgg90ei-df-invertergeneraator-8100w-230v-400v\/#primaryimage"},"thumbnailUrl":"https:\/\/genekas24.ee\/wp-content\/uploads\/2026\/01\/Schermafbeelding-2025-01-20-152156-500x500-1.png","datePublished":"2026-04-08T17:39:33+00:00","breadcrumb":{"@id":"https:\/\/genekas24.ee\/toode\/itcpower-kgg90ei-df-invertergeneraator-8100w-230v-400v\/#breadcrumb"},"inLanguage":"en-GB","potentialAction":[{"@type":"ReadAction","target":["https:\/\/genekas24.ee\/toode\/itcpower-kgg90ei-df-invertergeneraator-8100w-230v-400v\/"]}]},{"@type":"ImageObject","inLanguage":"en-GB","@id":"https:\/\/genekas24.ee\/toode\/itcpower-kgg90ei-df-invertergeneraator-8100w-230v-400v\/#primaryimage","url":"https:\/\/genekas24.ee\/wp-content\/uploads\/2026\/01\/Schermafbeelding-2025-01-20-152156-500x500-1.png","contentUrl":"https:\/\/genekas24.ee\/wp-content\/uploads\/2026\/01\/Schermafbeelding-2025-01-20-152156-500x500-1.png","width":500,"height":500},{"@type":"BreadcrumbList","@id":"https:\/\/genekas24.ee\/toode\/itcpower-kgg90ei-df-invertergeneraator-8100w-230v-400v\/#breadcrumb","itemListElement":[{"@type":"ListItem","position":1,"name":"Home","item":"https:\/\/genekas24.ee\/"},{"@type":"ListItem","position":2,"name":"Pood","item":"https:\/\/genekas24.ee\/pood\/"},{"@type":"ListItem","position":3,"name":"ITCPOWER KGG90EI-DF invertergeneraator 8100W 230V\/400V"}]},{"@type":"WebSite","@id":"https:\/\/genekas24.ee\/#website","url":"https:\/\/genekas24.ee\/","name":"Genekas24","description":"Generaatorid | K&ouml;nner S&ouml;hnen tooted | Genekas24","publisher":{"@id":"https:\/\/genekas24.ee\/#organization"},"potentialAction":[{"@type":"SearchAction","target":{"@type":"EntryPoint","urlTemplate":"https:\/\/genekas24.ee\/?s={search_term_string}"},"query-input":{"@type":"PropertyValueSpecification","valueRequired":true,"valueName":"search_term_string"}}],"inLanguage":"en-GB"},{"@type":"Organization","@id":"https:\/\/genekas24.ee\/#organization","name":"Genekas24","url":"https:\/\/genekas24.ee\/","logo":{"@type":"ImageObject","inLanguage":"en-GB","@id":"https:\/\/genekas24.ee\/#\/schema\/logo\/image\/","url":"https:\/\/genekas24.ee\/wp-content\/uploads\/2026\/01\/genekas24-logo_black.svg","contentUrl":"https:\/\/genekas24.ee\/wp-content\/uploads\/2026\/01\/genekas24-logo_black.svg","width":840,"height":131,"caption":"Genekas24"},"image":{"@id":"https:\/\/genekas24.ee\/#\/schema\/logo\/image\/"}}]}},"_links":{"self":[{"href":"https:\/\/genekas24.ee\/en\/wp-json\/wp\/v2\/product\/22736","targetHints":{"allow":["GET"]}}],"collection":[{"href":"https:\/\/genekas24.ee\/en\/wp-json\/wp\/v2\/product"}],"about":[{"href":"https:\/\/genekas24.ee\/en\/wp-json\/wp\/v2\/types\/product"}],"version-history":[{"count":2,"href":"https:\/\/genekas24.ee\/en\/wp-json\/wp\/v2\/product\/22736\/revisions"}],"predecessor-version":[{"id":23101,"href":"https:\/\/genekas24.ee\/en\/wp-json\/wp\/v2\/product\/22736\/revisions\/23101"}],"wp:featuredmedia":[{"embeddable":true,"href":"https:\/\/genekas24.ee\/en\/wp-json\/wp\/v2\/media\/22737"}],"wp:attachment":[{"href":"https:\/\/genekas24.ee\/en\/wp-json\/wp\/v2\/media?parent=22736"}],"wp:term":[{"taxonomy":"product_brand","embeddable":true,"href":"https:\/\/genekas24.ee\/en\/wp-json\/wp\/v2\/product_brand?post=22736"},{"taxonomy":"product_cat","embeddable":true,"href":"https:\/\/genekas24.ee\/en\/wp-json\/wp\/v2\/product_cat?post=22736"},{"taxonomy":"product_tag","embeddable":true,"href":"https:\/\/genekas24.ee\/en\/wp-json\/wp\/v2\/product_tag?post=22736"}],"curies":[{"name":"wp","href":"https:\/\/api.w.org\/{rel}","templated":true}]}}