{"id":22722,"date":"2026-04-08T17:00:17","date_gmt":"2026-04-08T17:00:17","guid":{"rendered":"https:\/\/genekas24.ee\/?post_type=product&#038;p=22722"},"modified":"2026-04-08T17:00:17","modified_gmt":"2026-04-08T17:00:17","slug":"itcpower-gg9000le-3-bensiinigeneraator-7500w-400v-230v","status":"publish","type":"product","link":"https:\/\/genekas24.ee\/en\/product\/itcpower-gg9000le-3-bensiinigeneraator-7500w-400v-230v\/","title":{"rendered":"ITCPOWER GG9000LE-3 bensiinigeneraator 7500W 400V\/230V"},"content":{"rendered":"<p style=\"font-weight: 400;\">ITCPOWER GG9000LE-3 bensiinigeneraator 7500W 400V\/230V on \u00f6konoomne avatud raamiga generaator. GG9000LE-3 pakub maksimaalset pidevat v\u00f5imsust 7500W 400V juures ja pidevat v\u00f5imsust 2200W 230V juures. Seda t\u00fc\u00fcpi bensiinigeneraator on varustatud nii elektrilise kui ka k\u00e4sitsi starteriga!<\/p>\n<p style=\"font-weight: 400;\"><strong>Mobiilsus<\/strong><\/p>\n<p style=\"font-weight: 400;\">Bensiinigeneraatorid on \u00fcldiselt kaasaskantavad ja oluliselt kergemad kui diiselgeneraatorid, mist\u00f5ttu on neid lihtne teisaldada. See teeb need ideaalseks kasutamiseks kohtades, kus puudub p\u00fcsiv toiteallikas, n\u00e4iteks ehitusplatsidel ja k\u00e4mpingutes. Seda t\u00fc\u00fcpi kasutatakse sageli ka avariigeneraatorina, kuna paljud meie generaatorid on standardvarustuses torkekindlate ratastega v\u00f5i neid saab ratastega t\u00e4iendada, mist\u00f5ttu on neid \u00e4\u00e4rmiselt lihtne teisaldada isegi keerulistes kohtades.<\/p>\n<p style=\"font-weight: 400;\"><strong>Kohene v\u00f5imsus<\/strong><\/p>\n<p style=\"font-weight: 400;\">Bensiinigeneraatorid pakuvad sageli kohest v\u00f5imsust ja on v\u00f5imelised tootma m\u00e4rkimisv\u00e4\u00e4rses koguses elektrit. See on kasulik raskemate seadmete v\u00f5i mitme seadme samaaegseks toiteks. Enamikku bensiinigeneraatoreid saab k\u00e4ivitada elektriliselt. Palun kontrollige selle kohta loetletud spetsifikatsioone\/fotosid.<\/p>\n<p style=\"font-weight: 400;\"><strong>K\u00fctus ja \u00f5li<\/strong><\/p>\n<p style=\"font-weight: 400;\">Bensiin on \u00fcldiselt kergemini k\u00e4ttesaadav kui teised k\u00fctused, n\u00e4iteks diisel v\u00f5i propaan. See muudab selle kasulikuks h\u00e4daolukordades v\u00f5i kohtades, kus teisi k\u00fctuseid on raske hankida (avariigeneraator). K\u00f5ik meie usaldusv\u00e4\u00e4rsed ITCPOWER generaatorid t\u00f6\u00f6tavad standardina bensiini\/k\u00fctusega. Olenemata sellest, kas tegemist on Euro 95\/98\/Aspeni v\u00f5i Oecokrafti k\u00fctusega, pole sellel tegelikult vahet, peaasi, et see oleks puhas. Te ei pea muretsema keeruliste k\u00fctusesegude v\u00f5i raskesti leitavate k\u00fctuste p\u00e4rast. Lisaks on k\u00f5ik meie bensiinigeneraatorid v\u00e4ga \u00f6konoomsed. Ja t\u00e4ispaagiga saate pikka aega energiat nautida.<\/p>\n<p style=\"font-weight: 400;\"><strong>Muutuvad v\u00f5imsustasemed<\/strong><\/p>\n<p style=\"font-weight: 400;\">Bensiinigeneraatorid on saadaval erinevatel v\u00f5imsustasemetel, nii et saate valida mudeli, mis vastab teie konkreetsetele vajadustele, n\u00e4iteks 230 V v\u00f5i 400 V \u00fchendusega. Lisaks on bensiinigeneraatorite eeliseks see, et nad suudavad kiiresti ja suhteliselt madala hinnaga suure v\u00f5imsuse toota. Ja seda v\u00f5rreldes diisel- v\u00f5i invertergeneraatoriga!<\/p>\n<p style=\"font-weight: 400;\"><strong>Hooldus<\/strong><\/p>\n<p style=\"font-weight: 400;\">Bensiinigeneraatoreid on diisel- v\u00f5i muud t\u00fc\u00fcpi generaatoritega v\u00f5rreldes lihtsam hooldada. Neil on \u00fcldiselt lihtsad mootorid, mida on lihtne hooldada.<\/p>","protected":false},"excerpt":{"rendered":"<table>\n<tbody>\n<tr>\n<td>Pidevv\u00f5imsus<\/td>\n<td>7,5 kVA (400 V) \/ 2,2 kW (230 V)<\/td>\n<\/tr>\n<tr>\n<td>Maksimaalne v\u00f5imsus<\/td>\n<td>8,1 kVA (400 V) \/ 2,5 kW (230 V)<\/td>\n<\/tr>\n<tr>\n<td>Frequency<\/td>\n<td>50 Hz<\/td>\n<\/tr>\n<tr>\n<td>Voltage<\/td>\n<td>400 V \/ 230 V \u2013 AVR<\/td>\n<\/tr>\n<tr>\n<td>Outlets<\/td>\n<td>1 \u00d7 16 A 400 V, 1 \u00d7 16 A 230 V<\/td>\n<\/tr>\n<tr>\n<td>Display<\/td>\n<td>LED5<\/td>\n<\/tr>\n<tr>\n<td>Aku<\/td>\n<td>Jah, 14 Ah<\/td>\n<\/tr>\n<tr>\n<td>Alalisvoolu v\u00e4ljund<\/td>\n<td>12 V DC, 8,3 A<\/td>\n<\/tr>\n<tr>\n<td>K\u00fctusepaak<\/td>\n<td>25 L<\/td>\n<\/tr>\n<tr>\n<td>K\u00fctusekulu (75% koormusel)<\/td>\n<td>1,5 L\/t<\/td>\n<\/tr>\n<tr>\n<td>K\u00e4ivitus<\/td>\n<td>Elektriline \/ k\u00e4sitsi<\/td>\n<\/tr>\n<tr>\n<td>M\u00fcratase (7 m)<\/td>\n<td>72 dBA<\/td>\n<\/tr>\n<tr>\n<td>V\u00f5imsus (A)<\/td>\n<td>12 A<\/td>\n<\/tr>\n<tr>\n<td>Mootor<\/td>\n<td>IC420, 14 hj, 420 cm\u00b3<\/td>\n<\/tr>\n<tr>\n<td>\u00d5limaht<\/td>\n<td>1,1 L<\/td>\n<\/tr>\n<tr>\n<td>\u00d5lialarm<\/td>\n<td>Jah<\/td>\n<\/tr>\n<tr>\n<td>\u00dclekoormuse indikaator<\/td>\n<td>Jah<\/td>\n<\/tr>\n<tr>\n<td>Kaal<\/td>\n<td>85 kg<\/td>\n<\/tr>\n<tr>\n<td>M\u00f5\u00f5tmed<\/td>\n<td>670 \u00d7 540 \u00d7 555 mm<\/td>\n<\/tr>\n<\/tbody>\n<\/table>","protected":false},"featured_media":22723,"template":"","meta":{"_acf_changed":false,"inline_featured_image":false},"product_brand":[],"product_cat":[21,94],"product_tag":[],"class_list":{"0":"post-22722","1":"product","2":"type-product","3":"status-publish","4":"has-post-thumbnail","6":"product_cat-bensiinigeneraatorid","7":"product_cat-generaatorid","8":"product_shipping_class-poolalus","9":"brand-itcpower","11":"first","12":"instock","13":"taxable","14":"shipping-taxable","15":"purchasable","16":"product-type-simple"},"acf":[],"yoast_head":"<!-- This site is optimized with the Yoast SEO plugin v27.2 - https:\/\/yoast.com\/product\/yoast-seo-wordpress\/ -->\n<title>ITCPOWER GG9000LE-3 bensiinigeneraator 7500W 400V\/230V - Genekas24<\/title>\n<meta name=\"robots\" content=\"index, follow, max-snippet:-1, max-image-preview:large, max-video-preview:-1\" \/>\n<link rel=\"canonical\" href=\"https:\/\/genekas24.ee\/en\/product\/itcpower-gg9000le-3-bensiinigeneraator-7500w-400v-230v\/\" \/>\n<meta property=\"og:locale\" content=\"en_GB\" \/>\n<meta property=\"og:type\" content=\"article\" \/>\n<meta property=\"og:title\" content=\"ITCPOWER GG9000LE-3 bensiinigeneraator 7500W 400V\/230V - Genekas24\" \/>\n<meta property=\"og:description\" content=\"Pidevv\u00f5imsus 7,5 kVA (400 V) \/ 2,2 kW (230 V)   Maksimaalne v\u00f5imsus 8,1 kVA (400 V) \/ 2,5 kW (230 V)   Sagedus 50 Hz   Pinge 400 V \/ 230 V \u2013 AVR   Pistikupesad 1 \u00d7 16 A 400 V, 1 \u00d7 16 A 230 V   Ekraan LED5   Aku Jah, 14 Ah   Alalisvoolu v\u00e4ljund 12 V DC, 8,3 A   K\u00fctusepaak 25 L   K\u00fctusekulu (75% koormusel) 1,5 L\/t   K\u00e4ivitus Elektriline \/ k\u00e4sitsi   M\u00fcratase (7 m) 72 dBA   V\u00f5imsus (A) 12 A   Mootor IC420, 14 hj, 420 cm\u00b3   \u00d5limaht 1,1 L   \u00d5lialarm Jah   \u00dclekoormuse indikaator Jah   Kaal 85 kg   M\u00f5\u00f5tmed 670 \u00d7 540 \u00d7 555 mm\" \/>\n<meta property=\"og:url\" content=\"https:\/\/genekas24.ee\/en\/product\/itcpower-gg9000le-3-bensiinigeneraator-7500w-400v-230v\/\" \/>\n<meta property=\"og:site_name\" content=\"Genekas24\" \/>\n<meta property=\"og:image\" content=\"https:\/\/genekas24.ee\/wp-content\/uploads\/2026\/01\/Schermafbeelding-2024-12-19-111425-500x500-1.png\" \/>\n\t<meta property=\"og:image:width\" content=\"500\" \/>\n\t<meta property=\"og:image:height\" content=\"500\" \/>\n\t<meta property=\"og:image:type\" content=\"image\/png\" \/>\n<meta name=\"twitter:card\" content=\"summary_large_image\" \/>\n<meta name=\"twitter:label1\" content=\"Estimated reading time\" \/>\n\t<meta name=\"twitter:data1\" content=\"2 minutes\" \/>\n<script type=\"application\/ld+json\" class=\"yoast-schema-graph\">{\"@context\":\"https:\/\/schema.org\",\"@graph\":[{\"@type\":\"WebPage\",\"@id\":\"https:\/\/genekas24.ee\/toode\/itcpower-gg9000le-3-bensiinigeneraator-7500w-400v-230v\/\",\"url\":\"https:\/\/genekas24.ee\/toode\/itcpower-gg9000le-3-bensiinigeneraator-7500w-400v-230v\/\",\"name\":\"ITCPOWER GG9000LE-3 bensiinigeneraator 7500W 400V\/230V - Genekas24\",\"isPartOf\":{\"@id\":\"https:\/\/genekas24.ee\/#website\"},\"primaryImageOfPage\":{\"@id\":\"https:\/\/genekas24.ee\/toode\/itcpower-gg9000le-3-bensiinigeneraator-7500w-400v-230v\/#primaryimage\"},\"image\":{\"@id\":\"https:\/\/genekas24.ee\/toode\/itcpower-gg9000le-3-bensiinigeneraator-7500w-400v-230v\/#primaryimage\"},\"thumbnailUrl\":\"https:\/\/genekas24.ee\/wp-content\/uploads\/2026\/01\/Schermafbeelding-2024-12-19-111425-500x500-1.png\",\"datePublished\":\"2026-04-08T17:00:17+00:00\",\"breadcrumb\":{\"@id\":\"https:\/\/genekas24.ee\/toode\/itcpower-gg9000le-3-bensiinigeneraator-7500w-400v-230v\/#breadcrumb\"},\"inLanguage\":\"en-GB\",\"potentialAction\":[{\"@type\":\"ReadAction\",\"target\":[\"https:\/\/genekas24.ee\/toode\/itcpower-gg9000le-3-bensiinigeneraator-7500w-400v-230v\/\"]}]},{\"@type\":\"ImageObject\",\"inLanguage\":\"en-GB\",\"@id\":\"https:\/\/genekas24.ee\/toode\/itcpower-gg9000le-3-bensiinigeneraator-7500w-400v-230v\/#primaryimage\",\"url\":\"https:\/\/genekas24.ee\/wp-content\/uploads\/2026\/01\/Schermafbeelding-2024-12-19-111425-500x500-1.png\",\"contentUrl\":\"https:\/\/genekas24.ee\/wp-content\/uploads\/2026\/01\/Schermafbeelding-2024-12-19-111425-500x500-1.png\",\"width\":500,\"height\":500},{\"@type\":\"BreadcrumbList\",\"@id\":\"https:\/\/genekas24.ee\/toode\/itcpower-gg9000le-3-bensiinigeneraator-7500w-400v-230v\/#breadcrumb\",\"itemListElement\":[{\"@type\":\"ListItem\",\"position\":1,\"name\":\"Home\",\"item\":\"https:\/\/genekas24.ee\/\"},{\"@type\":\"ListItem\",\"position\":2,\"name\":\"Pood\",\"item\":\"https:\/\/genekas24.ee\/pood\/\"},{\"@type\":\"ListItem\",\"position\":3,\"name\":\"ITCPOWER GG9000LE-3 bensiinigeneraator 7500W 400V\/230V\"}]},{\"@type\":\"WebSite\",\"@id\":\"https:\/\/genekas24.ee\/#website\",\"url\":\"https:\/\/genekas24.ee\/\",\"name\":\"Genekas24\",\"description\":\"Generaatorid | K&ouml;nner S&ouml;hnen tooted | Genekas24\",\"publisher\":{\"@id\":\"https:\/\/genekas24.ee\/#organization\"},\"potentialAction\":[{\"@type\":\"SearchAction\",\"target\":{\"@type\":\"EntryPoint\",\"urlTemplate\":\"https:\/\/genekas24.ee\/?s={search_term_string}\"},\"query-input\":{\"@type\":\"PropertyValueSpecification\",\"valueRequired\":true,\"valueName\":\"search_term_string\"}}],\"inLanguage\":\"en-GB\"},{\"@type\":\"Organization\",\"@id\":\"https:\/\/genekas24.ee\/#organization\",\"name\":\"Genekas24\",\"url\":\"https:\/\/genekas24.ee\/\",\"logo\":{\"@type\":\"ImageObject\",\"inLanguage\":\"en-GB\",\"@id\":\"https:\/\/genekas24.ee\/#\/schema\/logo\/image\/\",\"url\":\"https:\/\/genekas24.ee\/wp-content\/uploads\/2026\/01\/genekas24-logo_black.svg\",\"contentUrl\":\"https:\/\/genekas24.ee\/wp-content\/uploads\/2026\/01\/genekas24-logo_black.svg\",\"width\":840,\"height\":131,\"caption\":\"Genekas24\"},\"image\":{\"@id\":\"https:\/\/genekas24.ee\/#\/schema\/logo\/image\/\"}}]}<\/script>\n<!-- \/ Yoast SEO plugin. -->","yoast_head_json":{"title":"ITCPOWER GG9000LE-3 bensiinigeneraator 7500W 400V\/230V - Genekas24","robots":{"index":"index","follow":"follow","max-snippet":"max-snippet:-1","max-image-preview":"max-image-preview:large","max-video-preview":"max-video-preview:-1"},"canonical":"https:\/\/genekas24.ee\/en\/product\/itcpower-gg9000le-3-bensiinigeneraator-7500w-400v-230v\/","og_locale":"en_GB","og_type":"article","og_title":"ITCPOWER GG9000LE-3 bensiinigeneraator 7500W 400V\/230V - Genekas24","og_description":"Pidevv\u00f5imsus 7,5 kVA (400 V) \/ 2,2 kW (230 V)   Maksimaalne v\u00f5imsus 8,1 kVA (400 V) \/ 2,5 kW (230 V)   Sagedus 50 Hz   Pinge 400 V \/ 230 V \u2013 AVR   Pistikupesad 1 \u00d7 16 A 400 V, 1 \u00d7 16 A 230 V   Ekraan LED5   Aku Jah, 14 Ah   Alalisvoolu v\u00e4ljund 12 V DC, 8,3 A   K\u00fctusepaak 25 L   K\u00fctusekulu (75% koormusel) 1,5 L\/t   K\u00e4ivitus Elektriline \/ k\u00e4sitsi   M\u00fcratase (7 m) 72 dBA   V\u00f5imsus (A) 12 A   Mootor IC420, 14 hj, 420 cm\u00b3   \u00d5limaht 1,1 L   \u00d5lialarm Jah   \u00dclekoormuse indikaator Jah   Kaal 85 kg   M\u00f5\u00f5tmed 670 \u00d7 540 \u00d7 555 mm","og_url":"https:\/\/genekas24.ee\/en\/product\/itcpower-gg9000le-3-bensiinigeneraator-7500w-400v-230v\/","og_site_name":"Genekas24","og_image":[{"width":500,"height":500,"url":"https:\/\/genekas24.ee\/wp-content\/uploads\/2026\/01\/Schermafbeelding-2024-12-19-111425-500x500-1.png","type":"image\/png"}],"twitter_card":"summary_large_image","twitter_misc":{"Estimated reading time":"2 minutes"},"schema":{"@context":"https:\/\/schema.org","@graph":[{"@type":"WebPage","@id":"https:\/\/genekas24.ee\/toode\/itcpower-gg9000le-3-bensiinigeneraator-7500w-400v-230v\/","url":"https:\/\/genekas24.ee\/toode\/itcpower-gg9000le-3-bensiinigeneraator-7500w-400v-230v\/","name":"ITCPOWER GG9000LE-3 bensiinigeneraator 7500W 400V\/230V - Genekas24","isPartOf":{"@id":"https:\/\/genekas24.ee\/#website"},"primaryImageOfPage":{"@id":"https:\/\/genekas24.ee\/toode\/itcpower-gg9000le-3-bensiinigeneraator-7500w-400v-230v\/#primaryimage"},"image":{"@id":"https:\/\/genekas24.ee\/toode\/itcpower-gg9000le-3-bensiinigeneraator-7500w-400v-230v\/#primaryimage"},"thumbnailUrl":"https:\/\/genekas24.ee\/wp-content\/uploads\/2026\/01\/Schermafbeelding-2024-12-19-111425-500x500-1.png","datePublished":"2026-04-08T17:00:17+00:00","breadcrumb":{"@id":"https:\/\/genekas24.ee\/toode\/itcpower-gg9000le-3-bensiinigeneraator-7500w-400v-230v\/#breadcrumb"},"inLanguage":"en-GB","potentialAction":[{"@type":"ReadAction","target":["https:\/\/genekas24.ee\/toode\/itcpower-gg9000le-3-bensiinigeneraator-7500w-400v-230v\/"]}]},{"@type":"ImageObject","inLanguage":"en-GB","@id":"https:\/\/genekas24.ee\/toode\/itcpower-gg9000le-3-bensiinigeneraator-7500w-400v-230v\/#primaryimage","url":"https:\/\/genekas24.ee\/wp-content\/uploads\/2026\/01\/Schermafbeelding-2024-12-19-111425-500x500-1.png","contentUrl":"https:\/\/genekas24.ee\/wp-content\/uploads\/2026\/01\/Schermafbeelding-2024-12-19-111425-500x500-1.png","width":500,"height":500},{"@type":"BreadcrumbList","@id":"https:\/\/genekas24.ee\/toode\/itcpower-gg9000le-3-bensiinigeneraator-7500w-400v-230v\/#breadcrumb","itemListElement":[{"@type":"ListItem","position":1,"name":"Home","item":"https:\/\/genekas24.ee\/"},{"@type":"ListItem","position":2,"name":"Pood","item":"https:\/\/genekas24.ee\/pood\/"},{"@type":"ListItem","position":3,"name":"ITCPOWER GG9000LE-3 bensiinigeneraator 7500W 400V\/230V"}]},{"@type":"WebSite","@id":"https:\/\/genekas24.ee\/#website","url":"https:\/\/genekas24.ee\/","name":"Genekas24","description":"Generaatorid | K&ouml;nner S&ouml;hnen tooted | Genekas24","publisher":{"@id":"https:\/\/genekas24.ee\/#organization"},"potentialAction":[{"@type":"SearchAction","target":{"@type":"EntryPoint","urlTemplate":"https:\/\/genekas24.ee\/?s={search_term_string}"},"query-input":{"@type":"PropertyValueSpecification","valueRequired":true,"valueName":"search_term_string"}}],"inLanguage":"en-GB"},{"@type":"Organization","@id":"https:\/\/genekas24.ee\/#organization","name":"Genekas24","url":"https:\/\/genekas24.ee\/","logo":{"@type":"ImageObject","inLanguage":"en-GB","@id":"https:\/\/genekas24.ee\/#\/schema\/logo\/image\/","url":"https:\/\/genekas24.ee\/wp-content\/uploads\/2026\/01\/genekas24-logo_black.svg","contentUrl":"https:\/\/genekas24.ee\/wp-content\/uploads\/2026\/01\/genekas24-logo_black.svg","width":840,"height":131,"caption":"Genekas24"},"image":{"@id":"https:\/\/genekas24.ee\/#\/schema\/logo\/image\/"}}]}},"_links":{"self":[{"href":"https:\/\/genekas24.ee\/en\/wp-json\/wp\/v2\/product\/22722","targetHints":{"allow":["GET"]}}],"collection":[{"href":"https:\/\/genekas24.ee\/en\/wp-json\/wp\/v2\/product"}],"about":[{"href":"https:\/\/genekas24.ee\/en\/wp-json\/wp\/v2\/types\/product"}],"version-history":[{"count":1,"href":"https:\/\/genekas24.ee\/en\/wp-json\/wp\/v2\/product\/22722\/revisions"}],"predecessor-version":[{"id":22728,"href":"https:\/\/genekas24.ee\/en\/wp-json\/wp\/v2\/product\/22722\/revisions\/22728"}],"wp:featuredmedia":[{"embeddable":true,"href":"https:\/\/genekas24.ee\/en\/wp-json\/wp\/v2\/media\/22723"}],"wp:attachment":[{"href":"https:\/\/genekas24.ee\/en\/wp-json\/wp\/v2\/media?parent=22722"}],"wp:term":[{"taxonomy":"product_brand","embeddable":true,"href":"https:\/\/genekas24.ee\/en\/wp-json\/wp\/v2\/product_brand?post=22722"},{"taxonomy":"product_cat","embeddable":true,"href":"https:\/\/genekas24.ee\/en\/wp-json\/wp\/v2\/product_cat?post=22722"},{"taxonomy":"product_tag","embeddable":true,"href":"https:\/\/genekas24.ee\/en\/wp-json\/wp\/v2\/product_tag?post=22722"}],"curies":[{"name":"wp","href":"https:\/\/api.w.org\/{rel}","templated":true}]}}