{"id":22692,"date":"2026-01-15T14:41:03","date_gmt":"2026-01-15T14:41:03","guid":{"rendered":"https:\/\/genekas24.ee\/?post_type=product&#038;p=22692"},"modified":"2026-01-15T14:41:03","modified_gmt":"2026-01-15T14:41:03","slug":"itcpower-gg40xi-39-kw-inverteriga-bensiinigeneraator","status":"publish","type":"product","link":"https:\/\/genekas24.ee\/en\/product\/itcpower-gg40xi-39-kw-inverteriga-bensiinigeneraator\/","title":{"rendered":"ITCPOWER GG40XI  3,9 kW inverteriga bensiinigeneraator"},"content":{"rendered":"<p style=\"font-weight: 400;\">Avatud bensiinimootoriga invertergeneraator maksimaalse v\u00f5imsusega 3900 W ja nimiv\u00f5imsusega 3500 W. Elektroonikaseadmete, akude v\u00f5i muude takistuslike seadmete jaoks. 4-taktilise OHV-bensiinimootoriga generaator, \u00f5hkjahutusega.<\/p>\n<p style=\"font-weight: 400;\">Lihtne ja sujuv k\u00e4ivitus. Digitaalne ekraan t\u00f6\u00f6tundide, pinge ja sageduse j\u00e4lgimiseks. V\u00e4ike hooldusvajadus ja k\u00fctusekulu. Varustatud madala \u00f5litaseme alarmiga. Ideaalne h\u00e4daolukordadeks, koduseks v\u00f5i professionaalseks kasutamiseks. Eriti sobiv takistuslike seadmete, elektroonika v\u00f5i elektrit\u00f6\u00f6riistade akude laadimiseks.<\/p>","protected":false},"excerpt":{"rendered":"<table>\n<tbody>\n<tr>\n<td>Voltage<\/td>\n<td>230 V<\/td>\n<\/tr>\n<tr>\n<td>Maksimaalne v\u00f5imsus<\/td>\n<td>3,9 kW<\/td>\n<\/tr>\n<tr>\n<td>Nimiv\u00f5imsus<\/td>\n<td>3,5 kW<\/td>\n<\/tr>\n<tr>\n<td>Nimivool<\/td>\n<td>15,2 A<\/td>\n<\/tr>\n<tr>\n<td>Frequency<\/td>\n<td>50 Hz<\/td>\n<\/tr>\n<tr>\n<td>V\u00e4ljundvoolud<\/td>\n<td>2 \u00d7 16 A<\/td>\n<\/tr>\n<tr>\n<td>Aku<\/td>\n<td>Ei<\/td>\n<\/tr>\n<tr>\n<td>Alalisvoolu v\u00e4ljund<\/td>\n<td>12 V \/ 5 A<\/td>\n<\/tr>\n<tr>\n<td>K\u00fctusepaagi maht<\/td>\n<td>15 l<\/td>\n<\/tr>\n<tr>\n<td>M\u00fcratase (7 m)<\/td>\n<td>73 dBA<\/td>\n<\/tr>\n<tr>\n<td>LWA m\u00fcratase<\/td>\n<td>96 dBA<\/td>\n<\/tr>\n<tr>\n<td>Engine model<\/td>\n<td>XY170F-1<\/td>\n<\/tr>\n<tr>\n<td>Mootori nimiv\u00f5imsus<\/td>\n<td>7,5 hj<\/td>\n<\/tr>\n<tr>\n<td>K\u00e4ivitus<\/td>\n<td>K\u00e4sitsi<\/td>\n<\/tr>\n<tr>\n<td>Mootori t\u00f6\u00f6maht<\/td>\n<td>223 cm\u00b3<\/td>\n<\/tr>\n<tr>\n<td>Mootori \u00f5limaht<\/td>\n<td>0,75 l<\/td>\n<\/tr>\n<tr>\n<td>Alternator type<\/td>\n<td>Inverter<\/td>\n<\/tr>\n<tr>\n<td>Generaatori v\u00f5imsus<\/td>\n<td>4000 W<\/td>\n<\/tr>\n<tr>\n<td>V\u00f5imsustegur<\/td>\n<td>1<\/td>\n<\/tr>\n<tr>\n<td>Pinge reguleerimine<\/td>\n<td>Digitaalne<\/td>\n<\/tr>\n<tr>\n<td>Madala \u00f5litaseme alarm<\/td>\n<td>Jah<\/td>\n<\/tr>\n<tr>\n<td>\u00dclekoormuse indikaator<\/td>\n<td>Jah<\/td>\n<\/tr>\n<tr>\n<td>Netokaal<\/td>\n<td>41 kg<\/td>\n<\/tr>\n<tr>\n<td>Brutokaal<\/td>\n<td>44 kg<\/td>\n<\/tr>\n<tr>\n<td>Toote m\u00f5\u00f5tmed<\/td>\n<td>570 \u00d7 430 \u00d7 490 mm<\/td>\n<\/tr>\n<tr>\n<td>Karbi m\u00f5\u00f5tmed<\/td>\n<td>590 \u00d7 450 \u00d7 520 mm<\/td>\n<\/tr>\n<tr>\n<td>T\u00f6\u00f6aeg (75% koormusel)<\/td>\n<td>12 tundi<\/td>\n<\/tr>\n<tr>\n<td>Voolutugevus<\/td>\n<td>16,9 A<\/td>\n<\/tr>\n<tr>\n<td>Display<\/td>\n<td>Digitaalne<\/td>\n<\/tr>\n<\/tbody>\n<\/table>","protected":false},"featured_media":22693,"template":"","meta":{"_acf_changed":false,"inline_featured_image":false},"product_brand":[],"product_cat":[94,21,23],"product_tag":[],"class_list":{"0":"post-22692","1":"product","2":"type-product","3":"status-publish","4":"has-post-thumbnail","6":"product_cat-generaatorid","7":"product_cat-bensiinigeneraatorid","8":"product_cat-invertergeneraatorid","9":"product_shipping_class-poolalus","10":"brand-itcpower","12":"first","13":"instock","14":"taxable","15":"shipping-taxable","16":"purchasable","17":"product-type-simple"},"acf":[],"yoast_head":"<!-- This site is optimized with the Yoast SEO plugin v27.2 - https:\/\/yoast.com\/product\/yoast-seo-wordpress\/ -->\n<title>ITCPOWER GG40XI 3,9 kW inverteriga bensiinigeneraator - Genekas24<\/title>\n<meta name=\"robots\" content=\"index, follow, max-snippet:-1, max-image-preview:large, max-video-preview:-1\" \/>\n<link rel=\"canonical\" href=\"https:\/\/genekas24.ee\/en\/product\/itcpower-gg40xi-39-kw-inverteriga-bensiinigeneraator\/\" \/>\n<meta property=\"og:locale\" content=\"en_GB\" \/>\n<meta property=\"og:type\" content=\"article\" \/>\n<meta property=\"og:title\" content=\"ITCPOWER GG40XI 3,9 kW inverteriga bensiinigeneraator - Genekas24\" \/>\n<meta property=\"og:description\" content=\"Pinge 230 V   Maksimaalne v\u00f5imsus 3,9 kW   Nimiv\u00f5imsus 3,5 kW   Nimivool 15,2 A   Sagedus 50 Hz   V\u00e4ljundvoolud 2 \u00d7 16 A   Aku Ei   Alalisvoolu v\u00e4ljund 12 V \/ 5 A   K\u00fctusepaagi maht 15 l   M\u00fcratase (7 m) 73 dBA   LWA m\u00fcratase 96 dBA   Mootori mudel XY170F-1   Mootori nimiv\u00f5imsus 7,5 hj   K\u00e4ivitus K\u00e4sitsi   Mootori t\u00f6\u00f6maht 223 cm\u00b3   Mootori \u00f5limaht 0,75 l   Generaatori t\u00fc\u00fcp Inverter   Generaatori v\u00f5imsus 4000 W   V\u00f5imsustegur 1   Pinge reguleerimine Digitaalne   Madala \u00f5litaseme alarm Jah   \u00dclekoormuse indikaator Jah   Netokaal 41 kg   Brutokaal 44 kg   Toote m\u00f5\u00f5tmed 570 \u00d7 430 \u00d7 490 mm   Karbi m\u00f5\u00f5tmed 590 \u00d7 450 \u00d7 520 mm   T\u00f6\u00f6aeg (75% koormusel) 12 tundi   Voolutugevus 16,9 A   Ekraan Digitaalne\" \/>\n<meta property=\"og:url\" content=\"https:\/\/genekas24.ee\/en\/product\/itcpower-gg40xi-39-kw-inverteriga-bensiinigeneraator\/\" \/>\n<meta property=\"og:site_name\" content=\"Genekas24\" \/>\n<meta property=\"og:image\" content=\"https:\/\/genekas24.ee\/wp-content\/uploads\/2026\/01\/4359-500x500-1.jpeg\" \/>\n\t<meta property=\"og:image:width\" content=\"500\" \/>\n\t<meta property=\"og:image:height\" content=\"500\" \/>\n\t<meta property=\"og:image:type\" content=\"image\/jpeg\" \/>\n<meta name=\"twitter:card\" content=\"summary_large_image\" \/>\n<meta name=\"twitter:label1\" content=\"Estimated reading time\" \/>\n\t<meta name=\"twitter:data1\" content=\"1 minute\" \/>\n<script type=\"application\/ld+json\" class=\"yoast-schema-graph\">{\"@context\":\"https:\/\/schema.org\",\"@graph\":[{\"@type\":\"WebPage\",\"@id\":\"https:\/\/genekas24.ee\/toode\/itcpower-gg40xi-39-kw-inverteriga-bensiinigeneraator\/\",\"url\":\"https:\/\/genekas24.ee\/toode\/itcpower-gg40xi-39-kw-inverteriga-bensiinigeneraator\/\",\"name\":\"ITCPOWER GG40XI 3,9 kW inverteriga bensiinigeneraator - Genekas24\",\"isPartOf\":{\"@id\":\"https:\/\/genekas24.ee\/#website\"},\"primaryImageOfPage\":{\"@id\":\"https:\/\/genekas24.ee\/toode\/itcpower-gg40xi-39-kw-inverteriga-bensiinigeneraator\/#primaryimage\"},\"image\":{\"@id\":\"https:\/\/genekas24.ee\/toode\/itcpower-gg40xi-39-kw-inverteriga-bensiinigeneraator\/#primaryimage\"},\"thumbnailUrl\":\"https:\/\/genekas24.ee\/wp-content\/uploads\/2026\/01\/4359-500x500-1.jpeg\",\"datePublished\":\"2026-01-15T14:41:03+00:00\",\"breadcrumb\":{\"@id\":\"https:\/\/genekas24.ee\/toode\/itcpower-gg40xi-39-kw-inverteriga-bensiinigeneraator\/#breadcrumb\"},\"inLanguage\":\"en-GB\",\"potentialAction\":[{\"@type\":\"ReadAction\",\"target\":[\"https:\/\/genekas24.ee\/toode\/itcpower-gg40xi-39-kw-inverteriga-bensiinigeneraator\/\"]}]},{\"@type\":\"ImageObject\",\"inLanguage\":\"en-GB\",\"@id\":\"https:\/\/genekas24.ee\/toode\/itcpower-gg40xi-39-kw-inverteriga-bensiinigeneraator\/#primaryimage\",\"url\":\"https:\/\/genekas24.ee\/wp-content\/uploads\/2026\/01\/4359-500x500-1.jpeg\",\"contentUrl\":\"https:\/\/genekas24.ee\/wp-content\/uploads\/2026\/01\/4359-500x500-1.jpeg\",\"width\":500,\"height\":500},{\"@type\":\"BreadcrumbList\",\"@id\":\"https:\/\/genekas24.ee\/toode\/itcpower-gg40xi-39-kw-inverteriga-bensiinigeneraator\/#breadcrumb\",\"itemListElement\":[{\"@type\":\"ListItem\",\"position\":1,\"name\":\"Home\",\"item\":\"https:\/\/genekas24.ee\/\"},{\"@type\":\"ListItem\",\"position\":2,\"name\":\"Pood\",\"item\":\"https:\/\/genekas24.ee\/pood\/\"},{\"@type\":\"ListItem\",\"position\":3,\"name\":\"ITCPOWER GG40XI 3,9 kW inverteriga bensiinigeneraator\"}]},{\"@type\":\"WebSite\",\"@id\":\"https:\/\/genekas24.ee\/#website\",\"url\":\"https:\/\/genekas24.ee\/\",\"name\":\"Genekas24\",\"description\":\"Generaatorid | K&ouml;nner S&ouml;hnen tooted | Genekas24\",\"publisher\":{\"@id\":\"https:\/\/genekas24.ee\/#organization\"},\"potentialAction\":[{\"@type\":\"SearchAction\",\"target\":{\"@type\":\"EntryPoint\",\"urlTemplate\":\"https:\/\/genekas24.ee\/?s={search_term_string}\"},\"query-input\":{\"@type\":\"PropertyValueSpecification\",\"valueRequired\":true,\"valueName\":\"search_term_string\"}}],\"inLanguage\":\"en-GB\"},{\"@type\":\"Organization\",\"@id\":\"https:\/\/genekas24.ee\/#organization\",\"name\":\"Genekas24\",\"url\":\"https:\/\/genekas24.ee\/\",\"logo\":{\"@type\":\"ImageObject\",\"inLanguage\":\"en-GB\",\"@id\":\"https:\/\/genekas24.ee\/#\/schema\/logo\/image\/\",\"url\":\"https:\/\/genekas24.ee\/wp-content\/uploads\/2026\/01\/genekas24-logo_black.svg\",\"contentUrl\":\"https:\/\/genekas24.ee\/wp-content\/uploads\/2026\/01\/genekas24-logo_black.svg\",\"width\":840,\"height\":131,\"caption\":\"Genekas24\"},\"image\":{\"@id\":\"https:\/\/genekas24.ee\/#\/schema\/logo\/image\/\"}}]}<\/script>\n<!-- \/ Yoast SEO plugin. -->","yoast_head_json":{"title":"ITCPOWER GG40XI 3,9 kW inverteriga bensiinigeneraator - Genekas24","robots":{"index":"index","follow":"follow","max-snippet":"max-snippet:-1","max-image-preview":"max-image-preview:large","max-video-preview":"max-video-preview:-1"},"canonical":"https:\/\/genekas24.ee\/en\/product\/itcpower-gg40xi-39-kw-inverteriga-bensiinigeneraator\/","og_locale":"en_GB","og_type":"article","og_title":"ITCPOWER GG40XI 3,9 kW inverteriga bensiinigeneraator - Genekas24","og_description":"Pinge 230 V   Maksimaalne v\u00f5imsus 3,9 kW   Nimiv\u00f5imsus 3,5 kW   Nimivool 15,2 A   Sagedus 50 Hz   V\u00e4ljundvoolud 2 \u00d7 16 A   Aku Ei   Alalisvoolu v\u00e4ljund 12 V \/ 5 A   K\u00fctusepaagi maht 15 l   M\u00fcratase (7 m) 73 dBA   LWA m\u00fcratase 96 dBA   Mootori mudel XY170F-1   Mootori nimiv\u00f5imsus 7,5 hj   K\u00e4ivitus K\u00e4sitsi   Mootori t\u00f6\u00f6maht 223 cm\u00b3   Mootori \u00f5limaht 0,75 l   Generaatori t\u00fc\u00fcp Inverter   Generaatori v\u00f5imsus 4000 W   V\u00f5imsustegur 1   Pinge reguleerimine Digitaalne   Madala \u00f5litaseme alarm Jah   \u00dclekoormuse indikaator Jah   Netokaal 41 kg   Brutokaal 44 kg   Toote m\u00f5\u00f5tmed 570 \u00d7 430 \u00d7 490 mm   Karbi m\u00f5\u00f5tmed 590 \u00d7 450 \u00d7 520 mm   T\u00f6\u00f6aeg (75% koormusel) 12 tundi   Voolutugevus 16,9 A   Ekraan Digitaalne","og_url":"https:\/\/genekas24.ee\/en\/product\/itcpower-gg40xi-39-kw-inverteriga-bensiinigeneraator\/","og_site_name":"Genekas24","og_image":[{"width":500,"height":500,"url":"https:\/\/genekas24.ee\/wp-content\/uploads\/2026\/01\/4359-500x500-1.jpeg","type":"image\/jpeg"}],"twitter_card":"summary_large_image","twitter_misc":{"Estimated reading time":"1 minute"},"schema":{"@context":"https:\/\/schema.org","@graph":[{"@type":"WebPage","@id":"https:\/\/genekas24.ee\/toode\/itcpower-gg40xi-39-kw-inverteriga-bensiinigeneraator\/","url":"https:\/\/genekas24.ee\/toode\/itcpower-gg40xi-39-kw-inverteriga-bensiinigeneraator\/","name":"ITCPOWER GG40XI 3,9 kW inverteriga bensiinigeneraator - Genekas24","isPartOf":{"@id":"https:\/\/genekas24.ee\/#website"},"primaryImageOfPage":{"@id":"https:\/\/genekas24.ee\/toode\/itcpower-gg40xi-39-kw-inverteriga-bensiinigeneraator\/#primaryimage"},"image":{"@id":"https:\/\/genekas24.ee\/toode\/itcpower-gg40xi-39-kw-inverteriga-bensiinigeneraator\/#primaryimage"},"thumbnailUrl":"https:\/\/genekas24.ee\/wp-content\/uploads\/2026\/01\/4359-500x500-1.jpeg","datePublished":"2026-01-15T14:41:03+00:00","breadcrumb":{"@id":"https:\/\/genekas24.ee\/toode\/itcpower-gg40xi-39-kw-inverteriga-bensiinigeneraator\/#breadcrumb"},"inLanguage":"en-GB","potentialAction":[{"@type":"ReadAction","target":["https:\/\/genekas24.ee\/toode\/itcpower-gg40xi-39-kw-inverteriga-bensiinigeneraator\/"]}]},{"@type":"ImageObject","inLanguage":"en-GB","@id":"https:\/\/genekas24.ee\/toode\/itcpower-gg40xi-39-kw-inverteriga-bensiinigeneraator\/#primaryimage","url":"https:\/\/genekas24.ee\/wp-content\/uploads\/2026\/01\/4359-500x500-1.jpeg","contentUrl":"https:\/\/genekas24.ee\/wp-content\/uploads\/2026\/01\/4359-500x500-1.jpeg","width":500,"height":500},{"@type":"BreadcrumbList","@id":"https:\/\/genekas24.ee\/toode\/itcpower-gg40xi-39-kw-inverteriga-bensiinigeneraator\/#breadcrumb","itemListElement":[{"@type":"ListItem","position":1,"name":"Home","item":"https:\/\/genekas24.ee\/"},{"@type":"ListItem","position":2,"name":"Pood","item":"https:\/\/genekas24.ee\/pood\/"},{"@type":"ListItem","position":3,"name":"ITCPOWER GG40XI 3,9 kW inverteriga bensiinigeneraator"}]},{"@type":"WebSite","@id":"https:\/\/genekas24.ee\/#website","url":"https:\/\/genekas24.ee\/","name":"Genekas24","description":"Generaatorid | K&ouml;nner S&ouml;hnen tooted | Genekas24","publisher":{"@id":"https:\/\/genekas24.ee\/#organization"},"potentialAction":[{"@type":"SearchAction","target":{"@type":"EntryPoint","urlTemplate":"https:\/\/genekas24.ee\/?s={search_term_string}"},"query-input":{"@type":"PropertyValueSpecification","valueRequired":true,"valueName":"search_term_string"}}],"inLanguage":"en-GB"},{"@type":"Organization","@id":"https:\/\/genekas24.ee\/#organization","name":"Genekas24","url":"https:\/\/genekas24.ee\/","logo":{"@type":"ImageObject","inLanguage":"en-GB","@id":"https:\/\/genekas24.ee\/#\/schema\/logo\/image\/","url":"https:\/\/genekas24.ee\/wp-content\/uploads\/2026\/01\/genekas24-logo_black.svg","contentUrl":"https:\/\/genekas24.ee\/wp-content\/uploads\/2026\/01\/genekas24-logo_black.svg","width":840,"height":131,"caption":"Genekas24"},"image":{"@id":"https:\/\/genekas24.ee\/#\/schema\/logo\/image\/"}}]}},"_links":{"self":[{"href":"https:\/\/genekas24.ee\/en\/wp-json\/wp\/v2\/product\/22692","targetHints":{"allow":["GET"]}}],"collection":[{"href":"https:\/\/genekas24.ee\/en\/wp-json\/wp\/v2\/product"}],"about":[{"href":"https:\/\/genekas24.ee\/en\/wp-json\/wp\/v2\/types\/product"}],"version-history":[{"count":2,"href":"https:\/\/genekas24.ee\/en\/wp-json\/wp\/v2\/product\/22692\/revisions"}],"predecessor-version":[{"id":22789,"href":"https:\/\/genekas24.ee\/en\/wp-json\/wp\/v2\/product\/22692\/revisions\/22789"}],"wp:featuredmedia":[{"embeddable":true,"href":"https:\/\/genekas24.ee\/en\/wp-json\/wp\/v2\/media\/22693"}],"wp:attachment":[{"href":"https:\/\/genekas24.ee\/en\/wp-json\/wp\/v2\/media?parent=22692"}],"wp:term":[{"taxonomy":"product_brand","embeddable":true,"href":"https:\/\/genekas24.ee\/en\/wp-json\/wp\/v2\/product_brand?post=22692"},{"taxonomy":"product_cat","embeddable":true,"href":"https:\/\/genekas24.ee\/en\/wp-json\/wp\/v2\/product_cat?post=22692"},{"taxonomy":"product_tag","embeddable":true,"href":"https:\/\/genekas24.ee\/en\/wp-json\/wp\/v2\/product_tag?post=22692"}],"curies":[{"name":"wp","href":"https:\/\/api.w.org\/{rel}","templated":true}]}}