{"id":22675,"date":"2026-01-15T09:18:51","date_gmt":"2026-01-15T09:18:51","guid":{"rendered":"https:\/\/genekas24.ee\/?post_type=product&#038;p=22675"},"modified":"2026-04-07T10:55:15","modified_gmt":"2026-04-07T10:55:15","slug":"invertergeneraator-mxr4500i","status":"publish","type":"product","link":"https:\/\/genekas24.ee\/en\/product\/invertergeneraator-mxr4500i\/","title":{"rendered":"Invertergeneraator MXR4500i"},"content":{"rendered":"<p data-start=\"25\" data-end=\"349\"><strong data-start=\"25\" data-end=\"59\">Mitmeotstarbeline toiteallikas<\/strong><br data-start=\"59\" data-end=\"62\" \/>See 4-taktiline bensiinimootoriga generaator annab maksimaalselt 3500 W ja pidevalt 3200 W v\u00f5imsust. Sobib h\u00f5lpsasti valgustuss\u00fcsteemide v\u00f5i v\u00e4ikese eramaja varustamiseks elektriga ning suudab samaaegselt toita konditsioneeri ja mitmeid v\u00e4ikeseid kodumasinaid, nagu k\u00fclmik ja kohvimasin.<\/p>\n<p data-start=\"351\" data-end=\"577\"><strong data-start=\"351\" data-end=\"378\">Puhas ja stabiilne vool<\/strong><br data-start=\"378\" data-end=\"381\" \/>Invertertehnoloogia tagab \u00fchtlase ja puhta elektrivoolu, mis v\u00f5imaldab ohutult kasutada tundlikke elektroonikaseadmeid, nagu telefonid, tahvelarvutid, telerid ja arvutid, ilma kahjustuste riskita.<\/p>\n<p data-start=\"579\" data-end=\"803\"><strong data-start=\"579\" data-end=\"610\">Mitmefunktsiooniline ekraan<\/strong><br data-start=\"610\" data-end=\"613\" \/>Lihtne j\u00e4lgida pinget ja sagedust; kuvab allesj\u00e4\u00e4nud k\u00fctusekogust, mis aitab \u00f5igel ajal tankida; n\u00e4itab kogut\u00f6\u00f6tunde hoolduse planeerimiseks ning eraldi t\u00f6\u00f6aega \u2013 ideaalne taimerifunktsioon.<\/p>\n<p data-start=\"805\" data-end=\"1020\"><strong data-start=\"805\" data-end=\"831\">Kerge ja v\u00f5imas mootor<\/strong><br data-start=\"831\" data-end=\"834\" \/>Ainult 26 kg kaaluv kompaktne ja h\u00f5lpsasti kaasaskantav seade. 223 cm\u00b3 OHV-mootor, kaks 230 V v\u00e4ljundit ja 12 V alalisvoolu \u00fchendus tagavad piisava v\u00f5imsuse mitmeks erinevaks kasutuseks.<\/p>","protected":false},"excerpt":{"rendered":"<table style=\"width: 81.5682%;\">\n<tbody>\n<tr>\n<td style=\"width: 52.8723%;\">Pidevv\u00f5imsus<\/td>\n<td style=\"width: 228.619%;\">3200 W<\/td>\n<\/tr>\n<tr>\n<td style=\"width: 52.8723%;\">Maksimaalne v\u00f5imsus<\/td>\n<td style=\"width: 228.619%;\">3500 W<\/td>\n<\/tr>\n<tr>\n<td style=\"width: 52.8723%;\">Nimipinge<\/td>\n<td style=\"width: 228.619%;\">230 V<\/td>\n<\/tr>\n<tr>\n<td style=\"width: 52.8723%;\">Frequency<\/td>\n<td style=\"width: 228.619%;\">50 Hz<\/td>\n<\/tr>\n<tr>\n<td style=\"width: 52.8723%;\">Faas<\/td>\n<td style=\"width: 228.619%;\">\u00dchefaasiline<\/td>\n<\/tr>\n<tr>\n<td style=\"width: 52.8723%;\">Mootori t\u00f6\u00f6maht<\/td>\n<td style=\"width: 228.619%;\">223 cm\u00b3<\/td>\n<\/tr>\n<tr>\n<td style=\"width: 52.8723%;\">Nimip\u00f6\u00f6rded<\/td>\n<td style=\"width: 228.619%;\">3600 p\/min<\/td>\n<\/tr>\n<tr>\n<td style=\"width: 52.8723%;\">K\u00e4ivitusviis<\/td>\n<td style=\"width: 228.619%;\">K\u00e4sik\u00e4ivitus<\/td>\n<\/tr>\n<tr>\n<td style=\"width: 52.8723%;\">K\u00fctusepaagi maht<\/td>\n<td style=\"width: 228.619%;\">7,5 l<\/td>\n<\/tr>\n<tr>\n<td style=\"width: 52.8723%;\">\u00d5limaht<\/td>\n<td style=\"width: 228.619%;\">0,6 l<\/td>\n<\/tr>\n<tr>\n<td style=\"width: 52.8723%;\">Harmoonikute kogumoonutus (THD)<\/td>\n<td style=\"width: 228.619%;\">\u2264 5%<\/td>\n<\/tr>\n<tr>\n<td style=\"width: 52.8723%;\">Fuel type<\/td>\n<td style=\"width: 228.619%;\">95 &#8211; 98 oktaani<\/td>\n<\/tr>\n<tr>\n<td style=\"width: 52.8723%;\">\u00d5li t\u00fc\u00fcp<\/td>\n<td style=\"width: 228.619%;\">SAE 10W-30<\/td>\n<\/tr>\n<tr>\n<td style=\"width: 52.8723%;\">S\u00fc\u00fctek\u00fc\u00fcnal<\/td>\n<td style=\"width: 228.619%;\">F7RTC \/ F7TC<\/td>\n<\/tr>\n<tr>\n<td style=\"width: 52.8723%;\">Alternator type<\/td>\n<td style=\"width: 228.619%;\">P\u00fcsimagnet<\/td>\n<\/tr>\n<tr>\n<td style=\"width: 52.8723%;\">Maksimaalne \u00fcmbritsev temperatuur<\/td>\n<td style=\"width: 228.619%;\">40 \u00b0C<\/td>\n<\/tr>\n<tr>\n<td style=\"width: 52.8723%;\">Netokaal<\/td>\n<td style=\"width: 228.619%;\">26 kg<\/td>\n<\/tr>\n<tr>\n<td style=\"width: 52.8723%;\">Pikkus<\/td>\n<td style=\"width: 228.619%;\">435 mm<\/td>\n<\/tr>\n<tr>\n<td style=\"width: 52.8723%;\">Laius<\/td>\n<td style=\"width: 228.619%;\">375 mm<\/td>\n<\/tr>\n<tr>\n<td style=\"width: 52.8723%;\">K\u00f5rgus<\/td>\n<td style=\"width: 228.619%;\">455 mm<\/td>\n<\/tr>\n<tr>\n<td style=\"width: 52.8723%;\">Certificates<\/td>\n<td style=\"width: 228.619%;\">UKCA, EURO V<\/td>\n<\/tr>\n<\/tbody>\n<\/table>","protected":false},"featured_media":22676,"template":"","meta":{"_acf_changed":false,"inline_featured_image":false},"product_brand":[],"product_cat":[94,23],"product_tag":[],"class_list":{"0":"post-22675","1":"product","2":"type-product","3":"status-publish","4":"has-post-thumbnail","6":"product_cat-generaatorid","7":"product_cat-invertergeneraatorid","8":"product_shipping_class-vaikepakk","9":"brand-maxpeedingrods","11":"first","12":"instock","13":"taxable","14":"shipping-taxable","15":"purchasable","16":"product-type-simple"},"acf":[],"yoast_head":"<!-- This site is optimized with the Yoast SEO plugin v27.2 - https:\/\/yoast.com\/product\/yoast-seo-wordpress\/ -->\n<title>Invertergeneraator MXR4500i - Genekas24<\/title>\n<meta name=\"robots\" content=\"index, follow, max-snippet:-1, max-image-preview:large, max-video-preview:-1\" \/>\n<link rel=\"canonical\" href=\"https:\/\/genekas24.ee\/en\/product\/invertergeneraator-mxr4500i\/\" \/>\n<meta property=\"og:locale\" content=\"en_GB\" \/>\n<meta property=\"og:type\" content=\"article\" \/>\n<meta property=\"og:title\" content=\"Invertergeneraator MXR4500i - Genekas24\" \/>\n<meta property=\"og:description\" content=\"Pidevv\u00f5imsus 3200 W   Maksimaalne v\u00f5imsus 3500 W   Nimipinge 230 V   Sagedus 50 Hz   Faas \u00dchefaasiline   Mootori t\u00f6\u00f6maht 223 cm\u00b3   Nimip\u00f6\u00f6rded 3600 p\/min   K\u00e4ivitusviis K\u00e4sik\u00e4ivitus   K\u00fctusepaagi maht 7,5 l   \u00d5limaht 0,6 l   Harmoonikute kogumoonutus (THD) \u2264 5%   K\u00fctuse t\u00fc\u00fcp 95 - 98 oktaani   \u00d5li t\u00fc\u00fcp SAE 10W-30   S\u00fc\u00fctek\u00fc\u00fcnal F7RTC \/ F7TC   Generaatori t\u00fc\u00fcp P\u00fcsimagnet   Maksimaalne \u00fcmbritsev temperatuur 40 \u00b0C   Netokaal 26 kg   Pikkus 435 mm   Laius 375 mm   K\u00f5rgus 455 mm   Sertifikaadid UKCA, EURO V\" \/>\n<meta property=\"og:url\" content=\"https:\/\/genekas24.ee\/en\/product\/invertergeneraator-mxr4500i\/\" \/>\n<meta property=\"og:site_name\" content=\"Genekas24\" \/>\n<meta property=\"article:modified_time\" content=\"2026-04-07T10:55:15+00:00\" \/>\n<meta property=\"og:image\" content=\"https:\/\/genekas24.ee\/wp-content\/uploads\/2026\/01\/maxpeedingrods-default-mxr4500i-de-z2-1215158792_1024x1024@2x.webp\" \/>\n\t<meta property=\"og:image:width\" content=\"1600\" \/>\n\t<meta property=\"og:image:height\" content=\"1600\" \/>\n\t<meta property=\"og:image:type\" content=\"image\/webp\" \/>\n<meta name=\"twitter:card\" content=\"summary_large_image\" \/>\n<meta name=\"twitter:label1\" content=\"Estimated reading time\" \/>\n\t<meta name=\"twitter:data1\" content=\"1 minute\" \/>\n<script type=\"application\/ld+json\" class=\"yoast-schema-graph\">{\"@context\":\"https:\/\/schema.org\",\"@graph\":[{\"@type\":\"WebPage\",\"@id\":\"https:\/\/genekas24.ee\/toode\/invertergeneraator-mxr4500i\/\",\"url\":\"https:\/\/genekas24.ee\/toode\/invertergeneraator-mxr4500i\/\",\"name\":\"Invertergeneraator MXR4500i - Genekas24\",\"isPartOf\":{\"@id\":\"https:\/\/genekas24.ee\/#website\"},\"primaryImageOfPage\":{\"@id\":\"https:\/\/genekas24.ee\/toode\/invertergeneraator-mxr4500i\/#primaryimage\"},\"image\":{\"@id\":\"https:\/\/genekas24.ee\/toode\/invertergeneraator-mxr4500i\/#primaryimage\"},\"thumbnailUrl\":\"https:\/\/genekas24.ee\/wp-content\/uploads\/2026\/01\/maxpeedingrods-default-mxr4500i-de-z2-1215158792_1024x1024@2x.webp\",\"datePublished\":\"2026-01-15T09:18:51+00:00\",\"dateModified\":\"2026-04-07T10:55:15+00:00\",\"breadcrumb\":{\"@id\":\"https:\/\/genekas24.ee\/toode\/invertergeneraator-mxr4500i\/#breadcrumb\"},\"inLanguage\":\"en-GB\",\"potentialAction\":[{\"@type\":\"ReadAction\",\"target\":[\"https:\/\/genekas24.ee\/toode\/invertergeneraator-mxr4500i\/\"]}]},{\"@type\":\"ImageObject\",\"inLanguage\":\"en-GB\",\"@id\":\"https:\/\/genekas24.ee\/toode\/invertergeneraator-mxr4500i\/#primaryimage\",\"url\":\"https:\/\/genekas24.ee\/wp-content\/uploads\/2026\/01\/maxpeedingrods-default-mxr4500i-de-z2-1215158792_1024x1024@2x.webp\",\"contentUrl\":\"https:\/\/genekas24.ee\/wp-content\/uploads\/2026\/01\/maxpeedingrods-default-mxr4500i-de-z2-1215158792_1024x1024@2x.webp\",\"width\":1600,\"height\":1600},{\"@type\":\"BreadcrumbList\",\"@id\":\"https:\/\/genekas24.ee\/toode\/invertergeneraator-mxr4500i\/#breadcrumb\",\"itemListElement\":[{\"@type\":\"ListItem\",\"position\":1,\"name\":\"Home\",\"item\":\"https:\/\/genekas24.ee\/\"},{\"@type\":\"ListItem\",\"position\":2,\"name\":\"Pood\",\"item\":\"https:\/\/genekas24.ee\/pood\/\"},{\"@type\":\"ListItem\",\"position\":3,\"name\":\"Invertergeneraator MXR4500i\"}]},{\"@type\":\"WebSite\",\"@id\":\"https:\/\/genekas24.ee\/#website\",\"url\":\"https:\/\/genekas24.ee\/\",\"name\":\"Genekas24\",\"description\":\"Generaatorid | K&ouml;nner S&ouml;hnen tooted | Genekas24\",\"publisher\":{\"@id\":\"https:\/\/genekas24.ee\/#organization\"},\"potentialAction\":[{\"@type\":\"SearchAction\",\"target\":{\"@type\":\"EntryPoint\",\"urlTemplate\":\"https:\/\/genekas24.ee\/?s={search_term_string}\"},\"query-input\":{\"@type\":\"PropertyValueSpecification\",\"valueRequired\":true,\"valueName\":\"search_term_string\"}}],\"inLanguage\":\"en-GB\"},{\"@type\":\"Organization\",\"@id\":\"https:\/\/genekas24.ee\/#organization\",\"name\":\"Genekas24\",\"url\":\"https:\/\/genekas24.ee\/\",\"logo\":{\"@type\":\"ImageObject\",\"inLanguage\":\"en-GB\",\"@id\":\"https:\/\/genekas24.ee\/#\/schema\/logo\/image\/\",\"url\":\"https:\/\/genekas24.ee\/wp-content\/uploads\/2026\/01\/genekas24-logo_black.svg\",\"contentUrl\":\"https:\/\/genekas24.ee\/wp-content\/uploads\/2026\/01\/genekas24-logo_black.svg\",\"width\":840,\"height\":131,\"caption\":\"Genekas24\"},\"image\":{\"@id\":\"https:\/\/genekas24.ee\/#\/schema\/logo\/image\/\"}}]}<\/script>\n<!-- \/ Yoast SEO plugin. -->","yoast_head_json":{"title":"Invertergeneraator MXR4500i - Genekas24","robots":{"index":"index","follow":"follow","max-snippet":"max-snippet:-1","max-image-preview":"max-image-preview:large","max-video-preview":"max-video-preview:-1"},"canonical":"https:\/\/genekas24.ee\/en\/product\/invertergeneraator-mxr4500i\/","og_locale":"en_GB","og_type":"article","og_title":"Invertergeneraator MXR4500i - Genekas24","og_description":"Pidevv\u00f5imsus 3200 W   Maksimaalne v\u00f5imsus 3500 W   Nimipinge 230 V   Sagedus 50 Hz   Faas \u00dchefaasiline   Mootori t\u00f6\u00f6maht 223 cm\u00b3   Nimip\u00f6\u00f6rded 3600 p\/min   K\u00e4ivitusviis K\u00e4sik\u00e4ivitus   K\u00fctusepaagi maht 7,5 l   \u00d5limaht 0,6 l   Harmoonikute kogumoonutus (THD) \u2264 5%   K\u00fctuse t\u00fc\u00fcp 95 - 98 oktaani   \u00d5li t\u00fc\u00fcp SAE 10W-30   S\u00fc\u00fctek\u00fc\u00fcnal F7RTC \/ F7TC   Generaatori t\u00fc\u00fcp P\u00fcsimagnet   Maksimaalne \u00fcmbritsev temperatuur 40 \u00b0C   Netokaal 26 kg   Pikkus 435 mm   Laius 375 mm   K\u00f5rgus 455 mm   Sertifikaadid UKCA, EURO V","og_url":"https:\/\/genekas24.ee\/en\/product\/invertergeneraator-mxr4500i\/","og_site_name":"Genekas24","article_modified_time":"2026-04-07T10:55:15+00:00","og_image":[{"width":1600,"height":1600,"url":"https:\/\/genekas24.ee\/wp-content\/uploads\/2026\/01\/maxpeedingrods-default-mxr4500i-de-z2-1215158792_1024x1024@2x.webp","type":"image\/webp"}],"twitter_card":"summary_large_image","twitter_misc":{"Estimated reading time":"1 minute"},"schema":{"@context":"https:\/\/schema.org","@graph":[{"@type":"WebPage","@id":"https:\/\/genekas24.ee\/toode\/invertergeneraator-mxr4500i\/","url":"https:\/\/genekas24.ee\/toode\/invertergeneraator-mxr4500i\/","name":"Invertergeneraator MXR4500i - Genekas24","isPartOf":{"@id":"https:\/\/genekas24.ee\/#website"},"primaryImageOfPage":{"@id":"https:\/\/genekas24.ee\/toode\/invertergeneraator-mxr4500i\/#primaryimage"},"image":{"@id":"https:\/\/genekas24.ee\/toode\/invertergeneraator-mxr4500i\/#primaryimage"},"thumbnailUrl":"https:\/\/genekas24.ee\/wp-content\/uploads\/2026\/01\/maxpeedingrods-default-mxr4500i-de-z2-1215158792_1024x1024@2x.webp","datePublished":"2026-01-15T09:18:51+00:00","dateModified":"2026-04-07T10:55:15+00:00","breadcrumb":{"@id":"https:\/\/genekas24.ee\/toode\/invertergeneraator-mxr4500i\/#breadcrumb"},"inLanguage":"en-GB","potentialAction":[{"@type":"ReadAction","target":["https:\/\/genekas24.ee\/toode\/invertergeneraator-mxr4500i\/"]}]},{"@type":"ImageObject","inLanguage":"en-GB","@id":"https:\/\/genekas24.ee\/toode\/invertergeneraator-mxr4500i\/#primaryimage","url":"https:\/\/genekas24.ee\/wp-content\/uploads\/2026\/01\/maxpeedingrods-default-mxr4500i-de-z2-1215158792_1024x1024@2x.webp","contentUrl":"https:\/\/genekas24.ee\/wp-content\/uploads\/2026\/01\/maxpeedingrods-default-mxr4500i-de-z2-1215158792_1024x1024@2x.webp","width":1600,"height":1600},{"@type":"BreadcrumbList","@id":"https:\/\/genekas24.ee\/toode\/invertergeneraator-mxr4500i\/#breadcrumb","itemListElement":[{"@type":"ListItem","position":1,"name":"Home","item":"https:\/\/genekas24.ee\/"},{"@type":"ListItem","position":2,"name":"Pood","item":"https:\/\/genekas24.ee\/pood\/"},{"@type":"ListItem","position":3,"name":"Invertergeneraator MXR4500i"}]},{"@type":"WebSite","@id":"https:\/\/genekas24.ee\/#website","url":"https:\/\/genekas24.ee\/","name":"Genekas24","description":"Generaatorid | K&ouml;nner S&ouml;hnen tooted | Genekas24","publisher":{"@id":"https:\/\/genekas24.ee\/#organization"},"potentialAction":[{"@type":"SearchAction","target":{"@type":"EntryPoint","urlTemplate":"https:\/\/genekas24.ee\/?s={search_term_string}"},"query-input":{"@type":"PropertyValueSpecification","valueRequired":true,"valueName":"search_term_string"}}],"inLanguage":"en-GB"},{"@type":"Organization","@id":"https:\/\/genekas24.ee\/#organization","name":"Genekas24","url":"https:\/\/genekas24.ee\/","logo":{"@type":"ImageObject","inLanguage":"en-GB","@id":"https:\/\/genekas24.ee\/#\/schema\/logo\/image\/","url":"https:\/\/genekas24.ee\/wp-content\/uploads\/2026\/01\/genekas24-logo_black.svg","contentUrl":"https:\/\/genekas24.ee\/wp-content\/uploads\/2026\/01\/genekas24-logo_black.svg","width":840,"height":131,"caption":"Genekas24"},"image":{"@id":"https:\/\/genekas24.ee\/#\/schema\/logo\/image\/"}}]}},"_links":{"self":[{"href":"https:\/\/genekas24.ee\/en\/wp-json\/wp\/v2\/product\/22675","targetHints":{"allow":["GET"]}}],"collection":[{"href":"https:\/\/genekas24.ee\/en\/wp-json\/wp\/v2\/product"}],"about":[{"href":"https:\/\/genekas24.ee\/en\/wp-json\/wp\/v2\/types\/product"}],"version-history":[{"count":5,"href":"https:\/\/genekas24.ee\/en\/wp-json\/wp\/v2\/product\/22675\/revisions"}],"predecessor-version":[{"id":23038,"href":"https:\/\/genekas24.ee\/en\/wp-json\/wp\/v2\/product\/22675\/revisions\/23038"}],"wp:featuredmedia":[{"embeddable":true,"href":"https:\/\/genekas24.ee\/en\/wp-json\/wp\/v2\/media\/22676"}],"wp:attachment":[{"href":"https:\/\/genekas24.ee\/en\/wp-json\/wp\/v2\/media?parent=22675"}],"wp:term":[{"taxonomy":"product_brand","embeddable":true,"href":"https:\/\/genekas24.ee\/en\/wp-json\/wp\/v2\/product_brand?post=22675"},{"taxonomy":"product_cat","embeddable":true,"href":"https:\/\/genekas24.ee\/en\/wp-json\/wp\/v2\/product_cat?post=22675"},{"taxonomy":"product_tag","embeddable":true,"href":"https:\/\/genekas24.ee\/en\/wp-json\/wp\/v2\/product_tag?post=22675"}],"curies":[{"name":"wp","href":"https:\/\/api.w.org\/{rel}","templated":true}]}}