{"id":22660,"date":"2026-01-15T09:04:59","date_gmt":"2026-01-15T09:04:59","guid":{"rendered":"https:\/\/genekas24.ee\/?post_type=product&#038;p=22660"},"modified":"2026-02-25T16:22:18","modified_gmt":"2026-02-25T16:22:18","slug":"invertergeneraator-mxr6000ie-pro","status":"publish","type":"product","link":"https:\/\/genekas24.ee\/en\/product\/invertergeneraator-mxr6000ie-pro\/","title":{"rendered":"Invertergeneraator MXR6000iE PRO"},"content":{"rendered":"<p data-start=\"1380\" data-end=\"1392\">Sobib suurep\u00e4raselt v\u00e4litegevusteks (telkimine, aiapeod, hoov), matkaautoga reisimiseks, koduseks avariitoiteks ning elektrikatkestuste korral, sh ekstreemsete ilmastikutingimuste ajal.<\/p>\n<h3 data-start=\"1380\" data-end=\"1392\">Omadused<\/h3>\n<ol data-start=\"1393\" data-end=\"1928\">\n<li data-start=\"1393\" data-end=\"1473\">\n<p data-start=\"1396\" data-end=\"1473\">Kompaktne disain rataste ja teleskoopk\u00e4epidemega \u2013 lihtne transportida.<\/p>\n<\/li>\n<li data-start=\"1474\" data-end=\"1578\">\n<p data-start=\"1477\" data-end=\"1578\">Puhas v\u00e4ljundv\u00f5imsus, sobib tundlikele seadmetele (telefonid, tahvelarvutid, telerid, arvutid).<\/p>\n<\/li>\n<li data-start=\"1579\" data-end=\"1657\">\n<p data-start=\"1582\" data-end=\"1657\">ECO-re\u017eiim reguleerib automaatselt k\u00fctusekulu, aidates s\u00e4\u00e4sta k\u00fctust.<\/p>\n<\/li>\n<li data-start=\"1658\" data-end=\"1752\">\n<p data-start=\"1661\" data-end=\"1752\">LED-olekuindikaatorid hoiatavad madala \u00f5litaseme, \u00fclekoormuse ja v\u00e4ljundi oleku eest.<\/p>\n<\/li>\n<li data-start=\"1753\" data-end=\"1815\">\n<p data-start=\"1756\" data-end=\"1815\">\u00dclekoormuse korral l\u00fclitub kaitse automaatselt v\u00e4lja.<\/p>\n<\/li>\n<li data-start=\"1816\" data-end=\"1928\">\n<p data-start=\"1819\" data-end=\"1928\">ECO-re\u017eiimis on m\u00fcratase madalam ja t\u00f6\u00f6aeg pikem \u2013 25% koormusel kuni 10 tundi 14,5-liitrise paagiga.<\/p>\n<\/li>\n<\/ol>\n<h3 data-start=\"1935\" data-end=\"1947\">M\u00e4rkused<\/h3>\n<ol data-start=\"1948\" data-end=\"2366\">\n<li data-start=\"1948\" data-end=\"2044\">\n<p data-start=\"1951\" data-end=\"2044\">\u00c4rge k\u00e4ivitage generaatorit ilma \u00f5lita<strong data-start=\"1951\" data-end=\"1994\">.<\/strong> See v\u00f5ib p\u00f5hjustada p\u00fcsivaid mootorikahjustusi.<\/p>\n<\/li>\n<li data-start=\"2045\" data-end=\"2138\">\n<p data-start=\"2048\" data-end=\"2138\">Tehases testimise t\u00f5ttu v\u00f5ib esineda kerget \u00f5li- v\u00f5i k\u00fctusel\u00f5hna \u2013 see on normaalne.<\/p>\n<\/li>\n<li data-start=\"2139\" data-end=\"2227\">\n<p data-start=\"2142\" data-end=\"2227\">Soovitatav kasutusk\u00f5rgus alla 1500 m (5000 ft); k\u00f5rgemal v\u00f5ib j\u00f5udlus v\u00e4heneda.<\/p>\n<\/li>\n<li data-start=\"2228\" data-end=\"2366\">\n<p data-start=\"2231\" data-end=\"2366\">Optimaalne t\u00f6\u00f6temperatuur 25 \u00b0C; t\u00f6\u00f6vahemik \u201315 \u00b0C kuni +40 \u00b0C. \u00c4\u00e4rmuslikes temperatuurides v\u00f5ib k\u00e4ivitus ja v\u00f5imsus halveneda.<\/p>\n<\/li>\n<\/ol>","protected":false},"excerpt":{"rendered":"<table style=\"width: 94.5441%;\">\n<tbody>\n<tr>\n<td style=\"width: 42.8876%;\">Pidevv\u00f5imsus<\/td>\n<td style=\"width: 132.101%;\">5000 W<\/td>\n<\/tr>\n<tr>\n<td style=\"width: 42.8876%;\">Tippv\u00f5imsus<\/td>\n<td style=\"width: 132.101%;\">5500 W<\/td>\n<\/tr>\n<tr>\n<td style=\"width: 42.8876%;\">K\u00fctus<\/td>\n<td style=\"width: 132.101%;\">Bensiin (E10)<\/td>\n<\/tr>\n<tr>\n<td style=\"width: 42.8876%;\">\u00d5lit\u00fc\u00fcp<\/td>\n<td style=\"width: 132.101%;\">SAE 10W-30<\/td>\n<\/tr>\n<tr>\n<td style=\"width: 42.8876%;\">Mootor<\/td>\n<td style=\"width: 132.101%;\">4-taktiline OHV, 312 cm\u00b3, \u00f5hkjahutusega<\/td>\n<\/tr>\n<tr>\n<td style=\"width: 42.8876%;\">T\u00f6\u00f6vool<\/td>\n<td style=\"width: 132.101%;\">21,7 A<\/td>\n<\/tr>\n<tr>\n<td style=\"width: 42.8876%;\">Tippvool<\/td>\n<td style=\"width: 132.101%;\">23,9 A<\/td>\n<\/tr>\n<tr>\n<td style=\"width: 42.8876%;\">Vahelduvpinge<\/td>\n<td style=\"width: 132.101%;\">230 V<\/td>\n<\/tr>\n<tr>\n<td style=\"width: 42.8876%;\">Frequency<\/td>\n<td style=\"width: 132.101%;\">50 Hz<\/td>\n<\/tr>\n<tr>\n<td style=\"width: 42.8876%;\">K\u00e4ivitus<\/td>\n<td style=\"width: 132.101%;\">K\u00e4sik\u00e4ivitus \/ elektriline k\u00e4ivitus<\/td>\n<\/tr>\n<tr>\n<td style=\"width: 42.8876%;\">M\u00fcratase (7 m \/ 25% koormus)<\/td>\n<td style=\"width: 132.101%;\">73 dB<\/td>\n<\/tr>\n<tr>\n<td style=\"width: 42.8876%;\">K\u00fctusepaagi maht<\/td>\n<td style=\"width: 132.101%;\">14,5 L<\/td>\n<\/tr>\n<tr>\n<td style=\"width: 42.8876%;\">\u00d5lipaagi maht<\/td>\n<td style=\"width: 132.101%;\">0,8 L<\/td>\n<\/tr>\n<tr>\n<td style=\"width: 42.8876%;\">T\u00f6\u00f6aeg 25% koormusel<\/td>\n<td style=\"width: 132.101%;\">kuni 10 tundi<\/td>\n<\/tr>\n<tr>\n<td style=\"width: 42.8876%;\">T\u00f6\u00f6aeg 50% koormusel<\/td>\n<td style=\"width: 132.101%;\">7,5 tundi<\/td>\n<\/tr>\n<tr>\n<td style=\"width: 42.8876%;\">ECO-re\u017eiim<\/td>\n<td style=\"width: 132.101%;\">Jah<\/td>\n<\/tr>\n<tr>\n<td style=\"width: 42.8876%;\">Paralleel\u00fchendus<\/td>\n<td style=\"width: 132.101%;\">Jah<\/td>\n<\/tr>\n<tr>\n<td style=\"width: 42.8876%;\">ATS-liides<\/td>\n<td style=\"width: 132.101%;\">Jah<\/td>\n<\/tr>\n<tr>\n<td style=\"width: 42.8876%;\">Madala \u00f5litaseme hoiatus (LED)<\/td>\n<td style=\"width: 132.101%;\">Jah<\/td>\n<\/tr>\n<tr>\n<td style=\"width: 42.8876%;\">\u00dclekoormuse hoiatus (LED)<\/td>\n<td style=\"width: 132.101%;\">Jah<\/td>\n<\/tr>\n<tr>\n<td style=\"width: 42.8876%;\">\u201eV\u00e4ljund valmis\u201d LED<\/td>\n<td style=\"width: 132.101%;\">Jah<\/td>\n<\/tr>\n<tr>\n<td style=\"width: 42.8876%;\">Generaatori m\u00f5\u00f5tmed (P \u00d7 L \u00d7 K)<\/td>\n<td style=\"width: 132.101%;\">56,5 \u00d7 46,5 \u00d7 45 cm<\/td>\n<\/tr>\n<tr>\n<td style=\"width: 42.8876%;\">Pakendi m\u00f5\u00f5tmed (P \u00d7 L \u00d7 K)<\/td>\n<td style=\"width: 132.101%;\">74,5 \u00d7 54,5 \u00d7 51 cm<\/td>\n<\/tr>\n<tr>\n<td style=\"width: 42.8876%;\">Netokaal<\/td>\n<td style=\"width: 132.101%;\">47 kg<\/td>\n<\/tr>\n<tr>\n<td style=\"width: 42.8876%;\">Brutokaal<\/td>\n<td style=\"width: 132.101%;\">52 kg<\/td>\n<\/tr>\n<tr>\n<td style=\"width: 42.8876%;\">Outlets<\/td>\n<td style=\"width: 132.101%;\">1 \u00d7 230 V 32 A, 1 \u00d7 230 V 16 A, 1 \u00d7 DC 12 V \/ 8,3 A, 2 \u00d7 USB<\/td>\n<\/tr>\n<\/tbody>\n<\/table>","protected":false},"featured_media":22661,"template":"","meta":{"_acf_changed":false,"inline_featured_image":false},"product_brand":[],"product_cat":[94,23],"product_tag":[],"class_list":{"0":"post-22660","1":"product","2":"type-product","3":"status-publish","4":"has-post-thumbnail","6":"product_cat-generaatorid","7":"product_cat-invertergeneraatorid","8":"product_shipping_class-poolalus","9":"brand-maxpeedingrods","11":"first","12":"instock","13":"taxable","14":"shipping-taxable","15":"purchasable","16":"product-type-simple"},"acf":[],"yoast_head":"<!-- This site is optimized with the Yoast SEO plugin v27.2 - https:\/\/yoast.com\/product\/yoast-seo-wordpress\/ -->\n<title>Invertergeneraator MXR6000iE PRO - Genekas24<\/title>\n<meta name=\"robots\" content=\"index, follow, max-snippet:-1, max-image-preview:large, max-video-preview:-1\" \/>\n<link rel=\"canonical\" href=\"https:\/\/genekas24.ee\/en\/product\/invertergeneraator-mxr6000ie-pro\/\" \/>\n<meta property=\"og:locale\" content=\"en_GB\" \/>\n<meta property=\"og:type\" content=\"article\" \/>\n<meta property=\"og:title\" content=\"Invertergeneraator MXR6000iE PRO - Genekas24\" \/>\n<meta property=\"og:description\" content=\"Pidevv\u00f5imsus 5000 W   Tippv\u00f5imsus 5500 W   K\u00fctus Bensiin (E10)   \u00d5lit\u00fc\u00fcp SAE 10W-30   Mootor 4-taktiline OHV, 312 cm\u00b3, \u00f5hkjahutusega   T\u00f6\u00f6vool 21,7 A   Tippvool 23,9 A   Vahelduvpinge 230 V   Sagedus 50 Hz   K\u00e4ivitus K\u00e4sik\u00e4ivitus \/ elektriline k\u00e4ivitus   M\u00fcratase (7 m \/ 25% koormus) 73 dB   K\u00fctusepaagi maht 14,5 L   \u00d5lipaagi maht 0,8 L   T\u00f6\u00f6aeg 25% koormusel kuni 10 tundi   T\u00f6\u00f6aeg 50% koormusel 7,5 tundi   ECO-re\u017eiim Jah   Paralleel\u00fchendus Jah   ATS-liides Jah   Madala \u00f5litaseme hoiatus (LED) Jah   \u00dclekoormuse hoiatus (LED) Jah   \u201eV\u00e4ljund valmis\u201d LED Jah   Generaatori m\u00f5\u00f5tmed (P \u00d7 L \u00d7 K) 56,5 \u00d7 46,5 \u00d7 45 cm   Pakendi m\u00f5\u00f5tmed (P \u00d7 L \u00d7 K) 74,5 \u00d7 54,5 \u00d7 51 cm   Netokaal 47 kg   Brutokaal 52 kg   Pistikupesad 1 \u00d7 230 V 32 A, 1 \u00d7 230 V 16 A, 1 \u00d7 DC 12 V \/ 8,3 A, 2 \u00d7 USB\" \/>\n<meta property=\"og:url\" content=\"https:\/\/genekas24.ee\/en\/product\/invertergeneraator-mxr6000ie-pro\/\" \/>\n<meta property=\"og:site_name\" content=\"Genekas24\" \/>\n<meta property=\"article:modified_time\" content=\"2026-02-25T16:22:18+00:00\" \/>\n<meta property=\"og:image\" content=\"https:\/\/genekas24.ee\/wp-content\/uploads\/2026\/01\/maxpeedingrods-stromgenerator-pro6000-eu-32635040366789_1024x1024@2x.webp\" \/>\n\t<meta property=\"og:image:width\" content=\"1600\" \/>\n\t<meta property=\"og:image:height\" content=\"1600\" \/>\n\t<meta property=\"og:image:type\" content=\"image\/webp\" \/>\n<meta name=\"twitter:card\" content=\"summary_large_image\" \/>\n<meta name=\"twitter:label1\" content=\"Estimated reading time\" \/>\n\t<meta name=\"twitter:data1\" content=\"1 minute\" \/>\n<script type=\"application\/ld+json\" class=\"yoast-schema-graph\">{\"@context\":\"https:\/\/schema.org\",\"@graph\":[{\"@type\":\"WebPage\",\"@id\":\"https:\/\/genekas24.ee\/toode\/invertergeneraator-mxr6000ie-pro\/\",\"url\":\"https:\/\/genekas24.ee\/toode\/invertergeneraator-mxr6000ie-pro\/\",\"name\":\"Invertergeneraator MXR6000iE PRO - Genekas24\",\"isPartOf\":{\"@id\":\"https:\/\/genekas24.ee\/#website\"},\"primaryImageOfPage\":{\"@id\":\"https:\/\/genekas24.ee\/toode\/invertergeneraator-mxr6000ie-pro\/#primaryimage\"},\"image\":{\"@id\":\"https:\/\/genekas24.ee\/toode\/invertergeneraator-mxr6000ie-pro\/#primaryimage\"},\"thumbnailUrl\":\"https:\/\/genekas24.ee\/wp-content\/uploads\/2026\/01\/maxpeedingrods-stromgenerator-pro6000-eu-32635040366789_1024x1024@2x.webp\",\"datePublished\":\"2026-01-15T09:04:59+00:00\",\"dateModified\":\"2026-02-25T16:22:18+00:00\",\"breadcrumb\":{\"@id\":\"https:\/\/genekas24.ee\/toode\/invertergeneraator-mxr6000ie-pro\/#breadcrumb\"},\"inLanguage\":\"en-GB\",\"potentialAction\":[{\"@type\":\"ReadAction\",\"target\":[\"https:\/\/genekas24.ee\/toode\/invertergeneraator-mxr6000ie-pro\/\"]}]},{\"@type\":\"ImageObject\",\"inLanguage\":\"en-GB\",\"@id\":\"https:\/\/genekas24.ee\/toode\/invertergeneraator-mxr6000ie-pro\/#primaryimage\",\"url\":\"https:\/\/genekas24.ee\/wp-content\/uploads\/2026\/01\/maxpeedingrods-stromgenerator-pro6000-eu-32635040366789_1024x1024@2x.webp\",\"contentUrl\":\"https:\/\/genekas24.ee\/wp-content\/uploads\/2026\/01\/maxpeedingrods-stromgenerator-pro6000-eu-32635040366789_1024x1024@2x.webp\",\"width\":1600,\"height\":1600},{\"@type\":\"BreadcrumbList\",\"@id\":\"https:\/\/genekas24.ee\/toode\/invertergeneraator-mxr6000ie-pro\/#breadcrumb\",\"itemListElement\":[{\"@type\":\"ListItem\",\"position\":1,\"name\":\"Home\",\"item\":\"https:\/\/genekas24.ee\/\"},{\"@type\":\"ListItem\",\"position\":2,\"name\":\"Pood\",\"item\":\"https:\/\/genekas24.ee\/pood\/\"},{\"@type\":\"ListItem\",\"position\":3,\"name\":\"Invertergeneraator MXR6000iE PRO\"}]},{\"@type\":\"WebSite\",\"@id\":\"https:\/\/genekas24.ee\/#website\",\"url\":\"https:\/\/genekas24.ee\/\",\"name\":\"Genekas24\",\"description\":\"Generaatorid | K&ouml;nner S&ouml;hnen tooted | Genekas24\",\"publisher\":{\"@id\":\"https:\/\/genekas24.ee\/#organization\"},\"potentialAction\":[{\"@type\":\"SearchAction\",\"target\":{\"@type\":\"EntryPoint\",\"urlTemplate\":\"https:\/\/genekas24.ee\/?s={search_term_string}\"},\"query-input\":{\"@type\":\"PropertyValueSpecification\",\"valueRequired\":true,\"valueName\":\"search_term_string\"}}],\"inLanguage\":\"en-GB\"},{\"@type\":\"Organization\",\"@id\":\"https:\/\/genekas24.ee\/#organization\",\"name\":\"Genekas24\",\"url\":\"https:\/\/genekas24.ee\/\",\"logo\":{\"@type\":\"ImageObject\",\"inLanguage\":\"en-GB\",\"@id\":\"https:\/\/genekas24.ee\/#\/schema\/logo\/image\/\",\"url\":\"https:\/\/genekas24.ee\/wp-content\/uploads\/2026\/01\/genekas24-logo_black.svg\",\"contentUrl\":\"https:\/\/genekas24.ee\/wp-content\/uploads\/2026\/01\/genekas24-logo_black.svg\",\"width\":840,\"height\":131,\"caption\":\"Genekas24\"},\"image\":{\"@id\":\"https:\/\/genekas24.ee\/#\/schema\/logo\/image\/\"}}]}<\/script>\n<!-- \/ Yoast SEO plugin. -->","yoast_head_json":{"title":"Invertergeneraator MXR6000iE PRO - Genekas24","robots":{"index":"index","follow":"follow","max-snippet":"max-snippet:-1","max-image-preview":"max-image-preview:large","max-video-preview":"max-video-preview:-1"},"canonical":"https:\/\/genekas24.ee\/en\/product\/invertergeneraator-mxr6000ie-pro\/","og_locale":"en_GB","og_type":"article","og_title":"Invertergeneraator MXR6000iE PRO - Genekas24","og_description":"Pidevv\u00f5imsus 5000 W   Tippv\u00f5imsus 5500 W   K\u00fctus Bensiin (E10)   \u00d5lit\u00fc\u00fcp SAE 10W-30   Mootor 4-taktiline OHV, 312 cm\u00b3, \u00f5hkjahutusega   T\u00f6\u00f6vool 21,7 A   Tippvool 23,9 A   Vahelduvpinge 230 V   Sagedus 50 Hz   K\u00e4ivitus K\u00e4sik\u00e4ivitus \/ elektriline k\u00e4ivitus   M\u00fcratase (7 m \/ 25% koormus) 73 dB   K\u00fctusepaagi maht 14,5 L   \u00d5lipaagi maht 0,8 L   T\u00f6\u00f6aeg 25% koormusel kuni 10 tundi   T\u00f6\u00f6aeg 50% koormusel 7,5 tundi   ECO-re\u017eiim Jah   Paralleel\u00fchendus Jah   ATS-liides Jah   Madala \u00f5litaseme hoiatus (LED) Jah   \u00dclekoormuse hoiatus (LED) Jah   \u201eV\u00e4ljund valmis\u201d LED Jah   Generaatori m\u00f5\u00f5tmed (P \u00d7 L \u00d7 K) 56,5 \u00d7 46,5 \u00d7 45 cm   Pakendi m\u00f5\u00f5tmed (P \u00d7 L \u00d7 K) 74,5 \u00d7 54,5 \u00d7 51 cm   Netokaal 47 kg   Brutokaal 52 kg   Pistikupesad 1 \u00d7 230 V 32 A, 1 \u00d7 230 V 16 A, 1 \u00d7 DC 12 V \/ 8,3 A, 2 \u00d7 USB","og_url":"https:\/\/genekas24.ee\/en\/product\/invertergeneraator-mxr6000ie-pro\/","og_site_name":"Genekas24","article_modified_time":"2026-02-25T16:22:18+00:00","og_image":[{"width":1600,"height":1600,"url":"https:\/\/genekas24.ee\/wp-content\/uploads\/2026\/01\/maxpeedingrods-stromgenerator-pro6000-eu-32635040366789_1024x1024@2x.webp","type":"image\/webp"}],"twitter_card":"summary_large_image","twitter_misc":{"Estimated reading time":"1 minute"},"schema":{"@context":"https:\/\/schema.org","@graph":[{"@type":"WebPage","@id":"https:\/\/genekas24.ee\/toode\/invertergeneraator-mxr6000ie-pro\/","url":"https:\/\/genekas24.ee\/toode\/invertergeneraator-mxr6000ie-pro\/","name":"Invertergeneraator MXR6000iE PRO - Genekas24","isPartOf":{"@id":"https:\/\/genekas24.ee\/#website"},"primaryImageOfPage":{"@id":"https:\/\/genekas24.ee\/toode\/invertergeneraator-mxr6000ie-pro\/#primaryimage"},"image":{"@id":"https:\/\/genekas24.ee\/toode\/invertergeneraator-mxr6000ie-pro\/#primaryimage"},"thumbnailUrl":"https:\/\/genekas24.ee\/wp-content\/uploads\/2026\/01\/maxpeedingrods-stromgenerator-pro6000-eu-32635040366789_1024x1024@2x.webp","datePublished":"2026-01-15T09:04:59+00:00","dateModified":"2026-02-25T16:22:18+00:00","breadcrumb":{"@id":"https:\/\/genekas24.ee\/toode\/invertergeneraator-mxr6000ie-pro\/#breadcrumb"},"inLanguage":"en-GB","potentialAction":[{"@type":"ReadAction","target":["https:\/\/genekas24.ee\/toode\/invertergeneraator-mxr6000ie-pro\/"]}]},{"@type":"ImageObject","inLanguage":"en-GB","@id":"https:\/\/genekas24.ee\/toode\/invertergeneraator-mxr6000ie-pro\/#primaryimage","url":"https:\/\/genekas24.ee\/wp-content\/uploads\/2026\/01\/maxpeedingrods-stromgenerator-pro6000-eu-32635040366789_1024x1024@2x.webp","contentUrl":"https:\/\/genekas24.ee\/wp-content\/uploads\/2026\/01\/maxpeedingrods-stromgenerator-pro6000-eu-32635040366789_1024x1024@2x.webp","width":1600,"height":1600},{"@type":"BreadcrumbList","@id":"https:\/\/genekas24.ee\/toode\/invertergeneraator-mxr6000ie-pro\/#breadcrumb","itemListElement":[{"@type":"ListItem","position":1,"name":"Home","item":"https:\/\/genekas24.ee\/"},{"@type":"ListItem","position":2,"name":"Pood","item":"https:\/\/genekas24.ee\/pood\/"},{"@type":"ListItem","position":3,"name":"Invertergeneraator MXR6000iE PRO"}]},{"@type":"WebSite","@id":"https:\/\/genekas24.ee\/#website","url":"https:\/\/genekas24.ee\/","name":"Genekas24","description":"Generaatorid | K&ouml;nner S&ouml;hnen tooted | Genekas24","publisher":{"@id":"https:\/\/genekas24.ee\/#organization"},"potentialAction":[{"@type":"SearchAction","target":{"@type":"EntryPoint","urlTemplate":"https:\/\/genekas24.ee\/?s={search_term_string}"},"query-input":{"@type":"PropertyValueSpecification","valueRequired":true,"valueName":"search_term_string"}}],"inLanguage":"en-GB"},{"@type":"Organization","@id":"https:\/\/genekas24.ee\/#organization","name":"Genekas24","url":"https:\/\/genekas24.ee\/","logo":{"@type":"ImageObject","inLanguage":"en-GB","@id":"https:\/\/genekas24.ee\/#\/schema\/logo\/image\/","url":"https:\/\/genekas24.ee\/wp-content\/uploads\/2026\/01\/genekas24-logo_black.svg","contentUrl":"https:\/\/genekas24.ee\/wp-content\/uploads\/2026\/01\/genekas24-logo_black.svg","width":840,"height":131,"caption":"Genekas24"},"image":{"@id":"https:\/\/genekas24.ee\/#\/schema\/logo\/image\/"}}]}},"_links":{"self":[{"href":"https:\/\/genekas24.ee\/en\/wp-json\/wp\/v2\/product\/22660","targetHints":{"allow":["GET"]}}],"collection":[{"href":"https:\/\/genekas24.ee\/en\/wp-json\/wp\/v2\/product"}],"about":[{"href":"https:\/\/genekas24.ee\/en\/wp-json\/wp\/v2\/types\/product"}],"version-history":[{"count":6,"href":"https:\/\/genekas24.ee\/en\/wp-json\/wp\/v2\/product\/22660\/revisions"}],"predecessor-version":[{"id":22974,"href":"https:\/\/genekas24.ee\/en\/wp-json\/wp\/v2\/product\/22660\/revisions\/22974"}],"wp:featuredmedia":[{"embeddable":true,"href":"https:\/\/genekas24.ee\/en\/wp-json\/wp\/v2\/media\/22661"}],"wp:attachment":[{"href":"https:\/\/genekas24.ee\/en\/wp-json\/wp\/v2\/media?parent=22660"}],"wp:term":[{"taxonomy":"product_brand","embeddable":true,"href":"https:\/\/genekas24.ee\/en\/wp-json\/wp\/v2\/product_brand?post=22660"},{"taxonomy":"product_cat","embeddable":true,"href":"https:\/\/genekas24.ee\/en\/wp-json\/wp\/v2\/product_cat?post=22660"},{"taxonomy":"product_tag","embeddable":true,"href":"https:\/\/genekas24.ee\/en\/wp-json\/wp\/v2\/product_tag?post=22660"}],"curies":[{"name":"wp","href":"https:\/\/api.w.org\/{rel}","templated":true}]}}