{"id":22614,"date":"2026-01-15T13:15:20","date_gmt":"2026-01-15T13:15:20","guid":{"rendered":"https:\/\/genekas24.ee\/?post_type=product&#038;p=22614"},"modified":"2026-01-15T13:15:20","modified_gmt":"2026-01-15T13:15:20","slug":"itcpower-gg22i-invertergeneraator-2000w-230v","status":"publish","type":"product","link":"https:\/\/genekas24.ee\/en\/product\/itcpower-gg22i-invertergeneraator-2000w-230v\/","title":{"rendered":"ITCPOWER GG22i invertergeneraator 2000W 230V"},"content":{"rendered":"<p style=\"font-weight: 400;\">ITCPOWER GG22i invertergeneraator on kompaktne ja \u00f6konoomne ITCPOWERi generaator. GG22i pakub maksimaalset v\u00e4ljundv\u00f5imsust 2200W ja 2000W pidevat t\u00f6\u00f6d. GG22i saab k\u00e4ivitada ka k\u00e4sitsi.<\/p>\n<p style=\"font-weight: 400;\"><strong>Invertertehnoloogia<\/strong><\/p>\n<p style=\"font-weight: 400;\">ITCPOWERi inverteri invertertehnoloogia ei paku mitte ainult energiat, vaid on ka lihtne, stabiilne ja usaldusv\u00e4\u00e4rne energiaallikas. Enam pole vaja muretseda pingek\u00f5ikumiste p\u00e4rast, mis v\u00f5ivad teie tundlikku elektroonikat kahjustada: meie generaator pakub teile vajalikku t\u00e4psust.<\/p>\n<p style=\"font-weight: 400;\"><strong>Kompaktne<\/strong><\/p>\n<p style=\"font-weight: 400;\">Olenemata sellest, kas te telkite looduses, naudite looduspuhkust, t\u00f6\u00f6tate kaugel ehitusplatsil v\u00f5i soovite lihtsalt olla valmis h\u00e4daolukordadeks, on meie bensiinimootoriga invertergeneraator teie ustav kaaslane. K\u00f5ik meie inverterid on kaasaskantava\/mobiilse disainiga, sealhulgas rataste ja\/v\u00f5i k\u00e4epidemetega, ning kergete materjalide kasutamisega, mis muudab nende liigutamise k\u00f5ikjale lihtsaks. L\u00fchidalt, mugav ja kompaktne masin!<\/p>\n<p style=\"font-weight: 400;\"><strong>M\u00fcra<\/strong><\/p>\n<p style=\"font-weight: 400;\">K\u00f5igi meie invertergeneraatorite peamine omadus on m\u00fcraemissioon. Masinad on ehitatud detsibellide minimeerimiseks, kasutades sobivat isolatsiooni, katet ja summuteid. See tagab, et m\u00fcra ei tundu h\u00e4irivana.<\/p>\n<p style=\"font-weight: 400;\"><strong>K\u00fctus ja \u00f5li<\/strong><\/p>\n<p style=\"font-weight: 400;\">Meie usaldusv\u00e4\u00e4rsed ITCPOWER inverterid t\u00f6\u00f6tavad standardvarustuses bensiini\/k\u00fctusega. Olenemata sellest, kas tegemist on Euro 95\/98\/Aspeni v\u00f5i Oecokrafti k\u00fctusega, pole vahet, peaasi, et see on puhas. M\u00f5ned mudelid on varustatud LPG-\u00fchendusega, kui see on m\u00e4rgitud (DF\/DUAL FUEL). Igal juhul ei pea te muretsema keeruliste k\u00fctusesegude ega raskesti leitavate k\u00fctuste p\u00e4rast.<\/p>","protected":false},"excerpt":{"rendered":"<table>\n<tbody>\n<tr>\n<td>Pidevv\u00f5imsus<\/td>\n<td>2000 W \/ 2 kW<\/td>\n<\/tr>\n<tr>\n<td>Maksimaalne v\u00f5imsus<\/td>\n<td>2200 W \/ 2,2 kW (9,5 A)<\/td>\n<\/tr>\n<tr>\n<td>K\u00fctus<\/td>\n<td>Bensiin<\/td>\n<\/tr>\n<tr>\n<td>Frequency<\/td>\n<td>50 Hz<\/td>\n<\/tr>\n<tr>\n<td>Voltage<\/td>\n<td>230 V<\/td>\n<\/tr>\n<tr>\n<td>Seinapistikupesad<\/td>\n<td>2 \u00d7 16 A<\/td>\n<\/tr>\n<tr>\n<td>Alalisvoolu v\u00e4ljund<\/td>\n<td>12 V \u2013 4 A<\/td>\n<\/tr>\n<tr>\n<td>K\u00fctusepaagi maht<\/td>\n<td>4,1 L<\/td>\n<\/tr>\n<tr>\n<td>K\u00fctusekulu<\/td>\n<td>1 L\/h (75% koormusel)<\/td>\n<\/tr>\n<tr>\n<td>Maksimaalne voolutugevus<\/td>\n<td>12 A<\/td>\n<\/tr>\n<tr>\n<td>M\u00fcratase (7 m)<\/td>\n<td>60 dBA<\/td>\n<\/tr>\n<tr>\n<td>Mootor<\/td>\n<td>114 cm\u00b3<\/td>\n<\/tr>\n<tr>\n<td>\u00d5limaht<\/td>\n<td>0,52 L (t\u00e4idetud 15W40 \u00f5liga)<\/td>\n<\/tr>\n<tr>\n<td>\u00d5lialarm<\/td>\n<td>Jah<\/td>\n<\/tr>\n<tr>\n<td>\u00dclekoormuse indikaator<\/td>\n<td>Jah<\/td>\n<\/tr>\n<tr>\n<td>Kaal<\/td>\n<td>21 kg<\/td>\n<\/tr>\n<tr>\n<td>M\u00f5\u00f5tmed<\/td>\n<td>525 \u00d7 282 \u00d7 440 mm<\/td>\n<\/tr>\n<\/tbody>\n<\/table>","protected":false},"featured_media":22615,"template":"","meta":{"_acf_changed":false,"inline_featured_image":false},"product_brand":[],"product_cat":[94,23],"product_tag":[],"class_list":{"0":"post-22614","1":"product","2":"type-product","3":"status-publish","4":"has-post-thumbnail","6":"product_cat-generaatorid","7":"product_cat-invertergeneraatorid","8":"product_shipping_class-vaikepakk","9":"brand-itcpower","11":"first","12":"instock","13":"taxable","14":"shipping-taxable","15":"purchasable","16":"product-type-simple"},"acf":[],"yoast_head":"<!-- This site is optimized with the Yoast SEO plugin v27.2 - https:\/\/yoast.com\/product\/yoast-seo-wordpress\/ -->\n<title>ITCPOWER GG22i invertergeneraator 2000W 230V - Genekas24<\/title>\n<meta name=\"robots\" content=\"index, follow, max-snippet:-1, max-image-preview:large, max-video-preview:-1\" \/>\n<link rel=\"canonical\" href=\"https:\/\/genekas24.ee\/en\/product\/itcpower-gg22i-invertergeneraator-2000w-230v\/\" \/>\n<meta property=\"og:locale\" content=\"en_GB\" \/>\n<meta property=\"og:type\" content=\"article\" \/>\n<meta property=\"og:title\" content=\"ITCPOWER GG22i invertergeneraator 2000W 230V - Genekas24\" \/>\n<meta property=\"og:description\" content=\"Pidevv\u00f5imsus 2000 W \/ 2 kW   Maksimaalne v\u00f5imsus 2200 W \/ 2,2 kW (9,5 A)   K\u00fctus Bensiin   Sagedus 50 Hz   Pinge 230 V   Seinapistikupesad 2 \u00d7 16 A   Alalisvoolu v\u00e4ljund 12 V \u2013 4 A   K\u00fctusepaagi maht 4,1 L   K\u00fctusekulu 1 L\/h (75% koormusel)   Maksimaalne voolutugevus 12 A   M\u00fcratase (7 m) 60 dBA   Mootor 114 cm\u00b3   \u00d5limaht 0,52 L (t\u00e4idetud 15W40 \u00f5liga)   \u00d5lialarm Jah   \u00dclekoormuse indikaator Jah   Kaal 21 kg   M\u00f5\u00f5tmed 525 \u00d7 282 \u00d7 440 mm\" \/>\n<meta property=\"og:url\" content=\"https:\/\/genekas24.ee\/en\/product\/itcpower-gg22i-invertergeneraator-2000w-230v\/\" \/>\n<meta property=\"og:site_name\" content=\"Genekas24\" \/>\n<meta property=\"og:image\" content=\"https:\/\/genekas24.ee\/wp-content\/uploads\/2026\/01\/1112312-500x500-1.jpeg\" \/>\n\t<meta property=\"og:image:width\" content=\"500\" \/>\n\t<meta property=\"og:image:height\" content=\"500\" \/>\n\t<meta property=\"og:image:type\" content=\"image\/jpeg\" \/>\n<meta name=\"twitter:card\" content=\"summary_large_image\" \/>\n<meta name=\"twitter:label1\" content=\"Estimated reading time\" \/>\n\t<meta name=\"twitter:data1\" content=\"2 minutes\" \/>\n<script type=\"application\/ld+json\" class=\"yoast-schema-graph\">{\"@context\":\"https:\/\/schema.org\",\"@graph\":[{\"@type\":\"WebPage\",\"@id\":\"https:\/\/genekas24.ee\/toode\/itcpower-gg22i-invertergeneraator-2000w-230v\/\",\"url\":\"https:\/\/genekas24.ee\/toode\/itcpower-gg22i-invertergeneraator-2000w-230v\/\",\"name\":\"ITCPOWER GG22i invertergeneraator 2000W 230V - Genekas24\",\"isPartOf\":{\"@id\":\"https:\/\/genekas24.ee\/#website\"},\"primaryImageOfPage\":{\"@id\":\"https:\/\/genekas24.ee\/toode\/itcpower-gg22i-invertergeneraator-2000w-230v\/#primaryimage\"},\"image\":{\"@id\":\"https:\/\/genekas24.ee\/toode\/itcpower-gg22i-invertergeneraator-2000w-230v\/#primaryimage\"},\"thumbnailUrl\":\"https:\/\/genekas24.ee\/wp-content\/uploads\/2026\/01\/1112312-500x500-1.jpeg\",\"datePublished\":\"2026-01-15T13:15:20+00:00\",\"breadcrumb\":{\"@id\":\"https:\/\/genekas24.ee\/toode\/itcpower-gg22i-invertergeneraator-2000w-230v\/#breadcrumb\"},\"inLanguage\":\"en-GB\",\"potentialAction\":[{\"@type\":\"ReadAction\",\"target\":[\"https:\/\/genekas24.ee\/toode\/itcpower-gg22i-invertergeneraator-2000w-230v\/\"]}]},{\"@type\":\"ImageObject\",\"inLanguage\":\"en-GB\",\"@id\":\"https:\/\/genekas24.ee\/toode\/itcpower-gg22i-invertergeneraator-2000w-230v\/#primaryimage\",\"url\":\"https:\/\/genekas24.ee\/wp-content\/uploads\/2026\/01\/1112312-500x500-1.jpeg\",\"contentUrl\":\"https:\/\/genekas24.ee\/wp-content\/uploads\/2026\/01\/1112312-500x500-1.jpeg\",\"width\":500,\"height\":500},{\"@type\":\"BreadcrumbList\",\"@id\":\"https:\/\/genekas24.ee\/toode\/itcpower-gg22i-invertergeneraator-2000w-230v\/#breadcrumb\",\"itemListElement\":[{\"@type\":\"ListItem\",\"position\":1,\"name\":\"Home\",\"item\":\"https:\/\/genekas24.ee\/\"},{\"@type\":\"ListItem\",\"position\":2,\"name\":\"Pood\",\"item\":\"https:\/\/genekas24.ee\/pood\/\"},{\"@type\":\"ListItem\",\"position\":3,\"name\":\"ITCPOWER GG22i invertergeneraator 2000W 230V\"}]},{\"@type\":\"WebSite\",\"@id\":\"https:\/\/genekas24.ee\/#website\",\"url\":\"https:\/\/genekas24.ee\/\",\"name\":\"Genekas24\",\"description\":\"Generaatorid | K&ouml;nner S&ouml;hnen tooted | Genekas24\",\"publisher\":{\"@id\":\"https:\/\/genekas24.ee\/#organization\"},\"potentialAction\":[{\"@type\":\"SearchAction\",\"target\":{\"@type\":\"EntryPoint\",\"urlTemplate\":\"https:\/\/genekas24.ee\/?s={search_term_string}\"},\"query-input\":{\"@type\":\"PropertyValueSpecification\",\"valueRequired\":true,\"valueName\":\"search_term_string\"}}],\"inLanguage\":\"en-GB\"},{\"@type\":\"Organization\",\"@id\":\"https:\/\/genekas24.ee\/#organization\",\"name\":\"Genekas24\",\"url\":\"https:\/\/genekas24.ee\/\",\"logo\":{\"@type\":\"ImageObject\",\"inLanguage\":\"en-GB\",\"@id\":\"https:\/\/genekas24.ee\/#\/schema\/logo\/image\/\",\"url\":\"https:\/\/genekas24.ee\/wp-content\/uploads\/2026\/01\/genekas24-logo_black.svg\",\"contentUrl\":\"https:\/\/genekas24.ee\/wp-content\/uploads\/2026\/01\/genekas24-logo_black.svg\",\"width\":840,\"height\":131,\"caption\":\"Genekas24\"},\"image\":{\"@id\":\"https:\/\/genekas24.ee\/#\/schema\/logo\/image\/\"}}]}<\/script>\n<!-- \/ Yoast SEO plugin. -->","yoast_head_json":{"title":"ITCPOWER GG22i invertergeneraator 2000W 230V - Genekas24","robots":{"index":"index","follow":"follow","max-snippet":"max-snippet:-1","max-image-preview":"max-image-preview:large","max-video-preview":"max-video-preview:-1"},"canonical":"https:\/\/genekas24.ee\/en\/product\/itcpower-gg22i-invertergeneraator-2000w-230v\/","og_locale":"en_GB","og_type":"article","og_title":"ITCPOWER GG22i invertergeneraator 2000W 230V - Genekas24","og_description":"Pidevv\u00f5imsus 2000 W \/ 2 kW   Maksimaalne v\u00f5imsus 2200 W \/ 2,2 kW (9,5 A)   K\u00fctus Bensiin   Sagedus 50 Hz   Pinge 230 V   Seinapistikupesad 2 \u00d7 16 A   Alalisvoolu v\u00e4ljund 12 V \u2013 4 A   K\u00fctusepaagi maht 4,1 L   K\u00fctusekulu 1 L\/h (75% koormusel)   Maksimaalne voolutugevus 12 A   M\u00fcratase (7 m) 60 dBA   Mootor 114 cm\u00b3   \u00d5limaht 0,52 L (t\u00e4idetud 15W40 \u00f5liga)   \u00d5lialarm Jah   \u00dclekoormuse indikaator Jah   Kaal 21 kg   M\u00f5\u00f5tmed 525 \u00d7 282 \u00d7 440 mm","og_url":"https:\/\/genekas24.ee\/en\/product\/itcpower-gg22i-invertergeneraator-2000w-230v\/","og_site_name":"Genekas24","og_image":[{"width":500,"height":500,"url":"https:\/\/genekas24.ee\/wp-content\/uploads\/2026\/01\/1112312-500x500-1.jpeg","type":"image\/jpeg"}],"twitter_card":"summary_large_image","twitter_misc":{"Estimated reading time":"2 minutes"},"schema":{"@context":"https:\/\/schema.org","@graph":[{"@type":"WebPage","@id":"https:\/\/genekas24.ee\/toode\/itcpower-gg22i-invertergeneraator-2000w-230v\/","url":"https:\/\/genekas24.ee\/toode\/itcpower-gg22i-invertergeneraator-2000w-230v\/","name":"ITCPOWER GG22i invertergeneraator 2000W 230V - Genekas24","isPartOf":{"@id":"https:\/\/genekas24.ee\/#website"},"primaryImageOfPage":{"@id":"https:\/\/genekas24.ee\/toode\/itcpower-gg22i-invertergeneraator-2000w-230v\/#primaryimage"},"image":{"@id":"https:\/\/genekas24.ee\/toode\/itcpower-gg22i-invertergeneraator-2000w-230v\/#primaryimage"},"thumbnailUrl":"https:\/\/genekas24.ee\/wp-content\/uploads\/2026\/01\/1112312-500x500-1.jpeg","datePublished":"2026-01-15T13:15:20+00:00","breadcrumb":{"@id":"https:\/\/genekas24.ee\/toode\/itcpower-gg22i-invertergeneraator-2000w-230v\/#breadcrumb"},"inLanguage":"en-GB","potentialAction":[{"@type":"ReadAction","target":["https:\/\/genekas24.ee\/toode\/itcpower-gg22i-invertergeneraator-2000w-230v\/"]}]},{"@type":"ImageObject","inLanguage":"en-GB","@id":"https:\/\/genekas24.ee\/toode\/itcpower-gg22i-invertergeneraator-2000w-230v\/#primaryimage","url":"https:\/\/genekas24.ee\/wp-content\/uploads\/2026\/01\/1112312-500x500-1.jpeg","contentUrl":"https:\/\/genekas24.ee\/wp-content\/uploads\/2026\/01\/1112312-500x500-1.jpeg","width":500,"height":500},{"@type":"BreadcrumbList","@id":"https:\/\/genekas24.ee\/toode\/itcpower-gg22i-invertergeneraator-2000w-230v\/#breadcrumb","itemListElement":[{"@type":"ListItem","position":1,"name":"Home","item":"https:\/\/genekas24.ee\/"},{"@type":"ListItem","position":2,"name":"Pood","item":"https:\/\/genekas24.ee\/pood\/"},{"@type":"ListItem","position":3,"name":"ITCPOWER GG22i invertergeneraator 2000W 230V"}]},{"@type":"WebSite","@id":"https:\/\/genekas24.ee\/#website","url":"https:\/\/genekas24.ee\/","name":"Genekas24","description":"Generaatorid | K&ouml;nner S&ouml;hnen tooted | Genekas24","publisher":{"@id":"https:\/\/genekas24.ee\/#organization"},"potentialAction":[{"@type":"SearchAction","target":{"@type":"EntryPoint","urlTemplate":"https:\/\/genekas24.ee\/?s={search_term_string}"},"query-input":{"@type":"PropertyValueSpecification","valueRequired":true,"valueName":"search_term_string"}}],"inLanguage":"en-GB"},{"@type":"Organization","@id":"https:\/\/genekas24.ee\/#organization","name":"Genekas24","url":"https:\/\/genekas24.ee\/","logo":{"@type":"ImageObject","inLanguage":"en-GB","@id":"https:\/\/genekas24.ee\/#\/schema\/logo\/image\/","url":"https:\/\/genekas24.ee\/wp-content\/uploads\/2026\/01\/genekas24-logo_black.svg","contentUrl":"https:\/\/genekas24.ee\/wp-content\/uploads\/2026\/01\/genekas24-logo_black.svg","width":840,"height":131,"caption":"Genekas24"},"image":{"@id":"https:\/\/genekas24.ee\/#\/schema\/logo\/image\/"}}]}},"_links":{"self":[{"href":"https:\/\/genekas24.ee\/en\/wp-json\/wp\/v2\/product\/22614","targetHints":{"allow":["GET"]}}],"collection":[{"href":"https:\/\/genekas24.ee\/en\/wp-json\/wp\/v2\/product"}],"about":[{"href":"https:\/\/genekas24.ee\/en\/wp-json\/wp\/v2\/types\/product"}],"version-history":[{"count":4,"href":"https:\/\/genekas24.ee\/en\/wp-json\/wp\/v2\/product\/22614\/revisions"}],"predecessor-version":[{"id":22783,"href":"https:\/\/genekas24.ee\/en\/wp-json\/wp\/v2\/product\/22614\/revisions\/22783"}],"wp:featuredmedia":[{"embeddable":true,"href":"https:\/\/genekas24.ee\/en\/wp-json\/wp\/v2\/media\/22615"}],"wp:attachment":[{"href":"https:\/\/genekas24.ee\/en\/wp-json\/wp\/v2\/media?parent=22614"}],"wp:term":[{"taxonomy":"product_brand","embeddable":true,"href":"https:\/\/genekas24.ee\/en\/wp-json\/wp\/v2\/product_brand?post=22614"},{"taxonomy":"product_cat","embeddable":true,"href":"https:\/\/genekas24.ee\/en\/wp-json\/wp\/v2\/product_cat?post=22614"},{"taxonomy":"product_tag","embeddable":true,"href":"https:\/\/genekas24.ee\/en\/wp-json\/wp\/v2\/product_tag?post=22614"}],"curies":[{"name":"wp","href":"https:\/\/api.w.org\/{rel}","templated":true}]}}