{"id":22609,"date":"2026-04-08T17:01:33","date_gmt":"2026-04-08T17:01:33","guid":{"rendered":"https:\/\/genekas24.ee\/?post_type=product&#038;p=22609"},"modified":"2026-04-08T17:01:33","modified_gmt":"2026-04-08T17:01:33","slug":"itcpower-gg20000lek-t-bensiinigeneraator-13500w-230v-400v","status":"publish","type":"product","link":"https:\/\/genekas24.ee\/en\/product\/itcpower-gg20000lek-t-bensiinigeneraator-13500w-230v-400v\/","title":{"rendered":"ITCPOWER GG20000LEK-T bensiinigeneraator 13500W 230V\/400V"},"content":{"rendered":"<p style=\"font-weight: 400;\">ITCPOWER GG20000LEK-T bensiinigeneraator 13500W 230V\/400V on \u00f6konoomne avatud raamiga generaator. GG20000LEK-T pakub maksimaalset v\u00f5imsust 15000W pingel 230V ja pidevat v\u00f5imsust 13500W. Avatud raamiga GG20000LEK-T generaator pakub ka v\u00f5imalust t\u00f6\u00f6tada 400V pingel. Seda t\u00fc\u00fcpi bensiinigeneraator on varustatud rataste ja elektrilise k\u00e4ivitusega!<\/p>\n<p style=\"font-weight: 400;\"><strong>Mobiilsus<\/strong><\/p>\n<p style=\"font-weight: 400;\">Bensiinigeneraatorid on \u00fcldiselt kaasaskantavad ja oluliselt kergemad kui diiselgeneraatorid, mist\u00f5ttu on neid lihtne liigutada. See teeb need ideaalseks kasutamiseks kohtades, kus puudub p\u00fcsiv elektrivarustus, n\u00e4iteks ehitusplatsidel ja k\u00e4mpingutes. Seda t\u00fc\u00fcpi kasutatakse sageli ka avariigeneraatorina, kuna paljud meie generaatorid on standardvarustuses torkekindlate ratastega v\u00f5i neid saab ratastega t\u00e4iendada, mis muudab nende teisaldamise \u00e4\u00e4rmiselt lihtsaks isegi keerulistes kohtades.<\/p>\n<p style=\"font-weight: 400;\"><strong>Kohene v\u00f5imsus<\/strong><\/p>\n<p style=\"font-weight: 400;\">Bensiinigeneraatorid pakuvad sageli kohest v\u00f5imsust ja on v\u00f5imelised tootma m\u00e4rkimisv\u00e4\u00e4rses koguses elektrit. See on kasulik raskemate seadmete v\u00f5i mitme seadme samaaegseks toiteks. Enamikku bensiinigeneraatoreid saab k\u00e4ivitada elektriliselt. Palun vaadake selle kohta loetletud spetsifikatsioone\/fotosid.<\/p>\n<p style=\"font-weight: 400;\"><strong>K\u00fctus ja \u00f5li<\/strong><\/p>\n<p style=\"font-weight: 400;\">Bensiin on \u00fcldiselt kergemini k\u00e4ttesaadav kui teised k\u00fctused, n\u00e4iteks diisel v\u00f5i propaan. See muudab selle kasulikuks h\u00e4daolukordades v\u00f5i kohtades, kus teisi k\u00fctuseid on raske hankida (avariigeneraator). K\u00f5ik meie usaldusv\u00e4\u00e4rsed ITCPOWER generaatorid t\u00f6\u00f6tavad standardvarustuses bensiini\/k\u00fctusega. Olenemata sellest, kas tegemist on Euro 95\/98\/Aspeni v\u00f5i Oecokrafti k\u00fctusega, pole sellel tegelikult vahet, peaasi, et see oleks puhas. Te ei pea muretsema keeruliste k\u00fctusesegude v\u00f5i raskesti leitavate k\u00fctuste p\u00e4rast. Lisaks on k\u00f5ik meie bensiinigeneraatorid v\u00e4ga \u00f6konoomsed. Ja t\u00e4is paagiga saate pikka aega energiat nautida.<\/p>\n<p style=\"font-weight: 400;\"><strong>Muudetavad v\u00f5imsustasemed<\/strong><\/p>\n<p style=\"font-weight: 400;\">Bensiinigeneraatorid on saadaval erinevate v\u00f5imsustasemetega, nii et saate valida oma vajadustele vastava mudeli, n\u00e4iteks 230 V v\u00f5i 400 V \u00fchendusega. Lisaks on bensiinigeneraatoritel eeliseks see, et nad suudavad kiiresti ja suhteliselt madala ostuhinnaga suure v\u00f5imsuse v\u00e4lja anda. Ja seda v\u00f5rreldes diisel- v\u00f5i invertergeneraatoriga!<\/p>\n<p style=\"font-weight: 400;\"><strong>Hooldus<\/strong><\/p>\n<p style=\"font-weight: 400;\">Bensiinigeneraatoreid on diisel- v\u00f5i muud t\u00fc\u00fcpi generaatoritega v\u00f5rreldes lihtsam hooldada. Neil on \u00fcldiselt lihtsad mootorid, mida on lihtne hooldada.<\/p>","protected":false},"excerpt":{"rendered":"<table>\n<tbody>\n<tr>\n<td>Pidevv\u00f5imsus<\/td>\n<td>18,75 kVA = 14,9 kW (400 V) \/ 13,5 kW (230 V)<\/td>\n<\/tr>\n<tr>\n<td>Maksimaalne v\u00f5imsus<\/td>\n<td>20,6 kVA = 16,4 kW (400 V) \/ 15 kW (230 V)<\/td>\n<\/tr>\n<tr>\n<td>Frequency<\/td>\n<td>50 Hz<\/td>\n<\/tr>\n<tr>\n<td>Voltage<\/td>\n<td>230 V (58,6 A) \/ 400 V (25 A faasi kohta) \u2013 AVR<\/td>\n<\/tr>\n<tr>\n<td>Outlets<\/td>\n<td>1 \u00d7 63 A (230 V) \/ 1 \u00d7 32 A 5P (400 V)<\/td>\n<\/tr>\n<tr>\n<td>Display<\/td>\n<td>Jah<\/td>\n<\/tr>\n<tr>\n<td>Aku<\/td>\n<td>Jah, 36 A (12 V DC, 8,3 A)<\/td>\n<\/tr>\n<tr>\n<td>K\u00fctusepaagi maht<\/td>\n<td>22,5 L<\/td>\n<\/tr>\n<tr>\n<td>ATS valmidus<\/td>\n<td>Jah<\/td>\n<\/tr>\n<tr>\n<td>AUTO START<\/td>\n<td>Jah<\/td>\n<\/tr>\n<tr>\n<td>K\u00e4ivitus<\/td>\n<td>Electric<\/td>\n<\/tr>\n<tr>\n<td>M\u00fcratase (7 m)<\/td>\n<td>80 dBA<\/td>\n<\/tr>\n<tr>\n<td>Voltage<\/td>\n<td>36 A<\/td>\n<\/tr>\n<tr>\n<td>Engine type<\/td>\n<td>2V90FD, 22 hj, 999 cm\u00b3, 2-silindriline V-mootor<\/td>\n<\/tr>\n<tr>\n<td>\u00d5lipaagi maht<\/td>\n<td>2,5 L<\/td>\n<\/tr>\n<tr>\n<td>\u00d5lialarm<\/td>\n<td>Jah<\/td>\n<\/tr>\n<tr>\n<td>\u00dclekoormuse indikaator ja ATS<\/td>\n<td>Jah<\/td>\n<\/tr>\n<tr>\n<td>Kaal<\/td>\n<td>190 kg<\/td>\n<\/tr>\n<tr>\n<td>M\u00f5\u00f5tmed<\/td>\n<td>1100 \u00d7 640 \u00d7 790 mm<\/td>\n<\/tr>\n<\/tbody>\n<\/table>","protected":false},"featured_media":22610,"template":"","meta":{"_acf_changed":false,"inline_featured_image":false},"product_brand":[],"product_cat":[21,94],"product_tag":[],"class_list":{"0":"post-22609","1":"product","2":"type-product","3":"status-publish","4":"has-post-thumbnail","6":"product_cat-bensiinigeneraatorid","7":"product_cat-generaatorid","8":"product_shipping_class-euroalus","9":"brand-itcpower","11":"first","12":"instock","13":"taxable","14":"shipping-taxable","15":"purchasable","16":"product-type-simple"},"acf":[],"yoast_head":"<!-- This site is optimized with the Yoast SEO plugin v27.2 - https:\/\/yoast.com\/product\/yoast-seo-wordpress\/ -->\n<title>ITCPOWER GG20000LEK-T bensiinigeneraator 13500W 230V\/400V - Genekas24<\/title>\n<meta name=\"robots\" content=\"index, follow, max-snippet:-1, max-image-preview:large, max-video-preview:-1\" \/>\n<link rel=\"canonical\" href=\"https:\/\/genekas24.ee\/en\/product\/itcpower-gg20000lek-t-bensiinigeneraator-13500w-230v-400v\/\" \/>\n<meta property=\"og:locale\" content=\"en_GB\" \/>\n<meta property=\"og:type\" content=\"article\" \/>\n<meta property=\"og:title\" content=\"ITCPOWER GG20000LEK-T bensiinigeneraator 13500W 230V\/400V - Genekas24\" \/>\n<meta property=\"og:description\" content=\"Pidevv\u00f5imsus 18,75 kVA = 14,9 kW (400 V) \/ 13,5 kW (230 V)   Maksimaalne v\u00f5imsus 20,6 kVA = 16,4 kW (400 V) \/ 15 kW (230 V)   Sagedus 50 Hz   Pinge 230 V (58,6 A) \/ 400 V (25 A faasi kohta) \u2013 AVR   Pistikupesad 1 \u00d7 63 A (230 V) \/ 1 \u00d7 32 A 5P (400 V)   Ekraan Jah   Aku Jah, 36 A (12 V DC, 8,3 A)   K\u00fctusepaagi maht 22,5 L   ATS valmidus Jah   AUTO START Jah   K\u00e4ivitus Elektriline   M\u00fcratase (7 m) 80 dBA   V\u00f5imsus 36 A   Mootori t\u00fc\u00fcp 2V90FD, 22 hj, 999 cm\u00b3, 2-silindriline V-mootor   \u00d5lipaagi maht 2,5 L   \u00d5lialarm Jah   \u00dclekoormuse indikaator ja ATS Jah   Kaal 190 kg   M\u00f5\u00f5tmed 1100 \u00d7 640 \u00d7 790 mm\" \/>\n<meta property=\"og:url\" content=\"https:\/\/genekas24.ee\/en\/product\/itcpower-gg20000lek-t-bensiinigeneraator-13500w-230v-400v\/\" \/>\n<meta property=\"og:site_name\" content=\"Genekas24\" \/>\n<meta property=\"og:image\" content=\"https:\/\/genekas24.ee\/wp-content\/uploads\/2026\/01\/2636-500x500-1.jpeg\" \/>\n\t<meta property=\"og:image:width\" content=\"500\" \/>\n\t<meta property=\"og:image:height\" content=\"500\" \/>\n\t<meta property=\"og:image:type\" content=\"image\/jpeg\" \/>\n<meta name=\"twitter:card\" content=\"summary_large_image\" \/>\n<meta name=\"twitter:label1\" content=\"Estimated reading time\" \/>\n\t<meta name=\"twitter:data1\" content=\"2 minutes\" \/>\n<script type=\"application\/ld+json\" class=\"yoast-schema-graph\">{\"@context\":\"https:\/\/schema.org\",\"@graph\":[{\"@type\":\"WebPage\",\"@id\":\"https:\/\/genekas24.ee\/toode\/itcpower-gg20000lek-t-bensiinigeneraator-13500w-230v-400v\/\",\"url\":\"https:\/\/genekas24.ee\/toode\/itcpower-gg20000lek-t-bensiinigeneraator-13500w-230v-400v\/\",\"name\":\"ITCPOWER GG20000LEK-T bensiinigeneraator 13500W 230V\/400V - Genekas24\",\"isPartOf\":{\"@id\":\"https:\/\/genekas24.ee\/#website\"},\"primaryImageOfPage\":{\"@id\":\"https:\/\/genekas24.ee\/toode\/itcpower-gg20000lek-t-bensiinigeneraator-13500w-230v-400v\/#primaryimage\"},\"image\":{\"@id\":\"https:\/\/genekas24.ee\/toode\/itcpower-gg20000lek-t-bensiinigeneraator-13500w-230v-400v\/#primaryimage\"},\"thumbnailUrl\":\"https:\/\/genekas24.ee\/wp-content\/uploads\/2026\/01\/2636-500x500-1.jpeg\",\"datePublished\":\"2026-04-08T17:01:33+00:00\",\"breadcrumb\":{\"@id\":\"https:\/\/genekas24.ee\/toode\/itcpower-gg20000lek-t-bensiinigeneraator-13500w-230v-400v\/#breadcrumb\"},\"inLanguage\":\"en-GB\",\"potentialAction\":[{\"@type\":\"ReadAction\",\"target\":[\"https:\/\/genekas24.ee\/toode\/itcpower-gg20000lek-t-bensiinigeneraator-13500w-230v-400v\/\"]}]},{\"@type\":\"ImageObject\",\"inLanguage\":\"en-GB\",\"@id\":\"https:\/\/genekas24.ee\/toode\/itcpower-gg20000lek-t-bensiinigeneraator-13500w-230v-400v\/#primaryimage\",\"url\":\"https:\/\/genekas24.ee\/wp-content\/uploads\/2026\/01\/2636-500x500-1.jpeg\",\"contentUrl\":\"https:\/\/genekas24.ee\/wp-content\/uploads\/2026\/01\/2636-500x500-1.jpeg\",\"width\":500,\"height\":500},{\"@type\":\"BreadcrumbList\",\"@id\":\"https:\/\/genekas24.ee\/toode\/itcpower-gg20000lek-t-bensiinigeneraator-13500w-230v-400v\/#breadcrumb\",\"itemListElement\":[{\"@type\":\"ListItem\",\"position\":1,\"name\":\"Home\",\"item\":\"https:\/\/genekas24.ee\/\"},{\"@type\":\"ListItem\",\"position\":2,\"name\":\"Pood\",\"item\":\"https:\/\/genekas24.ee\/pood\/\"},{\"@type\":\"ListItem\",\"position\":3,\"name\":\"ITCPOWER GG20000LEK-T bensiinigeneraator 13500W 230V\/400V\"}]},{\"@type\":\"WebSite\",\"@id\":\"https:\/\/genekas24.ee\/#website\",\"url\":\"https:\/\/genekas24.ee\/\",\"name\":\"Genekas24\",\"description\":\"Generaatorid | K&ouml;nner S&ouml;hnen tooted | Genekas24\",\"publisher\":{\"@id\":\"https:\/\/genekas24.ee\/#organization\"},\"potentialAction\":[{\"@type\":\"SearchAction\",\"target\":{\"@type\":\"EntryPoint\",\"urlTemplate\":\"https:\/\/genekas24.ee\/?s={search_term_string}\"},\"query-input\":{\"@type\":\"PropertyValueSpecification\",\"valueRequired\":true,\"valueName\":\"search_term_string\"}}],\"inLanguage\":\"en-GB\"},{\"@type\":\"Organization\",\"@id\":\"https:\/\/genekas24.ee\/#organization\",\"name\":\"Genekas24\",\"url\":\"https:\/\/genekas24.ee\/\",\"logo\":{\"@type\":\"ImageObject\",\"inLanguage\":\"en-GB\",\"@id\":\"https:\/\/genekas24.ee\/#\/schema\/logo\/image\/\",\"url\":\"https:\/\/genekas24.ee\/wp-content\/uploads\/2026\/01\/genekas24-logo_black.svg\",\"contentUrl\":\"https:\/\/genekas24.ee\/wp-content\/uploads\/2026\/01\/genekas24-logo_black.svg\",\"width\":840,\"height\":131,\"caption\":\"Genekas24\"},\"image\":{\"@id\":\"https:\/\/genekas24.ee\/#\/schema\/logo\/image\/\"}}]}<\/script>\n<!-- \/ Yoast SEO plugin. -->","yoast_head_json":{"title":"ITCPOWER GG20000LEK-T bensiinigeneraator 13500W 230V\/400V - Genekas24","robots":{"index":"index","follow":"follow","max-snippet":"max-snippet:-1","max-image-preview":"max-image-preview:large","max-video-preview":"max-video-preview:-1"},"canonical":"https:\/\/genekas24.ee\/en\/product\/itcpower-gg20000lek-t-bensiinigeneraator-13500w-230v-400v\/","og_locale":"en_GB","og_type":"article","og_title":"ITCPOWER GG20000LEK-T bensiinigeneraator 13500W 230V\/400V - Genekas24","og_description":"Pidevv\u00f5imsus 18,75 kVA = 14,9 kW (400 V) \/ 13,5 kW (230 V)   Maksimaalne v\u00f5imsus 20,6 kVA = 16,4 kW (400 V) \/ 15 kW (230 V)   Sagedus 50 Hz   Pinge 230 V (58,6 A) \/ 400 V (25 A faasi kohta) \u2013 AVR   Pistikupesad 1 \u00d7 63 A (230 V) \/ 1 \u00d7 32 A 5P (400 V)   Ekraan Jah   Aku Jah, 36 A (12 V DC, 8,3 A)   K\u00fctusepaagi maht 22,5 L   ATS valmidus Jah   AUTO START Jah   K\u00e4ivitus Elektriline   M\u00fcratase (7 m) 80 dBA   V\u00f5imsus 36 A   Mootori t\u00fc\u00fcp 2V90FD, 22 hj, 999 cm\u00b3, 2-silindriline V-mootor   \u00d5lipaagi maht 2,5 L   \u00d5lialarm Jah   \u00dclekoormuse indikaator ja ATS Jah   Kaal 190 kg   M\u00f5\u00f5tmed 1100 \u00d7 640 \u00d7 790 mm","og_url":"https:\/\/genekas24.ee\/en\/product\/itcpower-gg20000lek-t-bensiinigeneraator-13500w-230v-400v\/","og_site_name":"Genekas24","og_image":[{"width":500,"height":500,"url":"https:\/\/genekas24.ee\/wp-content\/uploads\/2026\/01\/2636-500x500-1.jpeg","type":"image\/jpeg"}],"twitter_card":"summary_large_image","twitter_misc":{"Estimated reading time":"2 minutes"},"schema":{"@context":"https:\/\/schema.org","@graph":[{"@type":"WebPage","@id":"https:\/\/genekas24.ee\/toode\/itcpower-gg20000lek-t-bensiinigeneraator-13500w-230v-400v\/","url":"https:\/\/genekas24.ee\/toode\/itcpower-gg20000lek-t-bensiinigeneraator-13500w-230v-400v\/","name":"ITCPOWER GG20000LEK-T bensiinigeneraator 13500W 230V\/400V - Genekas24","isPartOf":{"@id":"https:\/\/genekas24.ee\/#website"},"primaryImageOfPage":{"@id":"https:\/\/genekas24.ee\/toode\/itcpower-gg20000lek-t-bensiinigeneraator-13500w-230v-400v\/#primaryimage"},"image":{"@id":"https:\/\/genekas24.ee\/toode\/itcpower-gg20000lek-t-bensiinigeneraator-13500w-230v-400v\/#primaryimage"},"thumbnailUrl":"https:\/\/genekas24.ee\/wp-content\/uploads\/2026\/01\/2636-500x500-1.jpeg","datePublished":"2026-04-08T17:01:33+00:00","breadcrumb":{"@id":"https:\/\/genekas24.ee\/toode\/itcpower-gg20000lek-t-bensiinigeneraator-13500w-230v-400v\/#breadcrumb"},"inLanguage":"en-GB","potentialAction":[{"@type":"ReadAction","target":["https:\/\/genekas24.ee\/toode\/itcpower-gg20000lek-t-bensiinigeneraator-13500w-230v-400v\/"]}]},{"@type":"ImageObject","inLanguage":"en-GB","@id":"https:\/\/genekas24.ee\/toode\/itcpower-gg20000lek-t-bensiinigeneraator-13500w-230v-400v\/#primaryimage","url":"https:\/\/genekas24.ee\/wp-content\/uploads\/2026\/01\/2636-500x500-1.jpeg","contentUrl":"https:\/\/genekas24.ee\/wp-content\/uploads\/2026\/01\/2636-500x500-1.jpeg","width":500,"height":500},{"@type":"BreadcrumbList","@id":"https:\/\/genekas24.ee\/toode\/itcpower-gg20000lek-t-bensiinigeneraator-13500w-230v-400v\/#breadcrumb","itemListElement":[{"@type":"ListItem","position":1,"name":"Home","item":"https:\/\/genekas24.ee\/"},{"@type":"ListItem","position":2,"name":"Pood","item":"https:\/\/genekas24.ee\/pood\/"},{"@type":"ListItem","position":3,"name":"ITCPOWER GG20000LEK-T bensiinigeneraator 13500W 230V\/400V"}]},{"@type":"WebSite","@id":"https:\/\/genekas24.ee\/#website","url":"https:\/\/genekas24.ee\/","name":"Genekas24","description":"Generaatorid | K&ouml;nner S&ouml;hnen tooted | Genekas24","publisher":{"@id":"https:\/\/genekas24.ee\/#organization"},"potentialAction":[{"@type":"SearchAction","target":{"@type":"EntryPoint","urlTemplate":"https:\/\/genekas24.ee\/?s={search_term_string}"},"query-input":{"@type":"PropertyValueSpecification","valueRequired":true,"valueName":"search_term_string"}}],"inLanguage":"en-GB"},{"@type":"Organization","@id":"https:\/\/genekas24.ee\/#organization","name":"Genekas24","url":"https:\/\/genekas24.ee\/","logo":{"@type":"ImageObject","inLanguage":"en-GB","@id":"https:\/\/genekas24.ee\/#\/schema\/logo\/image\/","url":"https:\/\/genekas24.ee\/wp-content\/uploads\/2026\/01\/genekas24-logo_black.svg","contentUrl":"https:\/\/genekas24.ee\/wp-content\/uploads\/2026\/01\/genekas24-logo_black.svg","width":840,"height":131,"caption":"Genekas24"},"image":{"@id":"https:\/\/genekas24.ee\/#\/schema\/logo\/image\/"}}]}},"_links":{"self":[{"href":"https:\/\/genekas24.ee\/en\/wp-json\/wp\/v2\/product\/22609","targetHints":{"allow":["GET"]}}],"collection":[{"href":"https:\/\/genekas24.ee\/en\/wp-json\/wp\/v2\/product"}],"about":[{"href":"https:\/\/genekas24.ee\/en\/wp-json\/wp\/v2\/types\/product"}],"version-history":[{"count":1,"href":"https:\/\/genekas24.ee\/en\/wp-json\/wp\/v2\/product\/22609\/revisions"}],"predecessor-version":[{"id":22613,"href":"https:\/\/genekas24.ee\/en\/wp-json\/wp\/v2\/product\/22609\/revisions\/22613"}],"wp:featuredmedia":[{"embeddable":true,"href":"https:\/\/genekas24.ee\/en\/wp-json\/wp\/v2\/media\/22610"}],"wp:attachment":[{"href":"https:\/\/genekas24.ee\/en\/wp-json\/wp\/v2\/media?parent=22609"}],"wp:term":[{"taxonomy":"product_brand","embeddable":true,"href":"https:\/\/genekas24.ee\/en\/wp-json\/wp\/v2\/product_brand?post=22609"},{"taxonomy":"product_cat","embeddable":true,"href":"https:\/\/genekas24.ee\/en\/wp-json\/wp\/v2\/product_cat?post=22609"},{"taxonomy":"product_tag","embeddable":true,"href":"https:\/\/genekas24.ee\/en\/wp-json\/wp\/v2\/product_tag?post=22609"}],"curies":[{"name":"wp","href":"https:\/\/api.w.org\/{rel}","templated":true}]}}