{"id":22600,"date":"2026-04-08T17:40:51","date_gmt":"2026-04-08T17:40:51","guid":{"rendered":"https:\/\/genekas24.ee\/?post_type=product&#038;p=22600"},"modified":"2026-04-08T17:40:51","modified_gmt":"2026-04-08T17:40:51","slug":"itcpower-gg18i-invertergeneraator-1500w-230v","status":"publish","type":"product","link":"https:\/\/genekas24.ee\/en\/product\/itcpower-gg18i-invertergeneraator-1500w-230v\/","title":{"rendered":"ITCPOWER GG18i invertergeneraator 1500W 230V"},"content":{"rendered":"<p style=\"font-weight: 400;\">ITCPOWER GG18i invertergeneraator on kompaktne ja \u00f6konoomne ITCPOWERi generaator. GG18i pakub maksimaalset v\u00e4ljundv\u00f5imsust 1800W ja 1500W pidevat t\u00f6\u00f6d.<\/p>\n<p style=\"font-weight: 400;\">Lisaks saab GG18i k\u00e4sitsi k\u00e4ivitada!<\/p>\n<p style=\"font-weight: 400;\"><strong>Invertertehnoloogia<\/strong><\/p>\n<p style=\"font-weight: 400;\">ITCPOWERi inverteri invertertehnoloogia ei paku mitte ainult energiat, vaid on ka lihtne, stabiilne ja usaldusv\u00e4\u00e4rne energiaallikas. Enam pole vaja muretseda pingek\u00f5ikumiste p\u00e4rast, mis v\u00f5ivad teie tundlikku elektroonikat kahjustada: meie generaator pakub teile vajalikku t\u00e4psust.<\/p>\n<p style=\"font-weight: 400;\"><strong>Kompaktne<\/strong><\/p>\n<p style=\"font-weight: 400;\">Olenemata sellest, kas te telkite looduses, naudite looduspuhkust, t\u00f6\u00f6tate kaugel ehitusplatsil v\u00f5i soovite lihtsalt olla valmis h\u00e4daolukordadeks, on meie bensiinimootoriga invertergeneraator teie ustav kaaslane. K\u00f5ik meie inverterid on kaasaskantava\/mobiilse disainiga, sealhulgas rataste ja\/v\u00f5i k\u00e4epidemetega, ning kergete materjalide kasutamisega, mis muudab nende liigutamise k\u00f5ikjale lihtsaks. L\u00fchidalt, k\u00e4ep\u00e4rane ja kompaktne masin!<\/p>\n<p style=\"font-weight: 400;\"><strong>M\u00fcra<\/strong><\/p>\n<p style=\"font-weight: 400;\">K\u00f5igi meie invertergeneraatorite peamine omadus on m\u00fcraemissioon. Masinad on ehitatud detsibellide minimeerimiseks, kasutades sobivat isolatsiooni, katet ja summuteid. See tagab, et m\u00fcra ei tundu h\u00e4irivana.<\/p>\n<p style=\"font-weight: 400;\"><strong>K\u00fctus ja \u00f5li<\/strong><\/p>\n<p style=\"font-weight: 400;\">Meie usaldusv\u00e4\u00e4rsed ITCPOWER inverterid t\u00f6\u00f6tavad standardvarustuses bensiini\/k\u00fctusega. Olenemata sellest, kas tegemist on Euro 95\/98\/Aspeni v\u00f5i Oecokrafti k\u00fctusega, pole vahet, peaasi, et see on puhas. M\u00f5ned mudelid on varustatud LPG-\u00fchendusega, kui see on m\u00e4rgitud (DF\/DUAL FUEL). Igal juhul ei pea te muretsema keeruliste k\u00fctusesegude ega raskesti leitavate k\u00fctuste p\u00e4rast. Lisaks on k\u00f5ik meie bensiiniinverterid v\u00e4ga k\u00fctuses\u00e4\u00e4stlikud ja saate t\u00e4ispaagiga pikka aega v\u00f5imsust nautida &#8230; \u00d5li osas soovitame kasutada 4T 15W40 \u00f5li. See on parim \u00f5li teie masina pikaajaliseks j\u00f5udluseks, kui te seda hoolikalt hooldate. See on \u00fcksikasjalikult kirjeldatud ka masina kasutusjuhendis.<\/p>","protected":false},"excerpt":{"rendered":"<table>\n<tbody>\n<tr>\n<td>Pidevv\u00f5imsus<\/td>\n<td>1500 W (1,5 kW)<\/td>\n<\/tr>\n<tr>\n<td>Maksimaalne v\u00f5imsus<\/td>\n<td>1800 W (1,8 kW)<\/td>\n<\/tr>\n<tr>\n<td>K\u00fctus<\/td>\n<td>Bensiin<\/td>\n<\/tr>\n<tr>\n<td>Frequency<\/td>\n<td>50 Hz<\/td>\n<\/tr>\n<tr>\n<td>Voltage<\/td>\n<td>230 V<\/td>\n<\/tr>\n<tr>\n<td>Seinapistik<\/td>\n<td>1 \u00d7 16 A<\/td>\n<\/tr>\n<tr>\n<td>Alalisvoolu v\u00e4ljund<\/td>\n<td>12 V \u2013 8,3 A \/ 12 V \u2013 4 A + USB<\/td>\n<\/tr>\n<tr>\n<td>K\u00fctusepaagi maht<\/td>\n<td>3,5 L<\/td>\n<\/tr>\n<tr>\n<td>K\u00fctusekulu<\/td>\n<td>0,77 L\/h (75% koormusel)<\/td>\n<\/tr>\n<tr>\n<td>Voltage<\/td>\n<td>8,3 A<\/td>\n<\/tr>\n<tr>\n<td>M\u00fcratase (7 m)<\/td>\n<td>58 dBA<\/td>\n<\/tr>\n<tr>\n<td>Mootor<\/td>\n<td>74,6 cm\u00b3<\/td>\n<\/tr>\n<tr>\n<td>\u00d5limaht<\/td>\n<td>0,55 L (t\u00e4idetud 15W40 \u00f5liga)<\/td>\n<\/tr>\n<tr>\n<td>\u00d5lialarm<\/td>\n<td>Jah<\/td>\n<\/tr>\n<tr>\n<td>\u00dclekoormuse indikaator<\/td>\n<td>Jah<\/td>\n<\/tr>\n<tr>\n<td>Kaal<\/td>\n<td>\u00a017 kg<\/td>\n<\/tr>\n<tr>\n<td>M\u00f5\u00f5tmed<\/td>\n<td>473 \u00d7 263 \u00d7 413 mm<\/td>\n<\/tr>\n<\/tbody>\n<\/table>","protected":false},"featured_media":22601,"template":"","meta":{"_acf_changed":false,"inline_featured_image":false},"product_brand":[],"product_cat":[94,23],"product_tag":[],"class_list":{"0":"post-22600","1":"product","2":"type-product","3":"status-publish","4":"has-post-thumbnail","6":"product_cat-generaatorid","7":"product_cat-invertergeneraatorid","8":"product_shipping_class-vaikepakk","9":"brand-itcpower","11":"first","12":"instock","13":"taxable","14":"shipping-taxable","15":"purchasable","16":"product-type-simple"},"acf":[],"yoast_head":"<!-- This site is optimized with the Yoast SEO plugin v27.2 - https:\/\/yoast.com\/product\/yoast-seo-wordpress\/ -->\n<title>ITCPOWER GG18i invertergeneraator 1500W 230V - Genekas24<\/title>\n<meta name=\"robots\" content=\"index, follow, max-snippet:-1, max-image-preview:large, max-video-preview:-1\" \/>\n<link rel=\"canonical\" href=\"https:\/\/genekas24.ee\/en\/product\/itcpower-gg18i-invertergeneraator-1500w-230v\/\" \/>\n<meta property=\"og:locale\" content=\"en_GB\" \/>\n<meta property=\"og:type\" content=\"article\" \/>\n<meta property=\"og:title\" content=\"ITCPOWER GG18i invertergeneraator 1500W 230V - Genekas24\" \/>\n<meta property=\"og:description\" content=\"Pidevv\u00f5imsus 1500 W (1,5 kW)   Maksimaalne v\u00f5imsus 1800 W (1,8 kW)   K\u00fctus Bensiin   Sagedus 50 Hz   Pinge 230 V   Seinapistik 1 \u00d7 16 A   Alalisvoolu v\u00e4ljund 12 V \u2013 8,3 A \/ 12 V \u2013 4 A + USB   K\u00fctusepaagi maht 3,5 L   K\u00fctusekulu 0,77 L\/h (75% koormusel)   V\u00f5imsus 8,3 A   M\u00fcratase (7 m) 58 dBA   Mootor 74,6 cm\u00b3   \u00d5limaht 0,55 L (t\u00e4idetud 15W40 \u00f5liga)   \u00d5lialarm Jah   \u00dclekoormuse indikaator Jah   Kaal \u00a017 kg   M\u00f5\u00f5tmed 473 \u00d7 263 \u00d7 413 mm\" \/>\n<meta property=\"og:url\" content=\"https:\/\/genekas24.ee\/en\/product\/itcpower-gg18i-invertergeneraator-1500w-230v\/\" \/>\n<meta property=\"og:site_name\" content=\"Genekas24\" \/>\n<meta property=\"og:image\" content=\"https:\/\/genekas24.ee\/wp-content\/uploads\/2026\/01\/ITCPower-GG18i-aggregaat-1500W-230V-500x500-1.jpeg\" \/>\n\t<meta property=\"og:image:width\" content=\"500\" \/>\n\t<meta property=\"og:image:height\" content=\"500\" \/>\n\t<meta property=\"og:image:type\" content=\"image\/jpeg\" \/>\n<meta name=\"twitter:card\" content=\"summary_large_image\" \/>\n<meta name=\"twitter:label1\" content=\"Estimated reading time\" \/>\n\t<meta name=\"twitter:data1\" content=\"2 minutes\" \/>\n<script type=\"application\/ld+json\" class=\"yoast-schema-graph\">{\"@context\":\"https:\/\/schema.org\",\"@graph\":[{\"@type\":\"WebPage\",\"@id\":\"https:\/\/genekas24.ee\/toode\/itcpower-gg18i-invertergeneraator-1500w-230v\/\",\"url\":\"https:\/\/genekas24.ee\/toode\/itcpower-gg18i-invertergeneraator-1500w-230v\/\",\"name\":\"ITCPOWER GG18i invertergeneraator 1500W 230V - Genekas24\",\"isPartOf\":{\"@id\":\"https:\/\/genekas24.ee\/#website\"},\"primaryImageOfPage\":{\"@id\":\"https:\/\/genekas24.ee\/toode\/itcpower-gg18i-invertergeneraator-1500w-230v\/#primaryimage\"},\"image\":{\"@id\":\"https:\/\/genekas24.ee\/toode\/itcpower-gg18i-invertergeneraator-1500w-230v\/#primaryimage\"},\"thumbnailUrl\":\"https:\/\/genekas24.ee\/wp-content\/uploads\/2026\/01\/ITCPower-GG18i-aggregaat-1500W-230V-500x500-1.jpeg\",\"datePublished\":\"2026-04-08T17:40:51+00:00\",\"breadcrumb\":{\"@id\":\"https:\/\/genekas24.ee\/toode\/itcpower-gg18i-invertergeneraator-1500w-230v\/#breadcrumb\"},\"inLanguage\":\"en-GB\",\"potentialAction\":[{\"@type\":\"ReadAction\",\"target\":[\"https:\/\/genekas24.ee\/toode\/itcpower-gg18i-invertergeneraator-1500w-230v\/\"]}]},{\"@type\":\"ImageObject\",\"inLanguage\":\"en-GB\",\"@id\":\"https:\/\/genekas24.ee\/toode\/itcpower-gg18i-invertergeneraator-1500w-230v\/#primaryimage\",\"url\":\"https:\/\/genekas24.ee\/wp-content\/uploads\/2026\/01\/ITCPower-GG18i-aggregaat-1500W-230V-500x500-1.jpeg\",\"contentUrl\":\"https:\/\/genekas24.ee\/wp-content\/uploads\/2026\/01\/ITCPower-GG18i-aggregaat-1500W-230V-500x500-1.jpeg\",\"width\":500,\"height\":500},{\"@type\":\"BreadcrumbList\",\"@id\":\"https:\/\/genekas24.ee\/toode\/itcpower-gg18i-invertergeneraator-1500w-230v\/#breadcrumb\",\"itemListElement\":[{\"@type\":\"ListItem\",\"position\":1,\"name\":\"Home\",\"item\":\"https:\/\/genekas24.ee\/\"},{\"@type\":\"ListItem\",\"position\":2,\"name\":\"Pood\",\"item\":\"https:\/\/genekas24.ee\/pood\/\"},{\"@type\":\"ListItem\",\"position\":3,\"name\":\"ITCPOWER GG18i invertergeneraator 1500W 230V\"}]},{\"@type\":\"WebSite\",\"@id\":\"https:\/\/genekas24.ee\/#website\",\"url\":\"https:\/\/genekas24.ee\/\",\"name\":\"Genekas24\",\"description\":\"Generaatorid | K&ouml;nner S&ouml;hnen tooted | Genekas24\",\"publisher\":{\"@id\":\"https:\/\/genekas24.ee\/#organization\"},\"potentialAction\":[{\"@type\":\"SearchAction\",\"target\":{\"@type\":\"EntryPoint\",\"urlTemplate\":\"https:\/\/genekas24.ee\/?s={search_term_string}\"},\"query-input\":{\"@type\":\"PropertyValueSpecification\",\"valueRequired\":true,\"valueName\":\"search_term_string\"}}],\"inLanguage\":\"en-GB\"},{\"@type\":\"Organization\",\"@id\":\"https:\/\/genekas24.ee\/#organization\",\"name\":\"Genekas24\",\"url\":\"https:\/\/genekas24.ee\/\",\"logo\":{\"@type\":\"ImageObject\",\"inLanguage\":\"en-GB\",\"@id\":\"https:\/\/genekas24.ee\/#\/schema\/logo\/image\/\",\"url\":\"https:\/\/genekas24.ee\/wp-content\/uploads\/2026\/01\/genekas24-logo_black.svg\",\"contentUrl\":\"https:\/\/genekas24.ee\/wp-content\/uploads\/2026\/01\/genekas24-logo_black.svg\",\"width\":840,\"height\":131,\"caption\":\"Genekas24\"},\"image\":{\"@id\":\"https:\/\/genekas24.ee\/#\/schema\/logo\/image\/\"}}]}<\/script>\n<!-- \/ Yoast SEO plugin. -->","yoast_head_json":{"title":"ITCPOWER GG18i invertergeneraator 1500W 230V - Genekas24","robots":{"index":"index","follow":"follow","max-snippet":"max-snippet:-1","max-image-preview":"max-image-preview:large","max-video-preview":"max-video-preview:-1"},"canonical":"https:\/\/genekas24.ee\/en\/product\/itcpower-gg18i-invertergeneraator-1500w-230v\/","og_locale":"en_GB","og_type":"article","og_title":"ITCPOWER GG18i invertergeneraator 1500W 230V - Genekas24","og_description":"Pidevv\u00f5imsus 1500 W (1,5 kW)   Maksimaalne v\u00f5imsus 1800 W (1,8 kW)   K\u00fctus Bensiin   Sagedus 50 Hz   Pinge 230 V   Seinapistik 1 \u00d7 16 A   Alalisvoolu v\u00e4ljund 12 V \u2013 8,3 A \/ 12 V \u2013 4 A + USB   K\u00fctusepaagi maht 3,5 L   K\u00fctusekulu 0,77 L\/h (75% koormusel)   V\u00f5imsus 8,3 A   M\u00fcratase (7 m) 58 dBA   Mootor 74,6 cm\u00b3   \u00d5limaht 0,55 L (t\u00e4idetud 15W40 \u00f5liga)   \u00d5lialarm Jah   \u00dclekoormuse indikaator Jah   Kaal \u00a017 kg   M\u00f5\u00f5tmed 473 \u00d7 263 \u00d7 413 mm","og_url":"https:\/\/genekas24.ee\/en\/product\/itcpower-gg18i-invertergeneraator-1500w-230v\/","og_site_name":"Genekas24","og_image":[{"width":500,"height":500,"url":"https:\/\/genekas24.ee\/wp-content\/uploads\/2026\/01\/ITCPower-GG18i-aggregaat-1500W-230V-500x500-1.jpeg","type":"image\/jpeg"}],"twitter_card":"summary_large_image","twitter_misc":{"Estimated reading time":"2 minutes"},"schema":{"@context":"https:\/\/schema.org","@graph":[{"@type":"WebPage","@id":"https:\/\/genekas24.ee\/toode\/itcpower-gg18i-invertergeneraator-1500w-230v\/","url":"https:\/\/genekas24.ee\/toode\/itcpower-gg18i-invertergeneraator-1500w-230v\/","name":"ITCPOWER GG18i invertergeneraator 1500W 230V - Genekas24","isPartOf":{"@id":"https:\/\/genekas24.ee\/#website"},"primaryImageOfPage":{"@id":"https:\/\/genekas24.ee\/toode\/itcpower-gg18i-invertergeneraator-1500w-230v\/#primaryimage"},"image":{"@id":"https:\/\/genekas24.ee\/toode\/itcpower-gg18i-invertergeneraator-1500w-230v\/#primaryimage"},"thumbnailUrl":"https:\/\/genekas24.ee\/wp-content\/uploads\/2026\/01\/ITCPower-GG18i-aggregaat-1500W-230V-500x500-1.jpeg","datePublished":"2026-04-08T17:40:51+00:00","breadcrumb":{"@id":"https:\/\/genekas24.ee\/toode\/itcpower-gg18i-invertergeneraator-1500w-230v\/#breadcrumb"},"inLanguage":"en-GB","potentialAction":[{"@type":"ReadAction","target":["https:\/\/genekas24.ee\/toode\/itcpower-gg18i-invertergeneraator-1500w-230v\/"]}]},{"@type":"ImageObject","inLanguage":"en-GB","@id":"https:\/\/genekas24.ee\/toode\/itcpower-gg18i-invertergeneraator-1500w-230v\/#primaryimage","url":"https:\/\/genekas24.ee\/wp-content\/uploads\/2026\/01\/ITCPower-GG18i-aggregaat-1500W-230V-500x500-1.jpeg","contentUrl":"https:\/\/genekas24.ee\/wp-content\/uploads\/2026\/01\/ITCPower-GG18i-aggregaat-1500W-230V-500x500-1.jpeg","width":500,"height":500},{"@type":"BreadcrumbList","@id":"https:\/\/genekas24.ee\/toode\/itcpower-gg18i-invertergeneraator-1500w-230v\/#breadcrumb","itemListElement":[{"@type":"ListItem","position":1,"name":"Home","item":"https:\/\/genekas24.ee\/"},{"@type":"ListItem","position":2,"name":"Pood","item":"https:\/\/genekas24.ee\/pood\/"},{"@type":"ListItem","position":3,"name":"ITCPOWER GG18i invertergeneraator 1500W 230V"}]},{"@type":"WebSite","@id":"https:\/\/genekas24.ee\/#website","url":"https:\/\/genekas24.ee\/","name":"Genekas24","description":"Generaatorid | K&ouml;nner S&ouml;hnen tooted | Genekas24","publisher":{"@id":"https:\/\/genekas24.ee\/#organization"},"potentialAction":[{"@type":"SearchAction","target":{"@type":"EntryPoint","urlTemplate":"https:\/\/genekas24.ee\/?s={search_term_string}"},"query-input":{"@type":"PropertyValueSpecification","valueRequired":true,"valueName":"search_term_string"}}],"inLanguage":"en-GB"},{"@type":"Organization","@id":"https:\/\/genekas24.ee\/#organization","name":"Genekas24","url":"https:\/\/genekas24.ee\/","logo":{"@type":"ImageObject","inLanguage":"en-GB","@id":"https:\/\/genekas24.ee\/#\/schema\/logo\/image\/","url":"https:\/\/genekas24.ee\/wp-content\/uploads\/2026\/01\/genekas24-logo_black.svg","contentUrl":"https:\/\/genekas24.ee\/wp-content\/uploads\/2026\/01\/genekas24-logo_black.svg","width":840,"height":131,"caption":"Genekas24"},"image":{"@id":"https:\/\/genekas24.ee\/#\/schema\/logo\/image\/"}}]}},"_links":{"self":[{"href":"https:\/\/genekas24.ee\/en\/wp-json\/wp\/v2\/product\/22600","targetHints":{"allow":["GET"]}}],"collection":[{"href":"https:\/\/genekas24.ee\/en\/wp-json\/wp\/v2\/product"}],"about":[{"href":"https:\/\/genekas24.ee\/en\/wp-json\/wp\/v2\/types\/product"}],"version-history":[{"count":1,"href":"https:\/\/genekas24.ee\/en\/wp-json\/wp\/v2\/product\/22600\/revisions"}],"predecessor-version":[{"id":22608,"href":"https:\/\/genekas24.ee\/en\/wp-json\/wp\/v2\/product\/22600\/revisions\/22608"}],"wp:featuredmedia":[{"embeddable":true,"href":"https:\/\/genekas24.ee\/en\/wp-json\/wp\/v2\/media\/22601"}],"wp:attachment":[{"href":"https:\/\/genekas24.ee\/en\/wp-json\/wp\/v2\/media?parent=22600"}],"wp:term":[{"taxonomy":"product_brand","embeddable":true,"href":"https:\/\/genekas24.ee\/en\/wp-json\/wp\/v2\/product_brand?post=22600"},{"taxonomy":"product_cat","embeddable":true,"href":"https:\/\/genekas24.ee\/en\/wp-json\/wp\/v2\/product_cat?post=22600"},{"taxonomy":"product_tag","embeddable":true,"href":"https:\/\/genekas24.ee\/en\/wp-json\/wp\/v2\/product_tag?post=22600"}],"curies":[{"name":"wp","href":"https:\/\/api.w.org\/{rel}","templated":true}]}}