{"id":22504,"date":"2026-04-08T17:18:08","date_gmt":"2026-04-08T17:18:08","guid":{"rendered":"https:\/\/genekas24.ee\/?post_type=product&#038;p=22504"},"modified":"2026-04-08T17:18:08","modified_gmt":"2026-04-08T17:18:08","slug":"itcpower-dg7800let-diiselgeneraator-6000w-230v-400v","status":"publish","type":"product","link":"https:\/\/genekas24.ee\/en\/product\/itcpower-dg7800let-diiselgeneraator-6000w-230v-400v\/","title":{"rendered":"ITCPOWER DG7800LET diiselgeneraator 6000W 230V\/400V"},"content":{"rendered":"<p style=\"font-weight: 400;\">ITCPOWER DG7800LET 6000W 230V\/400V diiselgeneraator on kompaktne, \u00f6konoomne ja v\u00f5imas ITCPOWERi generaator. ITCPOWER DG7800LET 6000W 230V\/7500W 400V diiselgeneraatorit saab k\u00e4ivitada elektriliselt v\u00f5i k\u00e4sitsi.<\/p>\n<p style=\"font-weight: 400;\"><strong>Avariitoiteallikad:<\/strong><\/p>\n<p style=\"font-weight: 400;\">See on \u00fcks levinumaid diiselgeneraatorite rakendusi. Neid kasutatakse elektrienergia pakkumiseks tavalise elektriv\u00f5rgu rikke korral v\u00f5i kui puudub otsene juurdep\u00e4\u00e4s v\u00f5rgule. See on sageli \u00fclioluline j\u00e4rgmistes kohtades: p\u00f5llumajandus, ehitusplatsid, infrastruktuur, lennujaamad ja muud kohad, kus isegi l\u00fchike elektrikatkestus v\u00f5ib olla kulukas. L\u00fchidalt \u00f6eldes kasutatakse diiselgeneraatoreid erinevates kohtades, kus puudub otsene juurdep\u00e4\u00e4s tavalisele elektriv\u00f5rgule, v\u00f5i avariilahendusena.<\/p>\n<p style=\"font-weight: 400;\"><strong>Hooldus:<\/strong><\/p>\n<p style=\"font-weight: 400;\">Diiselgeneraatorid vajavad regulaarset hooldust, sealhulgas \u00f5livahetust, \u00f5hufiltrite vahetust ja k\u00fctuses\u00fcsteemi kontrollimist. Generaatori pikaajalise t\u00f6\u00f6 tagamiseks tehke seda regulaarselt. \u00d5li osas soovitame ITCPOWERi generaatorite jaoks kasutada 4T 15W40 \u00f5li. See on parim \u00f5li teie ITCPOWERi diiselgeneraatori pikaajaliseks j\u00f5udluseks. \u00d5li, filtrid ja mitmesugused muud osad on meilt kergesti k\u00e4ttesaadavad. Lisateabe saamiseks v\u00f5tke meiega \u00fchendust!<\/p>\n<p style=\"font-weight: 400;\"><strong>V\u00f5imsus ja m\u00fcra:<\/strong><\/p>\n<p style=\"font-weight: 400;\">Diiselgeneraatoreid on saadaval erinevates suurustes ja\/v\u00f5i v\u00f5imsusklassides, alates kaasaskantavatest generaatoritest v\u00e4ikeste rakenduste jaoks kuni suurte t\u00f6\u00f6stusgeneraatoriteni, mis suudavad toita terveid rajatisi. Paljud ITCPOWERi generaatorid on varustatud korpusega. See v\u00e4hendab diiselgeneraatori m\u00fcra. Palun vaadake hoolikalt l\u00e4bi allolevad fotod ja spetsifikatsioonid.<\/p>\n<p style=\"font-weight: 400;\"><strong>Automaatika:<\/strong><\/p>\n<p style=\"font-weight: 400;\">Paljud diiselgeneraatorid on varustatud automaatsete k\u00e4ivitus-\/seiskamiss\u00fcsteemide ja\/v\u00f5i ATS-\u00fchendustega. (t\u00e4histatud kui: ATS\/AUTO) Need saavad sujuvalt generaatorile toite l\u00fclitada, kui tavaline elektriv\u00f5rk rikki l\u00e4heb. See on ideaalne, kui otsite generaatorit h\u00e4daolukorraks. Mitmed generaatorid v\u00f5ivad t\u00f6\u00f6tada ka 230 V ja 400 V pingel.<\/p>","protected":false},"excerpt":{"rendered":"<table>\n<tbody>\n<tr>\n<td>Mudel<\/td>\n<td>DG7800LET<\/td>\n<\/tr>\n<tr>\n<td>Voltage<\/td>\n<td>230 V<\/td>\n<\/tr>\n<tr>\n<td>V\u00f5imsus (A)<\/td>\n<td>14 A (400 V) \/ 28 A (230 V)<\/td>\n<\/tr>\n<tr>\n<td>Maksimaalne v\u00f5imsus<\/td>\n<td>8,1 kVA (400 V) \/ 6,5 kW (230 V)<\/td>\n<\/tr>\n<tr>\n<td>Pidevv\u00f5imsus<\/td>\n<td>7,5 kVA (400 V) \/ 6,0 kW (230 V)<\/td>\n<\/tr>\n<tr>\n<td>Sagedus (Hz)<\/td>\n<td>50 Hz<\/td>\n<\/tr>\n<tr>\n<td>\u00dchendused<\/td>\n<td>1 x PCESp (400 V) \/ 1 x 32 A (230 V)<\/td>\n<\/tr>\n<tr>\n<td>Display<\/td>\n<td>Digitaalne (LED6)<\/td>\n<\/tr>\n<tr>\n<td>Aku<\/td>\n<td>30 Ah<\/td>\n<\/tr>\n<tr>\n<td>K\u00e4ivitus<\/td>\n<td>Electric<\/td>\n<\/tr>\n<tr>\n<td>ATS valmidus<\/td>\n<td>Jah<\/td>\n<\/tr>\n<tr>\n<td>AUTO START<\/td>\n<td>Jah<\/td>\n<\/tr>\n<tr>\n<td>Alalisvoolu v\u00e4ljund<\/td>\n<td>12 V \/ 8,3 A<\/td>\n<\/tr>\n<tr>\n<td>Pinge reguleerimine<\/td>\n<td>AVR (automaatne pingeregulaator) s\u00fcsteem<\/td>\n<\/tr>\n<tr>\n<td>\u00dclekoormuskaitse<\/td>\n<td>Jah<\/td>\n<\/tr>\n<tr>\n<td>K\u00fctusepaagi maht<\/td>\n<td>14 l<\/td>\n<\/tr>\n<tr>\n<td>K\u00fctusekulu t\u00e4is paagiga<\/td>\n<td>50% koormus: 12 tundi<\/td>\n<\/tr>\n<tr>\n<td>\u00d5lipaagi maht<\/td>\n<td>1,65 l \/ t\u00e4itke 15W40 \u00f5liga<\/td>\n<\/tr>\n<tr>\n<td>\u00d5lialarm<\/td>\n<td>Jah<\/td>\n<\/tr>\n<tr>\n<td>M\u00fcratase 7 meetri kauguselt<\/td>\n<td>77 dBA<\/td>\n<\/tr>\n<tr>\n<td>Engine type<\/td>\n<td>3000 p\/min \u2013 \u00f5hkjahutusega<\/td>\n<\/tr>\n<tr>\n<td>Mootori v\u00f5imsus<\/td>\n<td>12 hj<\/td>\n<\/tr>\n<tr>\n<td>Mootori t\u00f6\u00f6maht<\/td>\n<td>498 cm\u00b3<\/td>\n<\/tr>\n<tr>\n<td>Generator<\/td>\n<td>A6T \u2013 AVR<\/td>\n<\/tr>\n<tr>\n<td>Netokaal<\/td>\n<td>116 kg<\/td>\n<\/tr>\n<tr>\n<td>Toote m\u00f5\u00f5tmed<\/td>\n<td>720 x 480 x 600 mm<\/td>\n<\/tr>\n<\/tbody>\n<\/table>","protected":false},"featured_media":22505,"template":"","meta":{"_acf_changed":false,"inline_featured_image":false},"product_brand":[],"product_cat":[22,94],"product_tag":[],"class_list":{"0":"post-22504","1":"product","2":"type-product","3":"status-publish","4":"has-post-thumbnail","6":"product_cat-diiselgeneraatorid","7":"product_cat-generaatorid","8":"product_shipping_class-euroalus","9":"brand-itcpower","11":"first","12":"instock","13":"taxable","14":"shipping-taxable","15":"purchasable","16":"product-type-simple"},"acf":[],"yoast_head":"<!-- This site is optimized with the Yoast SEO plugin v27.2 - https:\/\/yoast.com\/product\/yoast-seo-wordpress\/ -->\n<title>ITCPOWER DG7800LET diiselgeneraator 6000W 230V\/400V - Genekas24<\/title>\n<meta name=\"robots\" content=\"index, follow, max-snippet:-1, max-image-preview:large, max-video-preview:-1\" \/>\n<link rel=\"canonical\" href=\"https:\/\/genekas24.ee\/en\/product\/itcpower-dg7800let-diiselgeneraator-6000w-230v-400v\/\" \/>\n<meta property=\"og:locale\" content=\"en_GB\" \/>\n<meta property=\"og:type\" content=\"article\" \/>\n<meta property=\"og:title\" content=\"ITCPOWER DG7800LET diiselgeneraator 6000W 230V\/400V - Genekas24\" \/>\n<meta property=\"og:description\" content=\"Mudel DG7800LET   Pinge 230 V   V\u00f5imsus (A) 14 A (400 V) \/ 28 A (230 V)   Maksimaalne v\u00f5imsus 8,1 kVA (400 V) \/ 6,5 kW (230 V)   Pidevv\u00f5imsus 7,5 kVA (400 V) \/ 6,0 kW (230 V)   Sagedus (Hz) 50 Hz   \u00dchendused 1 x PCESp (400 V) \/ 1 x 32 A (230 V)   Ekraan Digitaalne (LED6)   Aku 30 Ah   K\u00e4ivitus Elektriline   ATS valmidus Jah   AUTO START Jah   Alalisvoolu v\u00e4ljund 12 V \/ 8,3 A   Pinge reguleerimine AVR (automaatne pingeregulaator) s\u00fcsteem   \u00dclekoormuskaitse Jah   K\u00fctusepaagi maht 14 l   K\u00fctusekulu t\u00e4is paagiga 50% koormus: 12 tundi   \u00d5lipaagi maht 1,65 l \/ t\u00e4itke 15W40 \u00f5liga   \u00d5lialarm Jah   M\u00fcratase 7 meetri kauguselt 77 dBA   Mootori t\u00fc\u00fcp 3000 p\/min \u2013 \u00f5hkjahutusega   Mootori v\u00f5imsus 12 hj   Mootori t\u00f6\u00f6maht 498 cm\u00b3   Generaator A6T \u2013 AVR   Netokaal 116 kg   Toote m\u00f5\u00f5tmed 720 x 480 x 600 mm\" \/>\n<meta property=\"og:url\" content=\"https:\/\/genekas24.ee\/en\/product\/itcpower-dg7800let-diiselgeneraator-6000w-230v-400v\/\" \/>\n<meta property=\"og:site_name\" content=\"Genekas24\" \/>\n<meta property=\"og:image\" content=\"https:\/\/genekas24.ee\/wp-content\/uploads\/2026\/01\/2640-1-500x500-1.jpeg\" \/>\n\t<meta property=\"og:image:width\" content=\"500\" \/>\n\t<meta property=\"og:image:height\" content=\"500\" \/>\n\t<meta property=\"og:image:type\" content=\"image\/jpeg\" \/>\n<meta name=\"twitter:card\" content=\"summary_large_image\" \/>\n<meta name=\"twitter:label1\" content=\"Estimated reading time\" \/>\n\t<meta name=\"twitter:data1\" content=\"2 minutes\" \/>\n<script type=\"application\/ld+json\" class=\"yoast-schema-graph\">{\"@context\":\"https:\/\/schema.org\",\"@graph\":[{\"@type\":\"WebPage\",\"@id\":\"https:\/\/genekas24.ee\/toode\/itcpower-dg7800let-diiselgeneraator-6000w-230v-400v\/\",\"url\":\"https:\/\/genekas24.ee\/toode\/itcpower-dg7800let-diiselgeneraator-6000w-230v-400v\/\",\"name\":\"ITCPOWER DG7800LET diiselgeneraator 6000W 230V\/400V - Genekas24\",\"isPartOf\":{\"@id\":\"https:\/\/genekas24.ee\/#website\"},\"primaryImageOfPage\":{\"@id\":\"https:\/\/genekas24.ee\/toode\/itcpower-dg7800let-diiselgeneraator-6000w-230v-400v\/#primaryimage\"},\"image\":{\"@id\":\"https:\/\/genekas24.ee\/toode\/itcpower-dg7800let-diiselgeneraator-6000w-230v-400v\/#primaryimage\"},\"thumbnailUrl\":\"https:\/\/genekas24.ee\/wp-content\/uploads\/2026\/01\/2640-1-500x500-1.jpeg\",\"datePublished\":\"2026-04-08T17:18:08+00:00\",\"breadcrumb\":{\"@id\":\"https:\/\/genekas24.ee\/toode\/itcpower-dg7800let-diiselgeneraator-6000w-230v-400v\/#breadcrumb\"},\"inLanguage\":\"en-GB\",\"potentialAction\":[{\"@type\":\"ReadAction\",\"target\":[\"https:\/\/genekas24.ee\/toode\/itcpower-dg7800let-diiselgeneraator-6000w-230v-400v\/\"]}]},{\"@type\":\"ImageObject\",\"inLanguage\":\"en-GB\",\"@id\":\"https:\/\/genekas24.ee\/toode\/itcpower-dg7800let-diiselgeneraator-6000w-230v-400v\/#primaryimage\",\"url\":\"https:\/\/genekas24.ee\/wp-content\/uploads\/2026\/01\/2640-1-500x500-1.jpeg\",\"contentUrl\":\"https:\/\/genekas24.ee\/wp-content\/uploads\/2026\/01\/2640-1-500x500-1.jpeg\",\"width\":500,\"height\":500},{\"@type\":\"BreadcrumbList\",\"@id\":\"https:\/\/genekas24.ee\/toode\/itcpower-dg7800let-diiselgeneraator-6000w-230v-400v\/#breadcrumb\",\"itemListElement\":[{\"@type\":\"ListItem\",\"position\":1,\"name\":\"Home\",\"item\":\"https:\/\/genekas24.ee\/\"},{\"@type\":\"ListItem\",\"position\":2,\"name\":\"Pood\",\"item\":\"https:\/\/genekas24.ee\/pood\/\"},{\"@type\":\"ListItem\",\"position\":3,\"name\":\"ITCPOWER DG7800LET diiselgeneraator 6000W 230V\/400V\"}]},{\"@type\":\"WebSite\",\"@id\":\"https:\/\/genekas24.ee\/#website\",\"url\":\"https:\/\/genekas24.ee\/\",\"name\":\"Genekas24\",\"description\":\"Generaatorid | K&ouml;nner S&ouml;hnen tooted | Genekas24\",\"publisher\":{\"@id\":\"https:\/\/genekas24.ee\/#organization\"},\"potentialAction\":[{\"@type\":\"SearchAction\",\"target\":{\"@type\":\"EntryPoint\",\"urlTemplate\":\"https:\/\/genekas24.ee\/?s={search_term_string}\"},\"query-input\":{\"@type\":\"PropertyValueSpecification\",\"valueRequired\":true,\"valueName\":\"search_term_string\"}}],\"inLanguage\":\"en-GB\"},{\"@type\":\"Organization\",\"@id\":\"https:\/\/genekas24.ee\/#organization\",\"name\":\"Genekas24\",\"url\":\"https:\/\/genekas24.ee\/\",\"logo\":{\"@type\":\"ImageObject\",\"inLanguage\":\"en-GB\",\"@id\":\"https:\/\/genekas24.ee\/#\/schema\/logo\/image\/\",\"url\":\"https:\/\/genekas24.ee\/wp-content\/uploads\/2026\/01\/genekas24-logo_black.svg\",\"contentUrl\":\"https:\/\/genekas24.ee\/wp-content\/uploads\/2026\/01\/genekas24-logo_black.svg\",\"width\":840,\"height\":131,\"caption\":\"Genekas24\"},\"image\":{\"@id\":\"https:\/\/genekas24.ee\/#\/schema\/logo\/image\/\"}}]}<\/script>\n<!-- \/ Yoast SEO plugin. -->","yoast_head_json":{"title":"ITCPOWER DG7800LET diiselgeneraator 6000W 230V\/400V - Genekas24","robots":{"index":"index","follow":"follow","max-snippet":"max-snippet:-1","max-image-preview":"max-image-preview:large","max-video-preview":"max-video-preview:-1"},"canonical":"https:\/\/genekas24.ee\/en\/product\/itcpower-dg7800let-diiselgeneraator-6000w-230v-400v\/","og_locale":"en_GB","og_type":"article","og_title":"ITCPOWER DG7800LET diiselgeneraator 6000W 230V\/400V - Genekas24","og_description":"Mudel DG7800LET   Pinge 230 V   V\u00f5imsus (A) 14 A (400 V) \/ 28 A (230 V)   Maksimaalne v\u00f5imsus 8,1 kVA (400 V) \/ 6,5 kW (230 V)   Pidevv\u00f5imsus 7,5 kVA (400 V) \/ 6,0 kW (230 V)   Sagedus (Hz) 50 Hz   \u00dchendused 1 x PCESp (400 V) \/ 1 x 32 A (230 V)   Ekraan Digitaalne (LED6)   Aku 30 Ah   K\u00e4ivitus Elektriline   ATS valmidus Jah   AUTO START Jah   Alalisvoolu v\u00e4ljund 12 V \/ 8,3 A   Pinge reguleerimine AVR (automaatne pingeregulaator) s\u00fcsteem   \u00dclekoormuskaitse Jah   K\u00fctusepaagi maht 14 l   K\u00fctusekulu t\u00e4is paagiga 50% koormus: 12 tundi   \u00d5lipaagi maht 1,65 l \/ t\u00e4itke 15W40 \u00f5liga   \u00d5lialarm Jah   M\u00fcratase 7 meetri kauguselt 77 dBA   Mootori t\u00fc\u00fcp 3000 p\/min \u2013 \u00f5hkjahutusega   Mootori v\u00f5imsus 12 hj   Mootori t\u00f6\u00f6maht 498 cm\u00b3   Generaator A6T \u2013 AVR   Netokaal 116 kg   Toote m\u00f5\u00f5tmed 720 x 480 x 600 mm","og_url":"https:\/\/genekas24.ee\/en\/product\/itcpower-dg7800let-diiselgeneraator-6000w-230v-400v\/","og_site_name":"Genekas24","og_image":[{"width":500,"height":500,"url":"https:\/\/genekas24.ee\/wp-content\/uploads\/2026\/01\/2640-1-500x500-1.jpeg","type":"image\/jpeg"}],"twitter_card":"summary_large_image","twitter_misc":{"Estimated reading time":"2 minutes"},"schema":{"@context":"https:\/\/schema.org","@graph":[{"@type":"WebPage","@id":"https:\/\/genekas24.ee\/toode\/itcpower-dg7800let-diiselgeneraator-6000w-230v-400v\/","url":"https:\/\/genekas24.ee\/toode\/itcpower-dg7800let-diiselgeneraator-6000w-230v-400v\/","name":"ITCPOWER DG7800LET diiselgeneraator 6000W 230V\/400V - Genekas24","isPartOf":{"@id":"https:\/\/genekas24.ee\/#website"},"primaryImageOfPage":{"@id":"https:\/\/genekas24.ee\/toode\/itcpower-dg7800let-diiselgeneraator-6000w-230v-400v\/#primaryimage"},"image":{"@id":"https:\/\/genekas24.ee\/toode\/itcpower-dg7800let-diiselgeneraator-6000w-230v-400v\/#primaryimage"},"thumbnailUrl":"https:\/\/genekas24.ee\/wp-content\/uploads\/2026\/01\/2640-1-500x500-1.jpeg","datePublished":"2026-04-08T17:18:08+00:00","breadcrumb":{"@id":"https:\/\/genekas24.ee\/toode\/itcpower-dg7800let-diiselgeneraator-6000w-230v-400v\/#breadcrumb"},"inLanguage":"en-GB","potentialAction":[{"@type":"ReadAction","target":["https:\/\/genekas24.ee\/toode\/itcpower-dg7800let-diiselgeneraator-6000w-230v-400v\/"]}]},{"@type":"ImageObject","inLanguage":"en-GB","@id":"https:\/\/genekas24.ee\/toode\/itcpower-dg7800let-diiselgeneraator-6000w-230v-400v\/#primaryimage","url":"https:\/\/genekas24.ee\/wp-content\/uploads\/2026\/01\/2640-1-500x500-1.jpeg","contentUrl":"https:\/\/genekas24.ee\/wp-content\/uploads\/2026\/01\/2640-1-500x500-1.jpeg","width":500,"height":500},{"@type":"BreadcrumbList","@id":"https:\/\/genekas24.ee\/toode\/itcpower-dg7800let-diiselgeneraator-6000w-230v-400v\/#breadcrumb","itemListElement":[{"@type":"ListItem","position":1,"name":"Home","item":"https:\/\/genekas24.ee\/"},{"@type":"ListItem","position":2,"name":"Pood","item":"https:\/\/genekas24.ee\/pood\/"},{"@type":"ListItem","position":3,"name":"ITCPOWER DG7800LET diiselgeneraator 6000W 230V\/400V"}]},{"@type":"WebSite","@id":"https:\/\/genekas24.ee\/#website","url":"https:\/\/genekas24.ee\/","name":"Genekas24","description":"Generaatorid | K&ouml;nner S&ouml;hnen tooted | Genekas24","publisher":{"@id":"https:\/\/genekas24.ee\/#organization"},"potentialAction":[{"@type":"SearchAction","target":{"@type":"EntryPoint","urlTemplate":"https:\/\/genekas24.ee\/?s={search_term_string}"},"query-input":{"@type":"PropertyValueSpecification","valueRequired":true,"valueName":"search_term_string"}}],"inLanguage":"en-GB"},{"@type":"Organization","@id":"https:\/\/genekas24.ee\/#organization","name":"Genekas24","url":"https:\/\/genekas24.ee\/","logo":{"@type":"ImageObject","inLanguage":"en-GB","@id":"https:\/\/genekas24.ee\/#\/schema\/logo\/image\/","url":"https:\/\/genekas24.ee\/wp-content\/uploads\/2026\/01\/genekas24-logo_black.svg","contentUrl":"https:\/\/genekas24.ee\/wp-content\/uploads\/2026\/01\/genekas24-logo_black.svg","width":840,"height":131,"caption":"Genekas24"},"image":{"@id":"https:\/\/genekas24.ee\/#\/schema\/logo\/image\/"}}]}},"_links":{"self":[{"href":"https:\/\/genekas24.ee\/en\/wp-json\/wp\/v2\/product\/22504","targetHints":{"allow":["GET"]}}],"collection":[{"href":"https:\/\/genekas24.ee\/en\/wp-json\/wp\/v2\/product"}],"about":[{"href":"https:\/\/genekas24.ee\/en\/wp-json\/wp\/v2\/types\/product"}],"version-history":[{"count":1,"href":"https:\/\/genekas24.ee\/en\/wp-json\/wp\/v2\/product\/22504\/revisions"}],"predecessor-version":[{"id":22509,"href":"https:\/\/genekas24.ee\/en\/wp-json\/wp\/v2\/product\/22504\/revisions\/22509"}],"wp:featuredmedia":[{"embeddable":true,"href":"https:\/\/genekas24.ee\/en\/wp-json\/wp\/v2\/media\/22505"}],"wp:attachment":[{"href":"https:\/\/genekas24.ee\/en\/wp-json\/wp\/v2\/media?parent=22504"}],"wp:term":[{"taxonomy":"product_brand","embeddable":true,"href":"https:\/\/genekas24.ee\/en\/wp-json\/wp\/v2\/product_brand?post=22504"},{"taxonomy":"product_cat","embeddable":true,"href":"https:\/\/genekas24.ee\/en\/wp-json\/wp\/v2\/product_cat?post=22504"},{"taxonomy":"product_tag","embeddable":true,"href":"https:\/\/genekas24.ee\/en\/wp-json\/wp\/v2\/product_tag?post=22504"}],"curies":[{"name":"wp","href":"https:\/\/api.w.org\/{rel}","templated":true}]}}