{"id":22425,"date":"2026-04-08T17:24:45","date_gmt":"2026-04-08T17:24:45","guid":{"rendered":"https:\/\/genekas24.ee\/?post_type=product&#038;p=22425"},"modified":"2026-04-08T17:24:46","modified_gmt":"2026-04-08T17:24:46","slug":"itcpower-dg22ksem-diiselgeneraator-20kw-230v","status":"publish","type":"product","link":"https:\/\/genekas24.ee\/en\/product\/itcpower-dg22ksem-diiselgeneraator-20kw-230v\/","title":{"rendered":"ITCPOWER DG22KSEm diiselgeneraator 20kW \u2013 230V"},"content":{"rendered":"<p style=\"font-weight: 400;\">ITCPOWER DG22KSEm diiselgeneraator 20kW \u2013 230V on v\u00f5imas generaator ITCPOWER kaubam\u00e4rgilt. Selle maksimaalne v\u00f5imsus on 22 kW ja pidev v\u00f5imsus 20 kW.<\/p>\n<p style=\"font-weight: 400;\"><strong>Avariitoiteallikad ja automaatika:<\/strong><\/p>\n<p style=\"font-weight: 400;\">\u00dcks diiselgeneraatorite levinumaid rakendusi on avariitoide. Diiselgeneraatoreid kasutatakse elektrienergia tarnimiseks tavalise elektriv\u00f5rgu rikke v\u00f5i otsese juurdep\u00e4\u00e4su puudumise korral. Lisaks on need diiselgeneraatorid tuntud oma vastupidavuse ja t\u00f6\u00f6kindluse poolest t\u00e4nu oma suurtele ja v\u00f5imsatele mootoritele. Need on varustatud avariiseiskamisnuppudega, \u00fcks generaatori v\u00e4lisk\u00fcljel ja teine \u200b\u200bjuhtpaneelil, mis v\u00f5imaldab h\u00e4daolukorras kohe tegutseda. Manuaalne v\u00f5i pingevaba kontaktk\u00e4ivitus koos ATS-iga (automaatne \u00fclekandel\u00fcliti) \u2013 programmeerijaga, mis suudab sujuvalt generaatori toiteallika \u00fcmber l\u00fclitada tavalise elektriv\u00f5rgu rikke korral. K\u00f5ik ITCPOWERi diiselgeneraatorid on varustatud automaatsete k\u00e4ivitus- ja seiskamiss\u00fcsteemidega. \u00dchefaasilised v\u00e4ljundid on IP67 kaitseklassiga. Pinge stabiilsuse tagamiseks on integreeritud ka AVR-regulaator.<\/p>\n<p style=\"font-weight: 400;\"><strong>Hooldus:<\/strong><\/p>\n<p style=\"font-weight: 400;\">Diiselgeneraatorid vajavad regulaarset hooldust, sealhulgas \u00f5livahetust, \u00f5hufiltri vahetamist ja k\u00fctuses\u00fcsteemi kontrolli. Varuosad, nagu \u00f5li, filtrid ja mitmesugused muud komponendid, on meilt kergesti k\u00e4ttesaadavad. Lisateabe saamiseks v\u00f5tke meiega \u00fchendust. Tsingitud ja v\u00e4rvitud terasest korpus kaitseb generaatorit rooste eest, samas kui laiad uksed pakuvad hoolduseks h\u00f5lpsat juurdep\u00e4\u00e4su. K\u00fctusepaak on v\u00e4ljastpoolt ligip\u00e4\u00e4setav, mis v\u00f5imaldab t\u00f5husat tankimist ilma generaatorit avamata. Teine eelis on see, et generaatoreid saab sisseehitatud aukude abil kahvelt\u00f5stukiga h\u00f5lpsalt teisaldada.<\/p>\n<p style=\"font-weight: 400;\"><strong>V\u00f5imsus ja m\u00fcra:<\/strong><\/p>\n<p style=\"font-weight: 400;\">Diiselgeneraatoreid on saadaval erinevates suurustes ja\/v\u00f5i v\u00f5imsusklassides, alates kaasaskantavatest v\u00e4ikeste rakenduste jaoks kuni suurte t\u00f6\u00f6stusgeneraatoriteni, mis suudavad toita terveid rajatisi. Paljud ITCPOWERi generaatorid on varustatud korpusega. See v\u00e4hendab diiselgeneraatori m\u00fcra<\/p>","protected":false},"excerpt":{"rendered":"<table>\n<thead>\n<tr>\n<th>Mudel<\/th>\n<th>DG22KSEm<\/th>\n<\/tr>\n<\/thead>\n<tbody>\n<tr>\n<td>Voltage<\/td>\n<td>230V<\/td>\n<\/tr>\n<tr>\n<td>V\u00f5imsus (A)<\/td>\n<td>29A<\/td>\n<\/tr>\n<tr>\n<td>Pidevv\u00f5imsus<\/td>\n<td>20 kW \/ 20 kVA<\/td>\n<\/tr>\n<tr>\n<td>Max. V\u00f5imsus<\/td>\n<td>22 kW \/ 22 kVA<\/td>\n<\/tr>\n<tr>\n<td>Sagedus (Hz)<\/td>\n<td>50 Hz<\/td>\n<\/tr>\n<tr>\n<td>Display<\/td>\n<td>Digitaalne<\/td>\n<\/tr>\n<tr>\n<td>\u00dclekoormuskaitse<\/td>\n<td>Jah<\/td>\n<\/tr>\n<tr>\n<td>K\u00fctusepaagi maht<\/td>\n<td>77 l<\/td>\n<\/tr>\n<tr>\n<td>K\u00fctusekulu 100% koormusel<\/td>\n<td>7,8 l tunnis<\/td>\n<\/tr>\n<tr>\n<td>\u00d5lipaagi maht<\/td>\n<td>10,2 l<\/td>\n<\/tr>\n<tr>\n<td>M\u00fcratase 7 meetri kauguselt<\/td>\n<td>67 dBA<\/td>\n<\/tr>\n<tr>\n<td>Engine type<\/td>\n<td>D4102<\/td>\n<\/tr>\n<tr>\n<td>Mootori t\u00f6\u00f6maht<\/td>\n<td>3800 cm\u00b3<\/td>\n<\/tr>\n<tr>\n<td>Mootori silindrite arv<\/td>\n<td>4<\/td>\n<\/tr>\n<tr>\n<td>Standardkiirus<\/td>\n<td>1500<\/td>\n<\/tr>\n<tr>\n<td>Juhtimine<\/td>\n<td>elektriline<\/td>\n<\/tr>\n<tr>\n<td>ATS valmidus<\/td>\n<td>Jah<\/td>\n<\/tr>\n<tr>\n<td>Standardjahutuss\u00fcsteem<\/td>\n<td>40 \u00b0C radiaator \u2013 vedelikjahutusega<\/td>\n<\/tr>\n<tr>\n<td>K\u00e4ivituss\u00fcsteemi pinge<\/td>\n<td>DC 24 V<\/td>\n<\/tr>\n<tr>\n<td>Generator<\/td>\n<td>184G \u2013 IP23\/H<\/td>\n<\/tr>\n<tr>\n<td>Netokaal<\/td>\n<td>870 kg<\/td>\n<\/tr>\n<tr>\n<td>M\u00f5\u00f5tmed<\/td>\n<td>220 x 95 x 125 cm<\/td>\n<\/tr>\n<\/tbody>\n<\/table>","protected":false},"featured_media":22426,"template":"","meta":{"_acf_changed":false,"inline_featured_image":false},"product_brand":[],"product_cat":[37,22,94],"product_tag":[],"class_list":{"0":"post-22425","1":"product","2":"type-product","3":"status-publish","4":"has-post-thumbnail","6":"product_cat-diisel-joujaamad","7":"product_cat-diiselgeneraatorid","8":"product_cat-generaatorid","9":"product_shipping_class-diisel-joujaamad","10":"brand-itcpower","12":"first","13":"instock","14":"taxable","15":"shipping-taxable","16":"purchasable","17":"product-type-simple"},"acf":[],"yoast_head":"<!-- This site is optimized with the Yoast SEO plugin v27.2 - https:\/\/yoast.com\/product\/yoast-seo-wordpress\/ -->\n<title>ITCPOWER DG22KSEm diiselgeneraator 20kW \u2013 230V - Genekas24<\/title>\n<meta name=\"robots\" content=\"index, follow, max-snippet:-1, max-image-preview:large, max-video-preview:-1\" \/>\n<link rel=\"canonical\" href=\"https:\/\/genekas24.ee\/en\/product\/itcpower-dg22ksem-diiselgeneraator-20kw-230v\/\" \/>\n<meta property=\"og:locale\" content=\"en_GB\" \/>\n<meta property=\"og:type\" content=\"article\" \/>\n<meta property=\"og:title\" content=\"ITCPOWER DG22KSEm diiselgeneraator 20kW \u2013 230V - Genekas24\" \/>\n<meta property=\"og:description\" content=\"Mudel DG22KSEm     Pinge 230V   V\u00f5imsus (A) 29A   Pidevv\u00f5imsus 20 kW \/ 20 kVA   Max. V\u00f5imsus 22 kW \/ 22 kVA   Sagedus (Hz) 50 Hz   Ekraan Digitaalne   \u00dclekoormuskaitse Jah   K\u00fctusepaagi maht 77 l   K\u00fctusekulu 100% koormusel 7,8 l tunnis   \u00d5lipaagi maht 10,2 l   M\u00fcratase 7 meetri kauguselt 67 dBA   Mootori t\u00fc\u00fcp D4102   Mootori t\u00f6\u00f6maht 3800 cm\u00b3   Mootori silindrite arv 4   Standardkiirus 1500   Juhtimine elektriline   ATS valmidus Jah   Standardjahutuss\u00fcsteem 40 \u00b0C radiaator \u2013 vedelikjahutusega   K\u00e4ivituss\u00fcsteemi pinge DC 24 V   Generaator 184G \u2013 IP23\/H   Netokaal 870 kg   M\u00f5\u00f5tmed 220 x 95 x 125 cm\" \/>\n<meta property=\"og:url\" content=\"https:\/\/genekas24.ee\/en\/product\/itcpower-dg22ksem-diiselgeneraator-20kw-230v\/\" \/>\n<meta property=\"og:site_name\" content=\"Genekas24\" \/>\n<meta property=\"article:modified_time\" content=\"2026-04-08T17:24:46+00:00\" \/>\n<meta property=\"og:image\" content=\"https:\/\/genekas24.ee\/wp-content\/uploads\/2026\/01\/ITCPOWER-DG22KSEm-diesel-generator-20kW-\u2013-230V-500x500-1.jpeg\" \/>\n\t<meta property=\"og:image:width\" content=\"500\" \/>\n\t<meta property=\"og:image:height\" content=\"500\" \/>\n\t<meta property=\"og:image:type\" content=\"image\/jpeg\" \/>\n<meta name=\"twitter:card\" content=\"summary_large_image\" \/>\n<meta name=\"twitter:label1\" content=\"Estimated reading time\" \/>\n\t<meta name=\"twitter:data1\" content=\"2 minutes\" \/>\n<script type=\"application\/ld+json\" class=\"yoast-schema-graph\">{\"@context\":\"https:\/\/schema.org\",\"@graph\":[{\"@type\":\"WebPage\",\"@id\":\"https:\/\/genekas24.ee\/toode\/itcpower-dg22ksem-diiselgeneraator-20kw-230v\/\",\"url\":\"https:\/\/genekas24.ee\/toode\/itcpower-dg22ksem-diiselgeneraator-20kw-230v\/\",\"name\":\"ITCPOWER DG22KSEm diiselgeneraator 20kW \u2013 230V - Genekas24\",\"isPartOf\":{\"@id\":\"https:\/\/genekas24.ee\/#website\"},\"primaryImageOfPage\":{\"@id\":\"https:\/\/genekas24.ee\/toode\/itcpower-dg22ksem-diiselgeneraator-20kw-230v\/#primaryimage\"},\"image\":{\"@id\":\"https:\/\/genekas24.ee\/toode\/itcpower-dg22ksem-diiselgeneraator-20kw-230v\/#primaryimage\"},\"thumbnailUrl\":\"https:\/\/genekas24.ee\/wp-content\/uploads\/2026\/01\/ITCPOWER-DG22KSEm-diesel-generator-20kW-\u2013-230V-500x500-1.jpeg\",\"datePublished\":\"2026-04-08T17:24:45+00:00\",\"dateModified\":\"2026-04-08T17:24:46+00:00\",\"breadcrumb\":{\"@id\":\"https:\/\/genekas24.ee\/toode\/itcpower-dg22ksem-diiselgeneraator-20kw-230v\/#breadcrumb\"},\"inLanguage\":\"en-GB\",\"potentialAction\":[{\"@type\":\"ReadAction\",\"target\":[\"https:\/\/genekas24.ee\/toode\/itcpower-dg22ksem-diiselgeneraator-20kw-230v\/\"]}]},{\"@type\":\"ImageObject\",\"inLanguage\":\"en-GB\",\"@id\":\"https:\/\/genekas24.ee\/toode\/itcpower-dg22ksem-diiselgeneraator-20kw-230v\/#primaryimage\",\"url\":\"https:\/\/genekas24.ee\/wp-content\/uploads\/2026\/01\/ITCPOWER-DG22KSEm-diesel-generator-20kW-\u2013-230V-500x500-1.jpeg\",\"contentUrl\":\"https:\/\/genekas24.ee\/wp-content\/uploads\/2026\/01\/ITCPOWER-DG22KSEm-diesel-generator-20kW-\u2013-230V-500x500-1.jpeg\",\"width\":500,\"height\":500},{\"@type\":\"BreadcrumbList\",\"@id\":\"https:\/\/genekas24.ee\/toode\/itcpower-dg22ksem-diiselgeneraator-20kw-230v\/#breadcrumb\",\"itemListElement\":[{\"@type\":\"ListItem\",\"position\":1,\"name\":\"Home\",\"item\":\"https:\/\/genekas24.ee\/\"},{\"@type\":\"ListItem\",\"position\":2,\"name\":\"Pood\",\"item\":\"https:\/\/genekas24.ee\/pood\/\"},{\"@type\":\"ListItem\",\"position\":3,\"name\":\"ITCPOWER DG22KSEm diiselgeneraator 20kW \u2013 230V\"}]},{\"@type\":\"WebSite\",\"@id\":\"https:\/\/genekas24.ee\/#website\",\"url\":\"https:\/\/genekas24.ee\/\",\"name\":\"Genekas24\",\"description\":\"Generaatorid | K&ouml;nner S&ouml;hnen tooted | Genekas24\",\"publisher\":{\"@id\":\"https:\/\/genekas24.ee\/#organization\"},\"potentialAction\":[{\"@type\":\"SearchAction\",\"target\":{\"@type\":\"EntryPoint\",\"urlTemplate\":\"https:\/\/genekas24.ee\/?s={search_term_string}\"},\"query-input\":{\"@type\":\"PropertyValueSpecification\",\"valueRequired\":true,\"valueName\":\"search_term_string\"}}],\"inLanguage\":\"en-GB\"},{\"@type\":\"Organization\",\"@id\":\"https:\/\/genekas24.ee\/#organization\",\"name\":\"Genekas24\",\"url\":\"https:\/\/genekas24.ee\/\",\"logo\":{\"@type\":\"ImageObject\",\"inLanguage\":\"en-GB\",\"@id\":\"https:\/\/genekas24.ee\/#\/schema\/logo\/image\/\",\"url\":\"https:\/\/genekas24.ee\/wp-content\/uploads\/2026\/01\/genekas24-logo_black.svg\",\"contentUrl\":\"https:\/\/genekas24.ee\/wp-content\/uploads\/2026\/01\/genekas24-logo_black.svg\",\"width\":840,\"height\":131,\"caption\":\"Genekas24\"},\"image\":{\"@id\":\"https:\/\/genekas24.ee\/#\/schema\/logo\/image\/\"}}]}<\/script>\n<!-- \/ Yoast SEO plugin. -->","yoast_head_json":{"title":"ITCPOWER DG22KSEm diiselgeneraator 20kW \u2013 230V - Genekas24","robots":{"index":"index","follow":"follow","max-snippet":"max-snippet:-1","max-image-preview":"max-image-preview:large","max-video-preview":"max-video-preview:-1"},"canonical":"https:\/\/genekas24.ee\/en\/product\/itcpower-dg22ksem-diiselgeneraator-20kw-230v\/","og_locale":"en_GB","og_type":"article","og_title":"ITCPOWER DG22KSEm diiselgeneraator 20kW \u2013 230V - Genekas24","og_description":"Mudel DG22KSEm     Pinge 230V   V\u00f5imsus (A) 29A   Pidevv\u00f5imsus 20 kW \/ 20 kVA   Max. V\u00f5imsus 22 kW \/ 22 kVA   Sagedus (Hz) 50 Hz   Ekraan Digitaalne   \u00dclekoormuskaitse Jah   K\u00fctusepaagi maht 77 l   K\u00fctusekulu 100% koormusel 7,8 l tunnis   \u00d5lipaagi maht 10,2 l   M\u00fcratase 7 meetri kauguselt 67 dBA   Mootori t\u00fc\u00fcp D4102   Mootori t\u00f6\u00f6maht 3800 cm\u00b3   Mootori silindrite arv 4   Standardkiirus 1500   Juhtimine elektriline   ATS valmidus Jah   Standardjahutuss\u00fcsteem 40 \u00b0C radiaator \u2013 vedelikjahutusega   K\u00e4ivituss\u00fcsteemi pinge DC 24 V   Generaator 184G \u2013 IP23\/H   Netokaal 870 kg   M\u00f5\u00f5tmed 220 x 95 x 125 cm","og_url":"https:\/\/genekas24.ee\/en\/product\/itcpower-dg22ksem-diiselgeneraator-20kw-230v\/","og_site_name":"Genekas24","article_modified_time":"2026-04-08T17:24:46+00:00","og_image":[{"width":500,"height":500,"url":"https:\/\/genekas24.ee\/wp-content\/uploads\/2026\/01\/ITCPOWER-DG22KSEm-diesel-generator-20kW-\u2013-230V-500x500-1.jpeg","type":"image\/jpeg"}],"twitter_card":"summary_large_image","twitter_misc":{"Estimated reading time":"2 minutes"},"schema":{"@context":"https:\/\/schema.org","@graph":[{"@type":"WebPage","@id":"https:\/\/genekas24.ee\/toode\/itcpower-dg22ksem-diiselgeneraator-20kw-230v\/","url":"https:\/\/genekas24.ee\/toode\/itcpower-dg22ksem-diiselgeneraator-20kw-230v\/","name":"ITCPOWER DG22KSEm diiselgeneraator 20kW \u2013 230V - Genekas24","isPartOf":{"@id":"https:\/\/genekas24.ee\/#website"},"primaryImageOfPage":{"@id":"https:\/\/genekas24.ee\/toode\/itcpower-dg22ksem-diiselgeneraator-20kw-230v\/#primaryimage"},"image":{"@id":"https:\/\/genekas24.ee\/toode\/itcpower-dg22ksem-diiselgeneraator-20kw-230v\/#primaryimage"},"thumbnailUrl":"https:\/\/genekas24.ee\/wp-content\/uploads\/2026\/01\/ITCPOWER-DG22KSEm-diesel-generator-20kW-\u2013-230V-500x500-1.jpeg","datePublished":"2026-04-08T17:24:45+00:00","dateModified":"2026-04-08T17:24:46+00:00","breadcrumb":{"@id":"https:\/\/genekas24.ee\/toode\/itcpower-dg22ksem-diiselgeneraator-20kw-230v\/#breadcrumb"},"inLanguage":"en-GB","potentialAction":[{"@type":"ReadAction","target":["https:\/\/genekas24.ee\/toode\/itcpower-dg22ksem-diiselgeneraator-20kw-230v\/"]}]},{"@type":"ImageObject","inLanguage":"en-GB","@id":"https:\/\/genekas24.ee\/toode\/itcpower-dg22ksem-diiselgeneraator-20kw-230v\/#primaryimage","url":"https:\/\/genekas24.ee\/wp-content\/uploads\/2026\/01\/ITCPOWER-DG22KSEm-diesel-generator-20kW-\u2013-230V-500x500-1.jpeg","contentUrl":"https:\/\/genekas24.ee\/wp-content\/uploads\/2026\/01\/ITCPOWER-DG22KSEm-diesel-generator-20kW-\u2013-230V-500x500-1.jpeg","width":500,"height":500},{"@type":"BreadcrumbList","@id":"https:\/\/genekas24.ee\/toode\/itcpower-dg22ksem-diiselgeneraator-20kw-230v\/#breadcrumb","itemListElement":[{"@type":"ListItem","position":1,"name":"Home","item":"https:\/\/genekas24.ee\/"},{"@type":"ListItem","position":2,"name":"Pood","item":"https:\/\/genekas24.ee\/pood\/"},{"@type":"ListItem","position":3,"name":"ITCPOWER DG22KSEm diiselgeneraator 20kW \u2013 230V"}]},{"@type":"WebSite","@id":"https:\/\/genekas24.ee\/#website","url":"https:\/\/genekas24.ee\/","name":"Genekas24","description":"Generaatorid | K&ouml;nner S&ouml;hnen tooted | Genekas24","publisher":{"@id":"https:\/\/genekas24.ee\/#organization"},"potentialAction":[{"@type":"SearchAction","target":{"@type":"EntryPoint","urlTemplate":"https:\/\/genekas24.ee\/?s={search_term_string}"},"query-input":{"@type":"PropertyValueSpecification","valueRequired":true,"valueName":"search_term_string"}}],"inLanguage":"en-GB"},{"@type":"Organization","@id":"https:\/\/genekas24.ee\/#organization","name":"Genekas24","url":"https:\/\/genekas24.ee\/","logo":{"@type":"ImageObject","inLanguage":"en-GB","@id":"https:\/\/genekas24.ee\/#\/schema\/logo\/image\/","url":"https:\/\/genekas24.ee\/wp-content\/uploads\/2026\/01\/genekas24-logo_black.svg","contentUrl":"https:\/\/genekas24.ee\/wp-content\/uploads\/2026\/01\/genekas24-logo_black.svg","width":840,"height":131,"caption":"Genekas24"},"image":{"@id":"https:\/\/genekas24.ee\/#\/schema\/logo\/image\/"}}]}},"_links":{"self":[{"href":"https:\/\/genekas24.ee\/en\/wp-json\/wp\/v2\/product\/22425","targetHints":{"allow":["GET"]}}],"collection":[{"href":"https:\/\/genekas24.ee\/en\/wp-json\/wp\/v2\/product"}],"about":[{"href":"https:\/\/genekas24.ee\/en\/wp-json\/wp\/v2\/types\/product"}],"version-history":[{"count":1,"href":"https:\/\/genekas24.ee\/en\/wp-json\/wp\/v2\/product\/22425\/revisions"}],"predecessor-version":[{"id":22430,"href":"https:\/\/genekas24.ee\/en\/wp-json\/wp\/v2\/product\/22425\/revisions\/22430"}],"wp:featuredmedia":[{"embeddable":true,"href":"https:\/\/genekas24.ee\/en\/wp-json\/wp\/v2\/media\/22426"}],"wp:attachment":[{"href":"https:\/\/genekas24.ee\/en\/wp-json\/wp\/v2\/media?parent=22425"}],"wp:term":[{"taxonomy":"product_brand","embeddable":true,"href":"https:\/\/genekas24.ee\/en\/wp-json\/wp\/v2\/product_brand?post=22425"},{"taxonomy":"product_cat","embeddable":true,"href":"https:\/\/genekas24.ee\/en\/wp-json\/wp\/v2\/product_cat?post=22425"},{"taxonomy":"product_tag","embeddable":true,"href":"https:\/\/genekas24.ee\/en\/wp-json\/wp\/v2\/product_tag?post=22425"}],"curies":[{"name":"wp","href":"https:\/\/api.w.org\/{rel}","templated":true}]}}