{"id":22403,"date":"2026-04-08T17:27:06","date_gmt":"2026-04-08T17:27:06","guid":{"rendered":"https:\/\/genekas24.ee\/?post_type=product&#038;p=22403"},"modified":"2026-04-08T17:27:25","modified_gmt":"2026-04-08T17:27:25","slug":"itcpower-dg20000se-t-diiselgeneraator-20kva-16kw","status":"publish","type":"product","link":"https:\/\/genekas24.ee\/en\/product\/itcpower-dg20000se-t-diiselgeneraator-20kva-16kw\/","title":{"rendered":"ITCPOWER DG20000SE-T diiselgeneraator 20kVA\/16kW"},"content":{"rendered":"<p style=\"font-weight: 400;\">DG20000SE-T 20kVA\/16kW t\u00e4isv\u00f5imsusega diiselgeneraator<\/p>\n<p style=\"font-weight: 400;\">DG20000SET t\u00e4isv\u00f5imsusega diiselgeneraator. Maksimaalse v\u00f5imsusega 20kVA kolmefaasilises ja 16kW \u00fchefaasilises re\u017eiimis. AVR-s\u00fcsteem ja LED6 digitaalne ekraan. Ideaalne t\u00f6\u00f6stuslikuks kasutamiseks, ehitusplatsidel ja h\u00e4daolukordades. Varustatud 1250cc mootoriga, elektrilise v\u00f5i automaatse k\u00e4ivitusega. Madal m\u00fcratase (72 dBA 7 meetri kauguselt) muudab selle t\u00f5husaks valikuks stabiilse energia tagamiseks.<\/p>\n<p style=\"font-weight: 400;\">DG20000SET generaator on loodud pakkuma usaldusv\u00e4\u00e4rset ja stabiilset energiat n\u00f5udlikes keskkondades, nagu ehitusplatsid, t\u00f6\u00f6stusrajatised, v\u00e4li\u00fcritused v\u00f5i h\u00e4daolukorrad. See kolmefaasiline generaator annab maksimaalse v\u00f5imsuse 20 kVA ja nimiv\u00f5imsuse 18,8 kVA, mis on v\u00f5imeline toime tulema suure elektrienergia n\u00f5udlusega, ilma et see kahjustaks j\u00f5udlust.<\/p>\n<p style=\"font-weight: 400;\">T\u00e4nu AVR-s\u00fcsteemile (automaatne pingeregulaator) hoiab see konstantset elektrienergia v\u00e4ljundit, kaitstes teie seadmeid pingek\u00f5ikumiste eest. See sisaldab 50A, 32A ja 16A PCE 5P pistikupesasid, mis v\u00f5imaldavad teil \u00fchendada erinevaid seadmeid samaaegselt.<\/p>\n<p style=\"font-weight: 400;\">Selle 24,4 hj, 1250 cm\u00b3 mootor elektrilise k\u00e4ivitusega tagab v\u00f5imsa ja t\u00f6\u00f6kindla t\u00f6\u00f6. Lisaks h\u00f5lbustab selle LED6 digitaalne ekraan selliste parameetrite j\u00e4lgimist nagu pinge, sagedus ja t\u00f6\u00f6tunnid, v\u00f5imaldades seadmete t\u00e4ielikku juhtimist.<\/p>\n<p style=\"font-weight: 400;\">46-liitrise k\u00fctusepaagi mahutavusega pakub see generaator kuni 9 tundi t\u00f6\u00f6aega 50% koormusel, mis sobib ideaalselt t\u00e4ist\u00f6\u00f6p\u00e4evadeks. Vaatamata v\u00f5imsusele on selle m\u00fcratase 7 meetri kaugusel vaid 72 dBA, mis teeb selle oma klassi kohta \u00fcllatavalt vaikseks. Vastupidavatest materjalidest valmistatud ja kauakestvaks loodud DG20000SET on varustatud \u00fclekoormuskaitse, 12V\/45Ah aku, harjadega AL15-T t\u00fc\u00fcpi generaatori ja AVR pingeregulaatoriga.<\/p>","protected":false},"excerpt":{"rendered":"<table>\n<tbody>\n<tr>\n<td>Mudel<\/td>\n<td>DG20000SE-T<\/td>\n<\/tr>\n<tr>\n<td>Maksimaalne v\u00f5imsus<\/td>\n<td>16000 W \/ 20 kVA<\/td>\n<\/tr>\n<tr>\n<td>Nimiv\u00f5imsus<\/td>\n<td>15000 W \/ 18,8 kVA<\/td>\n<\/tr>\n<tr>\n<td>K\u00fctus<\/td>\n<td>Diisel<\/td>\n<\/tr>\n<tr>\n<td>Sagedus (Hz)<\/td>\n<td>50 Hz<\/td>\n<\/tr>\n<tr>\n<td>Outlets<\/td>\n<td>1xCEE 5p 50A + 1x32A + 1x16A<\/td>\n<\/tr>\n<tr>\n<td>Aku<\/td>\n<td>12\/45 V\/Ah<\/td>\n<\/tr>\n<tr>\n<td>Alalisvoolu v\u00e4ljund<\/td>\n<td>Ei<\/td>\n<\/tr>\n<tr>\n<td>M\u00fcratase 7 meetri kauguselt<\/td>\n<td>72 dBA<\/td>\n<\/tr>\n<tr>\n<td>Mootori k\u00e4ivitusmeetod<\/td>\n<td>Electric<\/td>\n<\/tr>\n<tr>\n<td>ATS valmidus<\/td>\n<td>Jah<\/td>\n<\/tr>\n<tr>\n<td>AUTO START<\/td>\n<td>Jah<\/td>\n<\/tr>\n<tr>\n<td>Generaatori v\u00f5imsus<\/td>\n<td>16 kW<\/td>\n<\/tr>\n<tr>\n<td>Generaatori pinge reguleerimine<\/td>\n<td>Harjaga \/ AVR-iga<\/td>\n<\/tr>\n<tr>\n<td>Madala \u00f5litaseme alarm<\/td>\n<td>Jah<\/td>\n<\/tr>\n<tr>\n<td>T\u00e4ismass<\/td>\n<td>354 kg<\/td>\n<\/tr>\n<tr>\n<td>Kasti m\u00f5\u00f5tmed<\/td>\n<td>115 x 72 x 105 cm<\/td>\n<\/tr>\n<tr>\n<td>Wheels<\/td>\n<td>Jah<\/td>\n<\/tr>\n<tr>\n<td>Kaal<\/td>\n<td>334 kg<\/td>\n<\/tr>\n<tr>\n<td>Voolutugevus<\/td>\n<td>69,6 \/ 28,9 A<\/td>\n<\/tr>\n<tr>\n<td>T\u00f6\u00f6aeg t\u00e4is paagiga<\/td>\n<td>9 h 50% juures koormus<\/td>\n<\/tr>\n<tr>\n<td>Display<\/td>\n<td>LED6<\/td>\n<\/tr>\n<tr>\n<td>Toote m\u00f5\u00f5tmed<\/td>\n<td>112 x 68 x 93 cm<\/td>\n<\/tr>\n<tr>\n<td>Mootori t\u00f6\u00f6maht<\/td>\n<td>1250 cm\u00b3<\/td>\n<\/tr>\n<tr>\n<td>Engine model<\/td>\n<td>D1250E<\/td>\n<\/tr>\n<tr>\n<td>K\u00fctusepaagi maht<\/td>\n<td>46 l<\/td>\n<\/tr>\n<tr>\n<td>P\u00f6\u00f6rdeid minutis<\/td>\n<td>3000 p\/min<\/td>\n<\/tr>\n<tr>\n<td>Mootori v\u00f5imsus (hj)<\/td>\n<td>24,4 hj<\/td>\n<\/tr>\n<tr>\n<td>\u00d5limaht<\/td>\n<td>3,5 l<\/td>\n<\/tr>\n<tr>\n<td>Generator<\/td>\n<td>AL15-T<\/td>\n<\/tr>\n<tr>\n<td>V\u00f5imsustegur<\/td>\n<td>0,8 \/ 1<\/td>\n<\/tr>\n<tr>\n<td>Pikkus<\/td>\n<td>112 cm<\/td>\n<\/tr>\n<tr>\n<td>Laius<\/td>\n<td>68 cm<\/td>\n<\/tr>\n<tr>\n<td>K\u00f5rgus<\/td>\n<td>93 cm<\/td>\n<\/tr>\n<\/tbody>\n<\/table>","protected":false},"featured_media":22404,"template":"","meta":{"_acf_changed":false,"inline_featured_image":false},"product_brand":[],"product_cat":[22,94],"product_tag":[],"class_list":{"0":"post-22403","1":"product","2":"type-product","3":"status-publish","4":"has-post-thumbnail","6":"product_cat-diiselgeneraatorid","7":"product_cat-generaatorid","8":"product_shipping_class-euroalus","9":"brand-itcpower","11":"first","12":"instock","13":"taxable","14":"shipping-taxable","15":"purchasable","16":"product-type-simple"},"acf":[],"yoast_head":"<!-- This site is optimized with the Yoast SEO plugin v27.2 - https:\/\/yoast.com\/product\/yoast-seo-wordpress\/ -->\n<title>ITCPOWER DG20000SE-T diiselgeneraator 20kVA\/16kW - Genekas24<\/title>\n<meta name=\"robots\" content=\"index, follow, max-snippet:-1, max-image-preview:large, max-video-preview:-1\" \/>\n<link rel=\"canonical\" href=\"https:\/\/genekas24.ee\/en\/product\/itcpower-dg20000se-t-diiselgeneraator-20kva-16kw\/\" \/>\n<meta property=\"og:locale\" content=\"en_GB\" \/>\n<meta property=\"og:type\" content=\"article\" \/>\n<meta property=\"og:title\" content=\"ITCPOWER DG20000SE-T diiselgeneraator 20kVA\/16kW - Genekas24\" \/>\n<meta property=\"og:description\" content=\"Mudel DG20000SE-T   Maksimaalne v\u00f5imsus 16000 W \/ 20 kVA   Nimiv\u00f5imsus 15000 W \/ 18,8 kVA   K\u00fctus Diisel   Sagedus (Hz) 50 Hz   Pistikupesad 1xCEE 5p 50A + 1x32A + 1x16A   Aku 12\/45 V\/Ah   Alalisvoolu v\u00e4ljund Ei   M\u00fcratase 7 meetri kauguselt 72 dBA   Mootori k\u00e4ivitusmeetod Elektriline   ATS valmidus Jah   AUTO START Jah   Generaatori v\u00f5imsus 16 kW   Generaatori pinge reguleerimine Harjaga \/ AVR-iga   Madala \u00f5litaseme alarm Jah   T\u00e4ismass 354 kg   Kasti m\u00f5\u00f5tmed 115 x 72 x 105 cm   Rattad Jah   Kaal 334 kg   Voolutugevus 69,6 \/ 28,9 A   T\u00f6\u00f6aeg t\u00e4is paagiga 9 h 50% juures koormus   Ekraan LED6   Toote m\u00f5\u00f5tmed 112 x 68 x 93 cm   Mootori t\u00f6\u00f6maht 1250 cm\u00b3   Mootori mudel D1250E   K\u00fctusepaagi maht 46 l   P\u00f6\u00f6rdeid minutis 3000 p\/min   Mootori v\u00f5imsus (hj) 24,4 hj   \u00d5limaht 3,5 l   Generaator AL15-T   V\u00f5imsustegur 0,8 \/ 1   Pikkus 112 cm   Laius 68 cm   K\u00f5rgus 93 cm\" \/>\n<meta property=\"og:url\" content=\"https:\/\/genekas24.ee\/en\/product\/itcpower-dg20000se-t-diiselgeneraator-20kva-16kw\/\" \/>\n<meta property=\"og:site_name\" content=\"Genekas24\" \/>\n<meta property=\"article:modified_time\" content=\"2026-04-08T17:27:25+00:00\" \/>\n<meta property=\"og:image\" content=\"https:\/\/genekas24.ee\/wp-content\/uploads\/2026\/01\/dg20000se-t-generador-electrico-diesel-20kva-16kw-full-power-500x500-1.jpeg\" \/>\n\t<meta property=\"og:image:width\" content=\"500\" \/>\n\t<meta property=\"og:image:height\" content=\"500\" \/>\n\t<meta property=\"og:image:type\" content=\"image\/jpeg\" \/>\n<meta name=\"twitter:card\" content=\"summary_large_image\" \/>\n<meta name=\"twitter:label1\" content=\"Estimated reading time\" \/>\n\t<meta name=\"twitter:data1\" content=\"2 minutes\" \/>\n<script type=\"application\/ld+json\" class=\"yoast-schema-graph\">{\"@context\":\"https:\/\/schema.org\",\"@graph\":[{\"@type\":\"WebPage\",\"@id\":\"https:\/\/genekas24.ee\/toode\/itcpower-dg20000se-t-diiselgeneraator-20kva-16kw\/\",\"url\":\"https:\/\/genekas24.ee\/toode\/itcpower-dg20000se-t-diiselgeneraator-20kva-16kw\/\",\"name\":\"ITCPOWER DG20000SE-T diiselgeneraator 20kVA\/16kW - Genekas24\",\"isPartOf\":{\"@id\":\"https:\/\/genekas24.ee\/#website\"},\"primaryImageOfPage\":{\"@id\":\"https:\/\/genekas24.ee\/toode\/itcpower-dg20000se-t-diiselgeneraator-20kva-16kw\/#primaryimage\"},\"image\":{\"@id\":\"https:\/\/genekas24.ee\/toode\/itcpower-dg20000se-t-diiselgeneraator-20kva-16kw\/#primaryimage\"},\"thumbnailUrl\":\"https:\/\/genekas24.ee\/wp-content\/uploads\/2026\/01\/dg20000se-t-generador-electrico-diesel-20kva-16kw-full-power-500x500-1.jpeg\",\"datePublished\":\"2026-04-08T17:27:06+00:00\",\"dateModified\":\"2026-04-08T17:27:25+00:00\",\"breadcrumb\":{\"@id\":\"https:\/\/genekas24.ee\/toode\/itcpower-dg20000se-t-diiselgeneraator-20kva-16kw\/#breadcrumb\"},\"inLanguage\":\"en-GB\",\"potentialAction\":[{\"@type\":\"ReadAction\",\"target\":[\"https:\/\/genekas24.ee\/toode\/itcpower-dg20000se-t-diiselgeneraator-20kva-16kw\/\"]}]},{\"@type\":\"ImageObject\",\"inLanguage\":\"en-GB\",\"@id\":\"https:\/\/genekas24.ee\/toode\/itcpower-dg20000se-t-diiselgeneraator-20kva-16kw\/#primaryimage\",\"url\":\"https:\/\/genekas24.ee\/wp-content\/uploads\/2026\/01\/dg20000se-t-generador-electrico-diesel-20kva-16kw-full-power-500x500-1.jpeg\",\"contentUrl\":\"https:\/\/genekas24.ee\/wp-content\/uploads\/2026\/01\/dg20000se-t-generador-electrico-diesel-20kva-16kw-full-power-500x500-1.jpeg\",\"width\":500,\"height\":500},{\"@type\":\"BreadcrumbList\",\"@id\":\"https:\/\/genekas24.ee\/toode\/itcpower-dg20000se-t-diiselgeneraator-20kva-16kw\/#breadcrumb\",\"itemListElement\":[{\"@type\":\"ListItem\",\"position\":1,\"name\":\"Home\",\"item\":\"https:\/\/genekas24.ee\/\"},{\"@type\":\"ListItem\",\"position\":2,\"name\":\"Pood\",\"item\":\"https:\/\/genekas24.ee\/pood\/\"},{\"@type\":\"ListItem\",\"position\":3,\"name\":\"ITCPOWER DG20000SE-T diiselgeneraator 20kVA\/16kW\"}]},{\"@type\":\"WebSite\",\"@id\":\"https:\/\/genekas24.ee\/#website\",\"url\":\"https:\/\/genekas24.ee\/\",\"name\":\"Genekas24\",\"description\":\"Generaatorid | K&ouml;nner S&ouml;hnen tooted | Genekas24\",\"publisher\":{\"@id\":\"https:\/\/genekas24.ee\/#organization\"},\"potentialAction\":[{\"@type\":\"SearchAction\",\"target\":{\"@type\":\"EntryPoint\",\"urlTemplate\":\"https:\/\/genekas24.ee\/?s={search_term_string}\"},\"query-input\":{\"@type\":\"PropertyValueSpecification\",\"valueRequired\":true,\"valueName\":\"search_term_string\"}}],\"inLanguage\":\"en-GB\"},{\"@type\":\"Organization\",\"@id\":\"https:\/\/genekas24.ee\/#organization\",\"name\":\"Genekas24\",\"url\":\"https:\/\/genekas24.ee\/\",\"logo\":{\"@type\":\"ImageObject\",\"inLanguage\":\"en-GB\",\"@id\":\"https:\/\/genekas24.ee\/#\/schema\/logo\/image\/\",\"url\":\"https:\/\/genekas24.ee\/wp-content\/uploads\/2026\/01\/genekas24-logo_black.svg\",\"contentUrl\":\"https:\/\/genekas24.ee\/wp-content\/uploads\/2026\/01\/genekas24-logo_black.svg\",\"width\":840,\"height\":131,\"caption\":\"Genekas24\"},\"image\":{\"@id\":\"https:\/\/genekas24.ee\/#\/schema\/logo\/image\/\"}}]}<\/script>\n<!-- \/ Yoast SEO plugin. -->","yoast_head_json":{"title":"ITCPOWER DG20000SE-T diiselgeneraator 20kVA\/16kW - Genekas24","robots":{"index":"index","follow":"follow","max-snippet":"max-snippet:-1","max-image-preview":"max-image-preview:large","max-video-preview":"max-video-preview:-1"},"canonical":"https:\/\/genekas24.ee\/en\/product\/itcpower-dg20000se-t-diiselgeneraator-20kva-16kw\/","og_locale":"en_GB","og_type":"article","og_title":"ITCPOWER DG20000SE-T diiselgeneraator 20kVA\/16kW - Genekas24","og_description":"Mudel DG20000SE-T   Maksimaalne v\u00f5imsus 16000 W \/ 20 kVA   Nimiv\u00f5imsus 15000 W \/ 18,8 kVA   K\u00fctus Diisel   Sagedus (Hz) 50 Hz   Pistikupesad 1xCEE 5p 50A + 1x32A + 1x16A   Aku 12\/45 V\/Ah   Alalisvoolu v\u00e4ljund Ei   M\u00fcratase 7 meetri kauguselt 72 dBA   Mootori k\u00e4ivitusmeetod Elektriline   ATS valmidus Jah   AUTO START Jah   Generaatori v\u00f5imsus 16 kW   Generaatori pinge reguleerimine Harjaga \/ AVR-iga   Madala \u00f5litaseme alarm Jah   T\u00e4ismass 354 kg   Kasti m\u00f5\u00f5tmed 115 x 72 x 105 cm   Rattad Jah   Kaal 334 kg   Voolutugevus 69,6 \/ 28,9 A   T\u00f6\u00f6aeg t\u00e4is paagiga 9 h 50% juures koormus   Ekraan LED6   Toote m\u00f5\u00f5tmed 112 x 68 x 93 cm   Mootori t\u00f6\u00f6maht 1250 cm\u00b3   Mootori mudel D1250E   K\u00fctusepaagi maht 46 l   P\u00f6\u00f6rdeid minutis 3000 p\/min   Mootori v\u00f5imsus (hj) 24,4 hj   \u00d5limaht 3,5 l   Generaator AL15-T   V\u00f5imsustegur 0,8 \/ 1   Pikkus 112 cm   Laius 68 cm   K\u00f5rgus 93 cm","og_url":"https:\/\/genekas24.ee\/en\/product\/itcpower-dg20000se-t-diiselgeneraator-20kva-16kw\/","og_site_name":"Genekas24","article_modified_time":"2026-04-08T17:27:25+00:00","og_image":[{"width":500,"height":500,"url":"https:\/\/genekas24.ee\/wp-content\/uploads\/2026\/01\/dg20000se-t-generador-electrico-diesel-20kva-16kw-full-power-500x500-1.jpeg","type":"image\/jpeg"}],"twitter_card":"summary_large_image","twitter_misc":{"Estimated reading time":"2 minutes"},"schema":{"@context":"https:\/\/schema.org","@graph":[{"@type":"WebPage","@id":"https:\/\/genekas24.ee\/toode\/itcpower-dg20000se-t-diiselgeneraator-20kva-16kw\/","url":"https:\/\/genekas24.ee\/toode\/itcpower-dg20000se-t-diiselgeneraator-20kva-16kw\/","name":"ITCPOWER DG20000SE-T diiselgeneraator 20kVA\/16kW - Genekas24","isPartOf":{"@id":"https:\/\/genekas24.ee\/#website"},"primaryImageOfPage":{"@id":"https:\/\/genekas24.ee\/toode\/itcpower-dg20000se-t-diiselgeneraator-20kva-16kw\/#primaryimage"},"image":{"@id":"https:\/\/genekas24.ee\/toode\/itcpower-dg20000se-t-diiselgeneraator-20kva-16kw\/#primaryimage"},"thumbnailUrl":"https:\/\/genekas24.ee\/wp-content\/uploads\/2026\/01\/dg20000se-t-generador-electrico-diesel-20kva-16kw-full-power-500x500-1.jpeg","datePublished":"2026-04-08T17:27:06+00:00","dateModified":"2026-04-08T17:27:25+00:00","breadcrumb":{"@id":"https:\/\/genekas24.ee\/toode\/itcpower-dg20000se-t-diiselgeneraator-20kva-16kw\/#breadcrumb"},"inLanguage":"en-GB","potentialAction":[{"@type":"ReadAction","target":["https:\/\/genekas24.ee\/toode\/itcpower-dg20000se-t-diiselgeneraator-20kva-16kw\/"]}]},{"@type":"ImageObject","inLanguage":"en-GB","@id":"https:\/\/genekas24.ee\/toode\/itcpower-dg20000se-t-diiselgeneraator-20kva-16kw\/#primaryimage","url":"https:\/\/genekas24.ee\/wp-content\/uploads\/2026\/01\/dg20000se-t-generador-electrico-diesel-20kva-16kw-full-power-500x500-1.jpeg","contentUrl":"https:\/\/genekas24.ee\/wp-content\/uploads\/2026\/01\/dg20000se-t-generador-electrico-diesel-20kva-16kw-full-power-500x500-1.jpeg","width":500,"height":500},{"@type":"BreadcrumbList","@id":"https:\/\/genekas24.ee\/toode\/itcpower-dg20000se-t-diiselgeneraator-20kva-16kw\/#breadcrumb","itemListElement":[{"@type":"ListItem","position":1,"name":"Home","item":"https:\/\/genekas24.ee\/"},{"@type":"ListItem","position":2,"name":"Pood","item":"https:\/\/genekas24.ee\/pood\/"},{"@type":"ListItem","position":3,"name":"ITCPOWER DG20000SE-T diiselgeneraator 20kVA\/16kW"}]},{"@type":"WebSite","@id":"https:\/\/genekas24.ee\/#website","url":"https:\/\/genekas24.ee\/","name":"Genekas24","description":"Generaatorid | K&ouml;nner S&ouml;hnen tooted | Genekas24","publisher":{"@id":"https:\/\/genekas24.ee\/#organization"},"potentialAction":[{"@type":"SearchAction","target":{"@type":"EntryPoint","urlTemplate":"https:\/\/genekas24.ee\/?s={search_term_string}"},"query-input":{"@type":"PropertyValueSpecification","valueRequired":true,"valueName":"search_term_string"}}],"inLanguage":"en-GB"},{"@type":"Organization","@id":"https:\/\/genekas24.ee\/#organization","name":"Genekas24","url":"https:\/\/genekas24.ee\/","logo":{"@type":"ImageObject","inLanguage":"en-GB","@id":"https:\/\/genekas24.ee\/#\/schema\/logo\/image\/","url":"https:\/\/genekas24.ee\/wp-content\/uploads\/2026\/01\/genekas24-logo_black.svg","contentUrl":"https:\/\/genekas24.ee\/wp-content\/uploads\/2026\/01\/genekas24-logo_black.svg","width":840,"height":131,"caption":"Genekas24"},"image":{"@id":"https:\/\/genekas24.ee\/#\/schema\/logo\/image\/"}}]}},"_links":{"self":[{"href":"https:\/\/genekas24.ee\/en\/wp-json\/wp\/v2\/product\/22403","targetHints":{"allow":["GET"]}}],"collection":[{"href":"https:\/\/genekas24.ee\/en\/wp-json\/wp\/v2\/product"}],"about":[{"href":"https:\/\/genekas24.ee\/en\/wp-json\/wp\/v2\/types\/product"}],"version-history":[{"count":1,"href":"https:\/\/genekas24.ee\/en\/wp-json\/wp\/v2\/product\/22403\/revisions"}],"predecessor-version":[{"id":22409,"href":"https:\/\/genekas24.ee\/en\/wp-json\/wp\/v2\/product\/22403\/revisions\/22409"}],"wp:featuredmedia":[{"embeddable":true,"href":"https:\/\/genekas24.ee\/en\/wp-json\/wp\/v2\/media\/22404"}],"wp:attachment":[{"href":"https:\/\/genekas24.ee\/en\/wp-json\/wp\/v2\/media?parent=22403"}],"wp:term":[{"taxonomy":"product_brand","embeddable":true,"href":"https:\/\/genekas24.ee\/en\/wp-json\/wp\/v2\/product_brand?post=22403"},{"taxonomy":"product_cat","embeddable":true,"href":"https:\/\/genekas24.ee\/en\/wp-json\/wp\/v2\/product_cat?post=22403"},{"taxonomy":"product_tag","embeddable":true,"href":"https:\/\/genekas24.ee\/en\/wp-json\/wp\/v2\/product_tag?post=22403"}],"curies":[{"name":"wp","href":"https:\/\/api.w.org\/{rel}","templated":true}]}}