{"id":22324,"date":"2026-04-08T17:30:02","date_gmt":"2026-04-08T17:30:02","guid":{"rendered":"https:\/\/genekas24.ee\/?post_type=product&#038;p=22324"},"modified":"2026-04-08T17:30:03","modified_gmt":"2026-04-08T17:30:03","slug":"itcpower-dg14000set-diiselgeneraator-10kw-230v-11kw-400v","status":"publish","type":"product","link":"https:\/\/genekas24.ee\/en\/product\/itcpower-dg14000set-diiselgeneraator-10kw-230v-11kw-400v\/","title":{"rendered":"ITCPOWER DG14000SET diiselgeneraator 10kW 230V\/11kW 400V"},"content":{"rendered":"<p style=\"font-weight: 400;\">Generaator k\u00e4ivitub elektrilise starteriga ja seda saab seej\u00e4rel kasutada nii 230 V kui ka 400 V pingega. \u00d5hkjahutusega DG14000SE-T abil saab toita isegi tundliku elektroonikaga seadmeid, kuna AVR pingeregulaator tagab maksimaalse h\u00e4lbe 1,5%. Integreeritud vaikne heliisolatsioon muudab generaatori vaiksemaks kui enamik diiselgeneraatoreid. 63 A pistikupesa v\u00f5imaldab teil kogu v\u00f5imsuse \u00fchest pistikupesast ammutada. See muudab generaatori h\u00e4sti sobivaks suuremate seadmete v\u00f5i koduste elektris\u00fcsteemide toiteks.<\/p>","protected":false},"excerpt":{"rendered":"<table>\n<tbody>\n<tr>\n<td>J\u00f5udlus, l\u00fchiajaline 3-faasiline<\/td>\n<td>11\/13,8 kW\/kva<\/td>\n<\/tr>\n<tr>\n<td>J\u00f5udlus, pidev 3-faasiline<\/td>\n<td>10\/12,5 kW\/kva<\/td>\n<\/tr>\n<tr>\n<td>Amperid 400 V<\/td>\n<td>19,9 A<\/td>\n<\/tr>\n<tr>\n<td>J\u00f5udlus, l\u00fchiajaline 1-faasiline<\/td>\n<td>10 kW<\/td>\n<\/tr>\n<tr>\n<td>J\u00f5udlus, pidev 1-faasiline<\/td>\n<td>9 kW<\/td>\n<\/tr>\n<tr>\n<td>Amperid 230 V<\/td>\n<td>43,5 A<\/td>\n<\/tr>\n<tr>\n<td>Voltage<\/td>\n<td>230\/400 V<\/td>\n<\/tr>\n<tr>\n<td>Frequency<\/td>\n<td>50 Hz<\/td>\n<\/tr>\n<tr>\n<td>Engine brand<\/td>\n<td>DV920E 18 HP<\/td>\n<\/tr>\n<tr>\n<td>Engine type<\/td>\n<td>\u00d5hkjahutusega diiselmootor<\/td>\n<\/tr>\n<tr>\n<td>K\u00fctus<\/td>\n<td>Diisel<\/td>\n<\/tr>\n<tr>\n<td>K\u00e4ivituss\u00fcsteem<\/td>\n<td>Elektriline k\u00e4ivitamine<\/td>\n<\/tr>\n<tr>\n<td>K\u00fctusekulu 75% juures<\/td>\n<td>4,5 l\/h<\/td>\n<\/tr>\n<tr>\n<td>Paagi suurus<\/td>\n<td>27 l<\/td>\n<\/tr>\n<tr>\n<td>T\u00f6\u00f6aeg paagit\u00e4iega 50% koormusega<\/td>\n<td>8 tundi<\/td>\n<\/tr>\n<tr>\n<td>M\u00fcratase<\/td>\n<td>96 Lwa db(a) \/72 dB (A) (7 m)<\/td>\n<\/tr>\n<tr>\n<td>Pikkus<\/td>\n<td>1020 mm<\/td>\n<\/tr>\n<tr>\n<td>Laius<\/td>\n<td>660 mm<\/td>\n<\/tr>\n<tr>\n<td>K\u00f5rgus<\/td>\n<td>850 mm<\/td>\n<\/tr>\n<tr>\n<td>Kaal<\/td>\n<td>284 kg<\/td>\n<\/tr>\n<tr>\n<td>Pistikupesade arv, 230V<\/td>\n<td>1 x 63A CEE<\/td>\n<\/tr>\n<tr>\n<td>Pistikupesade arv, 400V<\/td>\n<td>1 x 32A CEE<\/td>\n<\/tr>\n<tr>\n<td>Pistikupesade arv, 12V<\/td>\n<td>1 x 8,3A<\/td>\n<\/tr>\n<tr>\n<td>\u00dclekoormuskaitse<\/td>\n<td>Jah<\/td>\n<\/tr>\n<tr>\n<td>Auto start<\/td>\n<td>Jah<\/td>\n<\/tr>\n<tr>\n<td>ATS valmidus<\/td>\n<td>Jah<\/td>\n<\/tr>\n<\/tbody>\n<\/table>","protected":false},"featured_media":22325,"template":"","meta":{"_acf_changed":false,"inline_featured_image":false},"product_brand":[],"product_cat":[22,94],"product_tag":[],"class_list":{"0":"post-22324","1":"product","2":"type-product","3":"status-publish","4":"has-post-thumbnail","6":"product_cat-diiselgeneraatorid","7":"product_cat-generaatorid","8":"product_shipping_class-euroalus","9":"brand-itcpower","11":"first","12":"instock","13":"taxable","14":"shipping-taxable","15":"purchasable","16":"product-type-simple"},"acf":[],"yoast_head":"<!-- This site is optimized with the Yoast SEO plugin v27.2 - https:\/\/yoast.com\/product\/yoast-seo-wordpress\/ -->\n<title>ITCPOWER DG14000SET diiselgeneraator 10kW 230V\/11kW 400V - Genekas24<\/title>\n<meta name=\"robots\" content=\"index, follow, max-snippet:-1, max-image-preview:large, max-video-preview:-1\" \/>\n<link rel=\"canonical\" href=\"https:\/\/genekas24.ee\/en\/product\/itcpower-dg14000set-diiselgeneraator-10kw-230v-11kw-400v\/\" \/>\n<meta property=\"og:locale\" content=\"en_GB\" \/>\n<meta property=\"og:type\" content=\"article\" \/>\n<meta property=\"og:title\" content=\"ITCPOWER DG14000SET diiselgeneraator 10kW 230V\/11kW 400V - Genekas24\" \/>\n<meta property=\"og:description\" content=\"J\u00f5udlus, l\u00fchiajaline 3-faasiline 11\/13,8 kW\/kva   J\u00f5udlus, pidev 3-faasiline 10\/12,5 kW\/kva   Amperid 400 V 19,9 A   J\u00f5udlus, l\u00fchiajaline 1-faasiline 10 kW   J\u00f5udlus, pidev 1-faasiline 9 kW   Amperid 230 V 43,5 A   Pinge 230\/400 V   Sagedus 50 Hz   Mootori mark DV920E 18 HP   Mootori t\u00fc\u00fcp \u00d5hkjahutusega diiselmootor   K\u00fctus Diisel   K\u00e4ivituss\u00fcsteem Elektriline k\u00e4ivitamine   K\u00fctusekulu 75% juures 4,5 l\/h   Paagi suurus 27 l   T\u00f6\u00f6aeg paagit\u00e4iega 50% koormusega 8 tundi   M\u00fcratase 96 Lwa db(a) \/72 dB (A) (7 m)   Pikkus 1020 mm   Laius 660 mm   K\u00f5rgus 850 mm   Kaal 284 kg   Pistikupesade arv, 230V 1 x 63A CEE   Pistikupesade arv, 400V 1 x 32A CEE   Pistikupesade arv, 12V 1 x 8,3A   \u00dclekoormuskaitse Jah   Auto start Jah   ATS valmidus Jah\" \/>\n<meta property=\"og:url\" content=\"https:\/\/genekas24.ee\/en\/product\/itcpower-dg14000set-diiselgeneraator-10kw-230v-11kw-400v\/\" \/>\n<meta property=\"og:site_name\" content=\"Genekas24\" \/>\n<meta property=\"article:modified_time\" content=\"2026-04-08T17:30:03+00:00\" \/>\n<meta property=\"og:image\" content=\"https:\/\/genekas24.ee\/wp-content\/uploads\/2026\/01\/DG14000SE-T_02-500x500-1.jpeg\" \/>\n\t<meta property=\"og:image:width\" content=\"500\" \/>\n\t<meta property=\"og:image:height\" content=\"500\" \/>\n\t<meta property=\"og:image:type\" content=\"image\/jpeg\" \/>\n<meta name=\"twitter:card\" content=\"summary_large_image\" \/>\n<meta name=\"twitter:label1\" content=\"Estimated reading time\" \/>\n\t<meta name=\"twitter:data1\" content=\"1 minute\" \/>\n<script type=\"application\/ld+json\" class=\"yoast-schema-graph\">{\"@context\":\"https:\/\/schema.org\",\"@graph\":[{\"@type\":\"WebPage\",\"@id\":\"https:\/\/genekas24.ee\/toode\/itcpower-dg14000set-diiselgeneraator-10kw-230v-11kw-400v\/\",\"url\":\"https:\/\/genekas24.ee\/toode\/itcpower-dg14000set-diiselgeneraator-10kw-230v-11kw-400v\/\",\"name\":\"ITCPOWER DG14000SET diiselgeneraator 10kW 230V\/11kW 400V - Genekas24\",\"isPartOf\":{\"@id\":\"https:\/\/genekas24.ee\/#website\"},\"primaryImageOfPage\":{\"@id\":\"https:\/\/genekas24.ee\/toode\/itcpower-dg14000set-diiselgeneraator-10kw-230v-11kw-400v\/#primaryimage\"},\"image\":{\"@id\":\"https:\/\/genekas24.ee\/toode\/itcpower-dg14000set-diiselgeneraator-10kw-230v-11kw-400v\/#primaryimage\"},\"thumbnailUrl\":\"https:\/\/genekas24.ee\/wp-content\/uploads\/2026\/01\/DG14000SE-T_02-500x500-1.jpeg\",\"datePublished\":\"2026-04-08T17:30:02+00:00\",\"dateModified\":\"2026-04-08T17:30:03+00:00\",\"breadcrumb\":{\"@id\":\"https:\/\/genekas24.ee\/toode\/itcpower-dg14000set-diiselgeneraator-10kw-230v-11kw-400v\/#breadcrumb\"},\"inLanguage\":\"en-GB\",\"potentialAction\":[{\"@type\":\"ReadAction\",\"target\":[\"https:\/\/genekas24.ee\/toode\/itcpower-dg14000set-diiselgeneraator-10kw-230v-11kw-400v\/\"]}]},{\"@type\":\"ImageObject\",\"inLanguage\":\"en-GB\",\"@id\":\"https:\/\/genekas24.ee\/toode\/itcpower-dg14000set-diiselgeneraator-10kw-230v-11kw-400v\/#primaryimage\",\"url\":\"https:\/\/genekas24.ee\/wp-content\/uploads\/2026\/01\/DG14000SE-T_02-500x500-1.jpeg\",\"contentUrl\":\"https:\/\/genekas24.ee\/wp-content\/uploads\/2026\/01\/DG14000SE-T_02-500x500-1.jpeg\",\"width\":500,\"height\":500},{\"@type\":\"BreadcrumbList\",\"@id\":\"https:\/\/genekas24.ee\/toode\/itcpower-dg14000set-diiselgeneraator-10kw-230v-11kw-400v\/#breadcrumb\",\"itemListElement\":[{\"@type\":\"ListItem\",\"position\":1,\"name\":\"Home\",\"item\":\"https:\/\/genekas24.ee\/\"},{\"@type\":\"ListItem\",\"position\":2,\"name\":\"Pood\",\"item\":\"https:\/\/genekas24.ee\/pood\/\"},{\"@type\":\"ListItem\",\"position\":3,\"name\":\"ITCPOWER DG14000SET diiselgeneraator 10kW 230V\/11kW 400V\"}]},{\"@type\":\"WebSite\",\"@id\":\"https:\/\/genekas24.ee\/#website\",\"url\":\"https:\/\/genekas24.ee\/\",\"name\":\"Genekas24\",\"description\":\"Generaatorid | K&ouml;nner S&ouml;hnen tooted | Genekas24\",\"publisher\":{\"@id\":\"https:\/\/genekas24.ee\/#organization\"},\"potentialAction\":[{\"@type\":\"SearchAction\",\"target\":{\"@type\":\"EntryPoint\",\"urlTemplate\":\"https:\/\/genekas24.ee\/?s={search_term_string}\"},\"query-input\":{\"@type\":\"PropertyValueSpecification\",\"valueRequired\":true,\"valueName\":\"search_term_string\"}}],\"inLanguage\":\"en-GB\"},{\"@type\":\"Organization\",\"@id\":\"https:\/\/genekas24.ee\/#organization\",\"name\":\"Genekas24\",\"url\":\"https:\/\/genekas24.ee\/\",\"logo\":{\"@type\":\"ImageObject\",\"inLanguage\":\"en-GB\",\"@id\":\"https:\/\/genekas24.ee\/#\/schema\/logo\/image\/\",\"url\":\"https:\/\/genekas24.ee\/wp-content\/uploads\/2026\/01\/genekas24-logo_black.svg\",\"contentUrl\":\"https:\/\/genekas24.ee\/wp-content\/uploads\/2026\/01\/genekas24-logo_black.svg\",\"width\":840,\"height\":131,\"caption\":\"Genekas24\"},\"image\":{\"@id\":\"https:\/\/genekas24.ee\/#\/schema\/logo\/image\/\"}}]}<\/script>\n<!-- \/ Yoast SEO plugin. -->","yoast_head_json":{"title":"ITCPOWER DG14000SET diiselgeneraator 10kW 230V\/11kW 400V - Genekas24","robots":{"index":"index","follow":"follow","max-snippet":"max-snippet:-1","max-image-preview":"max-image-preview:large","max-video-preview":"max-video-preview:-1"},"canonical":"https:\/\/genekas24.ee\/en\/product\/itcpower-dg14000set-diiselgeneraator-10kw-230v-11kw-400v\/","og_locale":"en_GB","og_type":"article","og_title":"ITCPOWER DG14000SET diiselgeneraator 10kW 230V\/11kW 400V - Genekas24","og_description":"J\u00f5udlus, l\u00fchiajaline 3-faasiline 11\/13,8 kW\/kva   J\u00f5udlus, pidev 3-faasiline 10\/12,5 kW\/kva   Amperid 400 V 19,9 A   J\u00f5udlus, l\u00fchiajaline 1-faasiline 10 kW   J\u00f5udlus, pidev 1-faasiline 9 kW   Amperid 230 V 43,5 A   Pinge 230\/400 V   Sagedus 50 Hz   Mootori mark DV920E 18 HP   Mootori t\u00fc\u00fcp \u00d5hkjahutusega diiselmootor   K\u00fctus Diisel   K\u00e4ivituss\u00fcsteem Elektriline k\u00e4ivitamine   K\u00fctusekulu 75% juures 4,5 l\/h   Paagi suurus 27 l   T\u00f6\u00f6aeg paagit\u00e4iega 50% koormusega 8 tundi   M\u00fcratase 96 Lwa db(a) \/72 dB (A) (7 m)   Pikkus 1020 mm   Laius 660 mm   K\u00f5rgus 850 mm   Kaal 284 kg   Pistikupesade arv, 230V 1 x 63A CEE   Pistikupesade arv, 400V 1 x 32A CEE   Pistikupesade arv, 12V 1 x 8,3A   \u00dclekoormuskaitse Jah   Auto start Jah   ATS valmidus Jah","og_url":"https:\/\/genekas24.ee\/en\/product\/itcpower-dg14000set-diiselgeneraator-10kw-230v-11kw-400v\/","og_site_name":"Genekas24","article_modified_time":"2026-04-08T17:30:03+00:00","og_image":[{"width":500,"height":500,"url":"https:\/\/genekas24.ee\/wp-content\/uploads\/2026\/01\/DG14000SE-T_02-500x500-1.jpeg","type":"image\/jpeg"}],"twitter_card":"summary_large_image","twitter_misc":{"Estimated reading time":"1 minute"},"schema":{"@context":"https:\/\/schema.org","@graph":[{"@type":"WebPage","@id":"https:\/\/genekas24.ee\/toode\/itcpower-dg14000set-diiselgeneraator-10kw-230v-11kw-400v\/","url":"https:\/\/genekas24.ee\/toode\/itcpower-dg14000set-diiselgeneraator-10kw-230v-11kw-400v\/","name":"ITCPOWER DG14000SET diiselgeneraator 10kW 230V\/11kW 400V - Genekas24","isPartOf":{"@id":"https:\/\/genekas24.ee\/#website"},"primaryImageOfPage":{"@id":"https:\/\/genekas24.ee\/toode\/itcpower-dg14000set-diiselgeneraator-10kw-230v-11kw-400v\/#primaryimage"},"image":{"@id":"https:\/\/genekas24.ee\/toode\/itcpower-dg14000set-diiselgeneraator-10kw-230v-11kw-400v\/#primaryimage"},"thumbnailUrl":"https:\/\/genekas24.ee\/wp-content\/uploads\/2026\/01\/DG14000SE-T_02-500x500-1.jpeg","datePublished":"2026-04-08T17:30:02+00:00","dateModified":"2026-04-08T17:30:03+00:00","breadcrumb":{"@id":"https:\/\/genekas24.ee\/toode\/itcpower-dg14000set-diiselgeneraator-10kw-230v-11kw-400v\/#breadcrumb"},"inLanguage":"en-GB","potentialAction":[{"@type":"ReadAction","target":["https:\/\/genekas24.ee\/toode\/itcpower-dg14000set-diiselgeneraator-10kw-230v-11kw-400v\/"]}]},{"@type":"ImageObject","inLanguage":"en-GB","@id":"https:\/\/genekas24.ee\/toode\/itcpower-dg14000set-diiselgeneraator-10kw-230v-11kw-400v\/#primaryimage","url":"https:\/\/genekas24.ee\/wp-content\/uploads\/2026\/01\/DG14000SE-T_02-500x500-1.jpeg","contentUrl":"https:\/\/genekas24.ee\/wp-content\/uploads\/2026\/01\/DG14000SE-T_02-500x500-1.jpeg","width":500,"height":500},{"@type":"BreadcrumbList","@id":"https:\/\/genekas24.ee\/toode\/itcpower-dg14000set-diiselgeneraator-10kw-230v-11kw-400v\/#breadcrumb","itemListElement":[{"@type":"ListItem","position":1,"name":"Home","item":"https:\/\/genekas24.ee\/"},{"@type":"ListItem","position":2,"name":"Pood","item":"https:\/\/genekas24.ee\/pood\/"},{"@type":"ListItem","position":3,"name":"ITCPOWER DG14000SET diiselgeneraator 10kW 230V\/11kW 400V"}]},{"@type":"WebSite","@id":"https:\/\/genekas24.ee\/#website","url":"https:\/\/genekas24.ee\/","name":"Genekas24","description":"Generaatorid | K&ouml;nner S&ouml;hnen tooted | Genekas24","publisher":{"@id":"https:\/\/genekas24.ee\/#organization"},"potentialAction":[{"@type":"SearchAction","target":{"@type":"EntryPoint","urlTemplate":"https:\/\/genekas24.ee\/?s={search_term_string}"},"query-input":{"@type":"PropertyValueSpecification","valueRequired":true,"valueName":"search_term_string"}}],"inLanguage":"en-GB"},{"@type":"Organization","@id":"https:\/\/genekas24.ee\/#organization","name":"Genekas24","url":"https:\/\/genekas24.ee\/","logo":{"@type":"ImageObject","inLanguage":"en-GB","@id":"https:\/\/genekas24.ee\/#\/schema\/logo\/image\/","url":"https:\/\/genekas24.ee\/wp-content\/uploads\/2026\/01\/genekas24-logo_black.svg","contentUrl":"https:\/\/genekas24.ee\/wp-content\/uploads\/2026\/01\/genekas24-logo_black.svg","width":840,"height":131,"caption":"Genekas24"},"image":{"@id":"https:\/\/genekas24.ee\/#\/schema\/logo\/image\/"}}]}},"_links":{"self":[{"href":"https:\/\/genekas24.ee\/en\/wp-json\/wp\/v2\/product\/22324","targetHints":{"allow":["GET"]}}],"collection":[{"href":"https:\/\/genekas24.ee\/en\/wp-json\/wp\/v2\/product"}],"about":[{"href":"https:\/\/genekas24.ee\/en\/wp-json\/wp\/v2\/types\/product"}],"version-history":[{"count":1,"href":"https:\/\/genekas24.ee\/en\/wp-json\/wp\/v2\/product\/22324\/revisions"}],"predecessor-version":[{"id":22333,"href":"https:\/\/genekas24.ee\/en\/wp-json\/wp\/v2\/product\/22324\/revisions\/22333"}],"wp:featuredmedia":[{"embeddable":true,"href":"https:\/\/genekas24.ee\/en\/wp-json\/wp\/v2\/media\/22325"}],"wp:attachment":[{"href":"https:\/\/genekas24.ee\/en\/wp-json\/wp\/v2\/media?parent=22324"}],"wp:term":[{"taxonomy":"product_brand","embeddable":true,"href":"https:\/\/genekas24.ee\/en\/wp-json\/wp\/v2\/product_brand?post=22324"},{"taxonomy":"product_cat","embeddable":true,"href":"https:\/\/genekas24.ee\/en\/wp-json\/wp\/v2\/product_cat?post=22324"},{"taxonomy":"product_tag","embeddable":true,"href":"https:\/\/genekas24.ee\/en\/wp-json\/wp\/v2\/product_tag?post=22324"}],"curies":[{"name":"wp","href":"https:\/\/api.w.org\/{rel}","templated":true}]}}