{"id":22283,"date":"2026-04-08T17:32:26","date_gmt":"2026-04-08T17:32:26","guid":{"rendered":"https:\/\/genekas24.ee\/?post_type=product&#038;p=22283"},"modified":"2026-04-08T17:32:26","modified_gmt":"2026-04-08T17:32:26","slug":"itcpower-dg12000xsem-230v-diiselgeneraator-10kw","status":"publish","type":"product","link":"https:\/\/genekas24.ee\/en\/product\/itcpower-dg12000xsem-230v-diiselgeneraator-10kw\/","title":{"rendered":"ITCPOWER DG12000XSEM 230V diiselgeneraator 10kW"},"content":{"rendered":"<p style=\"font-weight: 400;\">\u00dchefaasiline diiselgeneraator DG12000XSEM pakub kuni 10 kW maksimaalset v\u00f5imsust, mis sobib ideaalselt professionaalseks ja t\u00f6\u00f6stuslikuks kasutamiseks.<\/p>\n<p style=\"font-weight: 400;\">T\u00e4nu AVR\/harjageneraatorile tagab see stabiilse 230 V toiteallika. See on varustatud \u00fclekoormuskaitse, \u00f5lih\u00e4ire ning vahelduvvoolu- ja alalisvooluv\u00e4ljunditega t\u00e4iendava mitmek\u00fclgsuse tagamiseks. Tugev ja usaldusv\u00e4\u00e4rne.<\/p>\n<p style=\"font-weight: 400;\">DG12000XSEM \u00fchefaasiline diiselgeneraator on loodud pakkuma usaldusv\u00e4\u00e4rset ja j\u00e4rjepidevat j\u00f5udlust n\u00f5udlikes keskkondades. Nimiv\u00f5imsusega 9 kW ja maksimaalse v\u00e4ljundv\u00f5imsusega 10 kW sobib see seade ideaalselt ehitusplatsidele, t\u00f6\u00f6kodadesse, \u00fcritustele ja varutoiteallikaks ettev\u00f5tetes v\u00f5i elamutes.<\/p>\n<p style=\"font-weight: 400;\">Selle 16 hj, 794 cm3 EV80 diiselmootor tagab vastupidavuse ja madala k\u00fctusekulu, samas kui elektriline k\u00e4ivitus muudab k\u00e4ivitamise lihtsaks. T\u00e4nu AVR\/harjade reguleerimisega generaatorile pakub see stabiilset ja ohutut toidet tundlikele seadmetele.<\/p>\n<p style=\"font-weight: 400;\">30-liitrine k\u00fctusepaak tagab kuni 10 tundi t\u00f6\u00f6aega ilma tankimiseta 50% koormusel. Sellel on \u00fclekoormuskaitse, \u00f5lialarm ning 230 V vahelduvvoolu ja 12 V alalisvoolu v\u00e4ljundid erinevate vajaduste rahuldamiseks. Selle vastupidav \u0161assii toetab 320 kg netokaalu ja v\u00e4hendab vibratsiooni, hoides m\u00fcrataset 7 meetri kaugusel 72 dBA.<\/p>\n<p style=\"font-weight: 400;\">Ideaalne professionaalidele, kes otsivad v\u00f5imsat, t\u00f5husat ja vastupidavat diiselgeneraatorit, DG12000XSEM \u00fchendab endas tugevuse, t\u00f6\u00f6kindluse ja tehnoloogia, et tagada pidev v\u00f5imsus igas olukorras.<\/p>","protected":false},"excerpt":{"rendered":"<table style=\"width: 40.1513%; height: 816px;\">\n<tbody>\n<tr style=\"height: 24px;\">\n<td style=\"height: 24px; width: 56.0485%;\">Voltage<\/td>\n<td style=\"height: 24px; width: 93.529%;\">230 V<\/td>\n<\/tr>\n<tr style=\"height: 24px;\">\n<td style=\"height: 24px; width: 56.0485%;\">Maksimaalne v\u00f5imsus<\/td>\n<td style=\"height: 24px; width: 93.529%;\">10000 W<\/td>\n<\/tr>\n<tr style=\"height: 24px;\">\n<td style=\"height: 24px; width: 56.0485%;\">Nimiv\u00f5imsus<\/td>\n<td style=\"height: 24px; width: 93.529%;\">9000 W<\/td>\n<\/tr>\n<tr style=\"height: 24px;\">\n<td style=\"height: 24px; width: 56.0485%;\">Sagedus (Hz)<\/td>\n<td style=\"height: 24px; width: 93.529%;\">50 Hz<\/td>\n<\/tr>\n<tr style=\"height: 48px;\">\n<td style=\"height: 48px; width: 56.0485%;\">V\u00e4ljundvoolud<\/td>\n<td style=\"height: 48px; width: 93.529%;\">1 x 16 A \/ 1 x 63 A<\/td>\n<\/tr>\n<tr style=\"height: 24px;\">\n<td style=\"height: 24px; width: 56.0485%;\">Aku<\/td>\n<td style=\"height: 24px; width: 93.529%;\">45 Ah<\/td>\n<\/tr>\n<tr style=\"height: 24px;\">\n<td style=\"height: 24px; width: 56.0485%;\">M\u00fcratase 7 meetri kauguselt<\/td>\n<td style=\"height: 24px; width: 93.529%;\">72 dBA<\/td>\n<\/tr>\n<tr style=\"height: 24px;\">\n<td style=\"height: 24px; width: 56.0485%;\">LWA m\u00fcratase<\/td>\n<td style=\"height: 24px; width: 93.529%;\">96 dBA<\/td>\n<\/tr>\n<tr style=\"height: 24px;\">\n<td style=\"height: 24px; width: 56.0485%;\">Mootori k\u00e4ivitusmeetod<\/td>\n<td style=\"height: 24px; width: 93.529%;\">Elektriline \/ ATS<\/td>\n<\/tr>\n<tr style=\"height: 24px;\">\n<td style=\"height: 24px; width: 56.0485%;\">ATS valmidus<\/td>\n<td style=\"height: 24px; width: 93.529%;\">Jah<\/td>\n<\/tr>\n<tr style=\"height: 24px;\">\n<td style=\"height: 24px; width: 56.0485%;\">AUTO START<\/td>\n<td style=\"height: 24px; width: 93.529%;\">Jah<\/td>\n<\/tr>\n<tr style=\"height: 24px;\">\n<td style=\"height: 24px; width: 56.0485%;\">Generaatori v\u00f5imsus<\/td>\n<td style=\"height: 24px; width: 93.529%;\">10 kW<\/td>\n<\/tr>\n<tr style=\"height: 48px;\">\n<td style=\"height: 48px; width: 56.0485%;\">Generaatori pinge reguleerimine<\/td>\n<td style=\"height: 48px; width: 93.529%;\">harjadega \/ AVR<\/td>\n<\/tr>\n<tr style=\"height: 24px;\">\n<td style=\"height: 24px; width: 56.0485%;\">Madala \u00f5litaseme alarm<\/td>\n<td style=\"height: 24px; width: 93.529%;\">Jah<\/td>\n<\/tr>\n<tr style=\"height: 24px;\">\n<td style=\"height: 24px; width: 56.0485%;\">T\u00e4ismass<\/td>\n<td style=\"height: 24px; width: 93.529%;\">342 kg<\/td>\n<\/tr>\n<tr style=\"height: 24px;\">\n<td style=\"height: 24px; width: 56.0485%;\">Kaal<\/td>\n<td style=\"height: 24px; width: 93.529%;\">318 kg<\/td>\n<\/tr>\n<tr style=\"height: 24px;\">\n<td style=\"height: 24px; width: 56.0485%;\">Voolutugevus<\/td>\n<td style=\"height: 24px; width: 93.529%;\">42 A<\/td>\n<\/tr>\n<tr style=\"height: 24px;\">\n<td style=\"height: 24px; width: 56.0485%;\">Autonoomia 50% koormusel<\/td>\n<td style=\"height: 24px; width: 93.529%;\">10 tundi<\/td>\n<\/tr>\n<tr style=\"height: 24px;\">\n<td style=\"height: 24px; width: 56.0485%;\">Display<\/td>\n<td style=\"height: 24px; width: 93.529%;\">Ei<\/td>\n<\/tr>\n<tr style=\"height: 24px;\">\n<td style=\"height: 24px; width: 56.0485%;\">T\u00f6\u00f6maht<\/td>\n<td style=\"height: 24px; width: 93.529%;\">794 cm3<\/td>\n<\/tr>\n<tr style=\"height: 24px;\">\n<td style=\"height: 24px; width: 56.0485%;\">Engine model<\/td>\n<td style=\"height: 24px; width: 93.529%;\">EV80<\/td>\n<\/tr>\n<tr style=\"height: 24px;\">\n<td style=\"height: 24px; width: 56.0485%;\">K\u00fctusepaagi maht<\/td>\n<td style=\"height: 24px; width: 93.529%;\">30 l<\/td>\n<\/tr>\n<tr style=\"height: 24px;\">\n<td style=\"height: 24px; width: 56.0485%;\">P\u00f6\u00f6rded minutis<\/td>\n<td style=\"height: 24px; width: 93.529%;\">3000 p\/min<\/td>\n<\/tr>\n<tr style=\"height: 24px;\">\n<td style=\"height: 24px; width: 56.0485%;\">Mootori v\u00f5imsus (hj)<\/td>\n<td style=\"height: 24px; width: 93.529%;\">16 hj<\/td>\n<\/tr>\n<tr style=\"height: 24px;\">\n<td style=\"height: 24px; width: 56.0485%;\">\u00d5limaht<\/td>\n<td style=\"height: 24px; width: 93.529%;\">2,27 l<\/td>\n<\/tr>\n<tr style=\"height: 24px;\">\n<td style=\"height: 24px; width: 56.0485%;\">Generaatori v\u00f5imsus<\/td>\n<td style=\"height: 24px; width: 93.529%;\">KTDS-10-1<\/td>\n<\/tr>\n<tr style=\"height: 24px;\">\n<td style=\"height: 24px; width: 56.0485%;\">V\u00f5imsustegur<\/td>\n<td style=\"height: 24px; width: 93.529%;\">1<\/td>\n<\/tr>\n<tr style=\"height: 24px;\">\n<td style=\"height: 24px; width: 56.0485%;\">Pikkus<\/td>\n<td style=\"height: 24px; width: 93.529%;\">136 cm<\/td>\n<\/tr>\n<tr style=\"height: 24px;\">\n<td style=\"height: 24px; width: 56.0485%;\">Laius<\/td>\n<td style=\"height: 24px; width: 93.529%;\">65 cm<\/td>\n<\/tr>\n<tr style=\"height: 24px;\">\n<td style=\"height: 24px; width: 56.0485%;\">K\u00f5rgus<\/td>\n<td style=\"height: 24px; width: 93.529%;\">95 cm<\/td>\n<\/tr>\n<tr style=\"height: 24px;\">\n<td style=\"height: 24px; width: 56.0485%;\">V\u00e4rv<\/td>\n<td style=\"height: 24px; width: 93.529%;\">Valge<\/td>\n<\/tr>\n<tr style=\"height: 24px;\">\n<td style=\"height: 24px; width: 56.0485%;\">Patarei kaasas<\/td>\n<td style=\"height: 24px; width: 93.529%;\">Jah<\/td>\n<\/tr>\n<\/tbody>\n<\/table>","protected":false},"featured_media":22284,"template":"","meta":{"_acf_changed":false,"inline_featured_image":false},"product_brand":[],"product_cat":[22,94],"product_tag":[],"class_list":{"0":"post-22283","1":"product","2":"type-product","3":"status-publish","4":"has-post-thumbnail","6":"product_cat-diiselgeneraatorid","7":"product_cat-generaatorid","8":"product_shipping_class-diisel-joujaamad","9":"brand-itcpower","11":"first","12":"instock","13":"taxable","14":"shipping-taxable","15":"purchasable","16":"product-type-simple"},"acf":[],"yoast_head":"<!-- This site is optimized with the Yoast SEO plugin v27.2 - https:\/\/yoast.com\/product\/yoast-seo-wordpress\/ -->\n<title>ITCPOWER DG12000XSEM 230V diiselgeneraator 10kW - Genekas24<\/title>\n<meta name=\"robots\" content=\"index, follow, max-snippet:-1, max-image-preview:large, max-video-preview:-1\" \/>\n<link rel=\"canonical\" href=\"https:\/\/genekas24.ee\/en\/product\/itcpower-dg12000xsem-230v-diiselgeneraator-10kw\/\" \/>\n<meta property=\"og:locale\" content=\"en_GB\" \/>\n<meta property=\"og:type\" content=\"article\" \/>\n<meta property=\"og:title\" content=\"ITCPOWER DG12000XSEM 230V diiselgeneraator 10kW - Genekas24\" \/>\n<meta property=\"og:description\" content=\"Pinge 230 V   Maksimaalne v\u00f5imsus 10000 W   Nimiv\u00f5imsus 9000 W   Sagedus (Hz) 50 Hz   V\u00e4ljundvoolud 1 x 16 A \/ 1 x 63 A   Aku 45 Ah   M\u00fcratase 7 meetri kauguselt 72 dBA   LWA m\u00fcratase 96 dBA   Mootori k\u00e4ivitusmeetod Elektriline \/ ATS   ATS valmidus Jah   AUTO START Jah   Generaatori v\u00f5imsus 10 kW   Generaatori pinge reguleerimine harjadega \/ AVR   Madala \u00f5litaseme alarm Jah   T\u00e4ismass 342 kg   Kaal 318 kg   Voolutugevus 42 A   Autonoomia 50% koormusel 10 tundi   Ekraan Ei   T\u00f6\u00f6maht 794 cm3   Mootori mudel EV80   K\u00fctusepaagi maht 30 l   P\u00f6\u00f6rded minutis 3000 p\/min   Mootori v\u00f5imsus (hj) 16 hj   \u00d5limaht 2,27 l   Generaatori v\u00f5imsus KTDS-10-1   V\u00f5imsustegur 1   Pikkus 136 cm   Laius 65 cm   K\u00f5rgus 95 cm   V\u00e4rv Valge   Patarei kaasas Jah\" \/>\n<meta property=\"og:url\" content=\"https:\/\/genekas24.ee\/en\/product\/itcpower-dg12000xsem-230v-diiselgeneraator-10kw\/\" \/>\n<meta property=\"og:site_name\" content=\"Genekas24\" \/>\n<meta property=\"og:image\" content=\"https:\/\/genekas24.ee\/wp-content\/uploads\/2026\/01\/7797-500x500-1.jpeg\" \/>\n\t<meta property=\"og:image:width\" content=\"500\" \/>\n\t<meta property=\"og:image:height\" content=\"500\" \/>\n\t<meta property=\"og:image:type\" content=\"image\/jpeg\" \/>\n<meta name=\"twitter:card\" content=\"summary_large_image\" \/>\n<meta name=\"twitter:label1\" content=\"Estimated reading time\" \/>\n\t<meta name=\"twitter:data1\" content=\"2 minutes\" \/>\n<script type=\"application\/ld+json\" class=\"yoast-schema-graph\">{\"@context\":\"https:\/\/schema.org\",\"@graph\":[{\"@type\":\"WebPage\",\"@id\":\"https:\/\/genekas24.ee\/toode\/itcpower-dg12000xsem-230v-diiselgeneraator-10kw\/\",\"url\":\"https:\/\/genekas24.ee\/toode\/itcpower-dg12000xsem-230v-diiselgeneraator-10kw\/\",\"name\":\"ITCPOWER DG12000XSEM 230V diiselgeneraator 10kW - Genekas24\",\"isPartOf\":{\"@id\":\"https:\/\/genekas24.ee\/#website\"},\"primaryImageOfPage\":{\"@id\":\"https:\/\/genekas24.ee\/toode\/itcpower-dg12000xsem-230v-diiselgeneraator-10kw\/#primaryimage\"},\"image\":{\"@id\":\"https:\/\/genekas24.ee\/toode\/itcpower-dg12000xsem-230v-diiselgeneraator-10kw\/#primaryimage\"},\"thumbnailUrl\":\"https:\/\/genekas24.ee\/wp-content\/uploads\/2026\/01\/7797-500x500-1.jpeg\",\"datePublished\":\"2026-04-08T17:32:26+00:00\",\"breadcrumb\":{\"@id\":\"https:\/\/genekas24.ee\/toode\/itcpower-dg12000xsem-230v-diiselgeneraator-10kw\/#breadcrumb\"},\"inLanguage\":\"en-GB\",\"potentialAction\":[{\"@type\":\"ReadAction\",\"target\":[\"https:\/\/genekas24.ee\/toode\/itcpower-dg12000xsem-230v-diiselgeneraator-10kw\/\"]}]},{\"@type\":\"ImageObject\",\"inLanguage\":\"en-GB\",\"@id\":\"https:\/\/genekas24.ee\/toode\/itcpower-dg12000xsem-230v-diiselgeneraator-10kw\/#primaryimage\",\"url\":\"https:\/\/genekas24.ee\/wp-content\/uploads\/2026\/01\/7797-500x500-1.jpeg\",\"contentUrl\":\"https:\/\/genekas24.ee\/wp-content\/uploads\/2026\/01\/7797-500x500-1.jpeg\",\"width\":500,\"height\":500},{\"@type\":\"BreadcrumbList\",\"@id\":\"https:\/\/genekas24.ee\/toode\/itcpower-dg12000xsem-230v-diiselgeneraator-10kw\/#breadcrumb\",\"itemListElement\":[{\"@type\":\"ListItem\",\"position\":1,\"name\":\"Home\",\"item\":\"https:\/\/genekas24.ee\/\"},{\"@type\":\"ListItem\",\"position\":2,\"name\":\"Pood\",\"item\":\"https:\/\/genekas24.ee\/pood\/\"},{\"@type\":\"ListItem\",\"position\":3,\"name\":\"ITCPOWER DG12000XSEM 230V diiselgeneraator 10kW\"}]},{\"@type\":\"WebSite\",\"@id\":\"https:\/\/genekas24.ee\/#website\",\"url\":\"https:\/\/genekas24.ee\/\",\"name\":\"Genekas24\",\"description\":\"Generaatorid | K&ouml;nner S&ouml;hnen tooted | Genekas24\",\"publisher\":{\"@id\":\"https:\/\/genekas24.ee\/#organization\"},\"potentialAction\":[{\"@type\":\"SearchAction\",\"target\":{\"@type\":\"EntryPoint\",\"urlTemplate\":\"https:\/\/genekas24.ee\/?s={search_term_string}\"},\"query-input\":{\"@type\":\"PropertyValueSpecification\",\"valueRequired\":true,\"valueName\":\"search_term_string\"}}],\"inLanguage\":\"en-GB\"},{\"@type\":\"Organization\",\"@id\":\"https:\/\/genekas24.ee\/#organization\",\"name\":\"Genekas24\",\"url\":\"https:\/\/genekas24.ee\/\",\"logo\":{\"@type\":\"ImageObject\",\"inLanguage\":\"en-GB\",\"@id\":\"https:\/\/genekas24.ee\/#\/schema\/logo\/image\/\",\"url\":\"https:\/\/genekas24.ee\/wp-content\/uploads\/2026\/01\/genekas24-logo_black.svg\",\"contentUrl\":\"https:\/\/genekas24.ee\/wp-content\/uploads\/2026\/01\/genekas24-logo_black.svg\",\"width\":840,\"height\":131,\"caption\":\"Genekas24\"},\"image\":{\"@id\":\"https:\/\/genekas24.ee\/#\/schema\/logo\/image\/\"}}]}<\/script>\n<!-- \/ Yoast SEO plugin. -->","yoast_head_json":{"title":"ITCPOWER DG12000XSEM 230V diiselgeneraator 10kW - Genekas24","robots":{"index":"index","follow":"follow","max-snippet":"max-snippet:-1","max-image-preview":"max-image-preview:large","max-video-preview":"max-video-preview:-1"},"canonical":"https:\/\/genekas24.ee\/en\/product\/itcpower-dg12000xsem-230v-diiselgeneraator-10kw\/","og_locale":"en_GB","og_type":"article","og_title":"ITCPOWER DG12000XSEM 230V diiselgeneraator 10kW - Genekas24","og_description":"Pinge 230 V   Maksimaalne v\u00f5imsus 10000 W   Nimiv\u00f5imsus 9000 W   Sagedus (Hz) 50 Hz   V\u00e4ljundvoolud 1 x 16 A \/ 1 x 63 A   Aku 45 Ah   M\u00fcratase 7 meetri kauguselt 72 dBA   LWA m\u00fcratase 96 dBA   Mootori k\u00e4ivitusmeetod Elektriline \/ ATS   ATS valmidus Jah   AUTO START Jah   Generaatori v\u00f5imsus 10 kW   Generaatori pinge reguleerimine harjadega \/ AVR   Madala \u00f5litaseme alarm Jah   T\u00e4ismass 342 kg   Kaal 318 kg   Voolutugevus 42 A   Autonoomia 50% koormusel 10 tundi   Ekraan Ei   T\u00f6\u00f6maht 794 cm3   Mootori mudel EV80   K\u00fctusepaagi maht 30 l   P\u00f6\u00f6rded minutis 3000 p\/min   Mootori v\u00f5imsus (hj) 16 hj   \u00d5limaht 2,27 l   Generaatori v\u00f5imsus KTDS-10-1   V\u00f5imsustegur 1   Pikkus 136 cm   Laius 65 cm   K\u00f5rgus 95 cm   V\u00e4rv Valge   Patarei kaasas Jah","og_url":"https:\/\/genekas24.ee\/en\/product\/itcpower-dg12000xsem-230v-diiselgeneraator-10kw\/","og_site_name":"Genekas24","og_image":[{"width":500,"height":500,"url":"https:\/\/genekas24.ee\/wp-content\/uploads\/2026\/01\/7797-500x500-1.jpeg","type":"image\/jpeg"}],"twitter_card":"summary_large_image","twitter_misc":{"Estimated reading time":"2 minutes"},"schema":{"@context":"https:\/\/schema.org","@graph":[{"@type":"WebPage","@id":"https:\/\/genekas24.ee\/toode\/itcpower-dg12000xsem-230v-diiselgeneraator-10kw\/","url":"https:\/\/genekas24.ee\/toode\/itcpower-dg12000xsem-230v-diiselgeneraator-10kw\/","name":"ITCPOWER DG12000XSEM 230V diiselgeneraator 10kW - Genekas24","isPartOf":{"@id":"https:\/\/genekas24.ee\/#website"},"primaryImageOfPage":{"@id":"https:\/\/genekas24.ee\/toode\/itcpower-dg12000xsem-230v-diiselgeneraator-10kw\/#primaryimage"},"image":{"@id":"https:\/\/genekas24.ee\/toode\/itcpower-dg12000xsem-230v-diiselgeneraator-10kw\/#primaryimage"},"thumbnailUrl":"https:\/\/genekas24.ee\/wp-content\/uploads\/2026\/01\/7797-500x500-1.jpeg","datePublished":"2026-04-08T17:32:26+00:00","breadcrumb":{"@id":"https:\/\/genekas24.ee\/toode\/itcpower-dg12000xsem-230v-diiselgeneraator-10kw\/#breadcrumb"},"inLanguage":"en-GB","potentialAction":[{"@type":"ReadAction","target":["https:\/\/genekas24.ee\/toode\/itcpower-dg12000xsem-230v-diiselgeneraator-10kw\/"]}]},{"@type":"ImageObject","inLanguage":"en-GB","@id":"https:\/\/genekas24.ee\/toode\/itcpower-dg12000xsem-230v-diiselgeneraator-10kw\/#primaryimage","url":"https:\/\/genekas24.ee\/wp-content\/uploads\/2026\/01\/7797-500x500-1.jpeg","contentUrl":"https:\/\/genekas24.ee\/wp-content\/uploads\/2026\/01\/7797-500x500-1.jpeg","width":500,"height":500},{"@type":"BreadcrumbList","@id":"https:\/\/genekas24.ee\/toode\/itcpower-dg12000xsem-230v-diiselgeneraator-10kw\/#breadcrumb","itemListElement":[{"@type":"ListItem","position":1,"name":"Home","item":"https:\/\/genekas24.ee\/"},{"@type":"ListItem","position":2,"name":"Pood","item":"https:\/\/genekas24.ee\/pood\/"},{"@type":"ListItem","position":3,"name":"ITCPOWER DG12000XSEM 230V diiselgeneraator 10kW"}]},{"@type":"WebSite","@id":"https:\/\/genekas24.ee\/#website","url":"https:\/\/genekas24.ee\/","name":"Genekas24","description":"Generaatorid | K&ouml;nner S&ouml;hnen tooted | Genekas24","publisher":{"@id":"https:\/\/genekas24.ee\/#organization"},"potentialAction":[{"@type":"SearchAction","target":{"@type":"EntryPoint","urlTemplate":"https:\/\/genekas24.ee\/?s={search_term_string}"},"query-input":{"@type":"PropertyValueSpecification","valueRequired":true,"valueName":"search_term_string"}}],"inLanguage":"en-GB"},{"@type":"Organization","@id":"https:\/\/genekas24.ee\/#organization","name":"Genekas24","url":"https:\/\/genekas24.ee\/","logo":{"@type":"ImageObject","inLanguage":"en-GB","@id":"https:\/\/genekas24.ee\/#\/schema\/logo\/image\/","url":"https:\/\/genekas24.ee\/wp-content\/uploads\/2026\/01\/genekas24-logo_black.svg","contentUrl":"https:\/\/genekas24.ee\/wp-content\/uploads\/2026\/01\/genekas24-logo_black.svg","width":840,"height":131,"caption":"Genekas24"},"image":{"@id":"https:\/\/genekas24.ee\/#\/schema\/logo\/image\/"}}]}},"_links":{"self":[{"href":"https:\/\/genekas24.ee\/en\/wp-json\/wp\/v2\/product\/22283","targetHints":{"allow":["GET"]}}],"collection":[{"href":"https:\/\/genekas24.ee\/en\/wp-json\/wp\/v2\/product"}],"about":[{"href":"https:\/\/genekas24.ee\/en\/wp-json\/wp\/v2\/types\/product"}],"version-history":[{"count":1,"href":"https:\/\/genekas24.ee\/en\/wp-json\/wp\/v2\/product\/22283\/revisions"}],"predecessor-version":[{"id":22294,"href":"https:\/\/genekas24.ee\/en\/wp-json\/wp\/v2\/product\/22283\/revisions\/22294"}],"wp:featuredmedia":[{"embeddable":true,"href":"https:\/\/genekas24.ee\/en\/wp-json\/wp\/v2\/media\/22284"}],"wp:attachment":[{"href":"https:\/\/genekas24.ee\/en\/wp-json\/wp\/v2\/media?parent=22283"}],"wp:term":[{"taxonomy":"product_brand","embeddable":true,"href":"https:\/\/genekas24.ee\/en\/wp-json\/wp\/v2\/product_brand?post=22283"},{"taxonomy":"product_cat","embeddable":true,"href":"https:\/\/genekas24.ee\/en\/wp-json\/wp\/v2\/product_cat?post=22283"},{"taxonomy":"product_tag","embeddable":true,"href":"https:\/\/genekas24.ee\/en\/wp-json\/wp\/v2\/product_tag?post=22283"}],"curies":[{"name":"wp","href":"https:\/\/api.w.org\/{rel}","templated":true}]}}