{"id":22252,"date":"2026-04-08T17:32:31","date_gmt":"2026-04-08T17:32:31","guid":{"rendered":"https:\/\/genekas24.ee\/?post_type=product&#038;p=22252"},"modified":"2026-04-08T17:32:31","modified_gmt":"2026-04-08T17:32:31","slug":"itcpower-dg10000set-diiselgeneraator-8000w-230v-400v-stage-v","status":"publish","type":"product","link":"https:\/\/genekas24.ee\/en\/product\/itcpower-dg10000set-diiselgeneraator-8000w-230v-400v-stage-v\/","title":{"rendered":"ITCPOWER DG10000SET diiselgeneraator 8000W 230V\/400V \u2013 (STAGE V)"},"content":{"rendered":"<p style=\"font-weight: 400;\">ITCPOWER DG10000SET diiselgeneraator 8000W 230V\/11000W 400V on kompaktne, \u00f6konoomne ja v\u00f5imas ITCPOWER kaubam\u00e4rgi generaator. ITCPOWER DG10000SET diiselgeneraatorit 8000W 230V\/11000W 400V saab k\u00e4ivitada ka elektriliselt.<\/p>\n<p style=\"font-weight: 400;\"><strong>Avariitoiteallikad:<\/strong><\/p>\n<p style=\"font-weight: 400;\">See on diiselgeneraatorite \u00fcks levinumaid rakendusi. Neid kasutatakse elektrienergia tootmiseks tavalise elektriv\u00f5rgu rikke korral v\u00f5i kui puudub otsene juurdep\u00e4\u00e4s v\u00f5rgule. See on sageli \u00fclioluline j\u00e4rgmistes kohtades: p\u00f5llumajandus, ehitusplatsid, infrastruktuur, lennujaamad ja muud kohad, kus isegi l\u00fchike elektrikatkestus v\u00f5ib olla kulukas. L\u00fchidalt \u00f6eldes kasutatakse diiselgeneraatoreid erinevates kohtades, kus puudub otsene juurdep\u00e4\u00e4s tavalisele elektriv\u00f5rgule, v\u00f5i avariilahendusena.<\/p>\n<p style=\"font-weight: 400;\"><strong>Hooldus:<\/strong><\/p>\n<p style=\"font-weight: 400;\">Diiselgeneraatorid vajavad regulaarset hooldust, sealhulgas \u00f5livahetust, \u00f5hufiltrite vahetust ja k\u00fctuses\u00fcsteemi kontrolli. Generaatori pikaajalise t\u00f6\u00f6 tagamiseks tehke seda regulaarselt. \u00d5li osas soovitame ITCPOWERi generaatorite jaoks kasutada 4T 15W40 \u00f5li. See on parim \u00f5li teie ITCPOWERi diiselgeneraatori pikaajaliseks j\u00f5udluseks. \u00d5li, filtrid ja mitmesugused muud osad on meilt kergesti k\u00e4ttesaadavad. Lisateabe saamiseks v\u00f5tke meiega \u00fchendust!<\/p>\n<p style=\"font-weight: 400;\"><strong>V\u00f5imsus ja m\u00fcra:<\/strong><\/p>\n<p style=\"font-weight: 400;\">Diiselgeneraatoreid on saadaval erinevates suurustes ja\/v\u00f5i v\u00f5imsusklassides, alates kaasaskantavatest generaatoritest v\u00e4ikeste rakenduste jaoks kuni suurte t\u00f6\u00f6stusgeneraatoriteni, mis suudavad toita terveid rajatisi. Paljud ITCPOWERi generaatorid on varustatud korpusega. See v\u00e4hendab diiselgeneraatori m\u00fcra. Palun vaadake hoolikalt l\u00e4bi allolevad fotod ja spetsifikatsioonid.<\/p>\n<p style=\"font-weight: 400;\"><strong>Automaatika:<\/strong><\/p>\n<p style=\"font-weight: 400;\">Paljud diiselgeneraatorid on varustatud automaatsete k\u00e4ivitus-\/seiskamiss\u00fcsteemide ja\/v\u00f5i ATS-\u00fchendustega. (t\u00e4histatud kui: ATS\/AUTO) Need saavad sujuvalt generaatorile toite l\u00fclitada, kui tavaline elektriv\u00f5rk rikki l\u00e4heb. See on ideaalne, kui otsite generaatorit avariilahenduseks. Mitme generaatori t\u00f6\u00f6pinge on 230 V ja 400 V. Generaatori\/generaatori kohta leiate \u00fcksikasjalikku teavet allpool olevatest tehnilistest kirjeldustest:<\/p>","protected":false},"excerpt":{"rendered":"<table style=\"width: 41.0532%;\">\n<tbody>\n<tr>\n<td>Pidevv\u00f5imsus<\/td>\n<td>10 kVA \/ 8 kW (400V) \/ 7,5 kW (230V)<\/td>\n<\/tr>\n<tr>\n<td>Maks. v\u00f5imsus<\/td>\n<td>10,6 kVA 8,4 kW (400 V) \/ 7,6 kW (230 V)<\/td>\n<\/tr>\n<tr>\n<td>Frequency<\/td>\n<td>50 Hz<\/td>\n<\/tr>\n<tr>\n<td>Voltage<\/td>\n<td>400 V v\u00f5i 230 V<\/td>\n<\/tr>\n<tr>\n<td>Voltage<\/td>\n<td>(400 V 11,5 A) \/ (230 V 32 A)<\/td>\n<\/tr>\n<tr>\n<td>V\u00e4ljundvoolud<\/td>\n<td>1 x 16 A PCE5p (400 V) \/ 1 x 32 A (230 V)<\/td>\n<\/tr>\n<tr>\n<td>K\u00fctusepaak<\/td>\n<td>25 l<\/td>\n<\/tr>\n<tr>\n<td>T\u00f6\u00f6aeg 50% koormusel<\/td>\n<td>10 tundi<\/td>\n<\/tr>\n<tr>\n<td>M\u00fcratase 7 meetri kauguselt<\/td>\n<td>72 dBA<\/td>\n<\/tr>\n<tr>\n<td>LWA m\u00fcratase<\/td>\n<td>96 dBA<\/td>\n<\/tr>\n<tr>\n<td>\u00d5lih\u00e4ire<\/td>\n<td>Jah<\/td>\n<\/tr>\n<tr>\n<td>\u00dclekoormuse indikaator<\/td>\n<td>Jah<\/td>\n<\/tr>\n<tr>\n<td>Mootor<\/td>\n<td>14,4 hj \u2013 Stage V<\/td>\n<\/tr>\n<tr>\n<td>Mootori t\u00f6\u00f6maht<\/td>\n<td>678 cm\u00b3<\/td>\n<\/tr>\n<tr>\n<td>Generaatori v\u00f5imsus<\/td>\n<td>8000 W<\/td>\n<\/tr>\n<tr>\n<td>Generaatori pinge reguleerimine<\/td>\n<td>AVR \/ harjad (1-2%)<\/td>\n<\/tr>\n<tr>\n<td>Netokaal<\/td>\n<td>210 kg<\/td>\n<\/tr>\n<tr>\n<td>Toote m\u00f5\u00f5tmed<\/td>\n<td>108 x 56 x 75 cm<\/td>\n<\/tr>\n<tr>\n<td>Cooling type<\/td>\n<td>\u00d5hkjahutus<\/td>\n<\/tr>\n<tr>\n<td>K\u00e4ivitusre\u017eiim<\/td>\n<td>Elektriline\/ATS<\/td>\n<\/tr>\n<tr>\n<td>\u00a0Display<\/td>\n<td>DC30<\/td>\n<\/tr>\n<\/tbody>\n<\/table>","protected":false},"featured_media":22253,"template":"","meta":{"_acf_changed":false,"inline_featured_image":false},"product_brand":[],"product_cat":[22,94],"product_tag":[],"class_list":{"0":"post-22252","1":"product","2":"type-product","3":"status-publish","4":"has-post-thumbnail","6":"product_cat-diiselgeneraatorid","7":"product_cat-generaatorid","8":"product_shipping_class-euroalus","9":"brand-itcpower","11":"first","12":"instock","13":"taxable","14":"shipping-taxable","15":"purchasable","16":"product-type-simple"},"acf":[],"yoast_head":"<!-- This site is optimized with the Yoast SEO plugin v27.2 - https:\/\/yoast.com\/product\/yoast-seo-wordpress\/ -->\n<title>ITCPOWER DG10000SET diiselgeneraator 8000W 230V\/400V \u2013 (STAGE V) - Genekas24<\/title>\n<meta name=\"robots\" content=\"index, follow, max-snippet:-1, max-image-preview:large, max-video-preview:-1\" \/>\n<link rel=\"canonical\" href=\"https:\/\/genekas24.ee\/en\/product\/itcpower-dg10000set-diiselgeneraator-8000w-230v-400v-stage-v\/\" \/>\n<meta property=\"og:locale\" content=\"en_GB\" \/>\n<meta property=\"og:type\" content=\"article\" \/>\n<meta property=\"og:title\" content=\"ITCPOWER DG10000SET diiselgeneraator 8000W 230V\/400V \u2013 (STAGE V) - Genekas24\" \/>\n<meta property=\"og:description\" content=\"Pidevv\u00f5imsus 10 kVA \/ 8 kW (400V) \/ 7,5 kW (230V)   Maks. v\u00f5imsus 10,6 kVA 8,4 kW (400 V) \/ 7,6 kW (230 V)   Sagedus 50 Hz   Pinge 400 V v\u00f5i 230 V   V\u00f5imsus (400 V 11,5 A) \/ (230 V 32 A)   V\u00e4ljundvoolud 1 x 16 A PCE5p (400 V) \/ 1 x 32 A (230 V)   K\u00fctusepaak 25 l   T\u00f6\u00f6aeg 50% koormusel 10 tundi   M\u00fcratase 7 meetri kauguselt 72 dBA   LWA m\u00fcratase 96 dBA   \u00d5lih\u00e4ire Jah   \u00dclekoormuse indikaator Jah   Mootor 14,4 hj \u2013 Stage V   Mootori t\u00f6\u00f6maht 678 cm\u00b3   Generaatori v\u00f5imsus 8000 W   Generaatori pinge reguleerimine AVR \/ harjad (1-2%)   Netokaal 210 kg   Toote m\u00f5\u00f5tmed 108 x 56 x 75 cm   Jahutust\u00fc\u00fcp \u00d5hkjahutus   K\u00e4ivitusre\u017eiim Elektriline\/ATS   \u00a0Ekraan DC30\" \/>\n<meta property=\"og:url\" content=\"https:\/\/genekas24.ee\/en\/product\/itcpower-dg10000set-diiselgeneraator-8000w-230v-400v-stage-v\/\" \/>\n<meta property=\"og:site_name\" content=\"Genekas24\" \/>\n<meta property=\"og:image\" content=\"https:\/\/genekas24.ee\/wp-content\/uploads\/2026\/01\/4141-500x500-1.jpeg\" \/>\n\t<meta property=\"og:image:width\" content=\"500\" \/>\n\t<meta property=\"og:image:height\" content=\"500\" \/>\n\t<meta property=\"og:image:type\" content=\"image\/jpeg\" \/>\n<meta name=\"twitter:card\" content=\"summary_large_image\" \/>\n<meta name=\"twitter:label1\" content=\"Estimated reading time\" \/>\n\t<meta name=\"twitter:data1\" content=\"2 minutes\" \/>\n<script type=\"application\/ld+json\" class=\"yoast-schema-graph\">{\"@context\":\"https:\/\/schema.org\",\"@graph\":[{\"@type\":\"WebPage\",\"@id\":\"https:\/\/genekas24.ee\/toode\/itcpower-dg10000set-diiselgeneraator-8000w-230v-400v-stage-v\/\",\"url\":\"https:\/\/genekas24.ee\/toode\/itcpower-dg10000set-diiselgeneraator-8000w-230v-400v-stage-v\/\",\"name\":\"ITCPOWER DG10000SET diiselgeneraator 8000W 230V\/400V \u2013 (STAGE V) - Genekas24\",\"isPartOf\":{\"@id\":\"https:\/\/genekas24.ee\/#website\"},\"primaryImageOfPage\":{\"@id\":\"https:\/\/genekas24.ee\/toode\/itcpower-dg10000set-diiselgeneraator-8000w-230v-400v-stage-v\/#primaryimage\"},\"image\":{\"@id\":\"https:\/\/genekas24.ee\/toode\/itcpower-dg10000set-diiselgeneraator-8000w-230v-400v-stage-v\/#primaryimage\"},\"thumbnailUrl\":\"https:\/\/genekas24.ee\/wp-content\/uploads\/2026\/01\/4141-500x500-1.jpeg\",\"datePublished\":\"2026-04-08T17:32:31+00:00\",\"breadcrumb\":{\"@id\":\"https:\/\/genekas24.ee\/toode\/itcpower-dg10000set-diiselgeneraator-8000w-230v-400v-stage-v\/#breadcrumb\"},\"inLanguage\":\"en-GB\",\"potentialAction\":[{\"@type\":\"ReadAction\",\"target\":[\"https:\/\/genekas24.ee\/toode\/itcpower-dg10000set-diiselgeneraator-8000w-230v-400v-stage-v\/\"]}]},{\"@type\":\"ImageObject\",\"inLanguage\":\"en-GB\",\"@id\":\"https:\/\/genekas24.ee\/toode\/itcpower-dg10000set-diiselgeneraator-8000w-230v-400v-stage-v\/#primaryimage\",\"url\":\"https:\/\/genekas24.ee\/wp-content\/uploads\/2026\/01\/4141-500x500-1.jpeg\",\"contentUrl\":\"https:\/\/genekas24.ee\/wp-content\/uploads\/2026\/01\/4141-500x500-1.jpeg\",\"width\":500,\"height\":500},{\"@type\":\"BreadcrumbList\",\"@id\":\"https:\/\/genekas24.ee\/toode\/itcpower-dg10000set-diiselgeneraator-8000w-230v-400v-stage-v\/#breadcrumb\",\"itemListElement\":[{\"@type\":\"ListItem\",\"position\":1,\"name\":\"Home\",\"item\":\"https:\/\/genekas24.ee\/\"},{\"@type\":\"ListItem\",\"position\":2,\"name\":\"Pood\",\"item\":\"https:\/\/genekas24.ee\/pood\/\"},{\"@type\":\"ListItem\",\"position\":3,\"name\":\"ITCPOWER DG10000SET diiselgeneraator 8000W 230V\/400V \u2013 (STAGE V)\"}]},{\"@type\":\"WebSite\",\"@id\":\"https:\/\/genekas24.ee\/#website\",\"url\":\"https:\/\/genekas24.ee\/\",\"name\":\"Genekas24\",\"description\":\"Generaatorid | K&ouml;nner S&ouml;hnen tooted | Genekas24\",\"publisher\":{\"@id\":\"https:\/\/genekas24.ee\/#organization\"},\"potentialAction\":[{\"@type\":\"SearchAction\",\"target\":{\"@type\":\"EntryPoint\",\"urlTemplate\":\"https:\/\/genekas24.ee\/?s={search_term_string}\"},\"query-input\":{\"@type\":\"PropertyValueSpecification\",\"valueRequired\":true,\"valueName\":\"search_term_string\"}}],\"inLanguage\":\"en-GB\"},{\"@type\":\"Organization\",\"@id\":\"https:\/\/genekas24.ee\/#organization\",\"name\":\"Genekas24\",\"url\":\"https:\/\/genekas24.ee\/\",\"logo\":{\"@type\":\"ImageObject\",\"inLanguage\":\"en-GB\",\"@id\":\"https:\/\/genekas24.ee\/#\/schema\/logo\/image\/\",\"url\":\"https:\/\/genekas24.ee\/wp-content\/uploads\/2026\/01\/genekas24-logo_black.svg\",\"contentUrl\":\"https:\/\/genekas24.ee\/wp-content\/uploads\/2026\/01\/genekas24-logo_black.svg\",\"width\":840,\"height\":131,\"caption\":\"Genekas24\"},\"image\":{\"@id\":\"https:\/\/genekas24.ee\/#\/schema\/logo\/image\/\"}}]}<\/script>\n<!-- \/ Yoast SEO plugin. -->","yoast_head_json":{"title":"ITCPOWER DG10000SET diiselgeneraator 8000W 230V\/400V \u2013 (STAGE V) - Genekas24","robots":{"index":"index","follow":"follow","max-snippet":"max-snippet:-1","max-image-preview":"max-image-preview:large","max-video-preview":"max-video-preview:-1"},"canonical":"https:\/\/genekas24.ee\/en\/product\/itcpower-dg10000set-diiselgeneraator-8000w-230v-400v-stage-v\/","og_locale":"en_GB","og_type":"article","og_title":"ITCPOWER DG10000SET diiselgeneraator 8000W 230V\/400V \u2013 (STAGE V) - Genekas24","og_description":"Pidevv\u00f5imsus 10 kVA \/ 8 kW (400V) \/ 7,5 kW (230V)   Maks. v\u00f5imsus 10,6 kVA 8,4 kW (400 V) \/ 7,6 kW (230 V)   Sagedus 50 Hz   Pinge 400 V v\u00f5i 230 V   V\u00f5imsus (400 V 11,5 A) \/ (230 V 32 A)   V\u00e4ljundvoolud 1 x 16 A PCE5p (400 V) \/ 1 x 32 A (230 V)   K\u00fctusepaak 25 l   T\u00f6\u00f6aeg 50% koormusel 10 tundi   M\u00fcratase 7 meetri kauguselt 72 dBA   LWA m\u00fcratase 96 dBA   \u00d5lih\u00e4ire Jah   \u00dclekoormuse indikaator Jah   Mootor 14,4 hj \u2013 Stage V   Mootori t\u00f6\u00f6maht 678 cm\u00b3   Generaatori v\u00f5imsus 8000 W   Generaatori pinge reguleerimine AVR \/ harjad (1-2%)   Netokaal 210 kg   Toote m\u00f5\u00f5tmed 108 x 56 x 75 cm   Jahutust\u00fc\u00fcp \u00d5hkjahutus   K\u00e4ivitusre\u017eiim Elektriline\/ATS   \u00a0Ekraan DC30","og_url":"https:\/\/genekas24.ee\/en\/product\/itcpower-dg10000set-diiselgeneraator-8000w-230v-400v-stage-v\/","og_site_name":"Genekas24","og_image":[{"width":500,"height":500,"url":"https:\/\/genekas24.ee\/wp-content\/uploads\/2026\/01\/4141-500x500-1.jpeg","type":"image\/jpeg"}],"twitter_card":"summary_large_image","twitter_misc":{"Estimated reading time":"2 minutes"},"schema":{"@context":"https:\/\/schema.org","@graph":[{"@type":"WebPage","@id":"https:\/\/genekas24.ee\/toode\/itcpower-dg10000set-diiselgeneraator-8000w-230v-400v-stage-v\/","url":"https:\/\/genekas24.ee\/toode\/itcpower-dg10000set-diiselgeneraator-8000w-230v-400v-stage-v\/","name":"ITCPOWER DG10000SET diiselgeneraator 8000W 230V\/400V \u2013 (STAGE V) - Genekas24","isPartOf":{"@id":"https:\/\/genekas24.ee\/#website"},"primaryImageOfPage":{"@id":"https:\/\/genekas24.ee\/toode\/itcpower-dg10000set-diiselgeneraator-8000w-230v-400v-stage-v\/#primaryimage"},"image":{"@id":"https:\/\/genekas24.ee\/toode\/itcpower-dg10000set-diiselgeneraator-8000w-230v-400v-stage-v\/#primaryimage"},"thumbnailUrl":"https:\/\/genekas24.ee\/wp-content\/uploads\/2026\/01\/4141-500x500-1.jpeg","datePublished":"2026-04-08T17:32:31+00:00","breadcrumb":{"@id":"https:\/\/genekas24.ee\/toode\/itcpower-dg10000set-diiselgeneraator-8000w-230v-400v-stage-v\/#breadcrumb"},"inLanguage":"en-GB","potentialAction":[{"@type":"ReadAction","target":["https:\/\/genekas24.ee\/toode\/itcpower-dg10000set-diiselgeneraator-8000w-230v-400v-stage-v\/"]}]},{"@type":"ImageObject","inLanguage":"en-GB","@id":"https:\/\/genekas24.ee\/toode\/itcpower-dg10000set-diiselgeneraator-8000w-230v-400v-stage-v\/#primaryimage","url":"https:\/\/genekas24.ee\/wp-content\/uploads\/2026\/01\/4141-500x500-1.jpeg","contentUrl":"https:\/\/genekas24.ee\/wp-content\/uploads\/2026\/01\/4141-500x500-1.jpeg","width":500,"height":500},{"@type":"BreadcrumbList","@id":"https:\/\/genekas24.ee\/toode\/itcpower-dg10000set-diiselgeneraator-8000w-230v-400v-stage-v\/#breadcrumb","itemListElement":[{"@type":"ListItem","position":1,"name":"Home","item":"https:\/\/genekas24.ee\/"},{"@type":"ListItem","position":2,"name":"Pood","item":"https:\/\/genekas24.ee\/pood\/"},{"@type":"ListItem","position":3,"name":"ITCPOWER DG10000SET diiselgeneraator 8000W 230V\/400V \u2013 (STAGE V)"}]},{"@type":"WebSite","@id":"https:\/\/genekas24.ee\/#website","url":"https:\/\/genekas24.ee\/","name":"Genekas24","description":"Generaatorid | K&ouml;nner S&ouml;hnen tooted | Genekas24","publisher":{"@id":"https:\/\/genekas24.ee\/#organization"},"potentialAction":[{"@type":"SearchAction","target":{"@type":"EntryPoint","urlTemplate":"https:\/\/genekas24.ee\/?s={search_term_string}"},"query-input":{"@type":"PropertyValueSpecification","valueRequired":true,"valueName":"search_term_string"}}],"inLanguage":"en-GB"},{"@type":"Organization","@id":"https:\/\/genekas24.ee\/#organization","name":"Genekas24","url":"https:\/\/genekas24.ee\/","logo":{"@type":"ImageObject","inLanguage":"en-GB","@id":"https:\/\/genekas24.ee\/#\/schema\/logo\/image\/","url":"https:\/\/genekas24.ee\/wp-content\/uploads\/2026\/01\/genekas24-logo_black.svg","contentUrl":"https:\/\/genekas24.ee\/wp-content\/uploads\/2026\/01\/genekas24-logo_black.svg","width":840,"height":131,"caption":"Genekas24"},"image":{"@id":"https:\/\/genekas24.ee\/#\/schema\/logo\/image\/"}}]}},"_links":{"self":[{"href":"https:\/\/genekas24.ee\/en\/wp-json\/wp\/v2\/product\/22252","targetHints":{"allow":["GET"]}}],"collection":[{"href":"https:\/\/genekas24.ee\/en\/wp-json\/wp\/v2\/product"}],"about":[{"href":"https:\/\/genekas24.ee\/en\/wp-json\/wp\/v2\/types\/product"}],"version-history":[{"count":2,"href":"https:\/\/genekas24.ee\/en\/wp-json\/wp\/v2\/product\/22252\/revisions"}],"predecessor-version":[{"id":22282,"href":"https:\/\/genekas24.ee\/en\/wp-json\/wp\/v2\/product\/22252\/revisions\/22282"}],"wp:featuredmedia":[{"embeddable":true,"href":"https:\/\/genekas24.ee\/en\/wp-json\/wp\/v2\/media\/22253"}],"wp:attachment":[{"href":"https:\/\/genekas24.ee\/en\/wp-json\/wp\/v2\/media?parent=22252"}],"wp:term":[{"taxonomy":"product_brand","embeddable":true,"href":"https:\/\/genekas24.ee\/en\/wp-json\/wp\/v2\/product_brand?post=22252"},{"taxonomy":"product_cat","embeddable":true,"href":"https:\/\/genekas24.ee\/en\/wp-json\/wp\/v2\/product_cat?post=22252"},{"taxonomy":"product_tag","embeddable":true,"href":"https:\/\/genekas24.ee\/en\/wp-json\/wp\/v2\/product_tag?post=22252"}],"curies":[{"name":"wp","href":"https:\/\/api.w.org\/{rel}","templated":true}]}}