{"id":22248,"date":"2026-04-08T17:33:04","date_gmt":"2026-04-08T17:33:04","guid":{"rendered":"https:\/\/genekas24.ee\/?post_type=product&#038;p=22248"},"modified":"2026-04-08T17:33:05","modified_gmt":"2026-04-08T17:33:05","slug":"itcpower-dg10000se-lrs-spetsiaalne-diiselgeneraator-solar-serie-85-kw","status":"publish","type":"product","link":"https:\/\/genekas24.ee\/en\/product\/itcpower-dg10000se-lrs-spetsiaalne-diiselgeneraator-solar-serie-85-kw\/","title":{"rendered":"ITCPOWER DG10000SE-LRS Spetsiaalne diiselgeneraator Solar serie 8,5 kW"},"content":{"rendered":"<p style=\"font-weight: 400;\">DG10000SE-LRS diiselgeneraator sobib ideaalselt fotogalvaaniliste paigaldiste jaoks, omades maksimaalset v\u00f5imsust 8500 W, elektrilist\/ATS-k\u00e4ivitust ja 14,4 hj mootorit. See t\u00f6\u00f6tab 230 V pingega, AVR-regulatsiooniga, madala m\u00fcratasemega (72 dBA) ja digitaalse ekraaniga. See pakub suurt t\u00f5husust, t\u00f6\u00f6kindlust ja vastupidavat disaini p\u00e4ikeseenergia ja pideva varutoite jaoks.<\/p>\n<p style=\"font-weight: 400;\">DG10000SE-LRS on diiselgeneraator, mis on spetsiaalselt loodud t\u00e4iendama fotogalvaanilisi paigaldisi, pakkudes usaldusv\u00e4\u00e4rset, t\u00f5husat ja suure j\u00f5udlusega varutoiteallikat.<\/p>\n<p style=\"font-weight: 400;\">Nimiv\u00f5imsusega 8000 W ja maksimaalse v\u00f5imsusega 8500 W t\u00f6\u00f6tab see pingel 230 V \/ 50 Hz kiirusel 3000 p\/min. See tagab stabiilse voolu t\u00e4nu AVR pinge reguleerimise s\u00fcsteemile, mis kaitseb tundlikke seadmeid ja optimeerib j\u00f5udlust h\u00fcbriids\u00fcsteemides.<\/p>\n<p style=\"font-weight: 400;\">Varustatud tugeva 14,4 hj, 678 cm\u00b3 D680E diiselmootoriga generaator pakub elektrilist k\u00e4ivitust ja on ATS-\u00fchilduv, mis h\u00f5lbustab selle sujuvat integreerimist p\u00e4ikeses\u00fcsteemidega. Selle liitiumaku koos 40-liitrise k\u00fctusepaagiga tagab kuni 10 tundi t\u00f6\u00f6aega 50% koormusel ilma tankimiseta.<\/p>","protected":false},"excerpt":{"rendered":"<table>\n<tbody>\n<tr>\n<td>Voltage<\/td>\n<td>230 V<\/td>\n<\/tr>\n<tr>\n<td>Maksimaalne v\u00f5imsus<\/td>\n<td>8500 W<\/td>\n<\/tr>\n<tr>\n<td>Nimiv\u00f5imsus<\/td>\n<td>8000 W<\/td>\n<\/tr>\n<tr>\n<td>Sagedus (Hz)<\/td>\n<td>50 Hz<\/td>\n<\/tr>\n<tr>\n<td>V\u00e4ljundvoolud<\/td>\n<td>1 x 16 A + 1 x 32 A<\/td>\n<\/tr>\n<tr>\n<td>Liitiumaku<\/td>\n<td><\/td>\n<\/tr>\n<tr>\n<td>K\u00fctusemaht<\/td>\n<td>40 l<\/td>\n<\/tr>\n<tr>\n<td>T\u00f6\u00f6aeg 50% koormusel<\/td>\n<td>10 h<\/td>\n<\/tr>\n<tr>\n<td>M\u00fcratase 7 meetri kauguselt<\/td>\n<td>72 dBA<\/td>\n<\/tr>\n<tr>\n<td>LWA m\u00fcratase<\/td>\n<td>96 dBA<\/td>\n<\/tr>\n<tr>\n<td>Engine model<\/td>\n<td>D680E diisel<\/td>\n<\/tr>\n<tr>\n<td>Mootori nimiv\u00f5imsus<\/td>\n<td>14,4 hj<\/td>\n<\/tr>\n<tr>\n<td>Mootori k\u00e4ivitusmeetod<\/td>\n<td>elektriline \/ ATS<\/td>\n<\/tr>\n<tr>\n<td>ATS valmidus<\/td>\n<td><\/td>\n<\/tr>\n<tr>\n<td>AUTO START<\/td>\n<td><\/td>\n<\/tr>\n<tr>\n<td>Mootori t\u00f6\u00f6maht<\/td>\n<td>678 cm3<\/td>\n<\/tr>\n<tr>\n<td>Mootori \u00f5limaht<\/td>\n<td>2,4 l<\/td>\n<\/tr>\n<tr>\n<td>Generaator &#8211; mudel<\/td>\n<td>AL8<\/td>\n<\/tr>\n<tr>\n<td>Generaatori v\u00f5imsus<\/td>\n<td>8000 W<\/td>\n<\/tr>\n<tr>\n<td>Generaatori v\u00f5imsustegur<\/td>\n<td>1<\/td>\n<\/tr>\n<tr>\n<td>Generaatori harjade pinge reguleerimine \/ AVR<\/td>\n<td><\/td>\n<\/tr>\n<tr>\n<td>Madala \u00f5litaseme alarm<\/td>\n<td>Jah<\/td>\n<\/tr>\n<tr>\n<td>\u00dclekoormuse indikaator<\/td>\n<td>Jah<\/td>\n<\/tr>\n<tr>\n<td>Netokaal<\/td>\n<td>245 kg<\/td>\n<\/tr>\n<tr>\n<td>Voolutugevus<\/td>\n<td>37 A<\/td>\n<\/tr>\n<tr>\n<td>Display<\/td>\n<td>DC30<\/td>\n<\/tr>\n<tr>\n<td>P\u00f6\u00f6rete arv minutis<\/td>\n<td>3000 p\/min<\/td>\n<\/tr>\n<tr>\n<td>Pikkus<\/td>\n<td>109 cm<\/td>\n<\/tr>\n<tr>\n<td>Laius<\/td>\n<td>89 cm<\/td>\n<\/tr>\n<tr>\n<td>K\u00f5rgus<\/td>\n<td>60 cm<\/td>\n<\/tr>\n<tr>\n<td>V\u00e4rv<\/td>\n<td>Valge<\/td>\n<\/tr>\n<\/tbody>\n<\/table>","protected":false},"featured_media":22249,"template":"","meta":{"_acf_changed":false,"inline_featured_image":false},"product_brand":[],"product_cat":[22,94],"product_tag":[],"class_list":{"0":"post-22248","1":"product","2":"type-product","3":"status-publish","4":"has-post-thumbnail","6":"product_cat-diiselgeneraatorid","7":"product_cat-generaatorid","8":"product_shipping_class-euroalus","9":"brand-itcpower","11":"first","12":"instock","13":"taxable","14":"shipping-taxable","15":"purchasable","16":"product-type-simple"},"acf":[],"yoast_head":"<!-- This site is optimized with the Yoast SEO plugin v27.2 - https:\/\/yoast.com\/product\/yoast-seo-wordpress\/ -->\n<title>ITCPOWER DG10000SE-LRS Spetsiaalne diiselgeneraator Solar serie 8,5 kW - Genekas24<\/title>\n<meta name=\"robots\" content=\"index, follow, max-snippet:-1, max-image-preview:large, max-video-preview:-1\" \/>\n<link rel=\"canonical\" href=\"https:\/\/genekas24.ee\/en\/product\/itcpower-dg10000se-lrs-spetsiaalne-diiselgeneraator-solar-serie-85-kw\/\" \/>\n<meta property=\"og:locale\" content=\"en_GB\" \/>\n<meta property=\"og:type\" content=\"article\" \/>\n<meta property=\"og:title\" content=\"ITCPOWER DG10000SE-LRS Spetsiaalne diiselgeneraator Solar serie 8,5 kW - Genekas24\" \/>\n<meta property=\"og:description\" content=\"Pinge 230 V   Maksimaalne v\u00f5imsus 8500 W   Nimiv\u00f5imsus 8000 W   Sagedus (Hz) 50 Hz   V\u00e4ljundvoolud 1 x 16 A + 1 x 32 A   Liitiumaku    K\u00fctusemaht 40 l   T\u00f6\u00f6aeg 50% koormusel 10 h   M\u00fcratase 7 meetri kauguselt 72 dBA   LWA m\u00fcratase 96 dBA   Mootori mudel D680E diisel   Mootori nimiv\u00f5imsus 14,4 hj   Mootori k\u00e4ivitusmeetod elektriline \/ ATS   ATS valmidus    AUTO START    Mootori t\u00f6\u00f6maht 678 cm3   Mootori \u00f5limaht 2,4 l   Generaator - mudel AL8   Generaatori v\u00f5imsus 8000 W   Generaatori v\u00f5imsustegur 1   Generaatori harjade pinge reguleerimine \/ AVR    Madala \u00f5litaseme alarm Jah   \u00dclekoormuse indikaator Jah   Netokaal 245 kg   Voolutugevus 37 A   Ekraan DC30   P\u00f6\u00f6rete arv minutis 3000 p\/min   Pikkus 109 cm   Laius 89 cm   K\u00f5rgus 60 cm   V\u00e4rv Valge\" \/>\n<meta property=\"og:url\" content=\"https:\/\/genekas24.ee\/en\/product\/itcpower-dg10000se-lrs-spetsiaalne-diiselgeneraator-solar-serie-85-kw\/\" \/>\n<meta property=\"og:site_name\" content=\"Genekas24\" \/>\n<meta property=\"article:modified_time\" content=\"2026-04-08T17:33:05+00:00\" \/>\n<meta property=\"og:image\" content=\"https:\/\/genekas24.ee\/wp-content\/uploads\/2026\/01\/6003-500x500-1.jpeg\" \/>\n\t<meta property=\"og:image:width\" content=\"500\" \/>\n\t<meta property=\"og:image:height\" content=\"500\" \/>\n\t<meta property=\"og:image:type\" content=\"image\/jpeg\" \/>\n<meta name=\"twitter:card\" content=\"summary_large_image\" \/>\n<meta name=\"twitter:label1\" content=\"Estimated reading time\" \/>\n\t<meta name=\"twitter:data1\" content=\"1 minute\" \/>\n<script type=\"application\/ld+json\" class=\"yoast-schema-graph\">{\"@context\":\"https:\/\/schema.org\",\"@graph\":[{\"@type\":\"WebPage\",\"@id\":\"https:\/\/genekas24.ee\/toode\/itcpower-dg10000se-lrs-spetsiaalne-diiselgeneraator-solar-serie-85-kw\/\",\"url\":\"https:\/\/genekas24.ee\/toode\/itcpower-dg10000se-lrs-spetsiaalne-diiselgeneraator-solar-serie-85-kw\/\",\"name\":\"ITCPOWER DG10000SE-LRS Spetsiaalne diiselgeneraator Solar serie 8,5 kW - Genekas24\",\"isPartOf\":{\"@id\":\"https:\/\/genekas24.ee\/#website\"},\"primaryImageOfPage\":{\"@id\":\"https:\/\/genekas24.ee\/toode\/itcpower-dg10000se-lrs-spetsiaalne-diiselgeneraator-solar-serie-85-kw\/#primaryimage\"},\"image\":{\"@id\":\"https:\/\/genekas24.ee\/toode\/itcpower-dg10000se-lrs-spetsiaalne-diiselgeneraator-solar-serie-85-kw\/#primaryimage\"},\"thumbnailUrl\":\"https:\/\/genekas24.ee\/wp-content\/uploads\/2026\/01\/6003-500x500-1.jpeg\",\"datePublished\":\"2026-04-08T17:33:04+00:00\",\"dateModified\":\"2026-04-08T17:33:05+00:00\",\"breadcrumb\":{\"@id\":\"https:\/\/genekas24.ee\/toode\/itcpower-dg10000se-lrs-spetsiaalne-diiselgeneraator-solar-serie-85-kw\/#breadcrumb\"},\"inLanguage\":\"en-GB\",\"potentialAction\":[{\"@type\":\"ReadAction\",\"target\":[\"https:\/\/genekas24.ee\/toode\/itcpower-dg10000se-lrs-spetsiaalne-diiselgeneraator-solar-serie-85-kw\/\"]}]},{\"@type\":\"ImageObject\",\"inLanguage\":\"en-GB\",\"@id\":\"https:\/\/genekas24.ee\/toode\/itcpower-dg10000se-lrs-spetsiaalne-diiselgeneraator-solar-serie-85-kw\/#primaryimage\",\"url\":\"https:\/\/genekas24.ee\/wp-content\/uploads\/2026\/01\/6003-500x500-1.jpeg\",\"contentUrl\":\"https:\/\/genekas24.ee\/wp-content\/uploads\/2026\/01\/6003-500x500-1.jpeg\",\"width\":500,\"height\":500},{\"@type\":\"BreadcrumbList\",\"@id\":\"https:\/\/genekas24.ee\/toode\/itcpower-dg10000se-lrs-spetsiaalne-diiselgeneraator-solar-serie-85-kw\/#breadcrumb\",\"itemListElement\":[{\"@type\":\"ListItem\",\"position\":1,\"name\":\"Home\",\"item\":\"https:\/\/genekas24.ee\/\"},{\"@type\":\"ListItem\",\"position\":2,\"name\":\"Pood\",\"item\":\"https:\/\/genekas24.ee\/pood\/\"},{\"@type\":\"ListItem\",\"position\":3,\"name\":\"ITCPOWER DG10000SE-LRS Spetsiaalne diiselgeneraator Solar serie 8,5 kW\"}]},{\"@type\":\"WebSite\",\"@id\":\"https:\/\/genekas24.ee\/#website\",\"url\":\"https:\/\/genekas24.ee\/\",\"name\":\"Genekas24\",\"description\":\"Generaatorid | K&ouml;nner S&ouml;hnen tooted | Genekas24\",\"publisher\":{\"@id\":\"https:\/\/genekas24.ee\/#organization\"},\"potentialAction\":[{\"@type\":\"SearchAction\",\"target\":{\"@type\":\"EntryPoint\",\"urlTemplate\":\"https:\/\/genekas24.ee\/?s={search_term_string}\"},\"query-input\":{\"@type\":\"PropertyValueSpecification\",\"valueRequired\":true,\"valueName\":\"search_term_string\"}}],\"inLanguage\":\"en-GB\"},{\"@type\":\"Organization\",\"@id\":\"https:\/\/genekas24.ee\/#organization\",\"name\":\"Genekas24\",\"url\":\"https:\/\/genekas24.ee\/\",\"logo\":{\"@type\":\"ImageObject\",\"inLanguage\":\"en-GB\",\"@id\":\"https:\/\/genekas24.ee\/#\/schema\/logo\/image\/\",\"url\":\"https:\/\/genekas24.ee\/wp-content\/uploads\/2026\/01\/genekas24-logo_black.svg\",\"contentUrl\":\"https:\/\/genekas24.ee\/wp-content\/uploads\/2026\/01\/genekas24-logo_black.svg\",\"width\":840,\"height\":131,\"caption\":\"Genekas24\"},\"image\":{\"@id\":\"https:\/\/genekas24.ee\/#\/schema\/logo\/image\/\"}}]}<\/script>\n<!-- \/ Yoast SEO plugin. -->","yoast_head_json":{"title":"ITCPOWER DG10000SE-LRS Spetsiaalne diiselgeneraator Solar serie 8,5 kW - Genekas24","robots":{"index":"index","follow":"follow","max-snippet":"max-snippet:-1","max-image-preview":"max-image-preview:large","max-video-preview":"max-video-preview:-1"},"canonical":"https:\/\/genekas24.ee\/en\/product\/itcpower-dg10000se-lrs-spetsiaalne-diiselgeneraator-solar-serie-85-kw\/","og_locale":"en_GB","og_type":"article","og_title":"ITCPOWER DG10000SE-LRS Spetsiaalne diiselgeneraator Solar serie 8,5 kW - Genekas24","og_description":"Pinge 230 V   Maksimaalne v\u00f5imsus 8500 W   Nimiv\u00f5imsus 8000 W   Sagedus (Hz) 50 Hz   V\u00e4ljundvoolud 1 x 16 A + 1 x 32 A   Liitiumaku    K\u00fctusemaht 40 l   T\u00f6\u00f6aeg 50% koormusel 10 h   M\u00fcratase 7 meetri kauguselt 72 dBA   LWA m\u00fcratase 96 dBA   Mootori mudel D680E diisel   Mootori nimiv\u00f5imsus 14,4 hj   Mootori k\u00e4ivitusmeetod elektriline \/ ATS   ATS valmidus    AUTO START    Mootori t\u00f6\u00f6maht 678 cm3   Mootori \u00f5limaht 2,4 l   Generaator - mudel AL8   Generaatori v\u00f5imsus 8000 W   Generaatori v\u00f5imsustegur 1   Generaatori harjade pinge reguleerimine \/ AVR    Madala \u00f5litaseme alarm Jah   \u00dclekoormuse indikaator Jah   Netokaal 245 kg   Voolutugevus 37 A   Ekraan DC30   P\u00f6\u00f6rete arv minutis 3000 p\/min   Pikkus 109 cm   Laius 89 cm   K\u00f5rgus 60 cm   V\u00e4rv Valge","og_url":"https:\/\/genekas24.ee\/en\/product\/itcpower-dg10000se-lrs-spetsiaalne-diiselgeneraator-solar-serie-85-kw\/","og_site_name":"Genekas24","article_modified_time":"2026-04-08T17:33:05+00:00","og_image":[{"width":500,"height":500,"url":"https:\/\/genekas24.ee\/wp-content\/uploads\/2026\/01\/6003-500x500-1.jpeg","type":"image\/jpeg"}],"twitter_card":"summary_large_image","twitter_misc":{"Estimated reading time":"1 minute"},"schema":{"@context":"https:\/\/schema.org","@graph":[{"@type":"WebPage","@id":"https:\/\/genekas24.ee\/toode\/itcpower-dg10000se-lrs-spetsiaalne-diiselgeneraator-solar-serie-85-kw\/","url":"https:\/\/genekas24.ee\/toode\/itcpower-dg10000se-lrs-spetsiaalne-diiselgeneraator-solar-serie-85-kw\/","name":"ITCPOWER DG10000SE-LRS Spetsiaalne diiselgeneraator Solar serie 8,5 kW - Genekas24","isPartOf":{"@id":"https:\/\/genekas24.ee\/#website"},"primaryImageOfPage":{"@id":"https:\/\/genekas24.ee\/toode\/itcpower-dg10000se-lrs-spetsiaalne-diiselgeneraator-solar-serie-85-kw\/#primaryimage"},"image":{"@id":"https:\/\/genekas24.ee\/toode\/itcpower-dg10000se-lrs-spetsiaalne-diiselgeneraator-solar-serie-85-kw\/#primaryimage"},"thumbnailUrl":"https:\/\/genekas24.ee\/wp-content\/uploads\/2026\/01\/6003-500x500-1.jpeg","datePublished":"2026-04-08T17:33:04+00:00","dateModified":"2026-04-08T17:33:05+00:00","breadcrumb":{"@id":"https:\/\/genekas24.ee\/toode\/itcpower-dg10000se-lrs-spetsiaalne-diiselgeneraator-solar-serie-85-kw\/#breadcrumb"},"inLanguage":"en-GB","potentialAction":[{"@type":"ReadAction","target":["https:\/\/genekas24.ee\/toode\/itcpower-dg10000se-lrs-spetsiaalne-diiselgeneraator-solar-serie-85-kw\/"]}]},{"@type":"ImageObject","inLanguage":"en-GB","@id":"https:\/\/genekas24.ee\/toode\/itcpower-dg10000se-lrs-spetsiaalne-diiselgeneraator-solar-serie-85-kw\/#primaryimage","url":"https:\/\/genekas24.ee\/wp-content\/uploads\/2026\/01\/6003-500x500-1.jpeg","contentUrl":"https:\/\/genekas24.ee\/wp-content\/uploads\/2026\/01\/6003-500x500-1.jpeg","width":500,"height":500},{"@type":"BreadcrumbList","@id":"https:\/\/genekas24.ee\/toode\/itcpower-dg10000se-lrs-spetsiaalne-diiselgeneraator-solar-serie-85-kw\/#breadcrumb","itemListElement":[{"@type":"ListItem","position":1,"name":"Home","item":"https:\/\/genekas24.ee\/"},{"@type":"ListItem","position":2,"name":"Pood","item":"https:\/\/genekas24.ee\/pood\/"},{"@type":"ListItem","position":3,"name":"ITCPOWER DG10000SE-LRS Spetsiaalne diiselgeneraator Solar serie 8,5 kW"}]},{"@type":"WebSite","@id":"https:\/\/genekas24.ee\/#website","url":"https:\/\/genekas24.ee\/","name":"Genekas24","description":"Generaatorid | K&ouml;nner S&ouml;hnen tooted | Genekas24","publisher":{"@id":"https:\/\/genekas24.ee\/#organization"},"potentialAction":[{"@type":"SearchAction","target":{"@type":"EntryPoint","urlTemplate":"https:\/\/genekas24.ee\/?s={search_term_string}"},"query-input":{"@type":"PropertyValueSpecification","valueRequired":true,"valueName":"search_term_string"}}],"inLanguage":"en-GB"},{"@type":"Organization","@id":"https:\/\/genekas24.ee\/#organization","name":"Genekas24","url":"https:\/\/genekas24.ee\/","logo":{"@type":"ImageObject","inLanguage":"en-GB","@id":"https:\/\/genekas24.ee\/#\/schema\/logo\/image\/","url":"https:\/\/genekas24.ee\/wp-content\/uploads\/2026\/01\/genekas24-logo_black.svg","contentUrl":"https:\/\/genekas24.ee\/wp-content\/uploads\/2026\/01\/genekas24-logo_black.svg","width":840,"height":131,"caption":"Genekas24"},"image":{"@id":"https:\/\/genekas24.ee\/#\/schema\/logo\/image\/"}}]}},"_links":{"self":[{"href":"https:\/\/genekas24.ee\/en\/wp-json\/wp\/v2\/product\/22248","targetHints":{"allow":["GET"]}}],"collection":[{"href":"https:\/\/genekas24.ee\/en\/wp-json\/wp\/v2\/product"}],"about":[{"href":"https:\/\/genekas24.ee\/en\/wp-json\/wp\/v2\/types\/product"}],"version-history":[{"count":1,"href":"https:\/\/genekas24.ee\/en\/wp-json\/wp\/v2\/product\/22248\/revisions"}],"predecessor-version":[{"id":22251,"href":"https:\/\/genekas24.ee\/en\/wp-json\/wp\/v2\/product\/22248\/revisions\/22251"}],"wp:featuredmedia":[{"embeddable":true,"href":"https:\/\/genekas24.ee\/en\/wp-json\/wp\/v2\/media\/22249"}],"wp:attachment":[{"href":"https:\/\/genekas24.ee\/en\/wp-json\/wp\/v2\/media?parent=22248"}],"wp:term":[{"taxonomy":"product_brand","embeddable":true,"href":"https:\/\/genekas24.ee\/en\/wp-json\/wp\/v2\/product_brand?post=22248"},{"taxonomy":"product_cat","embeddable":true,"href":"https:\/\/genekas24.ee\/en\/wp-json\/wp\/v2\/product_cat?post=22248"},{"taxonomy":"product_tag","embeddable":true,"href":"https:\/\/genekas24.ee\/en\/wp-json\/wp\/v2\/product_tag?post=22248"}],"curies":[{"name":"wp","href":"https:\/\/api.w.org\/{rel}","templated":true}]}}