{"id":22242,"date":"2026-04-08T17:33:09","date_gmt":"2026-04-08T17:33:09","guid":{"rendered":"https:\/\/genekas24.ee\/?post_type=product&#038;p=22242"},"modified":"2026-04-08T17:33:10","modified_gmt":"2026-04-08T17:33:10","slug":"itcpower-dg10000se-diiselgeneraator-8000w-230v","status":"publish","type":"product","link":"https:\/\/genekas24.ee\/en\/product\/itcpower-dg10000se-diiselgeneraator-8000w-230v\/","title":{"rendered":"ITCPOWER DG10000SE diiselgeneraator 8000W 230V"},"content":{"rendered":"<p style=\"font-weight: 400;\">ITCPOWER DG10000SE 8000W 230V diiselgeneraator on kompaktne, \u00f6konoomne ja v\u00f5imas ITCPOWER kaubam\u00e4rgi generaator. ITCPOWER DG10000SE 8000W 230V diiselgeneraatorit saab k\u00e4ivitada ka elektriliselt.<\/p>\n<p style=\"font-weight: 400;\"><strong>Avariitoiteallikad:<\/strong><\/p>\n<p style=\"font-weight: 400;\">See on diiselgeneraatorite \u00fcks levinumaid rakendusi. Neid kasutatakse elektrienergia tootmiseks, kui tavaline elektriv\u00f5rk rikki l\u00e4heb v\u00f5i puudub otsene juurdep\u00e4\u00e4s v\u00f5rgule. See on sageli \u00fclioluline j\u00e4rgmistes kohtades: p\u00f5llumajandus, ehitusplatsid, infrastruktuur, lennujaamad ja muud kohad, kus isegi l\u00fchike elektrikatkestus v\u00f5ib olla kulukas. L\u00fchidalt \u00f6eldes kasutatakse diiselgeneraatoreid erinevates kohtades, kus puudub otsene juurdep\u00e4\u00e4s tavalisele elektriv\u00f5rgule, v\u00f5i avariilahendusena.<\/p>\n<p style=\"font-weight: 400;\"><strong>Hooldus:<\/strong><\/p>\n<p style=\"font-weight: 400;\">Diiselgeneraatorid vajavad regulaarset hooldust, sealhulgas \u00f5livahetust, \u00f5hufiltri vahetamist ja k\u00fctuses\u00fcsteemide kontrolli. Veenduge, et seda tehakse regulaarselt, et tagada generaatori pikaajaline kasutamine. \u00d5li osas soovitame ITCPOWERi generaatoritele kasutada 4T 15W40 \u00f5li. See on parim \u00f5li teie ITCPOWERi diiselgeneraatori pikaajaliseks j\u00f5udluseks. \u00d5li, filtrid ja mitmesugused muud osad on meilt kergesti k\u00e4ttesaadavad. Lisateabe saamiseks v\u00f5tke meiega \u00fchendust!<\/p>\n<p style=\"font-weight: 400;\"><strong>V\u00f5imsus ja m\u00fcra:<\/strong><\/p>\n<p style=\"font-weight: 400;\">Diiselgeneraatoreid on saadaval erinevates suurustes ja\/v\u00f5i v\u00f5imsusklassides, alates kaasaskantavatest generaatoritest v\u00e4ikeste rakenduste jaoks kuni suurte t\u00f6\u00f6stusgeneraatoriteni, mis suudavad toita terveid rajatisi. Paljud ITCPOWERi generaatorid on varustatud korpusega. See v\u00e4hendab diiselgeneraatori m\u00fcra. Palun kontrollige hoolikalt allolevaid fotosid ja spetsifikatsioone.<\/p>\n<p style=\"font-weight: 400;\"><strong>Automaatika:<\/strong><\/p>\n<p style=\"font-weight: 400;\">Paljud diiselgeneraatorid on varustatud automaatsete k\u00e4ivitus-\/seiskamiss\u00fcsteemide ja\/v\u00f5i ATS-\u00fchendustega (t\u00e4histatud kui: ATS\/AUTO). Need saavad v\u00f5rgu rikke korral sujuvalt generaatorile toite l\u00fclitada. See on ideaalne, kui otsite avariigeneraatorit. See saab t\u00f6\u00f6tada ka erinevate 230 V ja 400 V generaatoritega. Generaatori kohta leiate \u00fcksikasjalikku teavet allpool olevatest tehnilistest kirjeldustest:<\/p>","protected":false},"excerpt":{"rendered":"<table>\n<tbody>\n<tr>\n<td>V\u00e4ljund<\/td>\n<td>1xPCE5p (400) \/ 1x32A (230)<\/td>\n<\/tr>\n<tr>\n<td>Maandus<\/td>\n<td>Jah<\/td>\n<\/tr>\n<tr>\n<td>ATS (automaatse \u00fclekandes\u00fcsteemi) \u00fchendus<\/td>\n<td>Jah<\/td>\n<\/tr>\n<tr>\n<td>Mudel<\/td>\n<td>DG10000SE<\/td>\n<\/tr>\n<tr>\n<td>Voltage<\/td>\n<td>230V<\/td>\n<\/tr>\n<tr>\n<td>Vool (A)<\/td>\n<td>35A<\/td>\n<\/tr>\n<tr>\n<td>Max. v\u00f5imsus<\/td>\n<td>8,5 kW<\/td>\n<\/tr>\n<tr>\n<td>Pidevv\u00f5imsus<\/td>\n<td>8 kW<\/td>\n<\/tr>\n<tr>\n<td>Sagedus (Hz)<\/td>\n<td>50 Hz<\/td>\n<\/tr>\n<tr>\n<td>\u00dchendused<\/td>\n<td>1x 16 A + 1x 32 A<\/td>\n<\/tr>\n<tr>\n<td>K\u00fctusepaak<\/td>\n<td>25 L<\/td>\n<\/tr>\n<tr>\n<td>T\u00f6\u00f6aeg 50% koormusel<\/td>\n<td>10 tundi<\/td>\n<\/tr>\n<tr>\n<td>M\u00fcratase 7 meetri kaugusel<\/td>\n<td>72 dBA<\/td>\n<\/tr>\n<tr>\n<td>LWA m\u00fcratase<\/td>\n<td>96 dBA<\/td>\n<\/tr>\n<tr>\n<td>\u00d5lih\u00e4ire<\/td>\n<td>Jah<\/td>\n<\/tr>\n<tr>\n<td>\u00dclekoormuse indikaator<\/td>\n<td>Jah<\/td>\n<\/tr>\n<tr>\n<td>Mootor<\/td>\n<td>14,4 hj<\/td>\n<\/tr>\n<tr>\n<td>Mootori t\u00f6\u00f6maht<\/td>\n<td>678 cm\u00b3<\/td>\n<\/tr>\n<tr>\n<td>Generaatori v\u00f5imsus<\/td>\n<td>8000 W<\/td>\n<\/tr>\n<tr>\n<td>Generaatori pinge reguleerimine<\/td>\n<td>AVR \/ harjad<\/td>\n<\/tr>\n<tr>\n<td>Pinge reguleerimine<\/td>\n<td>AVR-s\u00fcsteem (automaatne pingeregulaator)<\/td>\n<\/tr>\n<tr>\n<td>Netokaal<\/td>\n<td>210 kg<\/td>\n<\/tr>\n<tr>\n<td>Toote m\u00f5\u00f5tmed<\/td>\n<td>108 x 56 x 75 cm<\/td>\n<\/tr>\n<tr>\n<td>Cooling type<\/td>\n<td>\u00d5hkjahutusega<\/td>\n<\/tr>\n<tr>\n<td>K\u00e4ivitusre\u017eiim<\/td>\n<td>Elektriline\/ATS<\/td>\n<\/tr>\n<tr>\n<td>Display<\/td>\n<td>DC30<\/td>\n<\/tr>\n<\/tbody>\n<\/table>","protected":false},"featured_media":22243,"template":"","meta":{"_acf_changed":false,"inline_featured_image":false},"product_brand":[],"product_cat":[22,94],"product_tag":[],"class_list":{"0":"post-22242","1":"product","2":"type-product","3":"status-publish","4":"has-post-thumbnail","6":"product_cat-diiselgeneraatorid","7":"product_cat-generaatorid","8":"product_shipping_class-euroalus","9":"brand-itcpower","11":"first","12":"instock","13":"taxable","14":"shipping-taxable","15":"purchasable","16":"product-type-simple"},"acf":[],"yoast_head":"<!-- This site is optimized with the Yoast SEO plugin v27.2 - https:\/\/yoast.com\/product\/yoast-seo-wordpress\/ -->\n<title>ITCPOWER DG10000SE diiselgeneraator 8000W 230V - Genekas24<\/title>\n<meta name=\"robots\" content=\"index, follow, max-snippet:-1, max-image-preview:large, max-video-preview:-1\" \/>\n<link rel=\"canonical\" href=\"https:\/\/genekas24.ee\/en\/product\/itcpower-dg10000se-diiselgeneraator-8000w-230v\/\" \/>\n<meta property=\"og:locale\" content=\"en_GB\" \/>\n<meta property=\"og:type\" content=\"article\" \/>\n<meta property=\"og:title\" content=\"ITCPOWER DG10000SE diiselgeneraator 8000W 230V - Genekas24\" \/>\n<meta property=\"og:description\" content=\"V\u00e4ljund 1xPCE5p (400) \/ 1x32A (230)   Maandus Jah   ATS (automaatse \u00fclekandes\u00fcsteemi) \u00fchendus Jah   Mudel DG10000SE   Pinge 230V   Vool (A) 35A   Max. v\u00f5imsus 8,5 kW   Pidevv\u00f5imsus 8 kW   Sagedus (Hz) 50 Hz   \u00dchendused 1x 16 A + 1x 32 A   K\u00fctusepaak 25 L   T\u00f6\u00f6aeg 50% koormusel 10 tundi   M\u00fcratase 7 meetri kaugusel 72 dBA   LWA m\u00fcratase 96 dBA   \u00d5lih\u00e4ire Jah   \u00dclekoormuse indikaator Jah   Mootor 14,4 hj   Mootori t\u00f6\u00f6maht 678 cm\u00b3   Generaatori v\u00f5imsus 8000 W   Generaatori pinge reguleerimine AVR \/ harjad   Pinge reguleerimine AVR-s\u00fcsteem (automaatne pingeregulaator)   Netokaal 210 kg   Toote m\u00f5\u00f5tmed 108 x 56 x 75 cm   Jahutust\u00fc\u00fcp \u00d5hkjahutusega   K\u00e4ivitusre\u017eiim Elektriline\/ATS   Ekraan DC30\" \/>\n<meta property=\"og:url\" content=\"https:\/\/genekas24.ee\/en\/product\/itcpower-dg10000se-diiselgeneraator-8000w-230v\/\" \/>\n<meta property=\"og:site_name\" content=\"Genekas24\" \/>\n<meta property=\"article:modified_time\" content=\"2026-04-08T17:33:10+00:00\" \/>\n<meta property=\"og:image\" content=\"https:\/\/genekas24.ee\/wp-content\/uploads\/2026\/01\/4529-500x500-1.jpeg\" \/>\n\t<meta property=\"og:image:width\" content=\"500\" \/>\n\t<meta property=\"og:image:height\" content=\"500\" \/>\n\t<meta property=\"og:image:type\" content=\"image\/jpeg\" \/>\n<meta name=\"twitter:card\" content=\"summary_large_image\" \/>\n<meta name=\"twitter:label1\" content=\"Estimated reading time\" \/>\n\t<meta name=\"twitter:data1\" content=\"2 minutes\" \/>\n<script type=\"application\/ld+json\" class=\"yoast-schema-graph\">{\"@context\":\"https:\/\/schema.org\",\"@graph\":[{\"@type\":\"WebPage\",\"@id\":\"https:\/\/genekas24.ee\/toode\/itcpower-dg10000se-diiselgeneraator-8000w-230v\/\",\"url\":\"https:\/\/genekas24.ee\/toode\/itcpower-dg10000se-diiselgeneraator-8000w-230v\/\",\"name\":\"ITCPOWER DG10000SE diiselgeneraator 8000W 230V - Genekas24\",\"isPartOf\":{\"@id\":\"https:\/\/genekas24.ee\/#website\"},\"primaryImageOfPage\":{\"@id\":\"https:\/\/genekas24.ee\/toode\/itcpower-dg10000se-diiselgeneraator-8000w-230v\/#primaryimage\"},\"image\":{\"@id\":\"https:\/\/genekas24.ee\/toode\/itcpower-dg10000se-diiselgeneraator-8000w-230v\/#primaryimage\"},\"thumbnailUrl\":\"https:\/\/genekas24.ee\/wp-content\/uploads\/2026\/01\/4529-500x500-1.jpeg\",\"datePublished\":\"2026-04-08T17:33:09+00:00\",\"dateModified\":\"2026-04-08T17:33:10+00:00\",\"breadcrumb\":{\"@id\":\"https:\/\/genekas24.ee\/toode\/itcpower-dg10000se-diiselgeneraator-8000w-230v\/#breadcrumb\"},\"inLanguage\":\"en-GB\",\"potentialAction\":[{\"@type\":\"ReadAction\",\"target\":[\"https:\/\/genekas24.ee\/toode\/itcpower-dg10000se-diiselgeneraator-8000w-230v\/\"]}]},{\"@type\":\"ImageObject\",\"inLanguage\":\"en-GB\",\"@id\":\"https:\/\/genekas24.ee\/toode\/itcpower-dg10000se-diiselgeneraator-8000w-230v\/#primaryimage\",\"url\":\"https:\/\/genekas24.ee\/wp-content\/uploads\/2026\/01\/4529-500x500-1.jpeg\",\"contentUrl\":\"https:\/\/genekas24.ee\/wp-content\/uploads\/2026\/01\/4529-500x500-1.jpeg\",\"width\":500,\"height\":500},{\"@type\":\"BreadcrumbList\",\"@id\":\"https:\/\/genekas24.ee\/toode\/itcpower-dg10000se-diiselgeneraator-8000w-230v\/#breadcrumb\",\"itemListElement\":[{\"@type\":\"ListItem\",\"position\":1,\"name\":\"Home\",\"item\":\"https:\/\/genekas24.ee\/\"},{\"@type\":\"ListItem\",\"position\":2,\"name\":\"Pood\",\"item\":\"https:\/\/genekas24.ee\/pood\/\"},{\"@type\":\"ListItem\",\"position\":3,\"name\":\"ITCPOWER DG10000SE diiselgeneraator 8000W 230V\"}]},{\"@type\":\"WebSite\",\"@id\":\"https:\/\/genekas24.ee\/#website\",\"url\":\"https:\/\/genekas24.ee\/\",\"name\":\"Genekas24\",\"description\":\"Generaatorid | K&ouml;nner S&ouml;hnen tooted | Genekas24\",\"publisher\":{\"@id\":\"https:\/\/genekas24.ee\/#organization\"},\"potentialAction\":[{\"@type\":\"SearchAction\",\"target\":{\"@type\":\"EntryPoint\",\"urlTemplate\":\"https:\/\/genekas24.ee\/?s={search_term_string}\"},\"query-input\":{\"@type\":\"PropertyValueSpecification\",\"valueRequired\":true,\"valueName\":\"search_term_string\"}}],\"inLanguage\":\"en-GB\"},{\"@type\":\"Organization\",\"@id\":\"https:\/\/genekas24.ee\/#organization\",\"name\":\"Genekas24\",\"url\":\"https:\/\/genekas24.ee\/\",\"logo\":{\"@type\":\"ImageObject\",\"inLanguage\":\"en-GB\",\"@id\":\"https:\/\/genekas24.ee\/#\/schema\/logo\/image\/\",\"url\":\"https:\/\/genekas24.ee\/wp-content\/uploads\/2026\/01\/genekas24-logo_black.svg\",\"contentUrl\":\"https:\/\/genekas24.ee\/wp-content\/uploads\/2026\/01\/genekas24-logo_black.svg\",\"width\":840,\"height\":131,\"caption\":\"Genekas24\"},\"image\":{\"@id\":\"https:\/\/genekas24.ee\/#\/schema\/logo\/image\/\"}}]}<\/script>\n<!-- \/ Yoast SEO plugin. -->","yoast_head_json":{"title":"ITCPOWER DG10000SE diiselgeneraator 8000W 230V - Genekas24","robots":{"index":"index","follow":"follow","max-snippet":"max-snippet:-1","max-image-preview":"max-image-preview:large","max-video-preview":"max-video-preview:-1"},"canonical":"https:\/\/genekas24.ee\/en\/product\/itcpower-dg10000se-diiselgeneraator-8000w-230v\/","og_locale":"en_GB","og_type":"article","og_title":"ITCPOWER DG10000SE diiselgeneraator 8000W 230V - Genekas24","og_description":"V\u00e4ljund 1xPCE5p (400) \/ 1x32A (230)   Maandus Jah   ATS (automaatse \u00fclekandes\u00fcsteemi) \u00fchendus Jah   Mudel DG10000SE   Pinge 230V   Vool (A) 35A   Max. v\u00f5imsus 8,5 kW   Pidevv\u00f5imsus 8 kW   Sagedus (Hz) 50 Hz   \u00dchendused 1x 16 A + 1x 32 A   K\u00fctusepaak 25 L   T\u00f6\u00f6aeg 50% koormusel 10 tundi   M\u00fcratase 7 meetri kaugusel 72 dBA   LWA m\u00fcratase 96 dBA   \u00d5lih\u00e4ire Jah   \u00dclekoormuse indikaator Jah   Mootor 14,4 hj   Mootori t\u00f6\u00f6maht 678 cm\u00b3   Generaatori v\u00f5imsus 8000 W   Generaatori pinge reguleerimine AVR \/ harjad   Pinge reguleerimine AVR-s\u00fcsteem (automaatne pingeregulaator)   Netokaal 210 kg   Toote m\u00f5\u00f5tmed 108 x 56 x 75 cm   Jahutust\u00fc\u00fcp \u00d5hkjahutusega   K\u00e4ivitusre\u017eiim Elektriline\/ATS   Ekraan DC30","og_url":"https:\/\/genekas24.ee\/en\/product\/itcpower-dg10000se-diiselgeneraator-8000w-230v\/","og_site_name":"Genekas24","article_modified_time":"2026-04-08T17:33:10+00:00","og_image":[{"width":500,"height":500,"url":"https:\/\/genekas24.ee\/wp-content\/uploads\/2026\/01\/4529-500x500-1.jpeg","type":"image\/jpeg"}],"twitter_card":"summary_large_image","twitter_misc":{"Estimated reading time":"2 minutes"},"schema":{"@context":"https:\/\/schema.org","@graph":[{"@type":"WebPage","@id":"https:\/\/genekas24.ee\/toode\/itcpower-dg10000se-diiselgeneraator-8000w-230v\/","url":"https:\/\/genekas24.ee\/toode\/itcpower-dg10000se-diiselgeneraator-8000w-230v\/","name":"ITCPOWER DG10000SE diiselgeneraator 8000W 230V - Genekas24","isPartOf":{"@id":"https:\/\/genekas24.ee\/#website"},"primaryImageOfPage":{"@id":"https:\/\/genekas24.ee\/toode\/itcpower-dg10000se-diiselgeneraator-8000w-230v\/#primaryimage"},"image":{"@id":"https:\/\/genekas24.ee\/toode\/itcpower-dg10000se-diiselgeneraator-8000w-230v\/#primaryimage"},"thumbnailUrl":"https:\/\/genekas24.ee\/wp-content\/uploads\/2026\/01\/4529-500x500-1.jpeg","datePublished":"2026-04-08T17:33:09+00:00","dateModified":"2026-04-08T17:33:10+00:00","breadcrumb":{"@id":"https:\/\/genekas24.ee\/toode\/itcpower-dg10000se-diiselgeneraator-8000w-230v\/#breadcrumb"},"inLanguage":"en-GB","potentialAction":[{"@type":"ReadAction","target":["https:\/\/genekas24.ee\/toode\/itcpower-dg10000se-diiselgeneraator-8000w-230v\/"]}]},{"@type":"ImageObject","inLanguage":"en-GB","@id":"https:\/\/genekas24.ee\/toode\/itcpower-dg10000se-diiselgeneraator-8000w-230v\/#primaryimage","url":"https:\/\/genekas24.ee\/wp-content\/uploads\/2026\/01\/4529-500x500-1.jpeg","contentUrl":"https:\/\/genekas24.ee\/wp-content\/uploads\/2026\/01\/4529-500x500-1.jpeg","width":500,"height":500},{"@type":"BreadcrumbList","@id":"https:\/\/genekas24.ee\/toode\/itcpower-dg10000se-diiselgeneraator-8000w-230v\/#breadcrumb","itemListElement":[{"@type":"ListItem","position":1,"name":"Home","item":"https:\/\/genekas24.ee\/"},{"@type":"ListItem","position":2,"name":"Pood","item":"https:\/\/genekas24.ee\/pood\/"},{"@type":"ListItem","position":3,"name":"ITCPOWER DG10000SE diiselgeneraator 8000W 230V"}]},{"@type":"WebSite","@id":"https:\/\/genekas24.ee\/#website","url":"https:\/\/genekas24.ee\/","name":"Genekas24","description":"Generaatorid | K&ouml;nner S&ouml;hnen tooted | Genekas24","publisher":{"@id":"https:\/\/genekas24.ee\/#organization"},"potentialAction":[{"@type":"SearchAction","target":{"@type":"EntryPoint","urlTemplate":"https:\/\/genekas24.ee\/?s={search_term_string}"},"query-input":{"@type":"PropertyValueSpecification","valueRequired":true,"valueName":"search_term_string"}}],"inLanguage":"en-GB"},{"@type":"Organization","@id":"https:\/\/genekas24.ee\/#organization","name":"Genekas24","url":"https:\/\/genekas24.ee\/","logo":{"@type":"ImageObject","inLanguage":"en-GB","@id":"https:\/\/genekas24.ee\/#\/schema\/logo\/image\/","url":"https:\/\/genekas24.ee\/wp-content\/uploads\/2026\/01\/genekas24-logo_black.svg","contentUrl":"https:\/\/genekas24.ee\/wp-content\/uploads\/2026\/01\/genekas24-logo_black.svg","width":840,"height":131,"caption":"Genekas24"},"image":{"@id":"https:\/\/genekas24.ee\/#\/schema\/logo\/image\/"}}]}},"_links":{"self":[{"href":"https:\/\/genekas24.ee\/en\/wp-json\/wp\/v2\/product\/22242","targetHints":{"allow":["GET"]}}],"collection":[{"href":"https:\/\/genekas24.ee\/en\/wp-json\/wp\/v2\/product"}],"about":[{"href":"https:\/\/genekas24.ee\/en\/wp-json\/wp\/v2\/types\/product"}],"version-history":[{"count":1,"href":"https:\/\/genekas24.ee\/en\/wp-json\/wp\/v2\/product\/22242\/revisions"}],"predecessor-version":[{"id":22247,"href":"https:\/\/genekas24.ee\/en\/wp-json\/wp\/v2\/product\/22242\/revisions\/22247"}],"wp:featuredmedia":[{"embeddable":true,"href":"https:\/\/genekas24.ee\/en\/wp-json\/wp\/v2\/media\/22243"}],"wp:attachment":[{"href":"https:\/\/genekas24.ee\/en\/wp-json\/wp\/v2\/media?parent=22242"}],"wp:term":[{"taxonomy":"product_brand","embeddable":true,"href":"https:\/\/genekas24.ee\/en\/wp-json\/wp\/v2\/product_brand?post=22242"},{"taxonomy":"product_cat","embeddable":true,"href":"https:\/\/genekas24.ee\/en\/wp-json\/wp\/v2\/product_cat?post=22242"},{"taxonomy":"product_tag","embeddable":true,"href":"https:\/\/genekas24.ee\/en\/wp-json\/wp\/v2\/product_tag?post=22242"}],"curies":[{"name":"wp","href":"https:\/\/api.w.org\/{rel}","templated":true}]}}