{"id":22232,"date":"2026-04-08T17:33:14","date_gmt":"2026-04-08T17:33:14","guid":{"rendered":"https:\/\/genekas24.ee\/?post_type=product&#038;p=22232"},"modified":"2026-04-08T17:33:14","modified_gmt":"2026-04-08T17:33:14","slug":"itcpower-dg10000lek-t-diiselgeneraator-230-400v-76-kw","status":"publish","type":"product","link":"https:\/\/genekas24.ee\/en\/product\/itcpower-dg10000lek-t-diiselgeneraator-230-400v-76-kw\/","title":{"rendered":"ITCPOWER DG10000LEK-T diiselgeneraator 230\/400V 7,6 kW"},"content":{"rendered":"<p style=\"font-weight: 400;\">3000 p\/min elektrigeneraator. Ideaalne h\u00e4daolukordadeks kodus v\u00f5i t\u00f6\u00f6l. Seda saab kasutada p\u00e4ikeseenergia varutoiteallikana v\u00f5i suure v\u00f5imsusega masinate jaoks. See on generaator, millel on 4-taktiline otsepritsega \u00f5hkjahutusega mootor ja mida on lihtne hooldada.<\/p>","protected":false},"excerpt":{"rendered":"<table>\n<tbody>\n<tr>\n<td>Pinge (t\u00e4isv\u00f5imsus)<\/td>\n<td>400 V \/ 230 V<\/td>\n<\/tr>\n<tr>\n<td>Maksimaalne v\u00f5imsus<\/td>\n<td>10,6 kVA (400 V) \/ 7600 W (230 V)<\/td>\n<\/tr>\n<tr>\n<td>Nimiv\u00f5imsus<\/td>\n<td>10 kVA (400 V) \/ 7200 W (230 V)<\/td>\n<\/tr>\n<tr>\n<td>Frequency<\/td>\n<td>50 Hz<\/td>\n<\/tr>\n<tr>\n<td>Outlets<\/td>\n<td>1 x 16 A + 1 x 32 A<\/td>\n<\/tr>\n<tr>\n<td>Aku<\/td>\n<td>36 Ah<\/td>\n<\/tr>\n<tr>\n<td>K\u00fctusemaht<\/td>\n<td>11 l<\/td>\n<\/tr>\n<tr>\n<td>T\u00f6\u00f6aeg 50% koormusel<\/td>\n<td>5 tundi<\/td>\n<\/tr>\n<tr>\n<td>M\u00fcratase 7 meetri kauguselt<\/td>\n<td>79 dBA<\/td>\n<\/tr>\n<tr>\n<td>Engine model<\/td>\n<td>DIESEL D680E<\/td>\n<\/tr>\n<tr>\n<td>K\u00e4ivitusmeetod<\/td>\n<td>Electric<\/td>\n<\/tr>\n<tr>\n<td>ATS valmidus<\/td>\n<td>Jah<\/td>\n<\/tr>\n<tr>\n<td>AUTO START<\/td>\n<td>Jah<\/td>\n<\/tr>\n<tr>\n<td>Mootori t\u00f6\u00f6maht<\/td>\n<td>678 cm\u00b3<\/td>\n<\/tr>\n<tr>\n<td>\u00d5limaht<\/td>\n<td>2,4 l<\/td>\n<\/tr>\n<tr>\n<td>Generaatori mudel<\/td>\n<td>AL8<\/td>\n<\/tr>\n<tr>\n<td>Generaatori v\u00f5imsustegur<\/td>\n<td>0,8 \/ 1<\/td>\n<\/tr>\n<tr>\n<td>Generaatori harjade pinge reguleerimine \/ AVR<\/td>\n<td>Jah<\/td>\n<\/tr>\n<tr>\n<td>Madala \u00f5litaseme alarm<\/td>\n<td>Jah<\/td>\n<\/tr>\n<tr>\n<td>\u00dclekoormuse indikaator<\/td>\n<td>Jah<\/td>\n<\/tr>\n<tr>\n<td>Toote m\u00f5\u00f5tmed<\/td>\n<td>72 x 55 x 67 cm<\/td>\n<\/tr>\n<tr>\n<td>Karbi m\u00f5\u00f5tmed<\/td>\n<td>74 x 57 x 70 cm<\/td>\n<\/tr>\n<tr>\n<td>Mootori v\u00f5imsus<\/td>\n<td>14,4 hj<\/td>\n<\/tr>\n<tr>\n<td>Kaal<\/td>\n<td>143 kg<\/td>\n<\/tr>\n<tr>\n<td>Voolutugevus<\/td>\n<td>31 A \/ 14,4 A<\/td>\n<\/tr>\n<tr>\n<td>LED display<\/td>\n<td>6&#8243;<\/td>\n<\/tr>\n<tr>\n<td>Pikkus<\/td>\n<td>72 cm<\/td>\n<\/tr>\n<tr>\n<td>Laius<\/td>\n<td>67 cm<\/td>\n<\/tr>\n<tr>\n<td>K\u00f5rgus<\/td>\n<td>55 cm<\/td>\n<\/tr>\n<tr>\n<td>Patarei kaasas<\/td>\n<td>Jah<\/td>\n<\/tr>\n<\/tbody>\n<\/table>","protected":false},"featured_media":22233,"template":"","meta":{"_acf_changed":false,"inline_featured_image":false},"product_brand":[],"product_cat":[22,94],"product_tag":[],"class_list":{"0":"post-22232","1":"product","2":"type-product","3":"status-publish","4":"has-post-thumbnail","6":"product_cat-diiselgeneraatorid","7":"product_cat-generaatorid","8":"product_shipping_class-euroalus","9":"brand-itcpower","11":"first","12":"instock","13":"taxable","14":"shipping-taxable","15":"purchasable","16":"product-type-simple"},"acf":[],"yoast_head":"<!-- This site is optimized with the Yoast SEO plugin v27.2 - https:\/\/yoast.com\/product\/yoast-seo-wordpress\/ -->\n<title>ITCPOWER DG10000LEK-T diiselgeneraator 230\/400V 7,6 kW - Genekas24<\/title>\n<meta name=\"robots\" content=\"index, follow, max-snippet:-1, max-image-preview:large, max-video-preview:-1\" \/>\n<link rel=\"canonical\" href=\"https:\/\/genekas24.ee\/en\/product\/itcpower-dg10000lek-t-diiselgeneraator-230-400v-76-kw\/\" \/>\n<meta property=\"og:locale\" content=\"en_GB\" \/>\n<meta property=\"og:type\" content=\"article\" \/>\n<meta property=\"og:title\" content=\"ITCPOWER DG10000LEK-T diiselgeneraator 230\/400V 7,6 kW - Genekas24\" \/>\n<meta property=\"og:description\" content=\"Pinge (t\u00e4isv\u00f5imsus) 400 V \/ 230 V   Maksimaalne v\u00f5imsus 10,6 kVA (400 V) \/ 7600 W (230 V)   Nimiv\u00f5imsus 10 kVA (400 V) \/ 7200 W (230 V)   Sagedus 50 Hz   Pistikupesad 1 x 16 A + 1 x 32 A   Aku 36 Ah   K\u00fctusemaht 11 l   T\u00f6\u00f6aeg 50% koormusel 5 tundi   M\u00fcratase 7 meetri kauguselt 79 dBA   Mootori mudel DIESEL D680E   K\u00e4ivitusmeetod Elektriline   ATS valmidus Jah   AUTO START Jah   Mootori t\u00f6\u00f6maht 678 cm\u00b3   \u00d5limaht 2,4 l   Generaatori mudel AL8   Generaatori v\u00f5imsustegur 0,8 \/ 1   Generaatori harjade pinge reguleerimine \/ AVR Jah   Madala \u00f5litaseme alarm Jah   \u00dclekoormuse indikaator Jah   Toote m\u00f5\u00f5tmed 72 x 55 x 67 cm   Karbi m\u00f5\u00f5tmed 74 x 57 x 70 cm   Mootori v\u00f5imsus 14,4 hj   Kaal 143 kg   Voolutugevus 31 A \/ 14,4 A   LED-ekraan 6&quot;   Pikkus 72 cm   Laius 67 cm   K\u00f5rgus 55 cm   Patarei kaasas Jah\" \/>\n<meta property=\"og:url\" content=\"https:\/\/genekas24.ee\/en\/product\/itcpower-dg10000lek-t-diiselgeneraator-230-400v-76-kw\/\" \/>\n<meta property=\"og:site_name\" content=\"Genekas24\" \/>\n<meta property=\"og:image\" content=\"https:\/\/genekas24.ee\/wp-content\/uploads\/2026\/01\/5124-500x500-1.jpeg\" \/>\n\t<meta property=\"og:image:width\" content=\"500\" \/>\n\t<meta property=\"og:image:height\" content=\"500\" \/>\n\t<meta property=\"og:image:type\" content=\"image\/jpeg\" \/>\n<meta name=\"twitter:card\" content=\"summary_large_image\" \/>\n<meta name=\"twitter:label1\" content=\"Estimated reading time\" \/>\n\t<meta name=\"twitter:data1\" content=\"1 minute\" \/>\n<script type=\"application\/ld+json\" class=\"yoast-schema-graph\">{\"@context\":\"https:\/\/schema.org\",\"@graph\":[{\"@type\":\"WebPage\",\"@id\":\"https:\/\/genekas24.ee\/toode\/itcpower-dg10000lek-t-diiselgeneraator-230-400v-76-kw\/\",\"url\":\"https:\/\/genekas24.ee\/toode\/itcpower-dg10000lek-t-diiselgeneraator-230-400v-76-kw\/\",\"name\":\"ITCPOWER DG10000LEK-T diiselgeneraator 230\/400V 7,6 kW - Genekas24\",\"isPartOf\":{\"@id\":\"https:\/\/genekas24.ee\/#website\"},\"primaryImageOfPage\":{\"@id\":\"https:\/\/genekas24.ee\/toode\/itcpower-dg10000lek-t-diiselgeneraator-230-400v-76-kw\/#primaryimage\"},\"image\":{\"@id\":\"https:\/\/genekas24.ee\/toode\/itcpower-dg10000lek-t-diiselgeneraator-230-400v-76-kw\/#primaryimage\"},\"thumbnailUrl\":\"https:\/\/genekas24.ee\/wp-content\/uploads\/2026\/01\/5124-500x500-1.jpeg\",\"datePublished\":\"2026-04-08T17:33:14+00:00\",\"breadcrumb\":{\"@id\":\"https:\/\/genekas24.ee\/toode\/itcpower-dg10000lek-t-diiselgeneraator-230-400v-76-kw\/#breadcrumb\"},\"inLanguage\":\"en-GB\",\"potentialAction\":[{\"@type\":\"ReadAction\",\"target\":[\"https:\/\/genekas24.ee\/toode\/itcpower-dg10000lek-t-diiselgeneraator-230-400v-76-kw\/\"]}]},{\"@type\":\"ImageObject\",\"inLanguage\":\"en-GB\",\"@id\":\"https:\/\/genekas24.ee\/toode\/itcpower-dg10000lek-t-diiselgeneraator-230-400v-76-kw\/#primaryimage\",\"url\":\"https:\/\/genekas24.ee\/wp-content\/uploads\/2026\/01\/5124-500x500-1.jpeg\",\"contentUrl\":\"https:\/\/genekas24.ee\/wp-content\/uploads\/2026\/01\/5124-500x500-1.jpeg\",\"width\":500,\"height\":500},{\"@type\":\"BreadcrumbList\",\"@id\":\"https:\/\/genekas24.ee\/toode\/itcpower-dg10000lek-t-diiselgeneraator-230-400v-76-kw\/#breadcrumb\",\"itemListElement\":[{\"@type\":\"ListItem\",\"position\":1,\"name\":\"Home\",\"item\":\"https:\/\/genekas24.ee\/\"},{\"@type\":\"ListItem\",\"position\":2,\"name\":\"Pood\",\"item\":\"https:\/\/genekas24.ee\/pood\/\"},{\"@type\":\"ListItem\",\"position\":3,\"name\":\"ITCPOWER DG10000LEK-T diiselgeneraator 230\/400V 7,6 kW\"}]},{\"@type\":\"WebSite\",\"@id\":\"https:\/\/genekas24.ee\/#website\",\"url\":\"https:\/\/genekas24.ee\/\",\"name\":\"Genekas24\",\"description\":\"Generaatorid | K&ouml;nner S&ouml;hnen tooted | Genekas24\",\"publisher\":{\"@id\":\"https:\/\/genekas24.ee\/#organization\"},\"potentialAction\":[{\"@type\":\"SearchAction\",\"target\":{\"@type\":\"EntryPoint\",\"urlTemplate\":\"https:\/\/genekas24.ee\/?s={search_term_string}\"},\"query-input\":{\"@type\":\"PropertyValueSpecification\",\"valueRequired\":true,\"valueName\":\"search_term_string\"}}],\"inLanguage\":\"en-GB\"},{\"@type\":\"Organization\",\"@id\":\"https:\/\/genekas24.ee\/#organization\",\"name\":\"Genekas24\",\"url\":\"https:\/\/genekas24.ee\/\",\"logo\":{\"@type\":\"ImageObject\",\"inLanguage\":\"en-GB\",\"@id\":\"https:\/\/genekas24.ee\/#\/schema\/logo\/image\/\",\"url\":\"https:\/\/genekas24.ee\/wp-content\/uploads\/2026\/01\/genekas24-logo_black.svg\",\"contentUrl\":\"https:\/\/genekas24.ee\/wp-content\/uploads\/2026\/01\/genekas24-logo_black.svg\",\"width\":840,\"height\":131,\"caption\":\"Genekas24\"},\"image\":{\"@id\":\"https:\/\/genekas24.ee\/#\/schema\/logo\/image\/\"}}]}<\/script>\n<!-- \/ Yoast SEO plugin. -->","yoast_head_json":{"title":"ITCPOWER DG10000LEK-T diiselgeneraator 230\/400V 7,6 kW - Genekas24","robots":{"index":"index","follow":"follow","max-snippet":"max-snippet:-1","max-image-preview":"max-image-preview:large","max-video-preview":"max-video-preview:-1"},"canonical":"https:\/\/genekas24.ee\/en\/product\/itcpower-dg10000lek-t-diiselgeneraator-230-400v-76-kw\/","og_locale":"en_GB","og_type":"article","og_title":"ITCPOWER DG10000LEK-T diiselgeneraator 230\/400V 7,6 kW - Genekas24","og_description":"Pinge (t\u00e4isv\u00f5imsus) 400 V \/ 230 V   Maksimaalne v\u00f5imsus 10,6 kVA (400 V) \/ 7600 W (230 V)   Nimiv\u00f5imsus 10 kVA (400 V) \/ 7200 W (230 V)   Sagedus 50 Hz   Pistikupesad 1 x 16 A + 1 x 32 A   Aku 36 Ah   K\u00fctusemaht 11 l   T\u00f6\u00f6aeg 50% koormusel 5 tundi   M\u00fcratase 7 meetri kauguselt 79 dBA   Mootori mudel DIESEL D680E   K\u00e4ivitusmeetod Elektriline   ATS valmidus Jah   AUTO START Jah   Mootori t\u00f6\u00f6maht 678 cm\u00b3   \u00d5limaht 2,4 l   Generaatori mudel AL8   Generaatori v\u00f5imsustegur 0,8 \/ 1   Generaatori harjade pinge reguleerimine \/ AVR Jah   Madala \u00f5litaseme alarm Jah   \u00dclekoormuse indikaator Jah   Toote m\u00f5\u00f5tmed 72 x 55 x 67 cm   Karbi m\u00f5\u00f5tmed 74 x 57 x 70 cm   Mootori v\u00f5imsus 14,4 hj   Kaal 143 kg   Voolutugevus 31 A \/ 14,4 A   LED-ekraan 6\"   Pikkus 72 cm   Laius 67 cm   K\u00f5rgus 55 cm   Patarei kaasas Jah","og_url":"https:\/\/genekas24.ee\/en\/product\/itcpower-dg10000lek-t-diiselgeneraator-230-400v-76-kw\/","og_site_name":"Genekas24","og_image":[{"width":500,"height":500,"url":"https:\/\/genekas24.ee\/wp-content\/uploads\/2026\/01\/5124-500x500-1.jpeg","type":"image\/jpeg"}],"twitter_card":"summary_large_image","twitter_misc":{"Estimated reading time":"1 minute"},"schema":{"@context":"https:\/\/schema.org","@graph":[{"@type":"WebPage","@id":"https:\/\/genekas24.ee\/toode\/itcpower-dg10000lek-t-diiselgeneraator-230-400v-76-kw\/","url":"https:\/\/genekas24.ee\/toode\/itcpower-dg10000lek-t-diiselgeneraator-230-400v-76-kw\/","name":"ITCPOWER DG10000LEK-T diiselgeneraator 230\/400V 7,6 kW - Genekas24","isPartOf":{"@id":"https:\/\/genekas24.ee\/#website"},"primaryImageOfPage":{"@id":"https:\/\/genekas24.ee\/toode\/itcpower-dg10000lek-t-diiselgeneraator-230-400v-76-kw\/#primaryimage"},"image":{"@id":"https:\/\/genekas24.ee\/toode\/itcpower-dg10000lek-t-diiselgeneraator-230-400v-76-kw\/#primaryimage"},"thumbnailUrl":"https:\/\/genekas24.ee\/wp-content\/uploads\/2026\/01\/5124-500x500-1.jpeg","datePublished":"2026-04-08T17:33:14+00:00","breadcrumb":{"@id":"https:\/\/genekas24.ee\/toode\/itcpower-dg10000lek-t-diiselgeneraator-230-400v-76-kw\/#breadcrumb"},"inLanguage":"en-GB","potentialAction":[{"@type":"ReadAction","target":["https:\/\/genekas24.ee\/toode\/itcpower-dg10000lek-t-diiselgeneraator-230-400v-76-kw\/"]}]},{"@type":"ImageObject","inLanguage":"en-GB","@id":"https:\/\/genekas24.ee\/toode\/itcpower-dg10000lek-t-diiselgeneraator-230-400v-76-kw\/#primaryimage","url":"https:\/\/genekas24.ee\/wp-content\/uploads\/2026\/01\/5124-500x500-1.jpeg","contentUrl":"https:\/\/genekas24.ee\/wp-content\/uploads\/2026\/01\/5124-500x500-1.jpeg","width":500,"height":500},{"@type":"BreadcrumbList","@id":"https:\/\/genekas24.ee\/toode\/itcpower-dg10000lek-t-diiselgeneraator-230-400v-76-kw\/#breadcrumb","itemListElement":[{"@type":"ListItem","position":1,"name":"Home","item":"https:\/\/genekas24.ee\/"},{"@type":"ListItem","position":2,"name":"Pood","item":"https:\/\/genekas24.ee\/pood\/"},{"@type":"ListItem","position":3,"name":"ITCPOWER DG10000LEK-T diiselgeneraator 230\/400V 7,6 kW"}]},{"@type":"WebSite","@id":"https:\/\/genekas24.ee\/#website","url":"https:\/\/genekas24.ee\/","name":"Genekas24","description":"Generaatorid | K&ouml;nner S&ouml;hnen tooted | Genekas24","publisher":{"@id":"https:\/\/genekas24.ee\/#organization"},"potentialAction":[{"@type":"SearchAction","target":{"@type":"EntryPoint","urlTemplate":"https:\/\/genekas24.ee\/?s={search_term_string}"},"query-input":{"@type":"PropertyValueSpecification","valueRequired":true,"valueName":"search_term_string"}}],"inLanguage":"en-GB"},{"@type":"Organization","@id":"https:\/\/genekas24.ee\/#organization","name":"Genekas24","url":"https:\/\/genekas24.ee\/","logo":{"@type":"ImageObject","inLanguage":"en-GB","@id":"https:\/\/genekas24.ee\/#\/schema\/logo\/image\/","url":"https:\/\/genekas24.ee\/wp-content\/uploads\/2026\/01\/genekas24-logo_black.svg","contentUrl":"https:\/\/genekas24.ee\/wp-content\/uploads\/2026\/01\/genekas24-logo_black.svg","width":840,"height":131,"caption":"Genekas24"},"image":{"@id":"https:\/\/genekas24.ee\/#\/schema\/logo\/image\/"}}]}},"_links":{"self":[{"href":"https:\/\/genekas24.ee\/en\/wp-json\/wp\/v2\/product\/22232","targetHints":{"allow":["GET"]}}],"collection":[{"href":"https:\/\/genekas24.ee\/en\/wp-json\/wp\/v2\/product"}],"about":[{"href":"https:\/\/genekas24.ee\/en\/wp-json\/wp\/v2\/types\/product"}],"version-history":[{"count":1,"href":"https:\/\/genekas24.ee\/en\/wp-json\/wp\/v2\/product\/22232\/revisions"}],"predecessor-version":[{"id":22241,"href":"https:\/\/genekas24.ee\/en\/wp-json\/wp\/v2\/product\/22232\/revisions\/22241"}],"wp:featuredmedia":[{"embeddable":true,"href":"https:\/\/genekas24.ee\/en\/wp-json\/wp\/v2\/media\/22233"}],"wp:attachment":[{"href":"https:\/\/genekas24.ee\/en\/wp-json\/wp\/v2\/media?parent=22232"}],"wp:term":[{"taxonomy":"product_brand","embeddable":true,"href":"https:\/\/genekas24.ee\/en\/wp-json\/wp\/v2\/product_brand?post=22232"},{"taxonomy":"product_cat","embeddable":true,"href":"https:\/\/genekas24.ee\/en\/wp-json\/wp\/v2\/product_cat?post=22232"},{"taxonomy":"product_tag","embeddable":true,"href":"https:\/\/genekas24.ee\/en\/wp-json\/wp\/v2\/product_tag?post=22232"}],"curies":[{"name":"wp","href":"https:\/\/api.w.org\/{rel}","templated":true}]}}