{"id":22213,"date":"2026-04-08T17:33:28","date_gmt":"2026-04-08T17:33:28","guid":{"rendered":"https:\/\/genekas24.ee\/?post_type=product&#038;p=22213"},"modified":"2026-04-08T17:33:28","modified_gmt":"2026-04-08T17:33:28","slug":"itcpower-8000d-red-edition-diiselgeneraator-6300-w-230v","status":"publish","type":"product","link":"https:\/\/genekas24.ee\/en\/product\/itcpower-8000d-red-edition-diiselgeneraator-6300-w-230v\/","title":{"rendered":"ITCPOWER 8000D RED EDITION diiselgeneraator 6300 W 230V"},"content":{"rendered":"<p data-start=\"174\" data-end=\"375\"><strong data-start=\"174\" data-end=\"317\">ITCPower RED Edition \u00fchefaasiline diiselgeneraator varutoiteallikaks v\u00f5rgu rikke korral v\u00f5i p\u00e4ikesepaneelide toetamiseks v\u00f5imsusega 6,3 kW.<\/strong><br data-start=\"317\" data-end=\"320\" \/>Uus disain parema jahutuse ja v\u00e4hendatud heitkogustega.<\/p>\n<h3 data-start=\"377\" data-end=\"389\">Omadused<\/h3>\n<ul data-start=\"390\" data-end=\"757\">\n<li data-start=\"390\" data-end=\"450\">\n<p data-start=\"392\" data-end=\"450\">4-taktiline \u00f5hkjahutusega diiselmootor otsesissepritsega<\/p>\n<\/li>\n<li data-start=\"451\" data-end=\"509\">\n<p data-start=\"453\" data-end=\"509\">Madala \u00f5litaseme alarm automaatse mootori seiskamisega<\/p>\n<\/li>\n<li data-start=\"510\" data-end=\"556\">\n<p data-start=\"512\" data-end=\"556\">Topelt tugialus vibratsiooni v\u00e4hendamiseks<\/p>\n<\/li>\n<li data-start=\"557\" data-end=\"576\">\n<p data-start=\"559\" data-end=\"576\">Suur k\u00fctusepaak<\/p>\n<\/li>\n<li data-start=\"577\" data-end=\"621\">\n<p data-start=\"579\" data-end=\"621\">Ettevalmistus ATS-signaali k\u00e4ivitamiseks<\/p>\n<\/li>\n<li data-start=\"622\" data-end=\"662\">\n<p data-start=\"624\" data-end=\"662\">Suured avad h\u00f5lpsamaks k\u00e4sitsemiseks<\/p>\n<\/li>\n<li data-start=\"663\" data-end=\"710\">\n<p data-start=\"665\" data-end=\"710\">T\u00e4iustatud ventilatsioon ja v\u00e4hendatud m\u00fcra<\/p>\n<\/li>\n<li data-start=\"711\" data-end=\"757\">\n<p data-start=\"713\" data-end=\"757\">Uus EURO 5 katal\u00fc\u00fcsmuundur, madal heitgaas<\/p>\n<\/li>\n<\/ul>\n<h3 data-start=\"759\" data-end=\"769\">Mootor<\/h3>\n<ul data-start=\"770\" data-end=\"894\">\n<li data-start=\"770\" data-end=\"836\">\n<p data-start=\"772\" data-end=\"836\">Kompaktne, lihtne paigaldus, v\u00e4he hooldust ja v\u00e4ike k\u00fctusekulu<\/p>\n<\/li>\n<li data-start=\"837\" data-end=\"867\">\n<p data-start=\"839\" data-end=\"867\">Sujuv ja kiire k\u00e4ivitamine<\/p>\n<\/li>\n<li data-start=\"868\" data-end=\"894\">\n<p data-start=\"870\" data-end=\"894\">Otsesissepritses\u00fcsteem<\/p>\n<\/li>\n<\/ul>\n<h3 data-start=\"896\" data-end=\"919\">Juhtpaneel sisaldab<\/h3>\n<ul data-start=\"920\" data-end=\"1245\">\n<li data-start=\"920\" data-end=\"975\">\n<p data-start=\"922\" data-end=\"975\">\u00dclekoormuskaitse voolu m\u00f5\u00f5tmise ja LED-ekraani abil<\/p>\n<\/li>\n<li data-start=\"976\" data-end=\"1019\">\n<p data-start=\"978\" data-end=\"1019\">T\u00f6\u00f6tlemiss\u00fcsteem lihtsaks k\u00e4ivitamiseks<\/p>\n<\/li>\n<li data-start=\"1020\" data-end=\"1069\">\n<p data-start=\"1022\" data-end=\"1069\">30 mA rikkevoolukaitse (RCD) lekkevoolu jaoks<\/p>\n<\/li>\n<li data-start=\"1070\" data-end=\"1115\">\n<p data-start=\"1072\" data-end=\"1115\">\u00dchefaasiline mudel kahe 16A pistikupesaga<\/p>\n<\/li>\n<li data-start=\"1116\" data-end=\"1150\">\n<p data-start=\"1118\" data-end=\"1150\">12 V alalisvoolu 8,3 A v\u00e4ljund<\/p>\n<\/li>\n<li data-start=\"1151\" data-end=\"1162\">\n<p data-start=\"1153\" data-end=\"1162\">Maandus<\/p>\n<\/li>\n<li data-start=\"1163\" data-end=\"1245\">\n<p data-start=\"1165\" data-end=\"1245\">ATS (automaatse \u00fcmberl\u00fclitusl\u00fcliti) \u00fchendus ja kiir\u00fchendus lihtsaks hoolduseks<\/p>\n<\/li>\n<\/ul>\n<h3 data-start=\"1247\" data-end=\"1261\">Generator<\/h3>\n<ul data-start=\"1262\" data-end=\"1367\">\n<li data-start=\"1262\" data-end=\"1275\">\n<p data-start=\"1264\" data-end=\"1275\">Kompaktne<\/p>\n<\/li>\n<li data-start=\"1276\" data-end=\"1311\">\n<p data-start=\"1278\" data-end=\"1311\">Pinge reguleerimine AVR-i kaudu<\/p>\n<\/li>\n<li data-start=\"1312\" data-end=\"1329\">\n<p data-start=\"1314\" data-end=\"1329\">Stabiilne t\u00f6\u00f6<\/p>\n<\/li>\n<li data-start=\"1330\" data-end=\"1348\">\n<p data-start=\"1332\" data-end=\"1348\">Harjatud mudel<\/p>\n<\/li>\n<li data-start=\"1349\" data-end=\"1367\">\n<p data-start=\"1351\" data-end=\"1367\">100% vaskm\u00e4his<\/p>\n<\/li>\n<\/ul>","protected":false},"excerpt":{"rendered":"<table>\n<tbody>\n<tr>\n<td>Voltage<\/td>\n<td>230V<\/td>\n<\/tr>\n<tr>\n<td>Maksimaalne v\u00f5imsus<\/td>\n<td>6,3 kW<\/td>\n<\/tr>\n<tr>\n<td>Nimiv\u00f5imsus<\/td>\n<td>6,0 kW<\/td>\n<\/tr>\n<tr>\n<td>Nimivool<\/td>\n<td>26 A<\/td>\n<\/tr>\n<tr>\n<td>Sagedus (Hz)<\/td>\n<td>50 Hz<\/td>\n<\/tr>\n<tr>\n<td>V\u00e4ljundvoolud<\/td>\n<td>1 x 16 A \/ 1 x 32 A<\/td>\n<\/tr>\n<tr>\n<td>LED display<\/td>\n<td>6<\/td>\n<\/tr>\n<tr>\n<td>Aku<\/td>\n<td>36 Ah Jah<\/td>\n<\/tr>\n<tr>\n<td>Alalisvoolu v\u00e4ljund<\/td>\n<td>12 V \/ 8,3 A<\/td>\n<\/tr>\n<tr>\n<td>K\u00fctusemaht<\/td>\n<td>12 l<\/td>\n<\/tr>\n<tr>\n<td>K\u00fctusekulu 50% koormusel<\/td>\n<td>10 h<\/td>\n<\/tr>\n<tr>\n<td>M\u00fcratase 7 meetri kauguselt<\/td>\n<td>72 dBA<\/td>\n<\/tr>\n<tr>\n<td>LWA m\u00fcratase<\/td>\n<td>79 dBA<\/td>\n<\/tr>\n<tr>\n<td>Engine model<\/td>\n<td>D500E<\/td>\n<\/tr>\n<tr>\n<td>Mootori k\u00e4ivitusmeetod<\/td>\n<td>Elektriline \/ ATS<\/td>\n<\/tr>\n<tr>\n<td>Mootori t\u00f6\u00f6maht<\/td>\n<td>498 cm3<\/td>\n<\/tr>\n<tr>\n<td>Mootori \u00f5limaht<\/td>\n<td>1,65 l<\/td>\n<\/tr>\n<tr>\n<td>Generaator &#8211; mudel<\/td>\n<td>A6S (vask)<\/td>\n<\/tr>\n<tr>\n<td>Generaatori v\u00f5imsus<\/td>\n<td>6 kVA<\/td>\n<\/tr>\n<tr>\n<td>Generaatori v\u00f5imsustegur<\/td>\n<td>1<\/td>\n<\/tr>\n<tr>\n<td>Generaatori pinge reguleerimine<\/td>\n<td>(AVR)<\/td>\n<\/tr>\n<tr>\n<td>ATS valmidus<\/td>\n<td>Jah<\/td>\n<\/tr>\n<tr>\n<td>AUTO SATRT<\/td>\n<td>Jah<\/td>\n<\/tr>\n<tr>\n<td>Madal \u00f5lir\u00f5hk<\/td>\n<td>Jah<\/td>\n<\/tr>\n<tr>\n<td>Avariiseiskamisnupp<\/td>\n<td>Jah<\/td>\n<\/tr>\n<tr>\n<td>Brutokaal<\/td>\n<td>168 kg<\/td>\n<\/tr>\n<tr>\n<td>Toote m\u00f5\u00f5tmed<\/td>\n<td>920 x 520 x 760 mm<\/td>\n<\/tr>\n<tr>\n<td>Karbi m\u00f5\u00f5tmed<\/td>\n<td>950 x 570 x 790 mm<\/td>\n<\/tr>\n<tr>\n<td>Mootori v\u00f5imsus<\/td>\n<td>12 hj<\/td>\n<\/tr>\n<tr>\n<td>Kaal<\/td>\n<td>152 kg<\/td>\n<\/tr>\n<tr>\n<td>Diferentsiaal<\/td>\n<td>30 mAh<\/td>\n<\/tr>\n<tr>\n<td>Pikkus<\/td>\n<td>76 cm<\/td>\n<\/tr>\n<tr>\n<td>Laius<\/td>\n<td>92 cm<\/td>\n<\/tr>\n<tr>\n<td>K\u00f5rgus<\/td>\n<td>52 cm<\/td>\n<\/tr>\n<tr>\n<td>Aku kaasas<\/td>\n<td>Jah<\/td>\n<\/tr>\n<\/tbody>\n<\/table>","protected":false},"featured_media":22214,"template":"","meta":{"_acf_changed":false,"inline_featured_image":false},"product_brand":[],"product_cat":[22,94],"product_tag":[],"class_list":{"0":"post-22213","1":"product","2":"type-product","3":"status-publish","4":"has-post-thumbnail","6":"product_cat-diiselgeneraatorid","7":"product_cat-generaatorid","8":"brand-itcpower","10":"first","11":"instock","12":"taxable","13":"shipping-taxable","14":"product-type-simple"},"acf":[],"yoast_head":"<!-- This site is optimized with the Yoast SEO plugin v27.2 - https:\/\/yoast.com\/product\/yoast-seo-wordpress\/ -->\n<title>ITCPOWER 8000D RED EDITION diiselgeneraator 6300 W 230V - Genekas24<\/title>\n<meta name=\"robots\" content=\"index, follow, max-snippet:-1, max-image-preview:large, max-video-preview:-1\" \/>\n<link rel=\"canonical\" href=\"https:\/\/genekas24.ee\/en\/product\/itcpower-8000d-red-edition-diiselgeneraator-6300-w-230v\/\" \/>\n<meta property=\"og:locale\" content=\"en_GB\" \/>\n<meta property=\"og:type\" content=\"article\" \/>\n<meta property=\"og:title\" content=\"ITCPOWER 8000D RED EDITION diiselgeneraator 6300 W 230V - Genekas24\" \/>\n<meta property=\"og:description\" content=\"Pinge 230V   Maksimaalne v\u00f5imsus 6,3 kW   Nimiv\u00f5imsus 6,0 kW   Nimivool 26 A   Sagedus (Hz) 50 Hz   V\u00e4ljundvoolud 1 x 16 A \/ 1 x 32 A   LED-ekraan 6   Aku 36 Ah Jah   Alalisvoolu v\u00e4ljund 12 V \/ 8,3 A   K\u00fctusemaht 12 l   K\u00fctusekulu 50% koormusel 10 h   M\u00fcratase 7 meetri kauguselt 72 dBA   LWA m\u00fcratase 79 dBA   Mootori mudel D500E   Mootori k\u00e4ivitusmeetod Elektriline \/ ATS   Mootori t\u00f6\u00f6maht 498 cm3   Mootori \u00f5limaht 1,65 l   Generaator - mudel A6S (vask)   Generaatori v\u00f5imsus 6 kVA   Generaatori v\u00f5imsustegur 1   Generaatori pinge reguleerimine (AVR)   ATS valmidus Jah   AUTO SATRT Jah   Madal \u00f5lir\u00f5hk Jah   Avariiseiskamisnupp Jah   Brutokaal 168 kg   Toote m\u00f5\u00f5tmed 920 x 520 x 760 mm   Karbi m\u00f5\u00f5tmed 950 x 570 x 790 mm   Mootori v\u00f5imsus 12 hj   Kaal 152 kg   Diferentsiaal 30 mAh   Pikkus 76 cm   Laius 92 cm   K\u00f5rgus 52 cm   Aku kaasas Jah\" \/>\n<meta property=\"og:url\" content=\"https:\/\/genekas24.ee\/en\/product\/itcpower-8000d-red-edition-diiselgeneraator-6300-w-230v\/\" \/>\n<meta property=\"og:site_name\" content=\"Genekas24\" \/>\n<meta property=\"og:image\" content=\"https:\/\/genekas24.ee\/wp-content\/uploads\/2026\/01\/4625-500x500-1.jpeg\" \/>\n\t<meta property=\"og:image:width\" content=\"500\" \/>\n\t<meta property=\"og:image:height\" content=\"500\" \/>\n\t<meta property=\"og:image:type\" content=\"image\/jpeg\" \/>\n<meta name=\"twitter:card\" content=\"summary_large_image\" \/>\n<meta name=\"twitter:label1\" content=\"Estimated reading time\" \/>\n\t<meta name=\"twitter:data1\" content=\"1 minute\" \/>\n<script type=\"application\/ld+json\" class=\"yoast-schema-graph\">{\"@context\":\"https:\/\/schema.org\",\"@graph\":[{\"@type\":\"WebPage\",\"@id\":\"https:\/\/genekas24.ee\/toode\/itcpower-8000d-red-edition-diiselgeneraator-6300-w-230v\/\",\"url\":\"https:\/\/genekas24.ee\/toode\/itcpower-8000d-red-edition-diiselgeneraator-6300-w-230v\/\",\"name\":\"ITCPOWER 8000D RED EDITION diiselgeneraator 6300 W 230V - Genekas24\",\"isPartOf\":{\"@id\":\"https:\/\/genekas24.ee\/#website\"},\"primaryImageOfPage\":{\"@id\":\"https:\/\/genekas24.ee\/toode\/itcpower-8000d-red-edition-diiselgeneraator-6300-w-230v\/#primaryimage\"},\"image\":{\"@id\":\"https:\/\/genekas24.ee\/toode\/itcpower-8000d-red-edition-diiselgeneraator-6300-w-230v\/#primaryimage\"},\"thumbnailUrl\":\"https:\/\/genekas24.ee\/wp-content\/uploads\/2026\/01\/4625-500x500-1.jpeg\",\"datePublished\":\"2026-04-08T17:33:28+00:00\",\"breadcrumb\":{\"@id\":\"https:\/\/genekas24.ee\/toode\/itcpower-8000d-red-edition-diiselgeneraator-6300-w-230v\/#breadcrumb\"},\"inLanguage\":\"en-GB\",\"potentialAction\":[{\"@type\":\"ReadAction\",\"target\":[\"https:\/\/genekas24.ee\/toode\/itcpower-8000d-red-edition-diiselgeneraator-6300-w-230v\/\"]}]},{\"@type\":\"ImageObject\",\"inLanguage\":\"en-GB\",\"@id\":\"https:\/\/genekas24.ee\/toode\/itcpower-8000d-red-edition-diiselgeneraator-6300-w-230v\/#primaryimage\",\"url\":\"https:\/\/genekas24.ee\/wp-content\/uploads\/2026\/01\/4625-500x500-1.jpeg\",\"contentUrl\":\"https:\/\/genekas24.ee\/wp-content\/uploads\/2026\/01\/4625-500x500-1.jpeg\",\"width\":500,\"height\":500},{\"@type\":\"BreadcrumbList\",\"@id\":\"https:\/\/genekas24.ee\/toode\/itcpower-8000d-red-edition-diiselgeneraator-6300-w-230v\/#breadcrumb\",\"itemListElement\":[{\"@type\":\"ListItem\",\"position\":1,\"name\":\"Home\",\"item\":\"https:\/\/genekas24.ee\/\"},{\"@type\":\"ListItem\",\"position\":2,\"name\":\"Pood\",\"item\":\"https:\/\/genekas24.ee\/pood\/\"},{\"@type\":\"ListItem\",\"position\":3,\"name\":\"ITCPOWER 8000D RED EDITION diiselgeneraator 6300 W 230V\"}]},{\"@type\":\"WebSite\",\"@id\":\"https:\/\/genekas24.ee\/#website\",\"url\":\"https:\/\/genekas24.ee\/\",\"name\":\"Genekas24\",\"description\":\"Generaatorid | K&ouml;nner S&ouml;hnen tooted | Genekas24\",\"publisher\":{\"@id\":\"https:\/\/genekas24.ee\/#organization\"},\"potentialAction\":[{\"@type\":\"SearchAction\",\"target\":{\"@type\":\"EntryPoint\",\"urlTemplate\":\"https:\/\/genekas24.ee\/?s={search_term_string}\"},\"query-input\":{\"@type\":\"PropertyValueSpecification\",\"valueRequired\":true,\"valueName\":\"search_term_string\"}}],\"inLanguage\":\"en-GB\"},{\"@type\":\"Organization\",\"@id\":\"https:\/\/genekas24.ee\/#organization\",\"name\":\"Genekas24\",\"url\":\"https:\/\/genekas24.ee\/\",\"logo\":{\"@type\":\"ImageObject\",\"inLanguage\":\"en-GB\",\"@id\":\"https:\/\/genekas24.ee\/#\/schema\/logo\/image\/\",\"url\":\"https:\/\/genekas24.ee\/wp-content\/uploads\/2026\/01\/genekas24-logo_black.svg\",\"contentUrl\":\"https:\/\/genekas24.ee\/wp-content\/uploads\/2026\/01\/genekas24-logo_black.svg\",\"width\":840,\"height\":131,\"caption\":\"Genekas24\"},\"image\":{\"@id\":\"https:\/\/genekas24.ee\/#\/schema\/logo\/image\/\"}}]}<\/script>\n<!-- \/ Yoast SEO plugin. -->","yoast_head_json":{"title":"ITCPOWER 8000D RED EDITION diiselgeneraator 6300 W 230V - Genekas24","robots":{"index":"index","follow":"follow","max-snippet":"max-snippet:-1","max-image-preview":"max-image-preview:large","max-video-preview":"max-video-preview:-1"},"canonical":"https:\/\/genekas24.ee\/en\/product\/itcpower-8000d-red-edition-diiselgeneraator-6300-w-230v\/","og_locale":"en_GB","og_type":"article","og_title":"ITCPOWER 8000D RED EDITION diiselgeneraator 6300 W 230V - Genekas24","og_description":"Pinge 230V   Maksimaalne v\u00f5imsus 6,3 kW   Nimiv\u00f5imsus 6,0 kW   Nimivool 26 A   Sagedus (Hz) 50 Hz   V\u00e4ljundvoolud 1 x 16 A \/ 1 x 32 A   LED-ekraan 6   Aku 36 Ah Jah   Alalisvoolu v\u00e4ljund 12 V \/ 8,3 A   K\u00fctusemaht 12 l   K\u00fctusekulu 50% koormusel 10 h   M\u00fcratase 7 meetri kauguselt 72 dBA   LWA m\u00fcratase 79 dBA   Mootori mudel D500E   Mootori k\u00e4ivitusmeetod Elektriline \/ ATS   Mootori t\u00f6\u00f6maht 498 cm3   Mootori \u00f5limaht 1,65 l   Generaator - mudel A6S (vask)   Generaatori v\u00f5imsus 6 kVA   Generaatori v\u00f5imsustegur 1   Generaatori pinge reguleerimine (AVR)   ATS valmidus Jah   AUTO SATRT Jah   Madal \u00f5lir\u00f5hk Jah   Avariiseiskamisnupp Jah   Brutokaal 168 kg   Toote m\u00f5\u00f5tmed 920 x 520 x 760 mm   Karbi m\u00f5\u00f5tmed 950 x 570 x 790 mm   Mootori v\u00f5imsus 12 hj   Kaal 152 kg   Diferentsiaal 30 mAh   Pikkus 76 cm   Laius 92 cm   K\u00f5rgus 52 cm   Aku kaasas Jah","og_url":"https:\/\/genekas24.ee\/en\/product\/itcpower-8000d-red-edition-diiselgeneraator-6300-w-230v\/","og_site_name":"Genekas24","og_image":[{"width":500,"height":500,"url":"https:\/\/genekas24.ee\/wp-content\/uploads\/2026\/01\/4625-500x500-1.jpeg","type":"image\/jpeg"}],"twitter_card":"summary_large_image","twitter_misc":{"Estimated reading time":"1 minute"},"schema":{"@context":"https:\/\/schema.org","@graph":[{"@type":"WebPage","@id":"https:\/\/genekas24.ee\/toode\/itcpower-8000d-red-edition-diiselgeneraator-6300-w-230v\/","url":"https:\/\/genekas24.ee\/toode\/itcpower-8000d-red-edition-diiselgeneraator-6300-w-230v\/","name":"ITCPOWER 8000D RED EDITION diiselgeneraator 6300 W 230V - Genekas24","isPartOf":{"@id":"https:\/\/genekas24.ee\/#website"},"primaryImageOfPage":{"@id":"https:\/\/genekas24.ee\/toode\/itcpower-8000d-red-edition-diiselgeneraator-6300-w-230v\/#primaryimage"},"image":{"@id":"https:\/\/genekas24.ee\/toode\/itcpower-8000d-red-edition-diiselgeneraator-6300-w-230v\/#primaryimage"},"thumbnailUrl":"https:\/\/genekas24.ee\/wp-content\/uploads\/2026\/01\/4625-500x500-1.jpeg","datePublished":"2026-04-08T17:33:28+00:00","breadcrumb":{"@id":"https:\/\/genekas24.ee\/toode\/itcpower-8000d-red-edition-diiselgeneraator-6300-w-230v\/#breadcrumb"},"inLanguage":"en-GB","potentialAction":[{"@type":"ReadAction","target":["https:\/\/genekas24.ee\/toode\/itcpower-8000d-red-edition-diiselgeneraator-6300-w-230v\/"]}]},{"@type":"ImageObject","inLanguage":"en-GB","@id":"https:\/\/genekas24.ee\/toode\/itcpower-8000d-red-edition-diiselgeneraator-6300-w-230v\/#primaryimage","url":"https:\/\/genekas24.ee\/wp-content\/uploads\/2026\/01\/4625-500x500-1.jpeg","contentUrl":"https:\/\/genekas24.ee\/wp-content\/uploads\/2026\/01\/4625-500x500-1.jpeg","width":500,"height":500},{"@type":"BreadcrumbList","@id":"https:\/\/genekas24.ee\/toode\/itcpower-8000d-red-edition-diiselgeneraator-6300-w-230v\/#breadcrumb","itemListElement":[{"@type":"ListItem","position":1,"name":"Home","item":"https:\/\/genekas24.ee\/"},{"@type":"ListItem","position":2,"name":"Pood","item":"https:\/\/genekas24.ee\/pood\/"},{"@type":"ListItem","position":3,"name":"ITCPOWER 8000D RED EDITION diiselgeneraator 6300 W 230V"}]},{"@type":"WebSite","@id":"https:\/\/genekas24.ee\/#website","url":"https:\/\/genekas24.ee\/","name":"Genekas24","description":"Generaatorid | K&ouml;nner S&ouml;hnen tooted | Genekas24","publisher":{"@id":"https:\/\/genekas24.ee\/#organization"},"potentialAction":[{"@type":"SearchAction","target":{"@type":"EntryPoint","urlTemplate":"https:\/\/genekas24.ee\/?s={search_term_string}"},"query-input":{"@type":"PropertyValueSpecification","valueRequired":true,"valueName":"search_term_string"}}],"inLanguage":"en-GB"},{"@type":"Organization","@id":"https:\/\/genekas24.ee\/#organization","name":"Genekas24","url":"https:\/\/genekas24.ee\/","logo":{"@type":"ImageObject","inLanguage":"en-GB","@id":"https:\/\/genekas24.ee\/#\/schema\/logo\/image\/","url":"https:\/\/genekas24.ee\/wp-content\/uploads\/2026\/01\/genekas24-logo_black.svg","contentUrl":"https:\/\/genekas24.ee\/wp-content\/uploads\/2026\/01\/genekas24-logo_black.svg","width":840,"height":131,"caption":"Genekas24"},"image":{"@id":"https:\/\/genekas24.ee\/#\/schema\/logo\/image\/"}}]}},"_links":{"self":[{"href":"https:\/\/genekas24.ee\/en\/wp-json\/wp\/v2\/product\/22213","targetHints":{"allow":["GET"]}}],"collection":[{"href":"https:\/\/genekas24.ee\/en\/wp-json\/wp\/v2\/product"}],"about":[{"href":"https:\/\/genekas24.ee\/en\/wp-json\/wp\/v2\/types\/product"}],"version-history":[{"count":1,"href":"https:\/\/genekas24.ee\/en\/wp-json\/wp\/v2\/product\/22213\/revisions"}],"predecessor-version":[{"id":23081,"href":"https:\/\/genekas24.ee\/en\/wp-json\/wp\/v2\/product\/22213\/revisions\/23081"}],"wp:featuredmedia":[{"embeddable":true,"href":"https:\/\/genekas24.ee\/en\/wp-json\/wp\/v2\/media\/22214"}],"wp:attachment":[{"href":"https:\/\/genekas24.ee\/en\/wp-json\/wp\/v2\/media?parent=22213"}],"wp:term":[{"taxonomy":"product_brand","embeddable":true,"href":"https:\/\/genekas24.ee\/en\/wp-json\/wp\/v2\/product_brand?post=22213"},{"taxonomy":"product_cat","embeddable":true,"href":"https:\/\/genekas24.ee\/en\/wp-json\/wp\/v2\/product_cat?post=22213"},{"taxonomy":"product_tag","embeddable":true,"href":"https:\/\/genekas24.ee\/en\/wp-json\/wp\/v2\/product_tag?post=22213"}],"curies":[{"name":"wp","href":"https:\/\/api.w.org\/{rel}","templated":true}]}}