{"id":22056,"date":"2026-01-10T11:21:26","date_gmt":"2026-01-10T11:21:26","guid":{"rendered":"https:\/\/genekas24.ee\/?post_type=product&#038;p=22056"},"modified":"2026-04-22T13:18:28","modified_gmt":"2026-04-22T13:18:28","slug":"elektriline-halumasin-vertikaalne-ks-8the-v-55-40","status":"publish","type":"product","link":"https:\/\/genekas24.ee\/en\/product\/elektriline-halumasin-vertikaalne-ks-8the-v-55-40\/","title":{"rendered":"Elektriline halumasin (vertikaalne) KS 8THE V 55\/40"},"content":{"rendered":"<table style=\"border-collapse: collapse; width: 100%;\">\n<tbody>\n<tr>\n<td style=\"width: 13.8667%;\"><img decoding=\"async\" src=\"https:\/\/konner-sohnen.ee\/cdn\/shop\/files\/KS-8THE-V-55_40_macro_motor_1.jpg?v=1723486289&amp;width=500\" alt=\"Keskkonnas\u00f5bralik mootor\" \/><\/td>\n<td style=\"width: 86.1333%;\">\n<div class=\"left\">\n<h3>Keskkonnas\u00f5bralik mootor<\/h3>\n<div class=\"text-sm\">Halumasin TM \u201cK\u00f6nner &amp; S\u00f6hnen\u201d on varustatud v\u00f5imsa, usaldusv\u00e4\u00e4rse ja keskkonnas\u00f5braliku elektrimootoriga.<\/div>\n<\/div>\n<div class=\"right\"><\/div>\n<\/td>\n<\/tr>\n<tr>\n<td style=\"width: 13.8667%;\"><img decoding=\"async\" src=\"https:\/\/konner-sohnen.ee\/cdn\/shop\/files\/KS-8THE-V-55_40_macro_kolun_2.jpg?v=1723486288&amp;width=500\" alt=\"Karastatud terasest l\u00f5hkumiskiil\" \/><\/td>\n<td style=\"width: 86.1333%;\">\n<h3>Karastatud terasest l\u00f5hkumiskiil<\/h3>\n<div class=\"text-sm\">L\u00f5hkumiskiil on valmistatud karastatud terasest, mis on keevitatud raami k\u00fclge, talub suuri koormusi ja on v\u00f5imeline l\u00f5hkuma igasuguseid palke, nii kuivi kui ka m\u00e4rgi.<\/div>\n<\/td>\n<\/tr>\n<tr>\n<td style=\"width: 13.8667%;\"><img decoding=\"async\" src=\"https:\/\/konner-sohnen.ee\/cdn\/shop\/files\/KS-8THE-V-55_40_macro_hand_3.jpg?v=1723486290&amp;width=500\" alt=\"Maksimaalne ohutus\" \/><\/td>\n<td style=\"width: 86.1333%;\">\n<h3>Maksimaalne ohutus<\/h3>\n<div class=\"text-sm\">Kahe kangiga juhtimiss\u00fcsteem tagab suurema operaatori ohutuse.<\/div>\n<\/td>\n<\/tr>\n<tr>\n<td style=\"width: 13.8667%;\"><img decoding=\"async\" src=\"https:\/\/konner-sohnen.ee\/cdn\/shop\/files\/KS-8THE-V-55_40_macro_gidrav_4.jpg?v=1723486288&amp;width=500\" alt=\"H\u00fcdraulilised puul\u00f5hkujad\" \/><\/td>\n<td style=\"width: 86.1333%;\">\n<h3>H\u00fcdraulilised puul\u00f5hkujad<\/h3>\n<div class=\"text-sm\">H\u00fcdrauliliste puul\u00f5hkujate sujuv t\u00f6\u00f6 v\u00f5imaldab palkide ohutut l\u00f5hkumist, nii et teil on piisavalt aega teise palgi lisamiseks.<\/div>\n<\/td>\n<\/tr>\n<tr>\n<td style=\"width: 13.8667%;\"><img decoding=\"async\" src=\"https:\/\/konner-sohnen.ee\/cdn\/shop\/files\/KS-8THE-V-55_40_koleso_6.jpg?v=1723486289&amp;width=500\" alt=\"Lihtne transportimine\" \/><\/td>\n<td style=\"width: 86.1333%;\">\n<h3>Lihtne transportimine<\/h3>\n<div class=\"text-sm\">Halumasin on varustatud ratastega, et seda oleks lihtne liigutada isegi ebatasastel pindadel, n\u00e4iteks kruusal v\u00f5i mullal.<\/div>\n<\/td>\n<\/tr>\n<\/tbody>\n<\/table>","protected":false},"excerpt":{"rendered":"<table>\n<tbody>\n<tr>\n<td>Voltage, V<\/td>\n<td>230<\/td>\n<\/tr>\n<tr>\n<td>Frequency, Hz<\/td>\n<td>50<\/td>\n<\/tr>\n<tr>\n<td>Mootori v\u00f5imsus, W<\/td>\n<td>2300<\/td>\n<\/tr>\n<tr>\n<td>L\u00f5hkumisj\u00f5ud, tonn<\/td>\n<td>8<\/td>\n<\/tr>\n<tr>\n<td>Engine type<\/td>\n<td>Electric<\/td>\n<\/tr>\n<tr>\n<td>Engine model<\/td>\n<td>KS ECO 2300<\/td>\n<\/tr>\n<tr>\n<td>Maksimaalne l\u00f5hestuspikkus, mm<\/td>\n<td>550<\/td>\n<\/tr>\n<tr>\n<td>Maksimaalne l\u00f5hestusdiameeter, mm<\/td>\n<td>400<\/td>\n<\/tr>\n<tr>\n<td>Ts\u00fckliaeg, sek<\/td>\n<td>~ 15<\/td>\n<\/tr>\n<tr>\n<td>T\u00f6\u00f6asend<\/td>\n<td>Vertikaalne<\/td>\n<\/tr>\n<tr>\n<td>V\u00e4nda karteri maht, l<\/td>\n<td>4<\/td>\n<\/tr>\n<tr>\n<td>Cable length, m<\/td>\n<td>1.6<\/td>\n<\/tr>\n<tr>\n<td>H\u00fcdraulika\u00f5li maht, l<\/td>\n<td>2.9<\/td>\n<\/tr>\n<tr>\n<td>Transpordirattad<\/td>\n<td>8\u2033<\/td>\n<\/tr>\n<tr>\n<td>Netom\u00f5\u00f5tmed (PxLxK), mm<\/td>\n<td>820x990x1500<\/td>\n<\/tr>\n<tr>\n<td>\u00dcldm\u00f5\u00f5tmed (PxLxK), mm<\/td>\n<td>570x380x1160<\/td>\n<\/tr>\n<tr>\n<td>Net weight, kg<\/td>\n<td>114<\/td>\n<\/tr>\n<tr>\n<td>Protection class<\/td>\n<td>IP54M<\/td>\n<\/tr>\n<tr>\n<td>Kogukaal, kg<\/td>\n<td>124.0<\/td>\n<\/tr>\n<tr>\n<td>SKU<\/td>\n<td>KS 8THE V 55\/40<\/td>\n<\/tr>\n<tr>\n<td>EAN<\/td>\n<td>4260405365692<\/td>\n<\/tr>\n<\/tbody>\n<\/table>","protected":false},"featured_media":22057,"template":"","meta":{"_acf_changed":false,"inline_featured_image":false},"product_brand":[],"product_cat":[159,176],"product_tag":[],"class_list":{"0":"post-22056","1":"product","2":"type-product","3":"status-publish","4":"has-post-thumbnail","6":"product_cat-aiatooriistad","7":"product_cat-halumasinad","8":"product_shipping_class-poolalus","9":"brand-konner-sohnen","11":"first","12":"instock","13":"taxable","14":"shipping-taxable","15":"purchasable","16":"product-type-simple"},"acf":[],"yoast_head":"<!-- This site is optimized with the Yoast SEO plugin v27.2 - https:\/\/yoast.com\/product\/yoast-seo-wordpress\/ -->\n<title>Elektriline halumasin (vertikaalne) KS 8THE V 55\/40 - Genekas24<\/title>\n<meta name=\"robots\" content=\"index, follow, max-snippet:-1, max-image-preview:large, max-video-preview:-1\" \/>\n<link rel=\"canonical\" href=\"https:\/\/genekas24.ee\/en\/product\/elektriline-halumasin-vertikaalne-ks-8the-v-55-40\/\" \/>\n<meta property=\"og:locale\" content=\"en_GB\" \/>\n<meta property=\"og:type\" content=\"article\" \/>\n<meta property=\"og:title\" content=\"Elektriline halumasin (vertikaalne) KS 8THE V 55\/40 - Genekas24\" \/>\n<meta property=\"og:description\" content=\"Pinge, V 230   Sagedus, Hz 50   Mootori v\u00f5imsus, W 2300   L\u00f5hkumisj\u00f5ud, tonn 8   Mootori t\u00fc\u00fcp Elektriline   Mootori mudel KS ECO 2300   Maksimaalne l\u00f5hestuspikkus, mm 550   Maksimaalne l\u00f5hestusdiameeter, mm 400   Ts\u00fckliaeg, sek ~ 15   T\u00f6\u00f6asend Vertikaalne   V\u00e4nda karteri maht, l 4   Kaabli pikkus, m 1.6   H\u00fcdraulika\u00f5li maht, l 2.9   Transpordirattad 8\u2033   Netom\u00f5\u00f5tmed (PxLxK), mm 820x990x1500   \u00dcldm\u00f5\u00f5tmed (PxLxK), mm 570x380x1160   Netokaal, kg 114   Kaitseklass IP54M   Kogukaal, kg 124.0   SKU KS 8THE V 55\/40   EAN 4260405365692\" \/>\n<meta property=\"og:url\" content=\"https:\/\/genekas24.ee\/en\/product\/elektriline-halumasin-vertikaalne-ks-8the-v-55-40\/\" \/>\n<meta property=\"og:site_name\" content=\"Genekas24\" \/>\n<meta property=\"article:modified_time\" content=\"2026-04-22T13:18:28+00:00\" \/>\n<meta property=\"og:image\" content=\"https:\/\/genekas24.ee\/wp-content\/uploads\/2026\/01\/KS-8THE-V-55_40_1.webp\" \/>\n\t<meta property=\"og:image:width\" content=\"1600\" \/>\n\t<meta property=\"og:image:height\" content=\"1200\" \/>\n\t<meta property=\"og:image:type\" content=\"image\/webp\" \/>\n<meta name=\"twitter:card\" content=\"summary_large_image\" \/>\n<meta name=\"twitter:label1\" content=\"Estimated reading time\" \/>\n\t<meta name=\"twitter:data1\" content=\"2 minutes\" \/>\n<script type=\"application\/ld+json\" class=\"yoast-schema-graph\">{\"@context\":\"https:\/\/schema.org\",\"@graph\":[{\"@type\":\"WebPage\",\"@id\":\"https:\/\/genekas24.ee\/toode\/elektriline-halumasin-vertikaalne-ks-8the-v-55-40\/\",\"url\":\"https:\/\/genekas24.ee\/toode\/elektriline-halumasin-vertikaalne-ks-8the-v-55-40\/\",\"name\":\"Elektriline halumasin (vertikaalne) KS 8THE V 55\/40 - Genekas24\",\"isPartOf\":{\"@id\":\"https:\/\/genekas24.ee\/#website\"},\"primaryImageOfPage\":{\"@id\":\"https:\/\/genekas24.ee\/toode\/elektriline-halumasin-vertikaalne-ks-8the-v-55-40\/#primaryimage\"},\"image\":{\"@id\":\"https:\/\/genekas24.ee\/toode\/elektriline-halumasin-vertikaalne-ks-8the-v-55-40\/#primaryimage\"},\"thumbnailUrl\":\"https:\/\/genekas24.ee\/wp-content\/uploads\/2026\/01\/KS-8THE-V-55_40_1.webp\",\"datePublished\":\"2026-01-10T11:21:26+00:00\",\"dateModified\":\"2026-04-22T13:18:28+00:00\",\"breadcrumb\":{\"@id\":\"https:\/\/genekas24.ee\/toode\/elektriline-halumasin-vertikaalne-ks-8the-v-55-40\/#breadcrumb\"},\"inLanguage\":\"en-GB\",\"potentialAction\":[{\"@type\":\"ReadAction\",\"target\":[\"https:\/\/genekas24.ee\/toode\/elektriline-halumasin-vertikaalne-ks-8the-v-55-40\/\"]}]},{\"@type\":\"ImageObject\",\"inLanguage\":\"en-GB\",\"@id\":\"https:\/\/genekas24.ee\/toode\/elektriline-halumasin-vertikaalne-ks-8the-v-55-40\/#primaryimage\",\"url\":\"https:\/\/genekas24.ee\/wp-content\/uploads\/2026\/01\/KS-8THE-V-55_40_1.webp\",\"contentUrl\":\"https:\/\/genekas24.ee\/wp-content\/uploads\/2026\/01\/KS-8THE-V-55_40_1.webp\",\"width\":1600,\"height\":1200},{\"@type\":\"BreadcrumbList\",\"@id\":\"https:\/\/genekas24.ee\/toode\/elektriline-halumasin-vertikaalne-ks-8the-v-55-40\/#breadcrumb\",\"itemListElement\":[{\"@type\":\"ListItem\",\"position\":1,\"name\":\"Home\",\"item\":\"https:\/\/genekas24.ee\/\"},{\"@type\":\"ListItem\",\"position\":2,\"name\":\"Pood\",\"item\":\"https:\/\/genekas24.ee\/pood\/\"},{\"@type\":\"ListItem\",\"position\":3,\"name\":\"Elektriline halumasin (vertikaalne) KS 8THE V 55\/40\"}]},{\"@type\":\"WebSite\",\"@id\":\"https:\/\/genekas24.ee\/#website\",\"url\":\"https:\/\/genekas24.ee\/\",\"name\":\"Genekas24\",\"description\":\"Generaatorid | K&ouml;nner S&ouml;hnen tooted | Genekas24\",\"publisher\":{\"@id\":\"https:\/\/genekas24.ee\/#organization\"},\"potentialAction\":[{\"@type\":\"SearchAction\",\"target\":{\"@type\":\"EntryPoint\",\"urlTemplate\":\"https:\/\/genekas24.ee\/?s={search_term_string}\"},\"query-input\":{\"@type\":\"PropertyValueSpecification\",\"valueRequired\":true,\"valueName\":\"search_term_string\"}}],\"inLanguage\":\"en-GB\"},{\"@type\":\"Organization\",\"@id\":\"https:\/\/genekas24.ee\/#organization\",\"name\":\"Genekas24\",\"url\":\"https:\/\/genekas24.ee\/\",\"logo\":{\"@type\":\"ImageObject\",\"inLanguage\":\"en-GB\",\"@id\":\"https:\/\/genekas24.ee\/#\/schema\/logo\/image\/\",\"url\":\"https:\/\/genekas24.ee\/wp-content\/uploads\/2026\/01\/genekas24-logo_black.svg\",\"contentUrl\":\"https:\/\/genekas24.ee\/wp-content\/uploads\/2026\/01\/genekas24-logo_black.svg\",\"width\":840,\"height\":131,\"caption\":\"Genekas24\"},\"image\":{\"@id\":\"https:\/\/genekas24.ee\/#\/schema\/logo\/image\/\"}}]}<\/script>\n<!-- \/ Yoast SEO plugin. -->","yoast_head_json":{"title":"Elektriline halumasin (vertikaalne) KS 8THE V 55\/40 - Genekas24","robots":{"index":"index","follow":"follow","max-snippet":"max-snippet:-1","max-image-preview":"max-image-preview:large","max-video-preview":"max-video-preview:-1"},"canonical":"https:\/\/genekas24.ee\/en\/product\/elektriline-halumasin-vertikaalne-ks-8the-v-55-40\/","og_locale":"en_GB","og_type":"article","og_title":"Elektriline halumasin (vertikaalne) KS 8THE V 55\/40 - Genekas24","og_description":"Pinge, V 230   Sagedus, Hz 50   Mootori v\u00f5imsus, W 2300   L\u00f5hkumisj\u00f5ud, tonn 8   Mootori t\u00fc\u00fcp Elektriline   Mootori mudel KS ECO 2300   Maksimaalne l\u00f5hestuspikkus, mm 550   Maksimaalne l\u00f5hestusdiameeter, mm 400   Ts\u00fckliaeg, sek ~ 15   T\u00f6\u00f6asend Vertikaalne   V\u00e4nda karteri maht, l 4   Kaabli pikkus, m 1.6   H\u00fcdraulika\u00f5li maht, l 2.9   Transpordirattad 8\u2033   Netom\u00f5\u00f5tmed (PxLxK), mm 820x990x1500   \u00dcldm\u00f5\u00f5tmed (PxLxK), mm 570x380x1160   Netokaal, kg 114   Kaitseklass IP54M   Kogukaal, kg 124.0   SKU KS 8THE V 55\/40   EAN 4260405365692","og_url":"https:\/\/genekas24.ee\/en\/product\/elektriline-halumasin-vertikaalne-ks-8the-v-55-40\/","og_site_name":"Genekas24","article_modified_time":"2026-04-22T13:18:28+00:00","og_image":[{"width":1600,"height":1200,"url":"https:\/\/genekas24.ee\/wp-content\/uploads\/2026\/01\/KS-8THE-V-55_40_1.webp","type":"image\/webp"}],"twitter_card":"summary_large_image","twitter_misc":{"Estimated reading time":"2 minutes"},"schema":{"@context":"https:\/\/schema.org","@graph":[{"@type":"WebPage","@id":"https:\/\/genekas24.ee\/toode\/elektriline-halumasin-vertikaalne-ks-8the-v-55-40\/","url":"https:\/\/genekas24.ee\/toode\/elektriline-halumasin-vertikaalne-ks-8the-v-55-40\/","name":"Elektriline halumasin (vertikaalne) KS 8THE V 55\/40 - Genekas24","isPartOf":{"@id":"https:\/\/genekas24.ee\/#website"},"primaryImageOfPage":{"@id":"https:\/\/genekas24.ee\/toode\/elektriline-halumasin-vertikaalne-ks-8the-v-55-40\/#primaryimage"},"image":{"@id":"https:\/\/genekas24.ee\/toode\/elektriline-halumasin-vertikaalne-ks-8the-v-55-40\/#primaryimage"},"thumbnailUrl":"https:\/\/genekas24.ee\/wp-content\/uploads\/2026\/01\/KS-8THE-V-55_40_1.webp","datePublished":"2026-01-10T11:21:26+00:00","dateModified":"2026-04-22T13:18:28+00:00","breadcrumb":{"@id":"https:\/\/genekas24.ee\/toode\/elektriline-halumasin-vertikaalne-ks-8the-v-55-40\/#breadcrumb"},"inLanguage":"en-GB","potentialAction":[{"@type":"ReadAction","target":["https:\/\/genekas24.ee\/toode\/elektriline-halumasin-vertikaalne-ks-8the-v-55-40\/"]}]},{"@type":"ImageObject","inLanguage":"en-GB","@id":"https:\/\/genekas24.ee\/toode\/elektriline-halumasin-vertikaalne-ks-8the-v-55-40\/#primaryimage","url":"https:\/\/genekas24.ee\/wp-content\/uploads\/2026\/01\/KS-8THE-V-55_40_1.webp","contentUrl":"https:\/\/genekas24.ee\/wp-content\/uploads\/2026\/01\/KS-8THE-V-55_40_1.webp","width":1600,"height":1200},{"@type":"BreadcrumbList","@id":"https:\/\/genekas24.ee\/toode\/elektriline-halumasin-vertikaalne-ks-8the-v-55-40\/#breadcrumb","itemListElement":[{"@type":"ListItem","position":1,"name":"Home","item":"https:\/\/genekas24.ee\/"},{"@type":"ListItem","position":2,"name":"Pood","item":"https:\/\/genekas24.ee\/pood\/"},{"@type":"ListItem","position":3,"name":"Elektriline halumasin (vertikaalne) KS 8THE V 55\/40"}]},{"@type":"WebSite","@id":"https:\/\/genekas24.ee\/#website","url":"https:\/\/genekas24.ee\/","name":"Genekas24","description":"Generaatorid | K&ouml;nner S&ouml;hnen tooted | Genekas24","publisher":{"@id":"https:\/\/genekas24.ee\/#organization"},"potentialAction":[{"@type":"SearchAction","target":{"@type":"EntryPoint","urlTemplate":"https:\/\/genekas24.ee\/?s={search_term_string}"},"query-input":{"@type":"PropertyValueSpecification","valueRequired":true,"valueName":"search_term_string"}}],"inLanguage":"en-GB"},{"@type":"Organization","@id":"https:\/\/genekas24.ee\/#organization","name":"Genekas24","url":"https:\/\/genekas24.ee\/","logo":{"@type":"ImageObject","inLanguage":"en-GB","@id":"https:\/\/genekas24.ee\/#\/schema\/logo\/image\/","url":"https:\/\/genekas24.ee\/wp-content\/uploads\/2026\/01\/genekas24-logo_black.svg","contentUrl":"https:\/\/genekas24.ee\/wp-content\/uploads\/2026\/01\/genekas24-logo_black.svg","width":840,"height":131,"caption":"Genekas24"},"image":{"@id":"https:\/\/genekas24.ee\/#\/schema\/logo\/image\/"}}]}},"_links":{"self":[{"href":"https:\/\/genekas24.ee\/en\/wp-json\/wp\/v2\/product\/22056","targetHints":{"allow":["GET"]}}],"collection":[{"href":"https:\/\/genekas24.ee\/en\/wp-json\/wp\/v2\/product"}],"about":[{"href":"https:\/\/genekas24.ee\/en\/wp-json\/wp\/v2\/types\/product"}],"version-history":[{"count":3,"href":"https:\/\/genekas24.ee\/en\/wp-json\/wp\/v2\/product\/22056\/revisions"}],"predecessor-version":[{"id":23144,"href":"https:\/\/genekas24.ee\/en\/wp-json\/wp\/v2\/product\/22056\/revisions\/23144"}],"wp:featuredmedia":[{"embeddable":true,"href":"https:\/\/genekas24.ee\/en\/wp-json\/wp\/v2\/media\/22057"}],"wp:attachment":[{"href":"https:\/\/genekas24.ee\/en\/wp-json\/wp\/v2\/media?parent=22056"}],"wp:term":[{"taxonomy":"product_brand","embeddable":true,"href":"https:\/\/genekas24.ee\/en\/wp-json\/wp\/v2\/product_brand?post=22056"},{"taxonomy":"product_cat","embeddable":true,"href":"https:\/\/genekas24.ee\/en\/wp-json\/wp\/v2\/product_cat?post=22056"},{"taxonomy":"product_tag","embeddable":true,"href":"https:\/\/genekas24.ee\/en\/wp-json\/wp\/v2\/product_tag?post=22056"}],"curies":[{"name":"wp","href":"https:\/\/api.w.org\/{rel}","templated":true}]}}