{"id":16227,"date":"2024-05-28T14:19:43","date_gmt":"2024-05-28T14:19:43","guid":{"rendered":"https:\/\/genekas24.ee\/?post_type=product&#038;p=16227"},"modified":"2026-04-09T07:46:23","modified_gmt":"2026-04-09T07:46:23","slug":"12v-akuabi-ja-kompressor-ks-jsp-2000","status":"publish","type":"product","link":"https:\/\/genekas24.ee\/en\/product\/jump-starter-compressor-ks-jsp-2000\/","title":{"rendered":"Jump starter with a battery-powered compressor KS JSP-2000"},"content":{"rendered":"<p>The German brand K\u00f6nner &amp; S\u00f6hnen presents the 4-in-1 KS JSP-2000 jump starter with battery-powered compressor - an indispensable multifunctional device for your car. It combines the functions of a jump starter and a charging device for gasoline or diesel car batteries, a battery-powered compressor for a wide range of tasks, and can also be used as a power bank and a flashlight. K\u00f6nner &amp; S\u00f6hnen products have been successfully sold in over 20 countries in Europe, have undergone many years of testing by demanding European consumers, and have received numerous positive reviews.<\/p>\n<table style=\"height: auto;\" width=\"100%\">\n<tbody>\n<tr class=\"even\">\n<td style=\"height: auto;\" width=\"20%\"><img fetchpriority=\"high\" decoding=\"async\" class=\"alignnone size-medium wp-image-16238\" src=\"https:\/\/genekas24.ee\/wp-content\/uploads\/2024\/05\/ks-jsp-2000-starter-macro-02-300x300.jpg\" alt=\"\" width=\"300\" height=\"300\" srcset=\"https:\/\/genekas24.ee\/wp-content\/uploads\/2024\/05\/ks-jsp-2000-starter-macro-02-300x300.jpg 300w, https:\/\/genekas24.ee\/wp-content\/uploads\/2024\/05\/ks-jsp-2000-starter-macro-02-150x150.jpg 150w, https:\/\/genekas24.ee\/wp-content\/uploads\/2024\/05\/ks-jsp-2000-starter-macro-02-768x768.jpg 768w, https:\/\/genekas24.ee\/wp-content\/uploads\/2024\/05\/ks-jsp-2000-starter-macro-02-12x12.jpg 12w, https:\/\/genekas24.ee\/wp-content\/uploads\/2024\/05\/ks-jsp-2000-starter-macro-02-600x600.jpg 600w, https:\/\/genekas24.ee\/wp-content\/uploads\/2024\/05\/ks-jsp-2000-starter-macro-02-100x100.jpg 100w, https:\/\/genekas24.ee\/wp-content\/uploads\/2024\/05\/ks-jsp-2000-starter-macro-02.jpg 1000w\" sizes=\"(max-width: 300px) 100vw, 300px\" \/><\/td>\n<td><strong>QUICK CAR START<\/strong><\/p>\n<p>The modern, high-quality 14800 mAh lithium-ion battery with a high current output is suitable for gasoline engines up to 8 liters and diesel engines up to 5 liters. The device provides an immediate peak current supply of up to 2000 A, enabling you to start your car engine in just a few seconds.<\/td>\n<\/tr>\n<tr class=\"even\">\n<td style=\"height: auto;\" width=\"20%\"><img decoding=\"async\" class=\"alignnone size-medium wp-image-16235\" src=\"https:\/\/genekas24.ee\/wp-content\/uploads\/2024\/05\/ks-jsp-2000-max-macro-01-300x300.jpg\" alt=\"\" width=\"300\" height=\"300\" srcset=\"https:\/\/genekas24.ee\/wp-content\/uploads\/2024\/05\/ks-jsp-2000-max-macro-01-300x300.jpg 300w, https:\/\/genekas24.ee\/wp-content\/uploads\/2024\/05\/ks-jsp-2000-max-macro-01-150x150.jpg 150w, https:\/\/genekas24.ee\/wp-content\/uploads\/2024\/05\/ks-jsp-2000-max-macro-01-768x768.jpg 768w, https:\/\/genekas24.ee\/wp-content\/uploads\/2024\/05\/ks-jsp-2000-max-macro-01-12x12.jpg 12w, https:\/\/genekas24.ee\/wp-content\/uploads\/2024\/05\/ks-jsp-2000-max-macro-01-600x600.jpg 600w, https:\/\/genekas24.ee\/wp-content\/uploads\/2024\/05\/ks-jsp-2000-max-macro-01-100x100.jpg 100w, https:\/\/genekas24.ee\/wp-content\/uploads\/2024\/05\/ks-jsp-2000-max-macro-01.jpg 1000w\" sizes=\"(max-width: 300px) 100vw, 300px\" \/><\/td>\n<td>\n<div class=\"feature-title\">\n<p><strong>HIGH-PRESSURE AIR BATTERY-POWERED COMPRESSOR<\/strong><\/p>\n<p>The 140 PSI compressor has an inflation speed of 22 L\/min, enabling quick inflation and deflation of equipment without the need for a power source. It can also be used as a manometer to measure tire pressure.<\/p>\n<\/div>\n<\/td>\n<\/tr>\n<tr class=\"even\">\n<td style=\"height: auto;\" width=\"20%\"><img decoding=\"async\" class=\"alignnone size-medium wp-image-16232\" src=\"https:\/\/genekas24.ee\/wp-content\/uploads\/2024\/05\/ks-jsp-2000-display-macro-03-300x300.jpg\" alt=\"\" width=\"300\" height=\"300\" srcset=\"https:\/\/genekas24.ee\/wp-content\/uploads\/2024\/05\/ks-jsp-2000-display-macro-03-300x300.jpg 300w, https:\/\/genekas24.ee\/wp-content\/uploads\/2024\/05\/ks-jsp-2000-display-macro-03-150x150.jpg 150w, https:\/\/genekas24.ee\/wp-content\/uploads\/2024\/05\/ks-jsp-2000-display-macro-03-768x768.jpg 768w, https:\/\/genekas24.ee\/wp-content\/uploads\/2024\/05\/ks-jsp-2000-display-macro-03-12x12.jpg 12w, https:\/\/genekas24.ee\/wp-content\/uploads\/2024\/05\/ks-jsp-2000-display-macro-03-600x600.jpg 600w, https:\/\/genekas24.ee\/wp-content\/uploads\/2024\/05\/ks-jsp-2000-display-macro-03-100x100.jpg 100w, https:\/\/genekas24.ee\/wp-content\/uploads\/2024\/05\/ks-jsp-2000-display-macro-03.jpg 1000w\" sizes=\"(max-width: 300px) 100vw, 300px\" \/><\/td>\n<td>\n<div class=\"feature-title\">\n<p><strong>DIGITAL DISPLAY<\/strong><\/p>\n<p>The display facilitates the use of the device, enabling you to check the inflation parameters in selected units of measurement (PSI, bar). It supports stopping at predefined values, and also displays information about the battery charge level.<\/p>\n<\/div>\n<\/td>\n<\/tr>\n<tr class=\"odd\">\n<td style=\"height: auto;\" width=\"20%\"><img loading=\"lazy\" decoding=\"async\" class=\"alignnone size-medium wp-image-16233\" src=\"https:\/\/genekas24.ee\/wp-content\/uploads\/2024\/05\/ks-jsp-2000-led-macro-04-300x300.jpg\" alt=\"\" width=\"300\" height=\"300\" srcset=\"https:\/\/genekas24.ee\/wp-content\/uploads\/2024\/05\/ks-jsp-2000-led-macro-04-300x300.jpg 300w, https:\/\/genekas24.ee\/wp-content\/uploads\/2024\/05\/ks-jsp-2000-led-macro-04-150x150.jpg 150w, https:\/\/genekas24.ee\/wp-content\/uploads\/2024\/05\/ks-jsp-2000-led-macro-04-768x768.jpg 768w, https:\/\/genekas24.ee\/wp-content\/uploads\/2024\/05\/ks-jsp-2000-led-macro-04-12x12.jpg 12w, https:\/\/genekas24.ee\/wp-content\/uploads\/2024\/05\/ks-jsp-2000-led-macro-04-600x600.jpg 600w, https:\/\/genekas24.ee\/wp-content\/uploads\/2024\/05\/ks-jsp-2000-led-macro-04-100x100.jpg 100w, https:\/\/genekas24.ee\/wp-content\/uploads\/2024\/05\/ks-jsp-2000-led-macro-04.jpg 1000w\" sizes=\"(max-width: 300px) 100vw, 300px\" \/><\/td>\n<td>\n<div class=\"feature-title\">\n<p><strong>MULTIFUNCTIONAL LED LIGHT<\/strong><\/p>\n<p>The integrated bright light on the body is useful for illuminating the work area in the dark or in poor lighting conditions. It has three working modes: lighting, flashing, and SOS mode.<\/p>\n<\/div>\n<\/td>\n<\/tr>\n<tr class=\"even\">\n<td style=\"height: auto;\" width=\"20%\"><img loading=\"lazy\" decoding=\"async\" class=\"alignnone size-medium wp-image-16237\" src=\"https:\/\/genekas24.ee\/wp-content\/uploads\/2024\/05\/ks-jsp-2000-prot-macro-en-300x300.jpg\" alt=\"\" width=\"300\" height=\"300\" srcset=\"https:\/\/genekas24.ee\/wp-content\/uploads\/2024\/05\/ks-jsp-2000-prot-macro-en-300x300.jpg 300w, https:\/\/genekas24.ee\/wp-content\/uploads\/2024\/05\/ks-jsp-2000-prot-macro-en-150x150.jpg 150w, https:\/\/genekas24.ee\/wp-content\/uploads\/2024\/05\/ks-jsp-2000-prot-macro-en-768x768.jpg 768w, https:\/\/genekas24.ee\/wp-content\/uploads\/2024\/05\/ks-jsp-2000-prot-macro-en-12x12.jpg 12w, https:\/\/genekas24.ee\/wp-content\/uploads\/2024\/05\/ks-jsp-2000-prot-macro-en-600x600.jpg 600w, https:\/\/genekas24.ee\/wp-content\/uploads\/2024\/05\/ks-jsp-2000-prot-macro-en-100x100.jpg 100w, https:\/\/genekas24.ee\/wp-content\/uploads\/2024\/05\/ks-jsp-2000-prot-macro-en.jpg 1000w\" sizes=\"(max-width: 300px) 100vw, 300px\" \/><\/td>\n<td>\n<div class=\"feature-title\">\n<div class=\"feature-title\"><strong>MAXIMUM PROTECTION<\/strong><\/div>\n<div class=\"feature-title\">The device is protected against overcurrent, overcharge, excessive discharge, overheating, reverse polarity, and overvoltage.<\/div>\n<\/div>\n<\/td>\n<\/tr>\n<tr class=\"odd\">\n<td style=\"height: auto;\" width=\"20%\"><img loading=\"lazy\" decoding=\"async\" class=\"alignnone size-medium wp-image-16236\" src=\"https:\/\/genekas24.ee\/wp-content\/uploads\/2024\/05\/ks-jsp-2000-powerbank-macro-06-300x300.jpg\" alt=\"\" width=\"300\" height=\"300\" srcset=\"https:\/\/genekas24.ee\/wp-content\/uploads\/2024\/05\/ks-jsp-2000-powerbank-macro-06-300x300.jpg 300w, https:\/\/genekas24.ee\/wp-content\/uploads\/2024\/05\/ks-jsp-2000-powerbank-macro-06-150x150.jpg 150w, https:\/\/genekas24.ee\/wp-content\/uploads\/2024\/05\/ks-jsp-2000-powerbank-macro-06-768x768.jpg 768w, https:\/\/genekas24.ee\/wp-content\/uploads\/2024\/05\/ks-jsp-2000-powerbank-macro-06-12x12.jpg 12w, https:\/\/genekas24.ee\/wp-content\/uploads\/2024\/05\/ks-jsp-2000-powerbank-macro-06-600x600.jpg 600w, https:\/\/genekas24.ee\/wp-content\/uploads\/2024\/05\/ks-jsp-2000-powerbank-macro-06-100x100.jpg 100w, https:\/\/genekas24.ee\/wp-content\/uploads\/2024\/05\/ks-jsp-2000-powerbank-macro-06.jpg 1000w\" sizes=\"(max-width: 300px) 100vw, 300px\" \/><\/td>\n<td>\n<div class=\"feature-title\">\n<p><strong>POWER BANK FUNCTION<\/strong><\/p>\n<p>Thanks to the integrated compact portable battery with a large capacity of 14800 mAh, the device can function as a power bank for charging gadgets, with a 2A USB output.<\/p>\n<\/div>\n<\/td>\n<\/tr>\n<tr class=\"even\">\n<td style=\"height: auto;\" width=\"20%\"><img loading=\"lazy\" decoding=\"async\" class=\"alignnone size-medium wp-image-16234\" src=\"https:\/\/genekas24.ee\/wp-content\/uploads\/2024\/05\/ks-jsp-2000-matras-macro-07-300x300.jpg\" alt=\"\" width=\"300\" height=\"300\" srcset=\"https:\/\/genekas24.ee\/wp-content\/uploads\/2024\/05\/ks-jsp-2000-matras-macro-07-300x300.jpg 300w, https:\/\/genekas24.ee\/wp-content\/uploads\/2024\/05\/ks-jsp-2000-matras-macro-07-1024x1024.jpg 1024w, https:\/\/genekas24.ee\/wp-content\/uploads\/2024\/05\/ks-jsp-2000-matras-macro-07-150x150.jpg 150w, https:\/\/genekas24.ee\/wp-content\/uploads\/2024\/05\/ks-jsp-2000-matras-macro-07-768x768.jpg 768w, https:\/\/genekas24.ee\/wp-content\/uploads\/2024\/05\/ks-jsp-2000-matras-macro-07-12x12.jpg 12w, https:\/\/genekas24.ee\/wp-content\/uploads\/2024\/05\/ks-jsp-2000-matras-macro-07-600x600.jpg 600w, https:\/\/genekas24.ee\/wp-content\/uploads\/2024\/05\/ks-jsp-2000-matras-macro-07-100x100.jpg 100w, https:\/\/genekas24.ee\/wp-content\/uploads\/2024\/05\/ks-jsp-2000-matras-macro-07.jpg 1246w\" sizes=\"(max-width: 300px) 100vw, 300px\" \/><\/td>\n<td>\n<div class=\"feature-title\">\n<p><strong>5 MODES<\/strong><\/p>\n<p>The device has 5 inflation modes: car, motorcycle, bicycle, sports equipment, and high-flow mode. Equipped with an automatic stop function for air supply upon reaching defined parameters.<\/p>\n<\/div>\n<\/td>\n<\/tr>\n<\/tbody>\n<\/table>\n<p>&nbsp;<\/p>\n<p>The KS JSP-2000 jump starter with compressor is equipped with a modern high-quality 14800 mAh lithium-ion battery with a high output current of up to 2000 A, which enables it to start gasoline engines up to 8 liters and diesel engines up to 5 liters in just a few seconds. The clamps have an additional connection of fixing plates with a cable, enabling an increase of the fixing area and reducing resistance during power transmission. It has maximum protection: from overcurrent, overcharge, excessive discharge, overheating, reverse polarity, and overvoltage.<\/p>\n<p>The KS JSP-2000 device is equipped with a 2A USB output port, and thanks to its large-capacity integrated battery, you can charge a lot of different gadgets.<\/p>\n<p>The digital display on the body of the device shows the working mode, battery charge level, and pressure.<\/p>\n<p>The LED flashlight has three working modes: lighting, flashing, and SOS mode. The special flashing mode helps prevent accidents in case of deflated tire or in an emergency during the night. The SOS mode: alternating 3 short and 3 long flashes signals for help.<\/p>\n<p>The package includes a USB cable for charging the device, with the full charging time being up to 6 hours. This convenient compact 4-in-1 KS JSP-2000 device comes with a storage bag, a cable with battery clamps, two air hoses, 7 compressor adapter nozzles, a charging cable, and a spare fuse. Now, you will need only minimal effort to start the engine of your car.<\/p>","protected":false},"excerpt":{"rendered":"<div class=\"attribute row\">\n<div class=\"col-xs-6\">\n<table>\n<tbody>\n<tr class=\"odd\">\n<td>\n<div class=\"col-xs-6\">Battery, mAh<\/div>\n<\/td>\n<td>\n<div class=\"attribute row\">\n<div class=\"col-xs-6\">14800<\/div>\n<\/div>\n<\/td>\n<\/tr>\n<tr class=\"even\">\n<td width=\"60%\">Battery Type<\/td>\n<td>Lithium-ion rechargeable battery<\/td>\n<\/tr>\n<tr class=\"odd\">\n<td>Voltage, V<\/td>\n<td>15<\/td>\n<\/tr>\n<tr class=\"even\">\n<td>\n<div class=\"col-xs-6\">Max. pneumatic pressure, psi<\/div>\n<\/td>\n<td>140<\/td>\n<\/tr>\n<tr class=\"odd\">\n<td>\n<div class=\"col-xs-6\">Speed, l\/min<\/div>\n<\/td>\n<td>22<\/td>\n<\/tr>\n<tr class=\"even\">\n<td>\n<div class=\"col-xs-6\">Max air volume, l\/min<\/div>\n<\/td>\n<td>\n<div class=\"attribute row\">\n<div class=\"col-xs-6\">360<\/div>\n<\/div>\n<\/td>\n<\/tr>\n<tr class=\"odd\">\n<td>\n<div class=\"col-xs-6\">Continuous working time, min<\/div>\n<\/td>\n<td>\n<div class=\"attribute row\">\n<div class=\"col-xs-6\">8<\/div>\n<\/div>\n<\/td>\n<\/tr>\n<tr class=\"even\">\n<td>\n<div class=\"col-xs-6\">Available units<\/div>\n<\/td>\n<td>\n<div class=\"attribute row\">\n<div class=\"col-xs-6\">PSI, BAR<\/div>\n<\/div>\n<\/td>\n<\/tr>\n<tr class=\"odd\">\n<td>\n<div class=\"col-xs-6\">USB output<\/div>\n<\/td>\n<td>5V\/2A<\/td>\n<\/tr>\n<tr class=\"even\">\n<td>\n<div class=\"col-xs-6\">Rated starting current, A<\/div>\n<\/td>\n<td>\n<div class=\"attribute row\">\n<div class=\"col-xs-6\">800<\/div>\n<\/div>\n<\/td>\n<\/tr>\n<tr class=\"odd\">\n<td>\n<div class=\"col-xs-6\">Peak current, A<\/div>\n<\/td>\n<td>2000<\/td>\n<\/tr>\n<tr class=\"even\">\n<td>\n<div class=\"col-xs-6\">Charging time, hours<\/div>\n<\/td>\n<td>6<\/td>\n<\/tr>\n<tr class=\"odd\">\n<td>\n<div class=\"col-xs-6\">Operation temperature, \u00b0C<\/div>\n<\/td>\n<td>-4 \u00b0C &#8230; +50 \u00b0C<\/td>\n<\/tr>\n<tr class=\"odd\">\n<td>\n<div class=\"col-xs-6\">Net dimensions (LxWxH), mm<\/div>\n<\/td>\n<td>205\u00d777\u00d7114<\/td>\n<\/tr>\n<tr class=\"even\">\n<td>\n<div class=\"col-xs-6\">Gross dimensions (LxWxH), mm<\/div>\n<\/td>\n<td>245x134x168<\/td>\n<\/tr>\n<tr class=\"odd\">\n<td>\n<div class=\"col-xs-6\">Weight, kg<\/div>\n<\/td>\n<td>1,6<\/td>\n<\/tr>\n<tr class=\"odd\">\n<td>\n<div class=\"col-xs-6\">EAN code<\/div>\n<\/td>\n<td>4260405366842<\/td>\n<\/tr>\n<\/tbody>\n<\/table>\n<\/div>\n<\/div>\n<p>Assembled in PRC.<\/p>","protected":false},"featured_media":16228,"template":"","meta":{"_acf_changed":false,"inline_featured_image":false},"product_brand":[],"product_cat":[109,181],"product_tag":[],"class_list":{"0":"post-16227","1":"product","2":"type-product","3":"status-publish","4":"has-post-thumbnail","6":"product_cat-12v-akuabi","7":"product_cat-laos-olemas","8":"product_shipping_class-vaikepakk","9":"brand-konner-sohnen","11":"first","12":"instock","13":"taxable","14":"shipping-taxable","15":"purchasable","16":"product-type-simple"},"acf":[],"yoast_head":"<!-- This site is optimized with the Yoast SEO plugin v27.2 - https:\/\/yoast.com\/product\/yoast-seo-wordpress\/ -->\n<title>12V akuabi ja kompressor KS JSP-2000 - Genekas24<\/title>\n<meta name=\"robots\" content=\"index, follow, max-snippet:-1, max-image-preview:large, max-video-preview:-1\" \/>\n<link rel=\"canonical\" href=\"https:\/\/genekas24.ee\/en\/product\/jump-starter-compressor-ks-jsp-2000\/\" \/>\n<meta property=\"og:locale\" content=\"en_GB\" \/>\n<meta property=\"og:type\" content=\"article\" \/>\n<meta property=\"og:title\" content=\"12V akuabi ja kompressor KS JSP-2000 - Genekas24\" \/>\n<meta property=\"og:description\" content=\"Aku, mAh   14800    Aku t\u00fc\u00fcp Liitiumioon aku   Pinge, V 15    Max pneumaatiline surve, psi 140    Kiirus, l\/min 22    Maksimaalne \u00f5huhulk, l\/min   360     J\u00e4rjestikune t\u00f6\u00f6aeg, min   8     Kasutada olevad \u00fchikud   PSI, BAR     USB v\u00e4ljund 5V\/2A    Nimik\u00e4ivitusvool, A   800     Tippvool, A 2000    Laadimisaeg, tunnid 6    T\u00f6\u00f6temperatuur, \u00b0C -4 \u00b0C ... +50 \u00b0C    Netom\u00f5\u00f5tmed, mm 205\u00d777\u00d7114    Brutom\u00f5\u00f5tmed, mm 245x134x168    Kaal, kg 1,6    EAN kood 4260405366842      Kokku pandud HRV-s.\" \/>\n<meta property=\"og:url\" content=\"https:\/\/genekas24.ee\/en\/product\/jump-starter-compressor-ks-jsp-2000\/\" \/>\n<meta property=\"og:site_name\" content=\"Genekas24\" \/>\n<meta property=\"article:modified_time\" content=\"2026-04-09T07:46:23+00:00\" \/>\n<meta property=\"og:image\" content=\"https:\/\/genekas24.ee\/wp-content\/uploads\/2024\/05\/ks-jsp-2000-01.jpg\" \/>\n\t<meta property=\"og:image:width\" content=\"1600\" \/>\n\t<meta property=\"og:image:height\" content=\"1200\" \/>\n\t<meta property=\"og:image:type\" content=\"image\/jpeg\" \/>\n<meta name=\"twitter:card\" content=\"summary_large_image\" \/>\n<meta name=\"twitter:label1\" content=\"Estimated reading time\" \/>\n\t<meta name=\"twitter:data1\" content=\"4 minutes\" \/>\n<script type=\"application\/ld+json\" class=\"yoast-schema-graph\">{\"@context\":\"https:\/\/schema.org\",\"@graph\":[{\"@type\":\"WebPage\",\"@id\":\"https:\/\/genekas24.ee\/toode\/12v-akuabi-ja-kompressor-ks-jsp-2000\/\",\"url\":\"https:\/\/genekas24.ee\/toode\/12v-akuabi-ja-kompressor-ks-jsp-2000\/\",\"name\":\"12V akuabi ja kompressor KS JSP-2000 - Genekas24\",\"isPartOf\":{\"@id\":\"https:\/\/genekas24.ee\/#website\"},\"primaryImageOfPage\":{\"@id\":\"https:\/\/genekas24.ee\/toode\/12v-akuabi-ja-kompressor-ks-jsp-2000\/#primaryimage\"},\"image\":{\"@id\":\"https:\/\/genekas24.ee\/toode\/12v-akuabi-ja-kompressor-ks-jsp-2000\/#primaryimage\"},\"thumbnailUrl\":\"https:\/\/genekas24.ee\/wp-content\/uploads\/2024\/05\/ks-jsp-2000-01.jpg\",\"datePublished\":\"2024-05-28T14:19:43+00:00\",\"dateModified\":\"2026-04-09T07:46:23+00:00\",\"breadcrumb\":{\"@id\":\"https:\/\/genekas24.ee\/toode\/12v-akuabi-ja-kompressor-ks-jsp-2000\/#breadcrumb\"},\"inLanguage\":\"en-GB\",\"potentialAction\":[{\"@type\":\"ReadAction\",\"target\":[\"https:\/\/genekas24.ee\/toode\/12v-akuabi-ja-kompressor-ks-jsp-2000\/\"]}]},{\"@type\":\"ImageObject\",\"inLanguage\":\"en-GB\",\"@id\":\"https:\/\/genekas24.ee\/toode\/12v-akuabi-ja-kompressor-ks-jsp-2000\/#primaryimage\",\"url\":\"https:\/\/genekas24.ee\/wp-content\/uploads\/2024\/05\/ks-jsp-2000-01.jpg\",\"contentUrl\":\"https:\/\/genekas24.ee\/wp-content\/uploads\/2024\/05\/ks-jsp-2000-01.jpg\",\"width\":1600,\"height\":1200},{\"@type\":\"BreadcrumbList\",\"@id\":\"https:\/\/genekas24.ee\/toode\/12v-akuabi-ja-kompressor-ks-jsp-2000\/#breadcrumb\",\"itemListElement\":[{\"@type\":\"ListItem\",\"position\":1,\"name\":\"Home\",\"item\":\"https:\/\/genekas24.ee\/\"},{\"@type\":\"ListItem\",\"position\":2,\"name\":\"Pood\",\"item\":\"https:\/\/genekas24.ee\/pood\/\"},{\"@type\":\"ListItem\",\"position\":3,\"name\":\"12V akuabi ja kompressor KS JSP-2000\"}]},{\"@type\":\"WebSite\",\"@id\":\"https:\/\/genekas24.ee\/#website\",\"url\":\"https:\/\/genekas24.ee\/\",\"name\":\"Genekas24\",\"description\":\"Generaatorid | K&ouml;nner S&ouml;hnen tooted | Genekas24\",\"publisher\":{\"@id\":\"https:\/\/genekas24.ee\/#organization\"},\"potentialAction\":[{\"@type\":\"SearchAction\",\"target\":{\"@type\":\"EntryPoint\",\"urlTemplate\":\"https:\/\/genekas24.ee\/?s={search_term_string}\"},\"query-input\":{\"@type\":\"PropertyValueSpecification\",\"valueRequired\":true,\"valueName\":\"search_term_string\"}}],\"inLanguage\":\"en-GB\"},{\"@type\":\"Organization\",\"@id\":\"https:\/\/genekas24.ee\/#organization\",\"name\":\"Genekas24\",\"url\":\"https:\/\/genekas24.ee\/\",\"logo\":{\"@type\":\"ImageObject\",\"inLanguage\":\"en-GB\",\"@id\":\"https:\/\/genekas24.ee\/#\/schema\/logo\/image\/\",\"url\":\"https:\/\/genekas24.ee\/wp-content\/uploads\/2026\/01\/genekas24-logo_black.svg\",\"contentUrl\":\"https:\/\/genekas24.ee\/wp-content\/uploads\/2026\/01\/genekas24-logo_black.svg\",\"width\":840,\"height\":131,\"caption\":\"Genekas24\"},\"image\":{\"@id\":\"https:\/\/genekas24.ee\/#\/schema\/logo\/image\/\"}}]}<\/script>\n<!-- \/ Yoast SEO plugin. -->","yoast_head_json":{"title":"Jump starter with a battery-powered compressor KS JSP-2000 - Genekas24","robots":{"index":"index","follow":"follow","max-snippet":"max-snippet:-1","max-image-preview":"max-image-preview:large","max-video-preview":"max-video-preview:-1"},"canonical":"https:\/\/genekas24.ee\/en\/product\/jump-starter-compressor-ks-jsp-2000\/","og_locale":"en_GB","og_type":"article","og_title":"12V akuabi ja kompressor KS JSP-2000 - Genekas24","og_description":"Aku, mAh   14800    Aku t\u00fc\u00fcp Liitiumioon aku   Pinge, V 15    Max pneumaatiline surve, psi 140    Kiirus, l\/min 22    Maksimaalne \u00f5huhulk, l\/min   360     J\u00e4rjestikune t\u00f6\u00f6aeg, min   8     Kasutada olevad \u00fchikud   PSI, BAR     USB v\u00e4ljund 5V\/2A    Nimik\u00e4ivitusvool, A   800     Tippvool, A 2000    Laadimisaeg, tunnid 6    T\u00f6\u00f6temperatuur, \u00b0C -4 \u00b0C ... +50 \u00b0C    Netom\u00f5\u00f5tmed, mm 205\u00d777\u00d7114    Brutom\u00f5\u00f5tmed, mm 245x134x168    Kaal, kg 1,6    EAN kood 4260405366842      Kokku pandud HRV-s.","og_url":"https:\/\/genekas24.ee\/en\/product\/jump-starter-compressor-ks-jsp-2000\/","og_site_name":"Genekas24","article_modified_time":"2026-04-09T07:46:23+00:00","og_image":[{"width":1600,"height":1200,"url":"https:\/\/genekas24.ee\/wp-content\/uploads\/2024\/05\/ks-jsp-2000-01.jpg","type":"image\/jpeg"}],"twitter_card":"summary_large_image","twitter_misc":{"Estimated reading time":"4 minutes"},"schema":{"@context":"https:\/\/schema.org","@graph":[{"@type":"WebPage","@id":"https:\/\/genekas24.ee\/toode\/12v-akuabi-ja-kompressor-ks-jsp-2000\/","url":"https:\/\/genekas24.ee\/toode\/12v-akuabi-ja-kompressor-ks-jsp-2000\/","name":"Jump starter with a battery-powered compressor KS JSP-2000 - Genekas24","isPartOf":{"@id":"https:\/\/genekas24.ee\/#website"},"primaryImageOfPage":{"@id":"https:\/\/genekas24.ee\/toode\/12v-akuabi-ja-kompressor-ks-jsp-2000\/#primaryimage"},"image":{"@id":"https:\/\/genekas24.ee\/toode\/12v-akuabi-ja-kompressor-ks-jsp-2000\/#primaryimage"},"thumbnailUrl":"https:\/\/genekas24.ee\/wp-content\/uploads\/2024\/05\/ks-jsp-2000-01.jpg","datePublished":"2024-05-28T14:19:43+00:00","dateModified":"2026-04-09T07:46:23+00:00","breadcrumb":{"@id":"https:\/\/genekas24.ee\/toode\/12v-akuabi-ja-kompressor-ks-jsp-2000\/#breadcrumb"},"inLanguage":"en-GB","potentialAction":[{"@type":"ReadAction","target":["https:\/\/genekas24.ee\/toode\/12v-akuabi-ja-kompressor-ks-jsp-2000\/"]}]},{"@type":"ImageObject","inLanguage":"en-GB","@id":"https:\/\/genekas24.ee\/toode\/12v-akuabi-ja-kompressor-ks-jsp-2000\/#primaryimage","url":"https:\/\/genekas24.ee\/wp-content\/uploads\/2024\/05\/ks-jsp-2000-01.jpg","contentUrl":"https:\/\/genekas24.ee\/wp-content\/uploads\/2024\/05\/ks-jsp-2000-01.jpg","width":1600,"height":1200},{"@type":"BreadcrumbList","@id":"https:\/\/genekas24.ee\/toode\/12v-akuabi-ja-kompressor-ks-jsp-2000\/#breadcrumb","itemListElement":[{"@type":"ListItem","position":1,"name":"Home","item":"https:\/\/genekas24.ee\/"},{"@type":"ListItem","position":2,"name":"Pood","item":"https:\/\/genekas24.ee\/pood\/"},{"@type":"ListItem","position":3,"name":"12V akuabi ja kompressor KS JSP-2000"}]},{"@type":"WebSite","@id":"https:\/\/genekas24.ee\/#website","url":"https:\/\/genekas24.ee\/","name":"Genekas24","description":"Generaatorid | K&ouml;nner S&ouml;hnen tooted | Genekas24","publisher":{"@id":"https:\/\/genekas24.ee\/#organization"},"potentialAction":[{"@type":"SearchAction","target":{"@type":"EntryPoint","urlTemplate":"https:\/\/genekas24.ee\/?s={search_term_string}"},"query-input":{"@type":"PropertyValueSpecification","valueRequired":true,"valueName":"search_term_string"}}],"inLanguage":"en-GB"},{"@type":"Organization","@id":"https:\/\/genekas24.ee\/#organization","name":"Genekas24","url":"https:\/\/genekas24.ee\/","logo":{"@type":"ImageObject","inLanguage":"en-GB","@id":"https:\/\/genekas24.ee\/#\/schema\/logo\/image\/","url":"https:\/\/genekas24.ee\/wp-content\/uploads\/2026\/01\/genekas24-logo_black.svg","contentUrl":"https:\/\/genekas24.ee\/wp-content\/uploads\/2026\/01\/genekas24-logo_black.svg","width":840,"height":131,"caption":"Genekas24"},"image":{"@id":"https:\/\/genekas24.ee\/#\/schema\/logo\/image\/"}}]}},"_links":{"self":[{"href":"https:\/\/genekas24.ee\/en\/wp-json\/wp\/v2\/product\/16227","targetHints":{"allow":["GET"]}}],"collection":[{"href":"https:\/\/genekas24.ee\/en\/wp-json\/wp\/v2\/product"}],"about":[{"href":"https:\/\/genekas24.ee\/en\/wp-json\/wp\/v2\/types\/product"}],"version-history":[{"count":9,"href":"https:\/\/genekas24.ee\/en\/wp-json\/wp\/v2\/product\/16227\/revisions"}],"predecessor-version":[{"id":23244,"href":"https:\/\/genekas24.ee\/en\/wp-json\/wp\/v2\/product\/16227\/revisions\/23244"}],"wp:featuredmedia":[{"embeddable":true,"href":"https:\/\/genekas24.ee\/en\/wp-json\/wp\/v2\/media\/16228"}],"wp:attachment":[{"href":"https:\/\/genekas24.ee\/en\/wp-json\/wp\/v2\/media?parent=16227"}],"wp:term":[{"taxonomy":"product_brand","embeddable":true,"href":"https:\/\/genekas24.ee\/en\/wp-json\/wp\/v2\/product_brand?post=16227"},{"taxonomy":"product_cat","embeddable":true,"href":"https:\/\/genekas24.ee\/en\/wp-json\/wp\/v2\/product_cat?post=16227"},{"taxonomy":"product_tag","embeddable":true,"href":"https:\/\/genekas24.ee\/en\/wp-json\/wp\/v2\/product_tag?post=16227"}],"curies":[{"name":"wp","href":"https:\/\/api.w.org\/{rel}","templated":true}]}}